{"id":2453,"date":"2024-11-28T05:29:18","date_gmt":"2024-11-28T04:29:18","guid":{"rendered":"https:\/\/tonga-schools.eu\/?page_id=2453"},"modified":"2025-04-30T22:24:17","modified_gmt":"2025-04-30T20:24:17","slug":"unterkapitel-b-das-schulgebaude","status":"publish","type":"page","link":"https:\/\/tonga-schools.eu\/de\/fuer-schulen\/toolkit-kapitel-a-allgemeines\/unterkapitel-b-das-schulgebaude\/","title":{"rendered":"Unterkapitel b &#8211; Das Schulgeb\u00e4ude"},"content":{"rendered":"<p>[et_pb_section fb_built=&#8220;1&#8243; fullwidth=&#8220;on&#8220; _builder_version=&#8220;4.23.1&#8243; _module_preset=&#8220;default&#8220; background_color=&#8220;#f6f2ed&#8220; locked=&#8220;off&#8220; global_colors_info=&#8220;{}&#8220;][et_pb_fullwidth_header title=&#8220;Kapitel A &#8211; Allgemeines&#8220; subhead=&#8220;Unterkapitel b &#8211; Das Schulgeb\u00e4ude&#8220; button_one_text=&#8220;Laden Sie das PDF herunter&#8220; button_one_url=&#8220;\/wp-content\/uploads\/2024\/12\/Toolkit-Unterkapitel-b-Das-Schulgebaude.pdf&#8220; header_image_url=&#8220;https:\/\/tonga-schools.eu\/wp-content\/uploads\/2024\/12\/Toolkit-Unterkapitel-b-Das-Schulgebaude.webp&#8220; module_id=&#8220;header-text&#8220; module_class=&#8220;open-new-tab&#8220; _builder_version=&#8220;4.27.4&#8243; _module_preset=&#8220;default&#8220; title_font=&#8220;Helvetica Neue Regular|700||on|||||&#8220; title_text_align=&#8220;left&#8220; title_font_size=&#8220;16px&#8220; content_font=&#8220;Helvetica Neue Regular||||||||&#8220; content_text_align=&#8220;left&#8220; content_text_color=&#8220;rgba(15,12,7,0.8)&#8220; subhead_font=&#8220;Helvetica Neue Regular|900|||||||&#8220; subhead_text_align=&#8220;left&#8220; subhead_text_color=&#8220;#0f0c07&#8243; subhead_font_size=&#8220;40px&#8220; subhead_line_height=&#8220;1.1em&#8220; background_color=&#8220;#f6f2ed&#8220; custom_button_one=&#8220;on&#8220; button_one_text_size=&#8220;18px&#8220; button_one_text_color=&#8220;#FFFFFF&#8220; button_one_bg_color=&#8220;#285299&#8243; button_one_border_width=&#8220;1px&#8220; button_one_border_color=&#8220;#285299&#8243; button_one_border_radius=&#8220;5px&#8220; button_one_font=&#8220;Helvetica Neue Regular|500|||||||&#8220; button_one_icon=&#8220;&#x35;||divi||400&#8243; button_one_icon_color=&#8220;#285299&#8243; button_one_custom_margin=&#8220;30px||||false|false&#8220; button_one_custom_padding=&#8220;16px|32px|16px|32px|true|true&#8220; custom_button_two=&#8220;on&#8220; button_two_text_size=&#8220;18px&#8220; button_two_text_color=&#8220;#FFFFFF&#8220; button_two_bg_color=&#8220;#4746d4&#8243; button_two_border_width=&#8220;1px&#8220; button_two_border_color=&#8220;#4746d4&#8243; button_two_border_radius=&#8220;5px&#8220; button_two_font=&#8220;Helvetica Neue Regular|500|||||||&#8220; button_two_icon=&#8220;&#x35;||divi||400&#8243; button_two_icon_color=&#8220;#4746d4&#8243; button_two_custom_padding=&#8220;16px|32px|16px|32px|true|true&#8220; link_option_url_new_window=&#8220;on&#8220; custom_css_header_image=&#8220;width: 50%;&#8220; custom_css_title=&#8220;padding-bottom: 20px;&#8220; custom_css_subtitle=&#8220;padding-bottom: 30px;&#8220; global_colors_info=&#8220;{}&#8220; button_one_text_color__hover_enabled=&#8220;on|hover&#8220; button_one_text_color__hover=&#8220;#285299&#8243; button_one_bg_color__hover_enabled=&#8220;on|hover&#8220; button_one_bg_color__hover=&#8220;#FFFFFF&#8220; button_one_bg_enable_color__hover=&#8220;on&#8220; button_two_text_color__hover_enabled=&#8220;on|hover&#8220; button_two_text_color__hover=&#8220;#4746d4&#8243; button_two_bg_color__hover_enabled=&#8220;on|hover&#8220; button_two_bg_color__hover=&#8220;#FFFFFF&#8220; button_two_bg_enable_color__hover=&#8220;on&#8220;]<\/p>\n<p>Es ist hilfreich, den mehrsprachigen Eltern einige grundlegende Informationen \u00fcber das Schulgeb\u00e4ude zu geben. Dadurch wird die Schule f\u00fcr sie einladender und zug\u00e4nglicher.<\/p>\n<p>[\/et_pb_fullwidth_header][\/et_pb_section][et_pb_section fb_built=&#8220;1&#8243; _builder_version=&#8220;4.27.4&#8243; _module_preset=&#8220;default&#8220; global_colors_info=&#8220;{}&#8220;][et_pb_row column_structure=&#8220;1_2,1_2&#8243; _builder_version=&#8220;4.27.4&#8243; _module_preset=&#8220;default&#8220; border_width_all=&#8220;2px&#8220; border_color_all=&#8220;#bebe5e&#8220; global_colors_info=&#8220;{}&#8220;][et_pb_column type=&#8220;1_2&#8243; _builder_version=&#8220;4.27.4&#8243; _module_preset=&#8220;default&#8220; global_colors_info=&#8220;{}&#8220;][et_pb_text _builder_version=&#8220;4.27.4&#8243; _module_preset=&#8220;default&#8220; hover_enabled=&#8220;0&#8243; global_colors_info=&#8220;{}&#8220; sticky_enabled=&#8220;0&#8243;]<\/p>\n<div class=\"et_pb_module et_pb_text et_pb_text_0  et_pb_text_align_left et_pb_bg_layout_light\">\n<div class=\"et_pb_text_inner\">\n<h2 style=\"text-align: center;\"><strong>Weitere Dokumente mit n\u00fctzliche Links<\/strong><\/h2>\n<\/div>\n<\/div>\n<div class=\"et_pb_module et_pb_text et_pb_text_1  et_pb_text_align_left et_pb_bg_layout_light\">\n<div class=\"et_pb_text_inner\">\n<p style=\"text-align: center;\">In diesem Dokument finden Sie interessante Links zu diesem Kapitel<\/p>\n<\/div>\n<\/div>\n<p>[\/et_pb_text][et_pb_button button_url=&#8220;https:\/\/www.canva.com\/design\/DAGkJpBBIxI\/iLQ-E_k45eHLBzS6R2KbNg\/view?utm_content=DAGkJpBBIxI&#038;utm_campaign=designshare&#038;utm_medium=link2&#038;utm_source=uniquelinks&#038;utlId=h0224549349&#8243; button_text=&#8220;Mehr lesen&#8220; button_alignment=&#8220;center&#8220; _builder_version=&#8220;4.27.4&#8243; _module_preset=&#8220;default&#8220; custom_button=&#8220;on&#8220; button_text_color=&#8220;#FFFFFF&#8220; button_bg_color=&#8220;#285299&#8243; button_border_color=&#8220;#285299&#8243; button_icon=&#8220;&#x35;||divi||400&#8243; button_icon_color=&#8220;#FFFFFF&#8220; hover_enabled=&#8220;0&#8243; global_colors_info=&#8220;{}&#8220; sticky_enabled=&#8220;0&#8243;][\/et_pb_button][\/et_pb_column][et_pb_column type=&#8220;1_2&#8243; _builder_version=&#8220;4.27.4&#8243; _module_preset=&#8220;default&#8220; global_colors_info=&#8220;{}&#8220;][et_pb_image src=&#8220;https:\/\/tonga-schools.eu\/wp-content\/uploads\/2025\/04\/Untitled-design-3-e1744723275176.png&#8220; title_text=&#8220;Untitled design (3)&#8220; _builder_version=&#8220;4.27.4&#8243; _module_preset=&#8220;default&#8220; global_colors_info=&#8220;{}&#8220;][\/et_pb_image][\/et_pb_column][\/et_pb_row][\/et_pb_section][et_pb_section fb_built=&#8220;1&#8243; admin_label=&#8220;Other docs&#8220; _builder_version=&#8220;4.27.4&#8243; _module_preset=&#8220;default&#8220; background_color=&#8220;#FFFFFF&#8220; custom_padding=&#8220;60px||90px||false|false&#8220; locked=&#8220;off&#8220; global_colors_info=&#8220;{}&#8220;][et_pb_row column_structure=&#8220;1_2,1_2&#8243; _builder_version=&#8220;4.27.0&#8243; _module_preset=&#8220;default&#8220; global_colors_info=&#8220;{}&#8220;][et_pb_column type=&#8220;1_2&#8243; _builder_version=&#8220;4.27.0&#8243; _module_preset=&#8220;default&#8220; global_colors_info=&#8220;{}&#8220;][et_pb_button button_url=&#8220;https:\/\/tonga-schools.eu\/de\/toolkit-de\/&#8220; button_text=&#8220;Kehren Sie zu den Hauptkapiteln des Toolkits zur\u00fcck&#8220; button_alignment=&#8220;center&#8220; admin_label=&#8220;Button&#8220; _builder_version=&#8220;4.27.4&#8243; _module_preset=&#8220;default&#8220; custom_button=&#8220;on&#8220; button_text_size=&#8220;18px&#8220; button_text_color=&#8220;#285299&#8243; button_bg_color=&#8220;#FFFFFF&#8220; button_border_width=&#8220;1px&#8220; button_border_color=&#8220;#285299&#8243; button_border_radius=&#8220;5px&#8220; button_font=&#8220;Helvetica Neue Regular|500|||||||&#8220; button_icon=&#8220;&#x35;||divi||400&#8243; button_icon_color=&#8220;#FFFFFF&#8220; background_layout=&#8220;dark&#8220; custom_padding=&#8220;16px|32px|16px|32px|true|true&#8220; global_colors_info=&#8220;{}&#8220; button_text_color__hover_enabled=&#8220;on|hover&#8220; button_text_color__hover=&#8220;#FFFFFF&#8220; button_bg_color__hover_enabled=&#8220;on|hover&#8220; button_bg_color__hover=&#8220;#285299&#8243; button_bg_enable_color__hover=&#8220;on&#8220;][\/et_pb_button][\/et_pb_column][et_pb_column type=&#8220;1_2&#8243; _builder_version=&#8220;4.27.0&#8243; _module_preset=&#8220;default&#8220; global_colors_info=&#8220;{}&#8220;][et_pb_button button_url=&#8220;\/de\/fuer-schulen\/toolkit-kapitel-a-allgemeines\/&#8220; button_text=&#8220;Kehren Sie zu Kapitel A \u2013 Allgemeines zur\u00fcck&#8220; button_alignment=&#8220;center&#8220; _builder_version=&#8220;4.27.4&#8243; _module_preset=&#8220;default&#8220; custom_button=&#8220;on&#8220; button_text_size=&#8220;18px&#8220; button_text_color=&#8220;#285299&#8243; button_bg_color=&#8220;#FFFFFF&#8220; button_border_width=&#8220;1px&#8220; button_border_color=&#8220;#285299&#8243; button_border_radius=&#8220;5px&#8220; button_font=&#8220;Helvetica Neue Regular|500|||||||&#8220; button_icon=&#8220;&#x35;||divi||400&#8243; button_icon_color=&#8220;#FFFFFF&#8220; background_layout=&#8220;dark&#8220; custom_padding=&#8220;16px|32px|16px|32px|true|true&#8220; global_colors_info=&#8220;{}&#8220; button_text_color__hover_enabled=&#8220;on|hover&#8220; button_text_color__hover=&#8220;#FFFFFF&#8220; button_bg_color__hover_enabled=&#8220;on|hover&#8220; button_bg_color__hover=&#8220;#285299&#8243; button_bg_enable_color__hover=&#8220;on&#8220;][\/et_pb_button][\/et_pb_column][\/et_pb_row][\/et_pb_section]<\/p>\n","protected":false},"excerpt":{"rendered":"<p>Es ist hilfreich, den mehrsprachigen Eltern einige grundlegende Informationen \u00fcber das Schulgeb\u00e4ude zu geben. Dadurch wird die Schule f\u00fcr sie einladender und zug\u00e4nglicher. Weitere Dokumente mit n\u00fctzliche Links In diesem Dokument finden Sie interessante Links zu diesem Kapitel<\/p>\n","protected":false},"author":2,"featured_media":0,"parent":2248,"menu_order":2,"comment_status":"closed","ping_status":"closed","template":"","meta":{"_et_pb_use_builder":"on","_et_pb_old_content":"","_et_gb_content_width":"","footnotes":""},"class_list":["post-2453","page","type-page","status-publish","hentry"],"_links":{"self":[{"href":"https:\/\/tonga-schools.eu\/de\/wp-json\/wp\/v2\/pages\/2453","targetHints":{"allow":["GET"]}}],"collection":[{"href":"https:\/\/tonga-schools.eu\/de\/wp-json\/wp\/v2\/pages"}],"about":[{"href":"https:\/\/tonga-schools.eu\/de\/wp-json\/wp\/v2\/types\/page"}],"author":[{"embeddable":true,"href":"https:\/\/tonga-schools.eu\/de\/wp-json\/wp\/v2\/users\/2"}],"replies":[{"embeddable":true,"href":"https:\/\/tonga-schools.eu\/de\/wp-json\/wp\/v2\/comments?post=2453"}],"version-history":[{"count":11,"href":"https:\/\/tonga-schools.eu\/de\/wp-json\/wp\/v2\/pages\/2453\/revisions"}],"predecessor-version":[{"id":8018,"href":"https:\/\/tonga-schools.eu\/de\/wp-json\/wp\/v2\/pages\/2453\/revisions\/8018"}],"up":[{"embeddable":true,"href":"https:\/\/tonga-schools.eu\/de\/wp-json\/wp\/v2\/pages\/2248"}],"wp:attachment":[{"href":"https:\/\/tonga-schools.eu\/de\/wp-json\/wp\/v2\/media?parent=2453"}],"curies":[{"name":"wp","href":"https:\/\/api.w.org\/{rel}","templated":true}]}}