{"id":2591,"date":"2024-11-28T06:27:41","date_gmt":"2024-11-28T05:27:41","guid":{"rendered":"https:\/\/tonga-schools.eu\/?page_id=2591"},"modified":"2025-04-30T22:26:29","modified_gmt":"2025-04-30T20:26:29","slug":"unterkapitel-n-beziehungen-zwischen-eltern-und-lehrkraften","status":"publish","type":"page","link":"https:\/\/tonga-schools.eu\/de\/fuer-schulen\/toolkit-kapitel-d-kommunikation-mit-eltern-und-lehrern\/unterkapitel-n-beziehungen-zwischen-eltern-und-lehrkraften\/","title":{"rendered":"Unterkapitel n &#8211; Beziehungen zwischen Eltern und Lehrkr\u00e4ften"},"content":{"rendered":"<p>[et_pb_section fb_built=&#8220;1&#8243; fullwidth=&#8220;on&#8220; _builder_version=&#8220;4.27.4&#8243; _module_preset=&#8220;default&#8220; background_color=&#8220;#f6f2ed&#8220; locked=&#8220;off&#8220; global_colors_info=&#8220;{}&#8220;][et_pb_fullwidth_header title=&#8220;Kapitel D &#8211; Kommunikation mit Eltern und Lehrern&#8220; subhead=&#8220;Unterkapitel n &#8211; Beziehungen zwischen Eltern und Lehrkr\u00e4ften&#8220; header_image_url=&#8220;https:\/\/tonga-schools.eu\/wp-content\/uploads\/2024\/12\/Toolkit-Unterkapitel-n-Beziehungen-zwischen-Eltern-und-Lehrkraften.webp&#8220; module_id=&#8220;header-text&#8220; module_class=&#8220;open-new-tab&#8220; _builder_version=&#8220;4.27.4&#8243; _module_preset=&#8220;default&#8220; title_font=&#8220;Helvetica Neue Regular|700||on|||||&#8220; title_text_align=&#8220;left&#8220; title_font_size=&#8220;16px&#8220; content_font=&#8220;Helvetica Neue Regular||||||||&#8220; content_text_align=&#8220;left&#8220; content_text_color=&#8220;rgba(15,12,7,0.8)&#8220; subhead_font=&#8220;Helvetica Neue Regular|900|||||||&#8220; subhead_text_align=&#8220;left&#8220; subhead_text_color=&#8220;#0f0c07&#8243; subhead_font_size=&#8220;40px&#8220; subhead_line_height=&#8220;1.1em&#8220; background_color=&#8220;#f6f2ed&#8220; custom_button_one=&#8220;on&#8220; button_one_text_size=&#8220;18px&#8220; button_one_text_color=&#8220;#FFFFFF&#8220; button_one_bg_color=&#8220;#4746d4&#8243; button_one_border_width=&#8220;1px&#8220; button_one_border_color=&#8220;#4746d4&#8243; button_one_border_radius=&#8220;5px&#8220; button_one_font=&#8220;Helvetica Neue Regular|500|||||||&#8220; button_one_icon=&#8220;&#x35;||divi||400&#8243; button_one_icon_color=&#8220;#4746d4&#8243; button_one_custom_margin=&#8220;30px||||false|false&#8220; button_one_custom_padding=&#8220;16px|32px|16px|32px|true|true&#8220; custom_button_two=&#8220;on&#8220; button_two_text_size=&#8220;18px&#8220; button_two_text_color=&#8220;#FFFFFF&#8220; button_two_bg_color=&#8220;#4746d4&#8243; button_two_border_width=&#8220;1px&#8220; button_two_border_color=&#8220;#4746d4&#8243; button_two_border_radius=&#8220;5px&#8220; button_two_font=&#8220;Helvetica Neue Regular|500|||||||&#8220; button_two_icon=&#8220;&#x35;||divi||400&#8243; button_two_icon_color=&#8220;#4746d4&#8243; button_two_custom_padding=&#8220;16px|32px|16px|32px|true|true&#8220; link_option_url_new_window=&#8220;on&#8220; custom_css_header_image=&#8220;width: 50%;&#8220; custom_css_title=&#8220;padding-bottom: 20px;&#8220; custom_css_subtitle=&#8220;padding-bottom: 30px;&#8220; global_colors_info=&#8220;{}&#8220; button_one_text_color__hover_enabled=&#8220;on|desktop&#8220; button_one_text_color__hover=&#8220;#4746d4&#8243; button_one_bg_color__hover_enabled=&#8220;on|hover&#8220; button_one_bg_color__hover=&#8220;#FFFFFF&#8220; button_one_bg_enable_color__hover=&#8220;on&#8220; button_two_text_color__hover_enabled=&#8220;on|hover&#8220; button_two_text_color__hover=&#8220;#4746d4&#8243; button_two_bg_color__hover_enabled=&#8220;on|hover&#8220; button_two_bg_color__hover=&#8220;#FFFFFF&#8220; button_two_bg_enable_color__hover=&#8220;on&#8220;]<\/p>\n<p>Lehrerinnen und Lehrer sind in der Regel die ersten Ansprechpartner f\u00fcr die Eltern.<\/p>\n<p>[\/et_pb_fullwidth_header][\/et_pb_section][et_pb_section fb_built=&#8220;1&#8243; admin_label=&#8220;Other docs&#8220; _builder_version=&#8220;4.27.4&#8243; _module_preset=&#8220;default&#8220; background_color=&#8220;#fefefe&#8220; custom_padding=&#8220;60px||90px||false|false&#8220; locked=&#8220;off&#8220; global_colors_info=&#8220;{}&#8220;][et_pb_row use_custom_gutter=&#8220;on&#8220; gutter_width=&#8220;2&#8243; admin_label=&#8220;Chapitres&#8220; _builder_version=&#8220;4.27.0&#8243; _module_preset=&#8220;default&#8220; custom_margin=&#8220;30px||||false|false&#8220; custom_padding=&#8220;||||false|false&#8220; locked=&#8220;off&#8220; global_colors_info=&#8220;{}&#8220;][et_pb_column type=&#8220;4_4&#8243; _builder_version=&#8220;4.23.1&#8243; _module_preset=&#8220;default&#8220; global_colors_info=&#8220;{}&#8220;][et_pb_text _builder_version=&#8220;4.27.4&#8243; _module_preset=&#8220;default&#8220; header_text_color=&#8220;#285299&#8243; global_colors_info=&#8220;{}&#8220;]<\/p>\n<h1><strong>Kapitel D<\/strong><\/h1>\n<p>Durchsuchen Sie die folgenden Unterkapitel, um das Thema im Detail zu erforschen.<br \/>Am Ende dieses Abschnitts finden Sie n\u00fctzliche Links, um Ihre Lekt\u00fcre zu vertiefen.<\/p>\n<p>[\/et_pb_text][et_pb_text _builder_version=&#8220;4.27.4&#8243; _module_preset=&#8220;default&#8220; text_font=&#8220;Helvetica Neue Regular||||||||&#8220; text_text_color=&#8220;rgba(15,12,7,0.8)&#8220; header_2_font=&#8220;Helvetica Neue Regular|800|||||||&#8220; header_2_text_align=&#8220;left&#8220; header_2_text_color=&#8220;#0f0c07&#8243; header_2_font_size=&#8220;46px&#8220; header_2_line_height=&#8220;1.1em&#8220; header_3_font=&#8220;Helvetica Neue Regular|700|||||||&#8220; header_3_text_color=&#8220;#285299&#8243; header_3_font_size=&#8220;36px&#8220; custom_margin=&#8220;||||false|false&#8220; global_colors_info=&#8220;{}&#8220;]<\/p>\n<h3>Andere Dokumente<\/h3>\n<p>[\/et_pb_text][\/et_pb_column][\/et_pb_row][et_pb_row column_structure=&#8220;1_3,1_3,1_3&#8243; use_custom_gutter=&#8220;on&#8220; gutter_width=&#8220;2&#8243; make_equal=&#8220;on&#8220; _builder_version=&#8220;4.27.4&#8243; _module_preset=&#8220;default&#8220; custom_padding=&#8220;0px||||false|false&#8220; locked=&#8220;off&#8220; global_colors_info=&#8220;{}&#8220;][et_pb_column type=&#8220;1_3&#8243; _builder_version=&#8220;4.27.4&#8243; _module_preset=&#8220;default&#8220; custom_padding=&#8220;||30px||false|false&#8220; border_radii=&#8220;on|10px|10px|10px|10px&#8220; box_shadow_style=&#8220;preset2&#8243; box_shadow_color=&#8220;rgba(0,0,0,0.16)&#8220; global_colors_info=&#8220;{}&#8220;][et_pb_image src=&#8220;https:\/\/tonga-schools.eu\/wp-content\/uploads\/2024\/12\/Toolkit-Unterkapitel-n-a.Die-Erwartungshaltung-der-Eltern-je-nach-Kultur-verstehen.webp&#8220; alt=&#8220;Toolkit &#8211; Unterkapitel n &#8211; a.Die Erwartungshaltung der Eltern je nach Kultur verstehen&#8220; title_text=&#8220;Toolkit &#8211; Unterkapitel n &#8211; a.Die Erwartungshaltung der Eltern je nach Kultur verstehen&#8220; admin_label=&#8220;Image&#8220; _builder_version=&#8220;4.27.4&#8243; _module_preset=&#8220;default&#8220; locked=&#8220;off&#8220; global_colors_info=&#8220;{}&#8220;][\/et_pb_image][et_pb_heading title=&#8220;a. Die Erwartungshaltung der Eltern je nach Kultur verstehen&#8220; _builder_version=&#8220;4.27.4&#8243; _module_preset=&#8220;default&#8220; title_level=&#8220;h4&#8243; title_font=&#8220;&#8211;et_global_heading_font|700|||||||&#8220; title_text_align=&#8220;center&#8220; title_text_color=&#8220;#0f0c07&#8243; title_font_size=&#8220;24px&#8220; global_colors_info=&#8220;{}&#8220;][\/et_pb_heading][et_pb_button button_url=&#8220;\/wp-content\/uploads\/2024\/12\/Toolkit-Unterkapitel-n-a.Die-Erwartungshaltung-der-Eltern-je-nach-Kultur-verstehen.pdf&#8220; url_new_window=&#8220;on&#8220; button_text=&#8220;Laden Sie das PDF herunter&#8220; button_alignment=&#8220;center&#8220; _builder_version=&#8220;4.27.4&#8243; _module_preset=&#8220;default&#8220; custom_button=&#8220;on&#8220; button_text_size=&#8220;18px&#8220; button_text_color=&#8220;#FFFFFF&#8220; button_bg_color=&#8220;#285299&#8243; button_border_width=&#8220;1px&#8220; button_border_color=&#8220;#285299&#8243; button_border_radius=&#8220;5px&#8220; button_font=&#8220;Helvetica Neue Regular|500|||||||&#8220; button_icon=&#8220;&#x35;||divi||400&#8243; button_icon_color=&#8220;#285299&#8243; background_layout=&#8220;dark&#8220; custom_padding=&#8220;16px|32px|16px|32px|true|true&#8220; global_colors_info=&#8220;{}&#8220; button_text_color__hover_enabled=&#8220;on|hover&#8220; button_text_color__hover=&#8220;#285299&#8243; button_bg_color__hover_enabled=&#8220;on|desktop&#8220; button_bg_color__hover=&#8220;#FFFFFF&#8220; button_bg_enable_color__hover=&#8220;on&#8220;][\/et_pb_button][\/et_pb_column][et_pb_column type=&#8220;1_3&#8243; _builder_version=&#8220;4.27.4&#8243; _module_preset=&#8220;default&#8220; transform_scale_last_edited=&#8220;off|desktop&#8220; transform_translate_tablet=&#8220;0px|0em&#8220; transform_translate_phone=&#8220;0px|0em&#8220; transform_translate_last_edited=&#8220;off|desktop&#8220; transform_rotate_last_edited=&#8220;off|desktop&#8220; transform_skew_last_edited=&#8220;off|desktop&#8220; transform_origin_last_edited=&#8220;off|desktop&#8220; custom_padding=&#8220;||30px||false|false&#8220; border_radii=&#8220;on|10px|10px|10px|10px&#8220; box_shadow_style=&#8220;preset2&#8243; box_shadow_color=&#8220;rgba(0,0,0,0.16)&#8220; global_colors_info=&#8220;{}&#8220; transform_styles__hover_enabled=&#8220;off|desktop&#8220; transform_scale__hover_enabled=&#8220;off|desktop&#8220; transform_translate__hover_enabled=&#8220;off|desktop&#8220; transform_rotate__hover_enabled=&#8220;off|desktop&#8220; transform_skew__hover_enabled=&#8220;off|desktop&#8220; transform_origin__hover_enabled=&#8220;off|desktop&#8220;][et_pb_image src=&#8220;https:\/\/tonga-schools.eu\/wp-content\/uploads\/2024\/12\/Toolkit-Unterkapitel-n-b.Erklaren-was-die-Schule-erwartet.webp&#8220; alt=&#8220;Toolkit &#8211; Unterkapitel n &#8211; b.Erkla\u0308ren, was die Schule erwartet&#8220; title_text=&#8220;Toolkit &#8211; Unterkapitel n &#8211; b.Erkla\u0308ren, was die Schule erwartet&#8220; admin_label=&#8220;Image&#8220; _builder_version=&#8220;4.27.4&#8243; _module_preset=&#8220;default&#8220; locked=&#8220;off&#8220; global_colors_info=&#8220;{}&#8220;][\/et_pb_image][et_pb_heading title=&#8220;b. Was Schulen von den Kindern erwarten&#8220; _builder_version=&#8220;4.27.4&#8243; _module_preset=&#8220;default&#8220; title_level=&#8220;h4&#8243; title_font=&#8220;&#8211;et_global_heading_font|700|||||||&#8220; title_text_align=&#8220;center&#8220; title_text_color=&#8220;#0f0c07&#8243; title_font_size=&#8220;24px&#8220; global_colors_info=&#8220;{}&#8220;][\/et_pb_heading][et_pb_button button_url=&#8220;\/wp-content\/uploads\/2024\/12\/Toolkit-Unterkapitel-n-b.Erklaren-was-die-Schule-erwartet.pdf&#8220; url_new_window=&#8220;on&#8220; button_text=&#8220;Laden Sie das PDF herunter&#8220; button_alignment=&#8220;center&#8220; _builder_version=&#8220;4.27.4&#8243; _module_preset=&#8220;default&#8220; custom_button=&#8220;on&#8220; button_text_size=&#8220;18px&#8220; button_text_color=&#8220;#FFFFFF&#8220; button_bg_color=&#8220;#285299&#8243; button_border_width=&#8220;1px&#8220; button_border_color=&#8220;#285299&#8243; button_border_radius=&#8220;5px&#8220; button_font=&#8220;Helvetica Neue Regular|500|||||||&#8220; button_icon=&#8220;&#x35;||divi||400&#8243; button_icon_color=&#8220;#285299&#8243; background_layout=&#8220;dark&#8220; custom_padding=&#8220;16px|32px|16px|32px|true|true&#8220; global_colors_info=&#8220;{}&#8220; button_text_color__hover_enabled=&#8220;on|hover&#8220; button_text_color__hover=&#8220;#285299&#8243; button_bg_color__hover_enabled=&#8220;on|desktop&#8220; button_bg_color__hover=&#8220;#FFFFFF&#8220; button_bg_enable_color__hover=&#8220;on&#8220;][\/et_pb_button][\/et_pb_column][et_pb_column type=&#8220;1_3&#8243; _builder_version=&#8220;4.27.4&#8243; _module_preset=&#8220;default&#8220; custom_padding=&#8220;||30px||false|false&#8220; border_radii=&#8220;on|10px|10px|10px|10px&#8220; box_shadow_style=&#8220;preset2&#8243; box_shadow_color=&#8220;rgba(0,0,0,0.16)&#8220; global_colors_info=&#8220;{}&#8220;][et_pb_image src=&#8220;https:\/\/tonga-schools.eu\/wp-content\/uploads\/2024\/12\/Toolkit-Unterkapitel-n-c.Erklaren-was-die-Schule-von-den-Kindern-erwartet.webp&#8220; alt=&#8220;Toolkit &#8211; Unterkapitel n &#8211; c.Erkla\u0308ren, was die Schule von den Kindern erwartet&#8220; title_text=&#8220;Toolkit &#8211; Unterkapitel n &#8211; c.Erkla\u0308ren, was die Schule von den Kindern erwartet&#8220; admin_label=&#8220;Image&#8220; _builder_version=&#8220;4.27.4&#8243; _module_preset=&#8220;default&#8220; locked=&#8220;off&#8220; global_colors_info=&#8220;{}&#8220;][\/et_pb_image][et_pb_heading title=&#8220;c. Erkla\u0308ren, was die Schule von den Kindern erwartet&#8220; _builder_version=&#8220;4.27.4&#8243; _module_preset=&#8220;default&#8220; title_level=&#8220;h4&#8243; title_font=&#8220;&#8211;et_global_heading_font|700|||||||&#8220; title_text_align=&#8220;center&#8220; title_text_color=&#8220;#0f0c07&#8243; title_font_size=&#8220;24px&#8220; global_colors_info=&#8220;{}&#8220;][\/et_pb_heading][et_pb_button button_url=&#8220;\/wp-content\/uploads\/2024\/12\/Toolkit-Unterkapitel-n-c.Erklaren-was-die-Schule-von-den-Kindern-erwartet.pdf&#8220; url_new_window=&#8220;on&#8220; button_text=&#8220;Laden Sie das PDF herunter&#8220; button_alignment=&#8220;center&#8220; _builder_version=&#8220;4.27.4&#8243; _module_preset=&#8220;default&#8220; custom_button=&#8220;on&#8220; button_text_size=&#8220;18px&#8220; button_text_color=&#8220;#FFFFFF&#8220; button_bg_color=&#8220;#285299&#8243; button_border_width=&#8220;1px&#8220; button_border_color=&#8220;#285299&#8243; button_border_radius=&#8220;5px&#8220; button_font=&#8220;Helvetica Neue Regular|500|||||||&#8220; button_icon=&#8220;&#x35;||divi||400&#8243; button_icon_color=&#8220;#285299&#8243; background_layout=&#8220;dark&#8220; custom_padding=&#8220;16px|32px|16px|32px|true|true&#8220; global_colors_info=&#8220;{}&#8220; button_text_color__hover_enabled=&#8220;on|hover&#8220; button_text_color__hover=&#8220;#285299&#8243; button_bg_color__hover_enabled=&#8220;on|desktop&#8220; button_bg_color__hover=&#8220;#FFFFFF&#8220; button_bg_enable_color__hover=&#8220;on&#8220;][\/et_pb_button][\/et_pb_column][\/et_pb_row][et_pb_row column_structure=&#8220;1_3,1_3,1_3&#8243; use_custom_gutter=&#8220;on&#8220; gutter_width=&#8220;2&#8243; _builder_version=&#8220;4.27.4&#8243; _module_preset=&#8220;default&#8220; custom_padding=&#8220;0px||||false|false&#8220; locked=&#8220;off&#8220; global_colors_info=&#8220;{}&#8220;][et_pb_column type=&#8220;1_3&#8243; _builder_version=&#8220;4.27.4&#8243; _module_preset=&#8220;default&#8220; custom_padding=&#8220;||30px||false|false&#8220; border_radii=&#8220;on|10px|10px|10px|10px&#8220; box_shadow_style=&#8220;preset2&#8243; box_shadow_color=&#8220;rgba(0,0,0,0.16)&#8220; global_colors_info=&#8220;{}&#8220;][et_pb_image src=&#8220;https:\/\/tonga-schools.eu\/wp-content\/uploads\/2024\/12\/Toolkit-Unterkapitel-n-d.Mitteilungen-an-die-Eltern-schreiben-sie-einladen.webp&#8220; alt=&#8220;Toolkit &#8211; Unterkapitel n &#8211; d.Mitteilungen an die Eltern schreiben &#8211; sie einladen&#8220; title_text=&#8220;Toolkit &#8211; Unterkapitel n &#8211; d.Mitteilungen an die Eltern schreiben &#8211; sie einladen&#8220; admin_label=&#8220;Image&#8220; _builder_version=&#8220;4.27.4&#8243; _module_preset=&#8220;default&#8220; locked=&#8220;off&#8220; global_colors_info=&#8220;{}&#8220;][\/et_pb_image][et_pb_heading title=&#8220;d. Mitteilungen an die Eltern schreiben &#8211; sie einladen&#8220; _builder_version=&#8220;4.27.4&#8243; _module_preset=&#8220;default&#8220; title_level=&#8220;h4&#8243; title_font=&#8220;&#8211;et_global_heading_font|700|||||||&#8220; title_text_align=&#8220;center&#8220; title_text_color=&#8220;#0f0c07&#8243; title_font_size=&#8220;24px&#8220; global_colors_info=&#8220;{}&#8220;][\/et_pb_heading][et_pb_button button_url=&#8220;\/wp-content\/uploads\/2024\/12\/Toolkit-Unterkapitel-n-d.Mitteilungen-an-die-Eltern-schreiben-sie-einladen.pdf&#8220; url_new_window=&#8220;on&#8220; button_text=&#8220;Laden Sie das PDF herunter&#8220; button_alignment=&#8220;center&#8220; _builder_version=&#8220;4.27.4&#8243; _module_preset=&#8220;default&#8220; custom_button=&#8220;on&#8220; button_text_size=&#8220;18px&#8220; button_text_color=&#8220;#FFFFFF&#8220; button_bg_color=&#8220;#285299&#8243; button_border_width=&#8220;1px&#8220; button_border_color=&#8220;#285299&#8243; button_border_radius=&#8220;5px&#8220; button_font=&#8220;Helvetica Neue Regular|500|||||||&#8220; button_icon=&#8220;&#x35;||divi||400&#8243; button_icon_color=&#8220;#285299&#8243; background_layout=&#8220;dark&#8220; custom_padding=&#8220;16px|32px|16px|32px|true|true&#8220; global_colors_info=&#8220;{}&#8220; button_text_color__hover_enabled=&#8220;on|hover&#8220; button_text_color__hover=&#8220;#285299&#8243; button_bg_color__hover_enabled=&#8220;on|desktop&#8220; button_bg_color__hover=&#8220;#FFFFFF&#8220; button_bg_enable_color__hover=&#8220;on&#8220;][\/et_pb_button][\/et_pb_column][et_pb_column type=&#8220;1_3&#8243; _builder_version=&#8220;4.27.4&#8243; _module_preset=&#8220;default&#8220; global_colors_info=&#8220;{}&#8220;][\/et_pb_column][et_pb_column type=&#8220;1_3&#8243; _builder_version=&#8220;4.27.4&#8243; _module_preset=&#8220;default&#8220; global_colors_info=&#8220;{}&#8220;][\/et_pb_column][\/et_pb_row][et_pb_row column_structure=&#8220;1_2,1_2&#8243; _builder_version=&#8220;4.27.0&#8243; _module_preset=&#8220;default&#8220; global_colors_info=&#8220;{}&#8220;][et_pb_column type=&#8220;1_2&#8243; _builder_version=&#8220;4.27.0&#8243; _module_preset=&#8220;default&#8220; global_colors_info=&#8220;{}&#8220;][et_pb_button button_url=&#8220;https:\/\/tonga-schools.eu\/de\/toolkit-de\/&#8220; button_text=&#8220;Kehren Sie zu den Hauptkapiteln des Toolkits zur\u00fcck&#8220; button_alignment=&#8220;center&#8220; admin_label=&#8220;Button&#8220; _builder_version=&#8220;4.27.4&#8243; _module_preset=&#8220;default&#8220; custom_button=&#8220;on&#8220; button_text_size=&#8220;18px&#8220; button_text_color=&#8220;#285299&#8243; button_bg_color=&#8220;#FFFFFF&#8220; button_border_width=&#8220;1px&#8220; button_border_color=&#8220;#285299&#8243; button_border_radius=&#8220;5px&#8220; button_font=&#8220;Helvetica Neue Regular|500|||||||&#8220; button_icon=&#8220;&#x35;||divi||400&#8243; button_icon_color=&#8220;#FFFFFF&#8220; background_layout=&#8220;dark&#8220; custom_padding=&#8220;16px|32px|16px|32px|true|true&#8220; global_colors_info=&#8220;{}&#8220; button_text_color__hover_enabled=&#8220;on|hover&#8220; button_text_color__hover=&#8220;#FFFFFF&#8220; button_bg_color__hover_enabled=&#8220;on|hover&#8220; button_bg_color__hover=&#8220;#285299&#8243; button_bg_enable_color__hover=&#8220;on&#8220;][\/et_pb_button][\/et_pb_column][et_pb_column type=&#8220;1_2&#8243; _builder_version=&#8220;4.27.0&#8243; _module_preset=&#8220;default&#8220; global_colors_info=&#8220;{}&#8220;][et_pb_button button_url=&#8220;\/de\/fuer-schulen\/toolkit-kapitel-d-kommunikation-mit-eltern-und-lehrern\/&#8220; button_text=&#8220; Kapitel D &#8211; Kommunikation mit Eltern und Lehrern &#8220; button_alignment=&#8220;center&#8220; _builder_version=&#8220;4.27.4&#8243; _module_preset=&#8220;default&#8220; custom_button=&#8220;on&#8220; button_text_size=&#8220;18px&#8220; button_text_color=&#8220;#285299&#8243; button_bg_color=&#8220;#FFFFFF&#8220; button_border_width=&#8220;1px&#8220; button_border_color=&#8220;#285299&#8243; button_border_radius=&#8220;5px&#8220; button_font=&#8220;Helvetica Neue Regular|500|||||||&#8220; button_icon=&#8220;&#x35;||divi||400&#8243; button_icon_color=&#8220;#FFFFFF&#8220; background_layout=&#8220;dark&#8220; custom_padding=&#8220;16px|32px|16px|32px|true|true&#8220; global_colors_info=&#8220;{}&#8220; button_text_color__hover_enabled=&#8220;on|hover&#8220; button_text_color__hover=&#8220;#FFFFFF&#8220; button_bg_color__hover_enabled=&#8220;on|hover&#8220; button_bg_color__hover=&#8220;#285299&#8243; button_bg_enable_color__hover=&#8220;on&#8220;][\/et_pb_button][\/et_pb_column][\/et_pb_row][\/et_pb_section][et_pb_section fb_built=&#8220;1&#8243; _builder_version=&#8220;4.27.4&#8243; _module_preset=&#8220;default&#8220; background_color=&#8220;#f6f6f6&#8243; global_colors_info=&#8220;{}&#8220;][et_pb_row column_structure=&#8220;1_2,1_2&#8243; _builder_version=&#8220;4.27.4&#8243; _module_preset=&#8220;default&#8220; border_width_all=&#8220;2px&#8220; border_color_all=&#8220;#bebe5e&#8220; global_colors_info=&#8220;{}&#8220;][et_pb_column type=&#8220;1_2&#8243; _builder_version=&#8220;4.27.4&#8243; _module_preset=&#8220;default&#8220; global_colors_info=&#8220;{}&#8220;][et_pb_text _builder_version=&#8220;4.27.4&#8243; _module_preset=&#8220;default&#8220; header_2_text_color=&#8220;#285299&#8243; hover_enabled=&#8220;0&#8243; global_colors_info=&#8220;{}&#8220; sticky_enabled=&#8220;0&#8243;]<\/p>\n<div class=\"et_pb_module et_pb_text et_pb_text_0  et_pb_text_align_left et_pb_bg_layout_light\">\n<div class=\"et_pb_text_inner\">\n<h2 style=\"text-align: center;\"><strong>Weitere Dokumente mit n\u00fctzliche Links<\/strong><\/h2>\n<\/div>\n<\/div>\n<div class=\"et_pb_module et_pb_text et_pb_text_1  et_pb_text_align_left et_pb_bg_layout_light\">\n<div class=\"et_pb_text_inner\">\n<p style=\"text-align: center;\">In diesem Dokument finden Sie interessante Links zu diesem Kapitel<\/p>\n<\/div>\n<\/div>\n<p>[\/et_pb_text][et_pb_button button_url=&#8220;https:\/\/www.canva.com\/design\/DAGkJd412-w\/oN5YGA3sjBV72NnwWQJkCg\/view?utm_content=DAGkJd412-w&#038;utm_campaign=designshare&#038;utm_medium=link&#038;utm_source=viewer&#8220; button_text=&#8220;Mehr lesen&#8220; button_alignment=&#8220;center&#8220; _builder_version=&#8220;4.27.4&#8243; _module_preset=&#8220;default&#8220; custom_button=&#8220;on&#8220; button_text_color=&#8220;#FFFFFF&#8220; button_bg_color=&#8220;#285299&#8243; button_border_color=&#8220;#285299&#8243; button_icon=&#8220;&#x35;||divi||400&#8243; button_icon_color=&#8220;#FFFFFF&#8220; hover_enabled=&#8220;0&#8243; global_colors_info=&#8220;{}&#8220; sticky_enabled=&#8220;0&#8243;][\/et_pb_button][\/et_pb_column][et_pb_column type=&#8220;1_2&#8243; _builder_version=&#8220;4.27.4&#8243; _module_preset=&#8220;default&#8220; global_colors_info=&#8220;{}&#8220;][et_pb_image src=&#8220;https:\/\/tonga-schools.eu\/wp-content\/uploads\/2025\/04\/Untitled-design-4-e1744723708999.png&#8220; title_text=&#8220;Untitled design (4)&#8220; _builder_version=&#8220;4.27.4&#8243; _module_preset=&#8220;default&#8220; global_colors_info=&#8220;{}&#8220;][\/et_pb_image][\/et_pb_column][\/et_pb_row][\/et_pb_section][et_pb_section fb_built=&#8220;1&#8243; _builder_version=&#8220;4.27.4&#8243; _module_preset=&#8220;default&#8220; global_colors_info=&#8220;{}&#8220;][\/et_pb_section]<\/p>\n","protected":false},"excerpt":{"rendered":"<p>Lehrerinnen und Lehrer sind in der Regel die ersten Ansprechpartner f\u00fcr die Eltern.Kapitel D Durchsuchen Sie die folgenden Unterkapitel, um das Thema im Detail zu erforschen.Am Ende dieses Abschnitts finden Sie n\u00fctzliche Links, um Ihre Lekt\u00fcre zu vertiefen.Andere Dokumente Weitere Dokumente mit n\u00fctzliche Links In diesem Dokument finden Sie interessante Links zu diesem Kapitel<\/p>\n","protected":false},"author":2,"featured_media":0,"parent":2350,"menu_order":1,"comment_status":"closed","ping_status":"closed","template":"","meta":{"_et_pb_use_builder":"on","_et_pb_old_content":"","_et_gb_content_width":"","footnotes":""},"class_list":["post-2591","page","type-page","status-publish","hentry"],"_links":{"self":[{"href":"https:\/\/tonga-schools.eu\/de\/wp-json\/wp\/v2\/pages\/2591","targetHints":{"allow":["GET"]}}],"collection":[{"href":"https:\/\/tonga-schools.eu\/de\/wp-json\/wp\/v2\/pages"}],"about":[{"href":"https:\/\/tonga-schools.eu\/de\/wp-json\/wp\/v2\/types\/page"}],"author":[{"embeddable":true,"href":"https:\/\/tonga-schools.eu\/de\/wp-json\/wp\/v2\/users\/2"}],"replies":[{"embeddable":true,"href":"https:\/\/tonga-schools.eu\/de\/wp-json\/wp\/v2\/comments?post=2591"}],"version-history":[{"count":15,"href":"https:\/\/tonga-schools.eu\/de\/wp-json\/wp\/v2\/pages\/2591\/revisions"}],"predecessor-version":[{"id":8022,"href":"https:\/\/tonga-schools.eu\/de\/wp-json\/wp\/v2\/pages\/2591\/revisions\/8022"}],"up":[{"embeddable":true,"href":"https:\/\/tonga-schools.eu\/de\/wp-json\/wp\/v2\/pages\/2350"}],"wp:attachment":[{"href":"https:\/\/tonga-schools.eu\/de\/wp-json\/wp\/v2\/media?parent=2591"}],"curies":[{"name":"wp","href":"https:\/\/api.w.org\/{rel}","templated":true}]}}