{"id":5848,"date":"2025-03-30T09:33:52","date_gmt":"2025-03-30T07:33:52","guid":{"rendered":"https:\/\/tonga-schools.eu\/plateforme-dapprentissage\/"},"modified":"2026-01-09T17:47:53","modified_gmt":"2026-01-09T16:47:53","slug":"lernplattform","status":"publish","type":"page","link":"https:\/\/tonga-schools.eu\/de\/lernplattform\/","title":{"rendered":"Lernplattform"},"content":{"rendered":"<p>[et_pb_section fb_built=&#8220;1&#8243; fullwidth=&#8220;on&#8220; _builder_version=&#8220;4.23.1&#8243; _module_preset=&#8220;default&#8220; background_color=&#8220;#f6f2ed&#8220; locked=&#8220;off&#8220; global_colors_info=&#8220;{}&#8220;][et_pb_fullwidth_header title=&#8220;Tools Tonga Schulen&#8220; subhead=&#8220;Online-Training zur Verbesserung von Kommunikation und Inklusion&#8220; header_image_url=&#8220;https:\/\/tonga-schools.eu\/wp-content\/uploads\/2025\/03\/Copie-de-Why-Tonga-12.png&#8220; module_id=&#8220;header-text&#8220; _builder_version=&#8220;4.27.4&#8243; _module_preset=&#8220;default&#8220; title_font=&#8220;Helvetica Neue Regular|700||on|||||&#8220; title_text_align=&#8220;left&#8220; title_font_size=&#8220;16px&#8220; content_font=&#8220;Helvetica Neue Regular||||||||&#8220; content_text_align=&#8220;left&#8220; content_text_color=&#8220;rgba(15,12,7,0.8)&#8220; subhead_font=&#8220;Helvetica Neue Regular|900|||||||&#8220; subhead_text_align=&#8220;left&#8220; subhead_text_color=&#8220;#0f0c07&#8243; subhead_font_size=&#8220;40px&#8220; subhead_line_height=&#8220;1.1em&#8220; background_color=&#8220;#f6f2ed&#8220; custom_button_one=&#8220;on&#8220; button_one_text_size=&#8220;18px&#8220; button_one_text_color=&#8220;#FFFFFF&#8220; button_one_bg_color=&#8220;#d44d46&#8243; button_one_border_width=&#8220;1px&#8220; button_one_border_color=&#8220;#d44d46&#8243; button_one_border_radius=&#8220;5px&#8220; button_one_font=&#8220;Helvetica Neue Regular|500|||||||&#8220; button_one_icon=&#8220;&#x35;||divi||400&#8243; button_one_icon_color=&#8220;#d44d46&#8243; button_one_custom_margin=&#8220;30px||||false|false&#8220; button_one_custom_padding=&#8220;16px|32px|16px|32px|true|true&#8220; custom_button_two=&#8220;on&#8220; button_two_text_size=&#8220;18px&#8220; button_two_text_color=&#8220;#FFFFFF&#8220; button_two_bg_color=&#8220;#4746d4&#8243; button_two_border_width=&#8220;1px&#8220; button_two_border_color=&#8220;#4746d4&#8243; button_two_border_radius=&#8220;5px&#8220; button_two_font=&#8220;Helvetica Neue Regular|500|||||||&#8220; button_two_icon=&#8220;&#x35;||divi||400&#8243; button_two_icon_color=&#8220;#4746d4&#8243; button_two_custom_padding=&#8220;16px|32px|16px|32px|true|true&#8220; custom_css_title=&#8220;padding-bottom: 20px;&#8220; custom_css_subtitle=&#8220;padding-bottom: 30px;&#8220; global_colors_info=&#8220;{}&#8220; button_one_text_color__hover_enabled=&#8220;on|hover&#8220; button_one_text_color__hover=&#8220;#d44d46&#8243; button_one_bg_color__hover_enabled=&#8220;on|hover&#8220; button_one_bg_color__hover=&#8220;#FFFFFF&#8220; button_one_bg_enable_color__hover=&#8220;on&#8220; button_two_text_color__hover_enabled=&#8220;on|hover&#8220; button_two_text_color__hover=&#8220;#4746d4&#8243; button_two_bg_color__hover_enabled=&#8220;on|hover&#8220; button_two_bg_color__hover=&#8220;#FFFFFF&#8220; button_two_bg_enable_color__hover=&#8220;on&#8220;]<\/p>\n<p>Diese sorgf\u00e4ltig konzipierten Werkzeuge erm\u00f6glichen es den Schulen, effektiv mit Familien zu kommunizieren und eine inklusive und unterst\u00fctzende Bildungsgemeinschaft zu f\u00f6rdern.<\/p>\n<p>[\/et_pb_fullwidth_header][\/et_pb_section][et_pb_section fb_built=&#8220;1&#8243; _builder_version=&#8220;4.27.4&#8243; _module_preset=&#8220;default&#8220; custom_padding=&#8220;0px|||||&#8220; locked=&#8220;off&#8220; global_colors_info=&#8220;{}&#8220;][et_pb_row column_structure=&#8220;1_3,1_3,1_3&#8243; _builder_version=&#8220;4.27.4&#8243; _module_preset=&#8220;default&#8220; global_colors_info=&#8220;{}&#8220;][et_pb_column type=&#8220;1_3&#8243; _builder_version=&#8220;4.27.4&#8243; _module_preset=&#8220;default&#8220; global_colors_info=&#8220;{}&#8220;][et_pb_image src=&#8220;https:\/\/tonga-schools.eu\/wp-content\/uploads\/2025\/03\/Copie-de-Why-Tonga-11.png&#8220; title_text=&#8220;Copie de Why Tonga (11)&#8220; _builder_version=&#8220;4.27.4&#8243; _module_preset=&#8220;default&#8220; global_colors_info=&#8220;{}&#8220;][\/et_pb_image][\/et_pb_column][et_pb_column type=&#8220;1_3&#8243; _builder_version=&#8220;4.27.4&#8243; _module_preset=&#8220;default&#8220; global_colors_info=&#8220;{}&#8220;][et_pb_text _builder_version=&#8220;4.27.4&#8243; _module_preset=&#8220;default&#8220; text_font=&#8220;Helvetica Neue Regular||||||||&#8220; text_text_color=&#8220;#000000&#8243; header_text_color=&#8220;#FFFFFF&#8220; header_2_font=&#8220;Helvetica Neue Regular|800|||||||&#8220; header_2_text_align=&#8220;left&#8220; header_2_text_color=&#8220;#FFFFFF&#8220; header_2_font_size=&#8220;46px&#8220; header_2_line_height=&#8220;1.1em&#8220; custom_margin=&#8220;||30px||false|false&#8220; global_colors_info=&#8220;{}&#8220;]<\/p>\n<h2><span style=\"color: #000000;\">Kostenloses Online-Training f\u00fcr Schulpersonal<\/span><\/h2>\n<p>Wir bieten kostenlose Online-Schulungen f\u00fcr Schulpersonal an, um die F\u00e4higkeiten zu verbessern und den effektiven Einsatz unserer neuen Tools und Ressourcen zu unterst\u00fctzen.<\/p>\n<p>Um sich zu registrieren, gehen Sie zu Tonga ID-Connect und New User<\/p>\n<p>[\/et_pb_text][\/et_pb_column][et_pb_column type=&#8220;1_3&#8243; _builder_version=&#8220;4.27.4&#8243; _module_preset=&#8220;default&#8220; global_colors_info=&#8220;{}&#8220;][et_pb_button button_url=&#8220;https:\/\/moodle.tonga-schools.eu\/login\/index.php&#8220; url_new_window=&#8220;on&#8220; button_text=&#8220;ID-Connect&#8220; button_alignment=&#8220;left&#8220; _builder_version=&#8220;4.27.5&#8243; _module_preset=&#8220;default&#8220; custom_button=&#8220;on&#8220; button_text_size=&#8220;18px&#8220; button_text_color=&#8220;#FFFFFF&#8220; button_bg_color=&#8220;#285299&#8243; button_border_width=&#8220;1px&#8220; button_border_color=&#8220;#FFFFFF&#8220; button_border_radius=&#8220;5px&#8220; button_font=&#8220;Helvetica Neue Regular|500|||||||&#8220; button_icon=&#8220;&#x35;||divi||400&#8243; button_icon_color=&#8220;#FFFFFF&#8220; background_layout=&#8220;dark&#8220; custom_padding=&#8220;16px|32px|16px|32px|true|true&#8220; hover_enabled=&#8220;0&#8243; global_colors_info=&#8220;{}&#8220; button_text_color__hover_enabled=&#8220;on|hover&#8220; button_text_color__hover=&#8220;#FFFFFF&#8220; button_bg_color__hover_enabled=&#8220;on|hover&#8220; button_bg_color__hover=&#8220;#285299&#8243; button_bg_enable_color__hover=&#8220;on&#8220; sticky_enabled=&#8220;0&#8243;][\/et_pb_button][\/et_pb_column][\/et_pb_row][\/et_pb_section]<\/p>\n","protected":false},"excerpt":{"rendered":"<p>Diese sorgf\u00e4ltig konzipierten Werkzeuge erm\u00f6glichen es den Schulen, effektiv mit Familien zu kommunizieren und eine inklusive und unterst\u00fctzende Bildungsgemeinschaft zu f\u00f6rdern.Kostenloses Online-Training f\u00fcr Schulpersonal Wir bieten kostenlose Online-Schulungen f\u00fcr Schulpersonal an, um die F\u00e4higkeiten zu verbessern und den effektiven Einsatz unserer neuen Tools und Ressourcen zu unterst\u00fctzen. Um sich zu registrieren, gehen Sie zu Tonga [&hellip;]<\/p>\n","protected":false},"author":2,"featured_media":0,"parent":0,"menu_order":0,"comment_status":"closed","ping_status":"closed","template":"","meta":{"_et_pb_use_builder":"on","_et_pb_old_content":"","_et_gb_content_width":"","footnotes":""},"class_list":["post-5848","page","type-page","status-publish","hentry"],"_links":{"self":[{"href":"https:\/\/tonga-schools.eu\/de\/wp-json\/wp\/v2\/pages\/5848","targetHints":{"allow":["GET"]}}],"collection":[{"href":"https:\/\/tonga-schools.eu\/de\/wp-json\/wp\/v2\/pages"}],"about":[{"href":"https:\/\/tonga-schools.eu\/de\/wp-json\/wp\/v2\/types\/page"}],"author":[{"embeddable":true,"href":"https:\/\/tonga-schools.eu\/de\/wp-json\/wp\/v2\/users\/2"}],"replies":[{"embeddable":true,"href":"https:\/\/tonga-schools.eu\/de\/wp-json\/wp\/v2\/comments?post=5848"}],"version-history":[{"count":9,"href":"https:\/\/tonga-schools.eu\/de\/wp-json\/wp\/v2\/pages\/5848\/revisions"}],"predecessor-version":[{"id":8345,"href":"https:\/\/tonga-schools.eu\/de\/wp-json\/wp\/v2\/pages\/5848\/revisions\/8345"}],"wp:attachment":[{"href":"https:\/\/tonga-schools.eu\/de\/wp-json\/wp\/v2\/media?parent=5848"}],"curies":[{"name":"wp","href":"https:\/\/api.w.org\/{rel}","templated":true}]}}