{"id":6373,"date":"2023-12-01T05:19:03","date_gmt":"2023-12-01T04:19:03","guid":{"rendered":"https:\/\/tonga-schools.eu\/charte-de-confidentialite\/"},"modified":"2025-04-04T06:55:59","modified_gmt":"2025-04-04T06:55:59","slug":"datenschutzerklaerung","status":"publish","type":"page","link":"https:\/\/tonga-schools.eu\/de\/datenschutzerklaerung\/","title":{"rendered":"Datenschutzerkl\u00e4rung"},"content":{"rendered":"<p>[et_pb_section fb_built=&#8220;1&#8243; fullwidth=&#8220;on&#8220; _builder_version=&#8220;4.23.1&#8243; _module_preset=&#8220;default&#8220; background_color=&#8220;#f6f2ed&#8220; locked=&#8220;off&#8220; global_colors_info=&#8220;{}&#8220;][et_pb_fullwidth_header title=&#8220;Tonga Schule&#8220; subhead=&#8220;Datenschutzerkl\u00e4rung&#8220; header_image_url=&#8220;https:\/\/tonga-schools.eu\/wp-content\/uploads\/2025\/03\/Untitled-design-9.png&#8220; module_id=&#8220;header-text&#8220; _builder_version=&#8220;4.27.4&#8243; _module_preset=&#8220;default&#8220; title_font=&#8220;Helvetica Neue Regular|700||on|||||&#8220; title_text_align=&#8220;left&#8220; title_font_size=&#8220;16px&#8220; content_font=&#8220;Helvetica Neue Regular||||||||&#8220; content_text_align=&#8220;left&#8220; content_text_color=&#8220;#000000&#8243; subhead_font=&#8220;Helvetica Neue Regular|900|||||||&#8220; subhead_text_align=&#8220;left&#8220; subhead_text_color=&#8220;#0f0c07&#8243; subhead_font_size=&#8220;40px&#8220; subhead_line_height=&#8220;1.1em&#8220; background_color=&#8220;#f6f2ed&#8220; custom_button_one=&#8220;on&#8220; button_one_text_size=&#8220;18px&#8220; button_one_text_color=&#8220;#FFFFFF&#8220; button_one_bg_color=&#8220;#d44d46&#8243; button_one_border_width=&#8220;1px&#8220; button_one_border_color=&#8220;#d44d46&#8243; button_one_border_radius=&#8220;5px&#8220; button_one_font=&#8220;Helvetica Neue Regular|500|||||||&#8220; button_one_icon=&#8220;&#x35;||divi||400&#8243; button_one_icon_color=&#8220;#d44d46&#8243; button_one_custom_margin=&#8220;30px||||false|false&#8220; button_one_custom_padding=&#8220;16px|32px|16px|32px|true|true&#8220; custom_button_two=&#8220;on&#8220; button_two_text_size=&#8220;18px&#8220; button_two_text_color=&#8220;#FFFFFF&#8220; button_two_bg_color=&#8220;#4746d4&#8243; button_two_border_width=&#8220;1px&#8220; button_two_border_color=&#8220;#4746d4&#8243; button_two_border_radius=&#8220;5px&#8220; button_two_font=&#8220;Helvetica Neue Regular|500|||||||&#8220; button_two_icon=&#8220;&#x35;||divi||400&#8243; button_two_icon_color=&#8220;#4746d4&#8243; button_two_custom_padding=&#8220;16px|32px|16px|32px|true|true&#8220; custom_css_title=&#8220;padding-bottom: 20px;&#8220; custom_css_subtitle=&#8220;padding-bottom: 30px;&#8220; global_colors_info=&#8220;{}&#8220; button_one_text_color__hover_enabled=&#8220;on|hover&#8220; button_one_text_color__hover=&#8220;#d44d46&#8243; button_one_bg_color__hover_enabled=&#8220;on|hover&#8220; button_one_bg_color__hover=&#8220;#FFFFFF&#8220; button_one_bg_enable_color__hover=&#8220;on&#8220; button_two_text_color__hover_enabled=&#8220;on|hover&#8220; button_two_text_color__hover=&#8220;#4746d4&#8243; button_two_bg_color__hover_enabled=&#8220;on|hover&#8220; button_two_bg_color__hover=&#8220;#FFFFFF&#8220; button_two_bg_enable_color__hover=&#8220;on&#8220;]<\/p>\n<h4><\/h4>\n<p>&nbsp;<\/p>\n<p>[\/et_pb_fullwidth_header][\/et_pb_section][et_pb_section fb_built=&#8220;1&#8243; _builder_version=&#8220;4.16&#8243; global_colors_info=&#8220;{}&#8220;][et_pb_row _builder_version=&#8220;4.16&#8243; background_size=&#8220;initial&#8220; background_position=&#8220;top_left&#8220; background_repeat=&#8220;repeat&#8220; global_colors_info=&#8220;{}&#8220;][et_pb_column type=&#8220;4_4&#8243; _builder_version=&#8220;4.16&#8243; custom_padding=&#8220;|||&#8220; global_colors_info=&#8220;{}&#8220; custom_padding__hover=&#8220;|||&#8220;][et_pb_text _builder_version=&#8220;4.27.4&#8243; header_2_text_color=&#8220;#285299&#8243; background_size=&#8220;initial&#8220; background_position=&#8220;top_left&#8220; background_repeat=&#8220;repeat&#8220; global_colors_info=&#8220;{}&#8220;]<\/p>\n<h2><strong>Erkl\u00e4rung zum Datenschutz<\/strong><\/h2>\n<ul>\n<li>Mittels dieser Informationen zur Datenschutzerkl\u00e4rung m\u00f6chte &#8211; Verband f\u00fcr die F\u00f6rderung und den Fortschritt der<\/li>\n<li>Mehrsprachigkeit (im Folgenden \u201ewir\u201c) die Nutzer der Website https:\/\/tonga-schools.eu\/ \u00fcber den Zweck, die Art und Weise und den Umfang der Verarbeitung personenbezogener Daten informieren.<\/li>\n<li>Unsere Website und unsere Dienste werden laufend \u00fcberarbeitet und weiterentwickelt. Daher werden die vorliegenden<\/li>\n<li>Datenschutzinformationen regelm\u00e4\u00dfig ge\u00e4ndert und aktualisiert.<\/li>\n<li>Das Surfen auf unserer Website ist in der Regel ohne Angabe personenbezogener Daten m\u00f6glich.<\/li>\n<li>Einige Worte f\u00fcr Personen, die unsere Dienste au\u00dferhalb der Europ\u00e4ischen Union nutzen: Der A.P.A.M. bietet seine Online-<\/li>\n<li>Dienste auf internationaler Ebene an. Es ber\u00fchrt nicht nur Frankreich und die Europ\u00e4ische Gemeinschaft.<br \/>Unsere Kunden sind \u00fcber den gesamten Globus verteilt.<\/li>\n<li>Wir nutzen eine Reihe von Dienstleistern au\u00dferhalb der Europ\u00e4ischen Union, insbesondere in den USA.<\/li>\n<li>Wir achten darauf, die nach dem europ\u00e4ischen Datenschutzrecht erforderlichen Ma\u00dfnahmen zu ergreifen, um ein angemessenes Datenschutzniveau zu gew\u00e4hrleisten.<\/li>\n<\/ul>\n<p>&nbsp;<\/p>\n<p>&nbsp;<\/p>\n<p>&nbsp;<\/p>\n<p>&nbsp;<\/p>\n<p>[\/et_pb_text][\/et_pb_column][\/et_pb_row][et_pb_row _builder_version=&#8220;4.27.4&#8243; _module_preset=&#8220;default&#8220; global_colors_info=&#8220;{}&#8220;][et_pb_column type=&#8220;4_4&#8243; _builder_version=&#8220;4.27.4&#8243; _module_preset=&#8220;default&#8220; global_colors_info=&#8220;{}&#8220;][et_pb_text _builder_version=&#8220;4.27.4&#8243; _module_preset=&#8220;default&#8220; header_2_text_color=&#8220;#285299&#8243; header_3_text_color=&#8220;#285299&#8243; global_colors_info=&#8220;{}&#8220;]<\/p>\n<h2>Verarbeitung von personenbezogenen Daten<br \/>Speichern von Cookies<\/h2>\n<ul>\n<li>Cookies sind kleine Textdateien, die in der Regel f\u00fcr die Dauer der aktuellen Sitzung, d. h. bis zum Ende der Navigation und manchmal auch f\u00fcr einen l\u00e4ngeren Zeitraum, im Browser des Endger\u00e4ts des Nutzers von L&#8217;A.P.A.M. gespeichert werden.\n<ul>\n<li>Wir m\u00f6chten Sie vorab dar\u00fcber informieren.<\/li>\n<li>Sie k\u00f6nnen die Verwendung von Cookies stoppen, beachten Sie jedoch, dass\u00a0<\/li>\n<\/ul>\n<\/li>\n<\/ul>\n<p>&nbsp;<\/p>\n<h2 style=\"text-align: center;\"><strong>Wir nutzen die folgenden Dienste von Drittanbietern:<\/strong><\/h2>\n<p>&nbsp;<\/p>\n<p>&nbsp;<\/p>\n<p>&nbsp;<\/p>\n<p>[\/et_pb_text][\/et_pb_column][\/et_pb_row][et_pb_row _builder_version=&#8220;4.27.4&#8243; _module_preset=&#8220;default&#8220; global_colors_info=&#8220;{}&#8220;][et_pb_column type=&#8220;4_4&#8243; _builder_version=&#8220;4.27.4&#8243; _module_preset=&#8220;default&#8220; global_colors_info=&#8220;{}&#8220;][et_pb_accordion _builder_version=&#8220;4.27.4&#8243; _module_preset=&#8220;default&#8220; global_colors_info=&#8220;{}&#8220;][et_pb_accordion_item title=&#8220;Google&#8220; open=&#8220;on&#8220; _builder_version=&#8220;4.27.4&#8243; _module_preset=&#8220;default&#8220; global_colors_info=&#8220;{}&#8220;]<\/p>\n<p>A.P.A.M. nutzt verschiedene Dienste des US-amerikanischen Unternehmens Google Inc. Dazu geh\u00f6ren Googe Analytics, Google + und Google reCaptcha.<\/p>\n<p>[\/et_pb_accordion_item][et_pb_accordion_item title=&#8220;Google Analytics&#8220; _builder_version=&#8220;4.27.4&#8243; _module_preset=&#8220;default&#8220; global_colors_info=&#8220;{}&#8220; open=&#8220;off&#8220;]<\/p>\n<ul>\n<li>Wir verwenden Google Analytics f\u00fcr A.P.A.M.<\/li>\n<li>Mit Google Analytics k\u00f6nnen wir die Anzahl der Besucher auf unserer Website ermitteln und besser verstehen, wie sie uns finden und wie sie sich auf unserer Website bewegen.<\/li>\n<li>Google Analytics ist ein Webanalysedienst der Firma Google Inc. (\u201eGoogle\u201c). In diesem Zusammenhang werden Cookies auf dem<\/li>\n<li>Endger\u00e4t des Besuchers oder Nutzers von A.P.A.M. gespeichert, um eine Analyse der Benutzung der Website zu erm\u00f6glichen.<\/li>\n<li>Die durch den Cookie erzeugten Informationen werden an einen Server von Google in den USA \u00fcbertragen und dort gespeichert.<\/li>\n<li>Es ist m\u00f6glich, die Verwendung von Cookies zu verhindern, indem man die Einstellungen des Browsers entsprechend anpasst.<\/li>\n<li>Wir weisen Sie jedoch darauf hin, dass in diesem Fall gegebenenfalls nicht s\u00e4mtliche Funktionen dieser Website vollumf\u00e4nglich genutzt werden k\u00f6nnen. Es ist jederzeit m\u00f6glich, der Erhebung und Speicherung der IP-Adresse und der durch Cookies erzeugten Daten mit Wirkung f\u00fcr die Zukunft zu widersprechen.<\/li>\n<li>Bitte verwenden Sie dazu das folgende Browser-Plugin: http:\/\/tools.google.com\/dlpage\/gaoptout?hl=fr.<\/li>\n<\/ul>\n<p>[\/et_pb_accordion_item][et_pb_accordion_item title=&#8220;Google reCaptcha&#8220; _builder_version=&#8220;4.27.4&#8243; _module_preset=&#8220;default&#8220; global_colors_info=&#8220;{}&#8220; open=&#8220;off&#8220;]<\/p>\n<ul>\n<li>Wir verwenden den Dienst reCAPTCHA von Google Inc. (Google), um die Eingaben in den Formularen der Website zu sch\u00fctzen. Dieser Dienst wird verwendet, um zwischen Eingaben, die von einem Menschen gemacht wurden, und automatisiertem Missbrauch zu unterscheiden. Dies beinhaltet die \u00dcbermittlung der IP-Adresse und m\u00f6glicherweise anderer Daten, die von Google f\u00fcr den reCAPTCHA-Dienst ben\u00f6tigt werden. Zu diesem Zweck werden Ihre Daten an Google \u00fcbermittelt und von deren Diensten verwendet. Ihre IP-Adresse wird jedoch von Google innerhalb von Mitgliedstaaten der Europ\u00e4ischen Union &#8211; oder in anderen Vertragsstaaten des Abkommens \u00fcber den Europ\u00e4ischen Wirtschaftsraum &#8211; zuvor gek\u00fcrzt und somit anonymisiert. In Ausnahmef\u00e4llen wird Ihre volle IP-Adresse an einen Server von Google in den USA \u00fcbertragen und dort gek\u00fcrzt. Im Auftrag des Betreibers dieser Website wird Google diese Informationen benutzen, um Ihre Nutzung von Code Service auszuwerten. Die von reCAPTCHA von Ihrem Browser gelieferte IP-Adresse wird nicht mit anderen Daten von Google zusammengef\u00fchrt. Diese Datensammlung unterliegt der Datenschutzrichtlinie von Google.<\/li>\n<li>Weitere Informationen \u00fcber die Datenschutzrichtlinie von Google finden Sie auf dieser Seite: https:\/\/www.google.com\/intl\/en\/policies\/privacy\/.<\/li>\n<\/ul>\n<p>[\/et_pb_accordion_item][et_pb_accordion_item title=&#8220; Facebook&#8220; _builder_version=&#8220;4.27.4&#8243; _module_preset=&#8220;default&#8220; global_colors_info=&#8220;{}&#8220; open=&#8220;off&#8220;]<\/p>\n<ul>\n<li>Unsere Webseite Tonga Schools verwendet Social Plugins des Netzwerkes facebook.com, welches von der Firma Meta &#8211; Facebook Inc (1 Hacker Way, Menlo Park, California 94025, USA) betrieben wird. Die Plugins sind mit dem Facebook-Logo, dem Facebook-Badge oder dem Zusatz \u201eFacebook Social Plugin\u201c gekennzeichnet.<\/li>\n<li>Durch die Einbindung der Plugins erh\u00e4lt Facebook die Information, dass unsere jeweilige Seite von einem Besucher der Tonga Schools aufgerufen wurde. Wenn die Person ein Facebook-Profil hat, kann Facebook den Besuch dem Facebook-Konto des Besuchers oder dem Nutzer von Tonga Schools durch das Speichern von Cookies oder durch die Verwendung von JavaScript zuordnen. Findet eine Interaktion mit dem Plugin statt, z.B. durch Anklicken des \u201eGef\u00e4llt mir\u201c-Buttons oder Eingabe eines<\/li>\n<li>Kommentars, wird diese Information vom Browser direkt an Facebook \u00fcbermittelt und dort gespeichert.<br \/>\u00dcber Zweck und Umfang der Datenerhebung, die weitere Verarbeitung und Nutzung der Daten durch Facebook sowie \u00fcber Ihre diesbez\u00fcglichen Rechte und Einstellungsm\u00f6glichkeiten zum Schutz Ihrer Privatsph\u00e4re k\u00f6nnen Sie sich in den<\/li>\n<li>Datenverwendungsrichtlinien von Facebook informieren.<br \/>Siehe ihre Datenschutzrichtlinien hier: https:\/\/fr-fr.facebook.com\/privacy\/explanation.<\/li>\n<\/ul>\n<p>[\/et_pb_accordion_item][et_pb_accordion_item title=&#8220;LinkedIn&#8220; _builder_version=&#8220;4.27.4&#8243; _module_preset=&#8220;default&#8220; global_colors_info=&#8220;{}&#8220; open=&#8220;off&#8220;]<\/p>\n<ul>\n<li>Unsere Website Tonga Schools verwendet Social Plugins des Netzwerks linkedin.com, das von der Firma LinkedIn (Mountain View, Kalifornien, USA) betrieben wird. Die Plugins sind mit dem Linkedin-Logo gekennzeichnet.<\/li>\n<li>Durch die Einbindung der Plugins erh\u00e4lt LinkedIn die Information, dass unsere jeweilige Seite von einem Besucher der Tonga Schools aufgerufen wurde. Wenn eine Interaktion mit dem Plugin stattfindet, wird diese Information vom Browser direkt an<\/li>\n<li>LinkedIn \u00fcbermittelt und dort gespeichert.<br \/>Siehe ihre Datenschutzrichtlinien hier: https:\/\/www.linkedin.com\/legal\/privacy-policy?trk=uno-reg-guest-home-privacy-policy.<\/li>\n<\/ul>\n<p>[\/et_pb_accordion_item][et_pb_accordion_item title=&#8220;Pinterest&#8220; _builder_version=&#8220;4.27.4&#8243; _module_preset=&#8220;default&#8220; global_colors_info=&#8220;{}&#8220; open=&#8220;off&#8220;]<\/p>\n<h2><\/h2>\n<ul>\n<li>Unsere Website Tonga Schools verwendet soziale Plugins des Netzwerks Pinterest.com, das von der Firma Pinterest betrieben wird. Die Plugins werden durch das Pinterest-Logo gekennzeichnet.<\/li>\n<li>Aufgrund der Integration des Plugins erh\u00e4lt Pinterest die Information, dass unsere betreffende Website von einem Besucher von Tonga Schools aufgerufen wurde. Wenn eine Interaktion mit dem Plugin stattfindet, wird diese Information vom Browser direkt an Pinterest \u00fcbermittelt und dort gespeichert.<\/li>\n<li>Siehe ihre Datenschutzpolitik hier: https:\/\/policy.pinterest.com\/fr\/privacy-policy<br \/><span style=\"color: #000000;\"><strong><a href=\"https:\/\/policy.pinterest.com\/fr\/privacy-policy\" target=\"_blank\" rel=\"noopener\" style=\"color: #000000;\"><\/a><\/strong><\/span><\/li>\n<\/ul>\n<p>[\/et_pb_accordion_item][et_pb_accordion_item title=&#8220;Newsletter&#8220; _builder_version=&#8220;4.27.4&#8243; _module_preset=&#8220;default&#8220; global_colors_info=&#8220;{}&#8220; open=&#8220;off&#8220;]<\/p>\n<h2><\/h2>\n<ul>\n<li>Unser Newsletter enth\u00e4lt Links und Grafiken, die uns zeigen, ob der Newsletter in einem E-Mail-Programm ge\u00f6ffnet wurde und ob auf die Links geklickt wurde. Dies erm\u00f6glicht es uns, unser Angebot zu verbessern und die Qualit\u00e4t sicherzustellen. Sie k\u00f6nnen dieser Nutzungsanalyse widersprechen, indem Sie sich vom Newsletter abmelden. Sie finden die Informationen zur Abmeldung in jeder E-Mail des Newsletters.<\/li>\n<\/ul>\n<p>[\/et_pb_accordion_item][et_pb_accordion_item title=&#8220;Kontaktformular&#8220; _builder_version=&#8220;4.27.4&#8243; _module_preset=&#8220;default&#8220; global_colors_info=&#8220;{}&#8220; open=&#8220;off&#8220;]<\/p>\n<p>&nbsp;<\/p>\n<ul>\n<li>Wenn Sie uns \u00fcber das Kontaktformular kontaktiert haben, werden die von Ihnen angegebenen Daten in unserer Datei gespeichert, damit wir diese bearbeiten und Ihre Fragen beantworten k\u00f6nnen. Wir geben keine Informationen ohne Ihre Zustimmung weiter und geben Ihre Daten nicht an Dritte weiter.<\/li>\n<li>Ihre Daten werden in einer E-Mail gesammelt und \u00fcber das Simple Mail Transfer Protocol (SMTP) an uns gesendet. Die E-Mail wird dann von unseren lokalen Computern und Ger\u00e4ten entschl\u00fcsselt.<\/li>\n<\/ul>\n<p>[\/et_pb_accordion_item][et_pb_accordion_item title=&#8220;Blog&#8220; _builder_version=&#8220;4.27.4&#8243; _module_preset=&#8220;default&#8220; global_colors_info=&#8220;{}&#8220; open=&#8220;off&#8220;]<\/p>\n<p>&nbsp;<\/p>\n<p>&nbsp;<\/p>\n<p>Wenn Sie sich entscheiden, einen Kommentar zu einem unserer Blog-Artikel auf hinzuzuf\u00fcgen, werden Ihr Name und Ihre E-Mail-Adresse zusammen mit Ihrem Kommentar in unsere Datenbank aufgenommen. Diese Informationen werden nur verwendet, um Sie als Autor des Kommentars zu einem Blog-Beitrag zu identifizieren und nicht an Dritte weitergegeben. Nur Ihr Vorname wird auf der \u00f6ffentlichen Seite des Blogs ver\u00f6ffentlicht.<\/p>\n<p><strong>Ihr Kommentar und Ihre pers\u00f6nlichen Daten bleiben auf der Website, bis<\/strong><br \/>1) wir l\u00f6schen den Kommentar<br \/>2) wir den Blog-Beitrag l\u00f6schen.<\/p>\n<p>Wenn Sie m\u00f6chten, dass der Kommentar gel\u00f6scht wird und Ihre Daten gel\u00f6scht werden, senden Sie uns bitte eine E-Mail mit der E-Mail-Adresse, die Sie zum Kommentieren verwendet haben.<\/p>\n<p><strong>Wenn Sie unter 16 sind, M\u00dcSSEN Sie die elterliche Zustimmung einholen, bevor Sie einen Kommentar auf unserem Blog ver\u00f6ffentlichen.<\/strong><\/p>\n<p>[\/et_pb_accordion_item][\/et_pb_accordion][\/et_pb_column][\/et_pb_row][et_pb_row column_structure=&#8220;1_2,1_2&#8243; _builder_version=&#8220;4.27.4&#8243; _module_preset=&#8220;default&#8220; global_colors_info=&#8220;{}&#8220;][et_pb_column type=&#8220;1_2&#8243; _builder_version=&#8220;4.27.4&#8243; _module_preset=&#8220;default&#8220; global_colors_info=&#8220;{}&#8220;][et_pb_text _builder_version=&#8220;4.27.4&#8243; header_2_text_color=&#8220;#285299&#8243; background_size=&#8220;initial&#8220; background_position=&#8220;top_left&#8220; background_repeat=&#8220;repeat&#8220; global_colors_info=&#8220;{}&#8220;]<\/p>\n<ul><\/ul>\n<ul><\/ul>\n<h2>\u00dcbermittlung von Daten<\/h2>\n<p>Die Daten der Nutzer von Tonga Schools werden nicht an Dritte verkauft. Wir geben keine personenbezogenen Daten ohne Genehmigung weiter, es sei denn<br \/>Wir sind gesetzlich dazu verpflichtet;<br \/>\u00d8 wir m\u00fcssen die Dienste eines Dritten in Anspruch nehmen, um unsere Dienstleistungen zu erbringen. In diesem Fall k\u00f6nnen die Daten weitergegeben werden.<\/p>\n<p>&nbsp;<\/p>\n<p><strong>Sollten die Tonga Schools von einem anderen Unternehmen \u00fcbernommen werden, k\u00f6nnen Informationen \u00fcber Ihre personenbezogenen Daten im Rahmen der gesetzlichen Datenschutzbestimmungen an den Rechtsnachfolger weitergegeben werden.<\/strong><\/p>\n<p>[\/et_pb_text][\/et_pb_column][et_pb_column type=&#8220;1_2&#8243; _builder_version=&#8220;4.27.4&#8243; _module_preset=&#8220;default&#8220; global_colors_info=&#8220;{}&#8220;][et_pb_text _builder_version=&#8220;4.27.4&#8243; header_2_text_color=&#8220;#285299&#8243; background_size=&#8220;initial&#8220; background_position=&#8220;top_left&#8220; background_repeat=&#8220;repeat&#8220; global_colors_info=&#8220;{}&#8220;]<\/p>\n<ul><\/ul>\n<ul><\/ul>\n<h2>Ihre Rechte<\/h2>\n<p>Wir teilen gerne mit, welche personenbezogenen Daten wir \u00fcber Sie gespeichert haben (Auskunft f\u00fcr die betroffenen Parteien gem\u00e4ss 34 BDSG). Diese unentgeltliche Auskunft wird unverz\u00fcglich und in der Regel per E-Mail (oder auf Anfrage auch per Post) verarbeitet. F\u00fcr detaillierte Informationen teilen Sie uns bitte mit, welche Art von personenbezogenen Daten Sie erfragen m\u00f6chten. Damit wir sicher sein k\u00f6nnen, dass der Antragsteller tats\u00e4chlich derjenige ist, f\u00fcr den er sich ausgibt, ben\u00f6tigen wir einen Identit\u00e4tsnachweis. Es kann sich um eine Kopie eines offiziellen Dokuments handeln. Bitte schw\u00e4rzen Sie die Serien- und Passnummern oder machen Sie diese unleserlich.<\/p>\n<p>[\/et_pb_text][\/et_pb_column][\/et_pb_row][et_pb_row column_structure=&#8220;1_2,1_2&#8243; _builder_version=&#8220;4.27.4&#8243; _module_preset=&#8220;default&#8220; global_colors_info=&#8220;{}&#8220;][et_pb_column type=&#8220;1_2&#8243; _builder_version=&#8220;4.27.4&#8243; _module_preset=&#8220;default&#8220; global_colors_info=&#8220;{}&#8220;][et_pb_text _builder_version=&#8220;4.27.4&#8243; header_2_text_color=&#8220;#285299&#8243; background_size=&#8220;initial&#8220; background_position=&#8220;top_left&#8220; background_repeat=&#8220;repeat&#8220; global_colors_info=&#8220;{}&#8220;]<\/p>\n<ul><\/ul>\n<ul><\/ul>\n<h2>Ihre Rechte<\/h2>\n<p>Korrektur, L\u00f6schung oder Sperrung<\/p>\n<p>Dar\u00fcber hinaus haben Sie das Recht auf Berichtigung, L\u00f6schung oder Sperrung Ihrer personenbezogenen Daten. Eine betroffene Person kann jederzeit Kontakt aufnehmen, um sich \u00fcber dieses und andere Rechte der betroffenen Personen zu informieren.<\/p>\n<p>&nbsp;<\/p>\n<p>Letzte Aktualisierung: 9. Januar 2025<\/p>\n<p>[\/et_pb_text][\/et_pb_column][et_pb_column type=&#8220;1_2&#8243; _builder_version=&#8220;4.27.4&#8243; _module_preset=&#8220;default&#8220; global_colors_info=&#8220;{}&#8220;][et_pb_text _builder_version=&#8220;4.27.4&#8243; header_2_text_color=&#8220;#285299&#8243; background_size=&#8220;initial&#8220; background_position=&#8220;top_left&#8220; background_repeat=&#8220;repeat&#8220; global_colors_info=&#8220;{}&#8220;]<\/p>\n<ul><\/ul>\n<ul><\/ul>\n<h2>\u00c4nderung der Datenschutzerkl\u00e4rung<\/h2>\n<p>Wir passen diese Datenschutzhinweise regelm\u00e4\u00dfig an und aktualisieren sie. Bei wesentlichen \u00c4nderungen, die sich auf die Nutzungsrechte von Tonga Schools auswirken k\u00f6nnten, werden wir diese \u00c4nderungen im Voraus bekannt geben und \u00fcber bestehende Widerspruchsm\u00f6glichkeiten informieren. Diese Informationen werden in schriftlicher Form (z. B. per E-Mail) bereitgestellt.<\/p>\n<p>[\/et_pb_text][\/et_pb_column][\/et_pb_row][\/et_pb_section]<\/p>\n","protected":false},"excerpt":{"rendered":"<p>&nbsp;Erkl\u00e4rung zum Datenschutz Mittels dieser Informationen zur Datenschutzerkl\u00e4rung m\u00f6chte &#8211; Verband f\u00fcr die F\u00f6rderung und den Fortschritt der Mehrsprachigkeit (im Folgenden \u201ewir\u201c) die Nutzer der Website https:\/\/tonga-schools.eu\/ \u00fcber den Zweck, die Art und Weise und den Umfang der Verarbeitung personenbezogener Daten informieren. Unsere Website und unsere Dienste werden laufend \u00fcberarbeitet und weiterentwickelt. Daher werden die [&hellip;]<\/p>\n","protected":false},"author":2,"featured_media":0,"parent":0,"menu_order":10,"comment_status":"closed","ping_status":"closed","template":"","meta":{"_et_pb_use_builder":"on","_et_pb_old_content":"","_et_gb_content_width":"","footnotes":""},"class_list":["post-6373","page","type-page","status-publish","hentry"],"_links":{"self":[{"href":"https:\/\/tonga-schools.eu\/de\/wp-json\/wp\/v2\/pages\/6373","targetHints":{"allow":["GET"]}}],"collection":[{"href":"https:\/\/tonga-schools.eu\/de\/wp-json\/wp\/v2\/pages"}],"about":[{"href":"https:\/\/tonga-schools.eu\/de\/wp-json\/wp\/v2\/types\/page"}],"author":[{"embeddable":true,"href":"https:\/\/tonga-schools.eu\/de\/wp-json\/wp\/v2\/users\/2"}],"replies":[{"embeddable":true,"href":"https:\/\/tonga-schools.eu\/de\/wp-json\/wp\/v2\/comments?post=6373"}],"version-history":[{"count":6,"href":"https:\/\/tonga-schools.eu\/de\/wp-json\/wp\/v2\/pages\/6373\/revisions"}],"predecessor-version":[{"id":6766,"href":"https:\/\/tonga-schools.eu\/de\/wp-json\/wp\/v2\/pages\/6373\/revisions\/6766"}],"wp:attachment":[{"href":"https:\/\/tonga-schools.eu\/de\/wp-json\/wp\/v2\/media?parent=6373"}],"curies":[{"name":"wp","href":"https:\/\/api.w.org\/{rel}","templated":true}]}}