{"id":6413,"date":"2023-10-16T03:40:16","date_gmt":"2023-10-16T01:40:16","guid":{"rendered":"https:\/\/tonga-schools.eu\/mentions-legales\/"},"modified":"2025-04-17T22:14:17","modified_gmt":"2025-04-17T20:14:17","slug":"rechtliche-hinweise","status":"publish","type":"page","link":"https:\/\/tonga-schools.eu\/de\/rechtliche-hinweise\/","title":{"rendered":"Rechtliche Hinweise"},"content":{"rendered":"<p>[et_pb_section fb_built=&#8220;1&#8243; fullwidth=&#8220;on&#8220; _builder_version=&#8220;4.23.1&#8243; _module_preset=&#8220;default&#8220; background_color=&#8220;#f6f2ed&#8220; locked=&#8220;off&#8220; global_colors_info=&#8220;{}&#8220;][et_pb_fullwidth_header title=&#8220;Tonga Schule&#8220; subhead=&#8220;Rechtliche Hinweise      &#8220; header_image_url=&#8220;https:\/\/tonga-schools.eu\/wp-content\/uploads\/2025\/03\/Untitled-design-9.png&#8220; module_id=&#8220;header-text&#8220; _builder_version=&#8220;4.27.4&#8243; _module_preset=&#8220;default&#8220; title_font=&#8220;Helvetica Neue Regular|700||on|||||&#8220; title_text_align=&#8220;left&#8220; title_font_size=&#8220;16px&#8220; content_font=&#8220;Helvetica Neue Regular||||||||&#8220; content_text_align=&#8220;left&#8220; content_text_color=&#8220;#000000&#8243; subhead_font=&#8220;Helvetica Neue Regular|900|||||||&#8220; subhead_text_align=&#8220;left&#8220; subhead_text_color=&#8220;#0f0c07&#8243; subhead_font_size=&#8220;40px&#8220; subhead_line_height=&#8220;1.1em&#8220; background_color=&#8220;#f6f2ed&#8220; custom_button_one=&#8220;on&#8220; button_one_text_size=&#8220;18px&#8220; button_one_text_color=&#8220;#FFFFFF&#8220; button_one_bg_color=&#8220;#d44d46&#8243; button_one_border_width=&#8220;1px&#8220; button_one_border_color=&#8220;#d44d46&#8243; button_one_border_radius=&#8220;5px&#8220; button_one_font=&#8220;Helvetica Neue Regular|500|||||||&#8220; button_one_icon=&#8220;&#x35;||divi||400&#8243; button_one_icon_color=&#8220;#d44d46&#8243; button_one_custom_margin=&#8220;30px||||false|false&#8220; button_one_custom_padding=&#8220;16px|32px|16px|32px|true|true&#8220; custom_button_two=&#8220;on&#8220; button_two_text_size=&#8220;18px&#8220; button_two_text_color=&#8220;#FFFFFF&#8220; button_two_bg_color=&#8220;#4746d4&#8243; button_two_border_width=&#8220;1px&#8220; button_two_border_color=&#8220;#4746d4&#8243; button_two_border_radius=&#8220;5px&#8220; button_two_font=&#8220;Helvetica Neue Regular|500|||||||&#8220; button_two_icon=&#8220;&#x35;||divi||400&#8243; button_two_icon_color=&#8220;#4746d4&#8243; button_two_custom_padding=&#8220;16px|32px|16px|32px|true|true&#8220; custom_css_title=&#8220;padding-bottom: 20px;&#8220; custom_css_subtitle=&#8220;padding-bottom: 30px;&#8220; global_colors_info=&#8220;{}&#8220; button_one_text_color__hover_enabled=&#8220;on|hover&#8220; button_one_text_color__hover=&#8220;#d44d46&#8243; button_one_bg_color__hover_enabled=&#8220;on|hover&#8220; button_one_bg_color__hover=&#8220;#FFFFFF&#8220; button_one_bg_enable_color__hover=&#8220;on&#8220; button_two_text_color__hover_enabled=&#8220;on|hover&#8220; button_two_text_color__hover=&#8220;#4746d4&#8243; button_two_bg_color__hover_enabled=&#8220;on|hover&#8220; button_two_bg_color__hover=&#8220;#FFFFFF&#8220; button_two_bg_enable_color__hover=&#8220;on&#8220;]<\/p>\n<h4><\/h4>\n<p>&nbsp;<\/p>\n<p>[\/et_pb_fullwidth_header][\/et_pb_section][et_pb_section fb_built=&#8220;1&#8243; _builder_version=&#8220;4.16&#8243; global_colors_info=&#8220;{}&#8220;][et_pb_row _builder_version=&#8220;4.27.4&#8243; _module_preset=&#8220;default&#8220; global_colors_info=&#8220;{}&#8220;][et_pb_column type=&#8220;4_4&#8243; _builder_version=&#8220;4.27.4&#8243; _module_preset=&#8220;default&#8220; global_colors_info=&#8220;{}&#8220;][et_pb_text _builder_version=&#8220;4.27.4&#8243; _module_preset=&#8220;default&#8220; header_2_text_color=&#8220;#285299&#8243; global_colors_info=&#8220;{}&#8220;]<\/p>\n<h2><strong>Pr\u00e4sentation der Website<\/strong><\/h2>\n<p>Gem\u00e4\u00df Artikel 6 des Gesetzes Nr. 2004-575 vom 21. Juni 2001 \u00fcber das Vertrauen in die digitale Wirtschaft wird den Nutzern der Website https:\/\/tonga-schools.eu\/ die Identit\u00e4t der verschiedenen Akteure im Rahmen der Erstellung und Betreuung der Website mitgeteilt:<\/p>\n<p>[\/et_pb_text][\/et_pb_column][\/et_pb_row][et_pb_row column_structure=&#8220;1_3,1_3,1_3&#8243; _builder_version=&#8220;4.27.4&#8243; background_size=&#8220;initial&#8220; background_position=&#8220;top_left&#8220; background_repeat=&#8220;repeat&#8220; global_colors_info=&#8220;{}&#8220;][et_pb_column type=&#8220;1_3&#8243; _builder_version=&#8220;4.16&#8243; custom_padding=&#8220;|||&#8220; global_colors_info=&#8220;{}&#8220; custom_padding__hover=&#8220;|||&#8220;][et_pb_text _builder_version=&#8220;4.27.4&#8243; _module_preset=&#8220;default&#8220; header_2_text_color=&#8220;#285299&#8243; global_colors_info=&#8220;{}&#8220;]<\/p>\n<h2><strong>Eigent\u00fcmerin<\/strong>:<\/h2>\n<p>Association pour la Promotion et l&#8217;Avancement du Multilinguisme (Verband f\u00fcr die F\u00f6rderung und den Fortschritt der Mehrsprachigkeit) (SIRET: 842 040 255 00023)<\/p>\n<p>[\/et_pb_text][\/et_pb_column][et_pb_column type=&#8220;1_3&#8243; _builder_version=&#8220;4.27.4&#8243; _module_preset=&#8220;default&#8220; global_colors_info=&#8220;{}&#8220;][et_pb_text _builder_version=&#8220;4.27.4&#8243; _module_preset=&#8220;default&#8220; text_text_color=&#8220;#000000&#8243; header_2_text_color=&#8220;#285299&#8243; global_colors_info=&#8220;{}&#8220;]<\/p>\n<h2><strong>Kontakt:<\/strong><\/h2>\n<p><span style=\"color: #000000;\"><a href=\"mailto:contact@multilingualcafe.com\" style=\"color: #000000;\">contact@multilingualcafe.com<\/a><\/span><\/p>\n<p>&nbsp;<\/p>\n<p>[\/et_pb_text][\/et_pb_column][et_pb_column type=&#8220;1_3&#8243; _builder_version=&#8220;4.27.4&#8243; _module_preset=&#8220;default&#8220; global_colors_info=&#8220;{}&#8220;][et_pb_text _builder_version=&#8220;4.27.4&#8243; _module_preset=&#8220;default&#8220; header_2_text_color=&#8220;#285299&#8243; global_colors_info=&#8220;{}&#8220;]<\/p>\n<h2>Verantwortlich f\u00fcr die Ver\u00f6ffentlichung :<\/h2>\n<p>Isabelle Barth<\/p>\n<p>[\/et_pb_text][\/et_pb_column][\/et_pb_row][et_pb_row column_structure=&#8220;1_3,1_3,1_3&#8243; _builder_version=&#8220;4.27.4&#8243; _module_preset=&#8220;default&#8220; global_colors_info=&#8220;{}&#8220;][et_pb_column type=&#8220;1_3&#8243; _builder_version=&#8220;4.27.4&#8243; _module_preset=&#8220;default&#8220; global_colors_info=&#8220;{}&#8220;][et_pb_text _builder_version=&#8220;4.27.4&#8243; _module_preset=&#8220;default&#8220; header_2_text_color=&#8220;#285299&#8243; hover_enabled=&#8220;0&#8243; global_colors_info=&#8220;{}&#8220; sticky_enabled=&#8220;0&#8243;]<\/p>\n<h2><strong>Webmaster :<\/strong><\/h2>\n<p><span style=\"color: #000000;\"><a href=\"https:\/\/dawa-agenceweb.fr\/\"><span style=\"text-decoration: underline;\"><em>Agence Web Dawa<\/em><\/span><\/a> (SIRET : 852 316 983 00018)<\/span><\/p>\n<p>[\/et_pb_text][\/et_pb_column][et_pb_column type=&#8220;1_3&#8243; _builder_version=&#8220;4.27.4&#8243; _module_preset=&#8220;default&#8220; global_colors_info=&#8220;{}&#8220;][et_pb_text _builder_version=&#8220;4.27.4&#8243; _module_preset=&#8220;default&#8220; text_text_color=&#8220;#000000&#8243; header_2_text_color=&#8220;#285299&#8243; global_colors_info=&#8220;{}&#8220;]<\/p>\n<h2><strong>Hosting-Anbieter :<\/strong><\/h2>\n<p>Diese Website wird von Hostinger gehostet.<\/p>\n<p>[\/et_pb_text][\/et_pb_column][et_pb_column type=&#8220;1_3&#8243; _builder_version=&#8220;4.27.4&#8243; _module_preset=&#8220;default&#8220; global_colors_info=&#8220;{}&#8220;][\/et_pb_column][\/et_pb_row][et_pb_row column_structure=&#8220;1_2,1_2&#8243; _builder_version=&#8220;4.27.4&#8243; _module_preset=&#8220;default&#8220; global_colors_info=&#8220;{}&#8220;][et_pb_column type=&#8220;1_2&#8243; _builder_version=&#8220;4.27.4&#8243; _module_preset=&#8220;default&#8220; global_colors_info=&#8220;{}&#8220;][et_pb_text _builder_version=&#8220;4.27.4&#8243; _module_preset=&#8220;default&#8220; header_2_text_color=&#8220;#285299&#8243; global_colors_info=&#8220;{}&#8220;]<\/p>\n<h2><strong>Zweck der Website und Beschreibung der erbrachten Dienstleistungen :<\/strong><\/h2>\n<p>Der Zweck der Website Tonga Schools besteht darin, eine Plattform f\u00fcr Informationen \u00fcber Sprachen, mehrsprachige Erziehung und alles, was damit zusammenh\u00e4ngt, anzubieten. Tonga Schools bem\u00fcht sich, auf der Website https:\/\/tonga-schools.eu so genaue Informationen wie m\u00f6glich bereitzustellen.<\/p>\n<p>Tonga Schools bietet einen Beratungsdienst f\u00fcr die Kommunikation zwischen mehrsprachigen Familien und Schulen an, um den Beitritt zum Netzwerk zu erm\u00f6glichen.<\/p>\n<p>Die Website ist f\u00fcr jeden Internetnutzer frei zug\u00e4nglich und kostenlos. Die Navigation oder Nutzung der Website setzt voraus, dass der Internetnutzer die vorliegenden Allgemeinen Gesch\u00e4ftsbedingungen in ihrer Gesamtheit akzeptiert und damit anerkennt, dass er sie in vollem Umfang zur Kenntnis genommen hat.<\/p>\n<p>Die Annahme der vorliegenden Allgemeinen Gesch\u00e4ftsbedingungen setzt voraus, dass die Nutzer \u00fcber die daf\u00fcr erforderliche Rechtsf\u00e4higkeit verf\u00fcgen. Wenn der Nutzer minderj\u00e4hrig ist oder nicht \u00fcber diese Rechtsf\u00e4higkeit verf\u00fcgt, erkl\u00e4rt er, dass er die Zustimmung eines Vormunds, Kurators oder seines gesetzlichen Vertreters hat.<\/p>\n<p>&nbsp;<\/p>\n<p>Alle auf der Website https:\/\/tonga-schools.eu angegebenen Informationen k\u00f6nnen ge\u00e4ndert werden. Dar\u00fcber hinaus sind die bereitgestellten Informationen nicht ersch\u00f6pfend. Sie werden unter dem Vorbehalt von \u00c4nderungen gegeben, die seit ihrer Online-Ver\u00f6ffentlichung vorgenommen wurden.<\/p>\n<p>&nbsp;<\/p>\n<p>[\/et_pb_text][\/et_pb_column][et_pb_column type=&#8220;1_2&#8243; _builder_version=&#8220;4.27.4&#8243; _module_preset=&#8220;default&#8220; global_colors_info=&#8220;{}&#8220;][et_pb_text _builder_version=&#8220;4.27.4&#8243; _module_preset=&#8220;default&#8220; global_colors_info=&#8220;{}&#8220;]<\/p>\n<p><span style=\"color: #ffffff;\">Your content goes here. Edit or remove this text inline or in the module Content settings. You can also style every aspect of this content in the module Design settings and even apply custom CSS to this text in the module Advanced settings.<\/span><\/p>\n<p>[\/et_pb_text][et_pb_text _builder_version=&#8220;4.27.4&#8243; _module_preset=&#8220;default&#8220; global_colors_info=&#8220;{}&#8220;]<\/p>\n<p><span style=\"color: #ffffff;\">Your content goes here. Edit or remove this text inline or in the module Content settings. You can also style every aspect of this content in the module Design settings and even apply custom CSS to this text in the module Advanced settings.<\/span><\/p>\n<p>[\/et_pb_text][et_pb_text _builder_version=&#8220;4.27.4&#8243; _module_preset=&#8220;default&#8220; header_2_text_color=&#8220;#285299&#8243; global_colors_info=&#8220;{}&#8220;]<\/p>\n<h2><strong>Zugang zur Website :<\/strong><\/h2>\n<p>Wir erinnern Sie an die Merkmale und Grenzen des Internets und lehnen jede Haftung im Zusammenhang mit den Folgen Ihrer Verbindung zu diesem Netz \u00fcber diese Website ab.<\/p>\n<p>Insbesondere haften wir nicht f\u00fcr materielle oder immaterielle Sch\u00e4den an Ihrer Computerausr\u00fcstung und den darin gespeicherten Daten sowie f\u00fcr die Folgen, die sich daraus f\u00fcr Ihre pers\u00f6nliche, berufliche oder kommerzielle T\u00e4tigkeit ergeben k\u00f6nnen.<\/p>\n<p>Wir k\u00f6nnen auch nicht f\u00fcr den Fall haftbar gemacht werden, dass Sie aufgrund eines technischen Defekts oder eines Problems, das insbesondere mit der Einspeisung von Daten in das Internet verbunden ist, nicht auf die Website zugreifen k\u00f6nnen.<\/p>\n<p>&nbsp;<\/p>\n<p>[\/et_pb_text][\/et_pb_column][\/et_pb_row][et_pb_row column_structure=&#8220;1_2,1_2&#8243; _builder_version=&#8220;4.27.4&#8243; _module_preset=&#8220;default&#8220; global_colors_info=&#8220;{}&#8220;][et_pb_column type=&#8220;1_2&#8243; _builder_version=&#8220;4.27.4&#8243; _module_preset=&#8220;default&#8220; global_colors_info=&#8220;{}&#8220;][et_pb_text _builder_version=&#8220;4.27.4&#8243; _module_preset=&#8220;default&#8220; header_2_text_color=&#8220;#285299&#8243; global_colors_info=&#8220;{}&#8220;]<\/p>\n<h2>Umgang mit personenbezogenen Daten :<\/h2>\n<p>In Frankreich sind personenbezogene Daten insbesondere durch das Gesetz Nr. 78-87 vom 6. Januar 1978, das Gesetz Nr. 2004-801 vom 6. August 2004, Artikel L. 226-13 des Strafgesetzbuchs und die Europ\u00e4ische Richtlinie vom 24. Oktober 1995 gesch\u00fctzt.<\/p>\n<p>&nbsp;<\/p>\n<p>Bei der Nutzung der Website k\u00f6nnen folgende Daten erfasst werden: die URL der Links, \u00fcber die der Nutzer auf die Website gelangt ist, der Zugangsprovider des Nutzers, die Internetprotokoll-Adresse (IP) des Nutzers.<\/p>\n<p>&nbsp;<\/p>\n<p>In jedem Fall sammelt der Eigent\u00fcmer pers\u00f6nliche Informationen \u00fcber den Nutzer nur f\u00fcr die Zwecke bestimmter Dienstleistungen, die auf der Website https:\/\/tonga-schools.eu angeboten werden. Der Nutzer stellt diese Informationen in voller Kenntnis der Sachlage zur Verf\u00fcgung, insbesondere wenn er sie selbst eingibt. Dem Nutzer der Website wird dann mitgeteilt, ob er diese Informationen bereitstellen muss oder nicht.<\/p>\n<p>&nbsp;<\/p>\n<p>Gem\u00e4\u00df den Bestimmungen der Artikel 38 ff. des Gesetzes 78-17 vom 6. Januar 1978 \u00fcber Informatik, Dateien und Freiheiten hat jeder Nutzer ein Recht auf Zugang, Berichtigung und Widerspruch zu den ihn betreffenden pers\u00f6nlichen Daten, indem er einen schriftlichen und unterschriebenen Antrag stellt, dem eine Kopie des Identit\u00e4tstitels mit Unterschrift des Inhabers des Dokuments beigef\u00fcgt ist, und die Adresse angibt, an die die Antwort gesendet werden soll.<\/p>\n<p>&nbsp;<\/p>\n<p>Bei der Nutzung der Website k\u00f6nnen folgende Daten erfasst werden: die URL der Links, \u00fcber die der Nutzer auf die Website gelangt ist, der Zugangsprovider des Nutzers, die Internetprotokoll-Adresse (IP) des Nutzers.<\/p>\n<p>Keine pers\u00f6nlichen Informationen des Nutzers der Website https:\/\/tonga-schools.eu werden ohne das Wissen des Nutzers ver\u00f6ffentlicht, ausgetauscht, \u00fcbertragen, abgetreten oder auf einem beliebigen Datentr\u00e4ger an Dritte verkauft. Nur wenn der Eigent\u00fcmer und seine Rechte \u00fcbernommen werden, k\u00f6nnen diese Informationen an einen eventuellen Erwerber weitergegeben werden, der seinerseits die gleiche Verpflichtung zur Aufbewahrung und \u00c4nderung der Daten gegen\u00fcber dem Nutzer der Website https:\/\/tonga-schools.eu hat.<\/p>\n<p>&nbsp;<\/p>\n<p>Die Datenbanken sind durch die Bestimmungen des Gesetzes vom 1. Juli 1998 zur Umsetzung der Richtlinie 96\/9 vom 11. M\u00e4rz 1996 \u00fcber den rechtlichen Schutz von Datenbanken gesch\u00fctzt.<\/p>\n<p>Keine pers\u00f6nlichen Informationen des Nutzers der Website https:\/\/tonga-schools.eu werden ohne das Wissen des Nutzers ver\u00f6ffentlicht, ausgetauscht, \u00fcbertragen, abgetreten oder auf einem beliebigen Datentr\u00e4ger an Dritte verkauft. Nur wenn der Eigent\u00fcmer und seine Rechte \u00fcbernommen werden, k\u00f6nnen diese Informationen an einen eventuellen Erwerber weitergegeben werden, der seinerseits die gleiche Verpflichtung zur Aufbewahrung und \u00c4nderung der Daten gegen\u00fcber dem Nutzer der Website https:\/\/tonga-schools.eu hat.<\/p>\n<p>&nbsp;<\/p>\n<p>Die Datenbanken sind durch die Bestimmungen des Gesetzes vom 1. Juli 1998 zur Umsetzung der Richtlinie 96\/9 vom 11. M\u00e4rz 1996 \u00fcber den rechtlichen Schutz von Datenbanken gesch\u00fctzt.<\/p>\n<p>&nbsp;<\/p>\n<p>&nbsp;<\/p>\n<p>&nbsp;<\/p>\n<p>&nbsp;<\/p>\n<p>[\/et_pb_text][\/et_pb_column][et_pb_column type=&#8220;1_2&#8243; _builder_version=&#8220;4.27.4&#8243; _module_preset=&#8220;default&#8220; global_colors_info=&#8220;{}&#8220;][et_pb_text _builder_version=&#8220;4.27.4&#8243; _module_preset=&#8220;default&#8220; header_2_text_color=&#8220;#285299&#8243; global_colors_info=&#8220;{}&#8220;]<\/p>\n<h2><strong>Geistiges Eigentum und F\u00e4lschungen :<\/strong><\/h2>\n<p>Die A.P.A.M. ist Eigent\u00fcmerin der Rechte am geistigen Eigentum und besitzt die Nutzungsrechte an allen auf der Website zug\u00e4nglichen Elementen, insbesondere an Texten, Pr\u00e4sentationen, Illustrationen, Bildern, Grafiken, Logos, Icons, Sounds, Software.<\/p>\n<p>Jede Reproduktion, Kopie, Darstellung, \u00c4nderung, Ver\u00f6ffentlichung und Anpassung aller oder eines Teils der Elemente der Website, unabh\u00e4ngig vom verwendeten Mittel oder Verfahren, ist untersagt, es sei denn, es liegt eine vorherige schriftliche Genehmigung von : A.P.A.M.<\/p>\n<p>Jede nicht genehmigte Nutzung der Website oder eines ihrer Elemente wird als F\u00e4lschung angesehen und gem\u00e4\u00df den Bestimmungen der Artikel L.335-2 ff. des franz\u00f6sischen Gesetzbuchs \u00fcber geistiges Eigentum verfolgt.<\/p>\n<p>&nbsp;<\/p>\n<p>[\/et_pb_text][et_pb_text _builder_version=&#8220;4.27.4&#8243; _module_preset=&#8220;default&#8220; header_2_text_color=&#8220;#285299&#8243; global_colors_info=&#8220;{}&#8220;]<\/p>\n<h2><strong>Haftungsbeschr\u00e4nkungen:<\/strong><\/h2>\n<p>Der Eigent\u00fcmer haftet nicht f\u00fcr direkte und indirekte Sch\u00e4den an der Hardware des Nutzers beim Zugriff auf die Website des Eigent\u00fcmers, die entweder aus der Verwendung einer Hardware resultieren, die nicht den Spezifikationen entspricht, oder aus dem Auftreten eines Bugs oder einer Inkompatibilit\u00e4t.<\/p>\n<p>Der Eigent\u00fcmer haftet auch nicht f\u00fcr indirekte Sch\u00e4den (z. B. Marktverlust oder Verlust einer Chance), die durch die Nutzung der Tonga Schools Website entstehen.<\/p>\n<p>&nbsp;<\/p>\n<p>[\/et_pb_text][et_pb_text _builder_version=&#8220;4.27.4&#8243; _module_preset=&#8220;default&#8220; header_2_text_color=&#8220;#285299&#8243; global_colors_info=&#8220;{}&#8220;]<\/p>\n<h2><strong>Informationen:<\/strong><\/h2>\n<p>Die auf der Website https:\/\/tonga-schools.eu ver\u00f6ffentlichten Informationen dienen lediglich der Orientierung und sind nicht ersch\u00f6pfend. Tonga Schools bem\u00fcht sich, auf der Website so genaue Informationen wie m\u00f6glich bereitzustellen. Tonga Schools kann jedoch nicht f\u00fcr Auslassungen, Ungenauigkeiten und M\u00e4ngel in der Aktualisierung haftbar gemacht werden, die von ihr selbst oder von dritten Partnern, die diese Informationen bereitstellen, verursacht werden.<\/p>\n<p>Sie m\u00fcssen in jedem Fall zum Zeitpunkt ihrer Online-Ver\u00f6ffentlichung und nicht zum Zeitpunkt des Besuchs der Website ber\u00fccksichtigt werden.<\/p>\n<p>Wir k\u00f6nnen aufgrund dieser Informationen nicht haftbar gemacht werden.<\/p>\n<p>&nbsp;<\/p>\n<p>&nbsp;<\/p>\n<p>[\/et_pb_text][\/et_pb_column][\/et_pb_row][et_pb_row column_structure=&#8220;1_2,1_2&#8243; _builder_version=&#8220;4.27.4&#8243; _module_preset=&#8220;default&#8220; global_colors_info=&#8220;{}&#8220;][et_pb_column type=&#8220;1_2&#8243; _builder_version=&#8220;4.27.4&#8243; _module_preset=&#8220;default&#8220; global_colors_info=&#8220;{}&#8220;][et_pb_text _builder_version=&#8220;4.27.4&#8243; _module_preset=&#8220;default&#8220; header_2_text_color=&#8220;#285299&#8243; global_colors_info=&#8220;{}&#8220;]<\/p>\n<h2><strong>Anwendbares Recht und Gerichtsstand :<\/strong><\/h2>\n<p>Alle Streitigkeiten im Zusammenhang mit der Nutzung der Website Tonga Schools unterliegen dem franz\u00f6sischen Recht. Die ausschlie\u00dfliche Zust\u00e4ndigkeit liegt bei den zust\u00e4ndigen Gerichten in Frankreich.<\/p>\n<p>&nbsp;<\/p>\n<p>&nbsp;<\/p>\n<p>&nbsp;<\/p>\n<p>[\/et_pb_text][\/et_pb_column][et_pb_column type=&#8220;1_2&#8243; _builder_version=&#8220;4.27.4&#8243; _module_preset=&#8220;default&#8220; global_colors_info=&#8220;{}&#8220;][et_pb_text _builder_version=&#8220;4.27.4&#8243; _module_preset=&#8220;default&#8220; header_2_text_color=&#8220;#285299&#8243; global_colors_info=&#8220;{}&#8220;]<\/p>\n<h2><strong>Die wichtigsten Gesetze<\/strong><br \/><strong>betroffenen :<\/strong><\/h2>\n<p>Gesetz Nr. 78-87 vom 6. Januar 1978, insbesondere ge\u00e4ndert durch das Gesetz Nr. 2004-801 vom 6. August 2004 \u00fcber Informatik, Dateien und Freiheitsrechte.<\/p>\n<p>Gesetz Nr. 2004-575 vom 21. Juni 2004 f\u00fcr das Vertrauen in die digitale Wirtschaft.<\/p>\n<p>&nbsp;<\/p>\n<p>&nbsp;<\/p>\n<p>[\/et_pb_text][\/et_pb_column][\/et_pb_row][et_pb_row _builder_version=&#8220;4.27.4&#8243; _module_preset=&#8220;default&#8220; global_colors_info=&#8220;{}&#8220;][et_pb_column type=&#8220;4_4&#8243; _builder_version=&#8220;4.27.4&#8243; _module_preset=&#8220;default&#8220; global_colors_info=&#8220;{}&#8220;][et_pb_text _builder_version=&#8220;4.27.4&#8243; header_2_text_color=&#8220;#285299&#8243; background_size=&#8220;initial&#8220; background_position=&#8220;top_left&#8220; background_repeat=&#8220;repeat&#8220; global_colors_info=&#8220;{}&#8220;]<\/p>\n<p>Letzte Aktualisierung: 9. Januar 2025<\/p>\n<p>&nbsp;<\/p>\n<p>&nbsp;<\/p>\n<p>[\/et_pb_text][\/et_pb_column][\/et_pb_row][\/et_pb_section]<\/p>\n","protected":false},"excerpt":{"rendered":"<p>&nbsp;Pr\u00e4sentation der Website Gem\u00e4\u00df Artikel 6 des Gesetzes Nr. 2004-575 vom 21. Juni 2001 \u00fcber das Vertrauen in die digitale Wirtschaft wird den Nutzern der Website https:\/\/tonga-schools.eu\/ die Identit\u00e4t der verschiedenen Akteure im Rahmen der Erstellung und Betreuung der Website mitgeteilt:Eigent\u00fcmerin: Association pour la Promotion et l&#8217;Avancement du Multilinguisme (Verband f\u00fcr die F\u00f6rderung und den [&hellip;]<\/p>\n","protected":false},"author":2,"featured_media":0,"parent":0,"menu_order":10,"comment_status":"closed","ping_status":"closed","template":"","meta":{"_et_pb_use_builder":"on","_et_pb_old_content":"","_et_gb_content_width":"","footnotes":""},"class_list":["post-6413","page","type-page","status-publish","hentry"],"_links":{"self":[{"href":"https:\/\/tonga-schools.eu\/de\/wp-json\/wp\/v2\/pages\/6413","targetHints":{"allow":["GET"]}}],"collection":[{"href":"https:\/\/tonga-schools.eu\/de\/wp-json\/wp\/v2\/pages"}],"about":[{"href":"https:\/\/tonga-schools.eu\/de\/wp-json\/wp\/v2\/types\/page"}],"author":[{"embeddable":true,"href":"https:\/\/tonga-schools.eu\/de\/wp-json\/wp\/v2\/users\/2"}],"replies":[{"embeddable":true,"href":"https:\/\/tonga-schools.eu\/de\/wp-json\/wp\/v2\/comments?post=6413"}],"version-history":[{"count":6,"href":"https:\/\/tonga-schools.eu\/de\/wp-json\/wp\/v2\/pages\/6413\/revisions"}],"predecessor-version":[{"id":7299,"href":"https:\/\/tonga-schools.eu\/de\/wp-json\/wp\/v2\/pages\/6413\/revisions\/7299"}],"wp:attachment":[{"href":"https:\/\/tonga-schools.eu\/de\/wp-json\/wp\/v2\/media?parent=6413"}],"curies":[{"name":"wp","href":"https:\/\/api.w.org\/{rel}","templated":true}]}}