{"id":732,"date":"2023-11-23T03:16:59","date_gmt":"2023-11-23T02:16:59","guid":{"rendered":"https:\/\/tonga-schools.eu\/startseite\/"},"modified":"2026-02-16T11:20:47","modified_gmt":"2026-02-16T10:20:47","slug":"startseite","status":"publish","type":"page","link":"https:\/\/tonga-schools.eu\/de\/","title":{"rendered":"Startseite"},"content":{"rendered":"<p>[et_pb_section fb_built=&#8220;1&#8243; fullwidth=&#8220;on&#8220; _builder_version=&#8220;4.23.1&#8243; _module_preset=&#8220;default&#8220; background_color=&#8220;#f6f2ed&#8220; global_colors_info=&#8220;{}&#8220;][et_pb_fullwidth_header title=&#8220;Tonga Schulen&#8220; subhead=&#8220;Br\u00fccken schaffen in der Kommunikation zwischen mehrsprachigen Familien und Schulen&#8220; button_one_text=&#8220;Projekt ansehen&#8220; button_one_url=&#8220;https:\/\/tonga-schools.eu\/de\/unser-projekt\/&#8220; button_two_text=&#8220;Das Netzwerk der Tonga-Schulen&#8220; button_two_url=&#8220;\/de\/#tonga-schools&#8220; header_image_url=&#8220;https:\/\/tonga-schools.eu\/wp-content\/uploads\/2023\/11\/tonga-schools-network.webp&#8220; module_id=&#8220;header-text&#8220; _builder_version=&#8220;4.27.4&#8243; _module_preset=&#8220;default&#8220; title_font=&#8220;Helvetica Neue Regular|700||on|||||&#8220; title_text_align=&#8220;left&#8220; title_font_size=&#8220;16px&#8220; content_font=&#8220;Helvetica Neue Regular||||||||&#8220; content_text_align=&#8220;left&#8220; content_text_color=&#8220;rgba(15,12,7,0.8)&#8220; subhead_font=&#8220;Helvetica Neue Regular|900|||||||&#8220; subhead_text_align=&#8220;left&#8220; subhead_text_color=&#8220;#0f0c07&#8243; subhead_font_size=&#8220;40px&#8220; subhead_line_height=&#8220;1.1em&#8220; background_color=&#8220;#f6f2ed&#8220; custom_button_one=&#8220;on&#8220; button_one_text_size=&#8220;18px&#8220; button_one_text_color=&#8220;#FFFFFF&#8220; button_one_bg_color=&#8220;#8d1a28&#8243; button_one_border_width=&#8220;1px&#8220; button_one_border_color=&#8220;#8d1a28&#8243; button_one_border_radius=&#8220;5px&#8220; button_one_font=&#8220;Helvetica Neue Regular|500|||||||&#8220; button_one_icon=&#8220;&#x35;||divi||400&#8243; button_one_icon_color=&#8220;#d44d46&#8243; button_one_custom_margin=&#8220;30px||||false|false&#8220; button_one_custom_padding=&#8220;16px|32px|16px|32px|true|true&#8220; custom_button_two=&#8220;on&#8220; button_two_text_size=&#8220;18px&#8220; button_two_text_color=&#8220;#FFFFFF&#8220; button_two_bg_color=&#8220;#285299&#8243; button_two_border_width=&#8220;1px&#8220; button_two_border_color=&#8220;#285299&#8243; button_two_border_radius=&#8220;5px&#8220; button_two_font=&#8220;Helvetica Neue Regular|500|||||||&#8220; button_two_icon=&#8220;&#x35;||divi||400&#8243; button_two_icon_color=&#8220;#4746d4&#8243; button_two_custom_padding=&#8220;16px|32px|16px|32px|true|true&#8220; custom_css_title=&#8220;padding-bottom: 20px;&#8220; custom_css_subtitle=&#8220;padding-bottom: 30px;&#8220; global_colors_info=&#8220;{}&#8220; button_one_text_color__hover_enabled=&#8220;on|hover&#8220; button_one_text_color__hover=&#8220;#8d1a28&#8243; button_one_bg_color__hover_enabled=&#8220;on|hover&#8220; button_one_bg_color__hover=&#8220;#FFFFFF&#8220; button_one_bg_enable_color__hover=&#8220;on&#8220; button_two_text_color__hover_enabled=&#8220;on|hover&#8220; button_two_text_color__hover=&#8220;#285299&#8243; button_two_bg_color__hover_enabled=&#8220;on|hover&#8220; button_two_bg_color__hover=&#8220;#FFFFFF&#8220; button_two_bg_enable_color__hover=&#8220;on&#8220;]<\/p>\n<p>Im Mittelpunkt dieses Erasmus+-Projekts steht das Bestreben, bessere Ankn\u00fcpfungspunkte zwischen mehrsprachigen Familien und Schulen zu erm\u00f6glichen. Unser Ziel ist es, Ressourcen zu entwickeln, die die Kommunikation st\u00e4rken, sowie ein Netzwerk von Tonga-Schulen aufbauen.<\/p>\n<p>[\/et_pb_fullwidth_header][\/et_pb_section][et_pb_section fb_built=&#8220;1&#8243; _builder_version=&#8220;4.27.4&#8243; _module_preset=&#8220;default&#8220; min_height=&#8220;494px&#8220; custom_margin=&#8220;||-97px|||&#8220; custom_padding=&#8220;1px|||||&#8220; locked=&#8220;off&#8220; global_colors_info=&#8220;{}&#8220;][et_pb_row _builder_version=&#8220;4.27.4&#8243; _module_preset=&#8220;default&#8220; global_colors_info=&#8220;{}&#8220;][et_pb_column type=&#8220;4_4&#8243; _builder_version=&#8220;4.27.4&#8243; _module_preset=&#8220;default&#8220; global_colors_info=&#8220;{}&#8220;][et_pb_text _builder_version=&#8220;4.27.4&#8243; _module_preset=&#8220;default&#8220; header_text_color=&#8220;#285299&#8243; global_colors_info=&#8220;{}&#8220;]<\/p>\n<h1 style=\"text-align: center;\"><strong>Unsere 3-S\u00e4ulen-Philosophie:<\/strong><\/h1>\n<p>[\/et_pb_text][\/et_pb_column][\/et_pb_row][et_pb_row column_structure=&#8220;1_3,1_3,1_3&#8243; _builder_version=&#8220;4.27.4&#8243; _module_preset=&#8220;default&#8220; global_colors_info=&#8220;{}&#8220;][et_pb_column type=&#8220;1_3&#8243; _builder_version=&#8220;4.27.4&#8243; _module_preset=&#8220;default&#8220; global_colors_info=&#8220;{}&#8220;][et_pb_image src=&#8220;https:\/\/tonga-schools.eu\/wp-content\/uploads\/2025\/05\/2.png&#8220; title_text=&#8220;Tonga&#8220; _builder_version=&#8220;4.27.4&#8243; _module_preset=&#8220;default&#8220; global_colors_info=&#8220;{}&#8220;][\/et_pb_image][et_pb_text _builder_version=&#8220;4.27.4&#8243; _module_preset=&#8220;default&#8220; header_text_color=&#8220;#285299&#8243; global_colors_info=&#8220;{}&#8220;]<\/p>\n<h1 data-start=\"35\" data-end=\"102\" style=\"text-align: center;\"><strong data-start=\"35\" data-end=\"102\">Sich f\u00fcr Sprachen \u00f6ffnen<br data-start=\"61\" data-end=\"64\" \/><\/strong><\/h1>\n<h4 data-start=\"35\" data-end=\"102\" style=\"text-align: center;\"><strong data-start=\"35\" data-end=\"102\">Das Wohl des Kindes an erster Stelle<\/strong><\/h4>\n<p data-start=\"104\" data-end=\"178\" class=\"\" style=\"text-align: center;\">Jede Sprache, jede Kultur willkommen hei\u00dfen \u2013 f\u00fcr eine erf\u00fcllende Bildung.<\/p>\n<p>[\/et_pb_text][\/et_pb_column][et_pb_column type=&#8220;1_3&#8243; _builder_version=&#8220;4.27.4&#8243; _module_preset=&#8220;default&#8220; global_colors_info=&#8220;{}&#8220;][et_pb_image src=&#8220;https:\/\/tonga-schools.eu\/wp-content\/uploads\/2025\/05\/3.png&#8220; title_text=&#8220;Tonga&#8220; _builder_version=&#8220;4.27.4&#8243; _module_preset=&#8220;default&#8220; global_colors_info=&#8220;{}&#8220;][\/et_pb_image][et_pb_text _builder_version=&#8220;4.27.4&#8243; _module_preset=&#8220;default&#8220; header_text_color=&#8220;#285299&#8243; global_colors_info=&#8220;{}&#8220;]<\/p>\n<h1 data-start=\"35\" data-end=\"101\" style=\"text-align: center;\"><strong data-start=\"35\" data-end=\"101\">Eine mehrsprachige Gemeinschaft<br data-start=\"68\" data-end=\"71\" \/><\/strong><\/h1>\n<h4 data-start=\"35\" data-end=\"101\" style=\"text-align: center;\"><strong data-start=\"35\" data-end=\"101\">Offene und inklusive Schulen<\/strong><\/h4>\n<p data-start=\"103\" data-end=\"195\" class=\"\" style=\"text-align: center;\">Ausbilden, begleiten und bef\u00e4higen, um mehrsprachige Migrantenfamilien willkommen zu hei\u00dfen.<\/p>\n<p>[\/et_pb_text][\/et_pb_column][et_pb_column type=&#8220;1_3&#8243; _builder_version=&#8220;4.27.4&#8243; _module_preset=&#8220;default&#8220; global_colors_info=&#8220;{}&#8220;][et_pb_image src=&#8220;https:\/\/tonga-schools.eu\/wp-content\/uploads\/2025\/05\/4.png&#8220; title_text=&#8220;Tonga&#8220; _builder_version=&#8220;4.27.4&#8243; _module_preset=&#8220;default&#8220; global_colors_info=&#8220;{}&#8220;][\/et_pb_image][et_pb_text _builder_version=&#8220;4.27.4&#8243; _module_preset=&#8220;default&#8220; header_text_color=&#8220;#285299&#8243; global_colors_info=&#8220;{}&#8220;]<\/p>\n<h1 data-start=\"35\" data-end=\"86\" style=\"text-align: center;\"><strong data-start=\"35\" data-end=\"86\">Die Zukunft gestalten<\/strong><\/h1>\n<h4 data-start=\"35\" data-end=\"86\" style=\"text-align: center;\"><strong data-start=\"35\" data-end=\"86\">Ein lebendiges Netzwerk<\/strong><\/h4>\n<p data-start=\"88\" data-end=\"167\" class=\"\" style=\"text-align: center;\">Br\u00fccken bauen, um die Kommunikation zwischen Schule und Familien zu verbessern.<\/p>\n<p>[\/et_pb_text][\/et_pb_column][\/et_pb_row][et_pb_row _builder_version=&#8220;4.27.4&#8243; _module_preset=&#8220;default&#8220; global_colors_info=&#8220;{}&#8220;][et_pb_column type=&#8220;4_4&#8243; _builder_version=&#8220;4.27.4&#8243; _module_preset=&#8220;default&#8220; global_colors_info=&#8220;{}&#8220;][et_pb_divider _builder_version=&#8220;4.27.4&#8243; _module_preset=&#8220;default&#8220; global_colors_info=&#8220;{}&#8220;][\/et_pb_divider][\/et_pb_column][\/et_pb_row][et_pb_row column_structure=&#8220;1_2,1_2&#8243; _builder_version=&#8220;4.27.4&#8243; _module_preset=&#8220;default&#8220; global_colors_info=&#8220;{}&#8220;][et_pb_column type=&#8220;1_2&#8243; _builder_version=&#8220;4.27.4&#8243; _module_preset=&#8220;default&#8220; global_colors_info=&#8220;{}&#8220;][et_pb_image src=&#8220;https:\/\/tonga-schools.eu\/wp-content\/uploads\/2025\/04\/Class-Orientation-1.png&#8220; title_text=&#8220;Tonga&#8220; _builder_version=&#8220;4.27.4&#8243; _module_preset=&#8220;default&#8220; global_colors_info=&#8220;{}&#8220;][\/et_pb_image][\/et_pb_column][et_pb_column type=&#8220;1_2&#8243; _builder_version=&#8220;4.27.4&#8243; _module_preset=&#8220;default&#8220; global_colors_info=&#8220;{}&#8220;][et_pb_testimonial quote_icon_color=&#8220;#8d1a28&#8243; portrait_width=&#8220;93px&#8220; portrait_height=&#8220;77px&#8220; _builder_version=&#8220;4.27.4&#8243; _module_preset=&#8220;default&#8220; body_text_color=&#8220;#000000&#8243; border_radii_portrait=&#8220;off|100px|200px|200px|100px&#8220; global_colors_info=&#8220;{}&#8220;]<\/p>\n<h1><span style=\"color: #285299;\"><strong data-start=\"421\" data-end=\"436\">\u201eTonga Soa\u201c<\/strong><\/span><\/h1>\n<h4>Das bedeutet \u201eWillkommen\u201c auf Madagassisch.<\/h4>\n<p><br data-start=\"482\" data-end=\"485\" \/>Dieser Geist leitet unser Netzwerk der Tonga-Schulen, die offen sind f\u00fcr die Sprachen und Kulturen der Familien.<\/p>\n<p>[\/et_pb_testimonial][et_pb_text _builder_version=&#8220;4.27.4&#8243; _module_preset=&#8220;default&#8220; global_colors_info=&#8220;{}&#8220;]<\/p>\n<p data-start=\"709\" data-end=\"1079\" class=\"\"><strong data-start=\"709\" data-end=\"743\">Das Netzwerk der Tonga-Schulen<\/strong> vereint Schulen, die sich daf\u00fcr engagieren, die Schulgemeinschaft und mehrsprachige Migrantenfamilien einander n\u00e4herzubringen.<br data-start=\"870\" data-end=\"873\" \/><strong>Unsere Mission:<\/strong> Familien und Schulen die Mittel an die Hand zu geben, um besser zu kommunizieren, sich besser zu verstehen und sich besser willkommen zu hei\u00dfen \u2013 zum Wohle und Erfolg jedes einzelnen Kindes.<\/p>\n<p>[\/et_pb_text][et_pb_button button_url=&#8220;https:\/\/tonga-schools.eu\/de\/unser-projekt\/&#8220; button_text=&#8220;Zum Projekt&#8220; button_alignment=&#8220;center&#8220; _builder_version=&#8220;4.27.4&#8243; _module_preset=&#8220;default&#8220; custom_button=&#8220;on&#8220; button_text_size=&#8220;18px&#8220; button_text_color=&#8220;#FFFFFF&#8220; button_bg_color=&#8220;#8d1a28&#8243; button_border_width=&#8220;1px&#8220; button_border_color=&#8220;#8d1a28&#8243; button_border_radius=&#8220;5px&#8220; button_font=&#8220;Helvetica Neue Regular|500|||||||&#8220; button_icon=&#8220;&#x35;||divi||400&#8243; button_icon_color=&#8220;#d44d46&#8243; background_layout=&#8220;dark&#8220; custom_padding=&#8220;16px|32px|16px|32px|true|true&#8220; global_colors_info=&#8220;{}&#8220; button_text_color__hover_enabled=&#8220;on|hover&#8220; button_text_color__hover=&#8220;#8d1a28&#8243; button_bg_color__hover_enabled=&#8220;on|hover&#8220; button_bg_color__hover=&#8220;#FFFFFF&#8220; button_bg_enable_color__hover=&#8220;on&#8220;][\/et_pb_button][\/et_pb_column][\/et_pb_row][\/et_pb_section][et_pb_section fb_built=&#8220;1&#8243; specialty=&#8220;on&#8220; _builder_version=&#8220;4.27.4&#8243; _module_preset=&#8220;default&#8220; background_color=&#8220;#f6f6f6&#8243; min_height=&#8220;971.3px&#8220; custom_margin=&#8220;67px|||||&#8220; locked=&#8220;off&#8220; global_colors_info=&#8220;{}&#8220;][et_pb_column type=&#8220;1_4&#8243; _builder_version=&#8220;4.16&#8243; custom_padding=&#8220;|||&#8220; global_colors_info=&#8220;{}&#8220; custom_padding__hover=&#8220;|||&#8220;][et_pb_text _builder_version=&#8220;4.27.4&#8243; _module_preset=&#8220;default&#8220; text_text_color=&#8220;#f6f6f6&#8243; header_text_color=&#8220;#f6f6f6&#8243; background_color=&#8220;#f6f6f6&#8243; global_colors_info=&#8220;{}&#8220;]<\/p>\n<p><span style=\"color: #f6f6f6;\">Your content goes here. Edit or remove this text inline or in the module Content settings. You can also style every aspect of this content in the module Design settings and even apply custom CSS to this text in the module Advanced settings.<\/span><\/p>\n<p>[\/et_pb_text][et_pb_image src=&#8220;https:\/\/tonga-schools.eu\/wp-content\/uploads\/2025\/04\/Teacher.png&#8220; _builder_version=&#8220;4.27.4&#8243; _module_preset=&#8220;default&#8220; global_colors_info=&#8220;{}&#8220;][\/et_pb_image][\/et_pb_column][et_pb_column type=&#8220;1_2&#8243; specialty_columns=&#8220;2&#8243; _builder_version=&#8220;4.16&#8243; custom_padding=&#8220;|||&#8220; global_colors_info=&#8220;{}&#8220; custom_padding__hover=&#8220;|||&#8220;][et_pb_row_inner _builder_version=&#8220;4.27.4&#8243; _module_preset=&#8220;default&#8220; global_colors_info=&#8220;{}&#8220;][et_pb_column_inner saved_specialty_column_type=&#8220;1_2&#8243; _builder_version=&#8220;4.27.4&#8243; _module_preset=&#8220;default&#8220; global_colors_info=&#8220;{}&#8220;][et_pb_text _builder_version=&#8220;4.27.4&#8243; _module_preset=&#8220;default&#8220; header_2_text_color=&#8220;#285299&#8243; global_colors_info=&#8220;{}&#8220;]<\/p>\n<h2 data-start=\"460\" data-end=\"655\" style=\"text-align: center;\"><strong data-start=\"460\" data-end=\"505\">Unsere Werkzeuge f\u00fcr Schulen und Familien<\/strong><\/h2>\n<p data-start=\"460\" data-end=\"655\" style=\"text-align: center;\"><strong>Wir bauen Br\u00fccken zwischen Schulen und mehrsprachigen Familien.<\/strong><br data-start=\"571\" data-end=\"574\" \/><strong>Unsere Werkzeuge schaffen inklusive R\u00e4ume, in denen jede Sprache ihren Platz hat.<\/strong><\/p>\n<p>[\/et_pb_text][\/et_pb_column_inner][\/et_pb_row_inner][et_pb_row_inner column_structure=&#8220;1_2,1_2&#8243; _builder_version=&#8220;4.27.4&#8243; _module_preset=&#8220;default&#8220; global_colors_info=&#8220;{}&#8220;][et_pb_column_inner type=&#8220;1_2&#8243; saved_specialty_column_type=&#8220;1_2&#8243; _builder_version=&#8220;4.27.4&#8243; _module_preset=&#8220;default&#8220; global_colors_info=&#8220;{}&#8220;][et_pb_text _builder_version=&#8220;4.27.4&#8243; _module_preset=&#8220;default&#8220; global_colors_info=&#8220;{}&#8220;]<\/p>\n<p><strong data-start=\"857\" data-end=\"873\">F\u00fcr Schulen:<\/strong><br data-start=\"873\" data-end=\"876\" \/>Entdecken Sie unseren Arbeitsrahmen, Werkzeugkasten und E-Learning-Angebote: unsere Ressourcen, um die informelle mehrsprachige Bildung besser zu verstehen und mit mehrsprachigen Migrantenfamilien zu kommunizieren.<br data-start=\"1090\" data-end=\"1093\" \/>Entdecken Sie Videos, die konkrete bew\u00e4hrte Praktiken vorstellen.<br data-start=\"1158\" data-end=\"1161\" \/>Nutzen Sie auch unsere Ressourcen, um Ihre Schule f\u00fcr die Herkunftssprachen der Kinder zu \u00f6ffnen und deren Wohlbefinden und Erfolg zu f\u00f6rdern.<\/p>\n<p>[\/et_pb_text][\/et_pb_column_inner][et_pb_column_inner type=&#8220;1_2&#8243; saved_specialty_column_type=&#8220;1_2&#8243; _builder_version=&#8220;4.27.4&#8243; _module_preset=&#8220;default&#8220; global_colors_info=&#8220;{}&#8220;][et_pb_text _builder_version=&#8220;4.27.4&#8243; _module_preset=&#8220;default&#8220; global_colors_info=&#8220;{}&#8220;]<\/p>\n<p><strong data-start=\"802\" data-end=\"819\">F\u00fcr Familien:<\/strong><br data-start=\"819\" data-end=\"822\" \/>Entdecken Sie unser Reflexionsheft, <em data-start=\"858\" data-end=\"876\">Familienportr\u00e4ts<\/em> und das <em data-start=\"885\" data-end=\"897\">Elterncaf\u00e9<\/em>: unsere Ressourcen, um Ihnen zu helfen, besser mit der Schule zu kommunizieren.<br data-start=\"977\" data-end=\"980\" \/>Erfahren Sie, wie Sie ein Elterncaf\u00e9 er\u00f6ffnen k\u00f6nnen \u2013 ein Ort des Austauschs, an dem Sie alle Ihre Fragen stellen k\u00f6nnen.<br data-start=\"1102\" data-end=\"1105\" \/>Entdecken Sie auch die Portr\u00e4ts, die wir mit Ihnen teilen.<br data-start=\"1163\" data-end=\"1166\" \/>Vergessen Sie nicht, sich unsere Videos anzusehen.<\/p>\n<p>[\/et_pb_text][\/et_pb_column_inner][\/et_pb_row_inner][et_pb_row_inner column_structure=&#8220;1_2,1_2&#8243; _builder_version=&#8220;4.27.4&#8243; _module_preset=&#8220;default&#8220; global_colors_info=&#8220;{}&#8220;][et_pb_column_inner type=&#8220;1_2&#8243; saved_specialty_column_type=&#8220;1_2&#8243; _builder_version=&#8220;4.27.4&#8243; _module_preset=&#8220;default&#8220; global_colors_info=&#8220;{}&#8220;][et_pb_button button_url=&#8220;https:\/\/tonga-schools.eu\/de\/fuer-schulen\/&#8220; button_text=&#8220;Tools f\u00fcr Schulen:&#8220; button_alignment=&#8220;center&#8220; _builder_version=&#8220;4.27.4&#8243; _module_preset=&#8220;default&#8220; custom_button=&#8220;on&#8220; button_text_size=&#8220;18px&#8220; button_text_color=&#8220;#FFFFFF&#8220; button_bg_color=&#8220;#285299&#8243; button_border_width=&#8220;1px&#8220; button_border_color=&#8220;#285299&#8243; button_border_radius=&#8220;5px&#8220; button_font=&#8220;Helvetica Neue Regular|500|||||||&#8220; button_icon=&#8220;&#x35;||divi||400&#8243; button_icon_color=&#8220;#4746d4&#8243; background_layout=&#8220;dark&#8220; custom_padding=&#8220;16px|32px|16px|32px|true|true&#8220; global_colors_info=&#8220;{}&#8220; button_text_color__hover_enabled=&#8220;on|hover&#8220; button_text_color__hover=&#8220;#285299&#8243; button_bg_color__hover_enabled=&#8220;on|hover&#8220; button_bg_color__hover=&#8220;#FFFFFF&#8220; button_bg_enable_color__hover=&#8220;on&#8220;][\/et_pb_button][\/et_pb_column_inner][et_pb_column_inner type=&#8220;1_2&#8243; saved_specialty_column_type=&#8220;1_2&#8243; _builder_version=&#8220;4.27.4&#8243; _module_preset=&#8220;default&#8220; global_colors_info=&#8220;{}&#8220;][et_pb_button button_url=&#8220;https:\/\/tonga-schools.eu\/de\/fuer-familien\/&#8220; button_text=&#8220;Tools f\u00fcr Familien&#8220; button_alignment=&#8220;center&#8220; _builder_version=&#8220;4.27.4&#8243; _module_preset=&#8220;default&#8220; custom_button=&#8220;on&#8220; button_text_size=&#8220;18px&#8220; button_text_color=&#8220;#FFFFFF&#8220; button_bg_color=&#8220;#8d1a28&#8243; button_border_width=&#8220;1px&#8220; button_border_color=&#8220;#8d1a28&#8243; button_border_radius=&#8220;5px&#8220; button_font=&#8220;Helvetica Neue Regular|500|||||||&#8220; button_icon=&#8220;&#x35;||divi||400&#8243; button_icon_color=&#8220;#d44d46&#8243; background_layout=&#8220;dark&#8220; custom_padding=&#8220;16px|32px|16px|32px|true|true&#8220; global_colors_info=&#8220;{}&#8220; button_text_color__hover_enabled=&#8220;on|desktop&#8220; button_text_color__hover=&#8220;#8d1a28&#8243; button_bg_color__hover_enabled=&#8220;on|hover&#8220; button_bg_color__hover=&#8220;#FFFFFF&#8220; button_bg_enable_color__hover=&#8220;on&#8220;][\/et_pb_button][\/et_pb_column_inner][\/et_pb_row_inner][et_pb_row_inner _builder_version=&#8220;4.27.4&#8243; _module_preset=&#8220;default&#8220; global_colors_info=&#8220;{}&#8220;][et_pb_column_inner saved_specialty_column_type=&#8220;1_2&#8243; _builder_version=&#8220;4.27.4&#8243; _module_preset=&#8220;default&#8220; global_colors_info=&#8220;{}&#8220;][et_pb_text _builder_version=&#8220;4.27.4&#8243; _module_preset=&#8220;default&#8220; header_4_text_color=&#8220;#285299&#8243; global_colors_info=&#8220;{}&#8220;]<\/p>\n<h4 data-start=\"201\" data-end=\"273\" style=\"text-align: center;\"><strong>Gemeinsam schaffen wir eine Schulgemeinschaft, in der jede Stimme z\u00e4hlt.<\/strong><\/h4>\n<p>[\/et_pb_text][\/et_pb_column_inner][\/et_pb_row_inner][\/et_pb_column][et_pb_column type=&#8220;1_4&#8243; _builder_version=&#8220;4.16&#8243; custom_padding=&#8220;|||&#8220; global_colors_info=&#8220;{}&#8220; custom_padding__hover=&#8220;|||&#8220;][et_pb_text _builder_version=&#8220;4.27.4&#8243; _module_preset=&#8220;default&#8220; text_text_color=&#8220;#f6f6f6&#8243; global_colors_info=&#8220;{}&#8220;]<\/p>\n<p><span style=\"color: #f6f6f6;\">Your content goes here. Edit or remove this text inline or in the module Content settings. You can also style every aspect of this content in the module Design settings and even apply custom CSS to this text in the module Advanced settings.<\/span><\/p>\n<p>[\/et_pb_text][et_pb_image src=&#8220;https:\/\/tonga-schools.eu\/wp-content\/uploads\/2025\/04\/Tonga-1.png&#8220; _builder_version=&#8220;4.27.4&#8243; _module_preset=&#8220;default&#8220; global_colors_info=&#8220;{}&#8220;][\/et_pb_image][\/et_pb_column][\/et_pb_section][et_pb_section fb_built=&#8220;1&#8243; admin_label=&#8220;Partners&#8220; _builder_version=&#8220;4.27.4&#8243; _module_preset=&#8220;default&#8220; background_color=&#8220;#f6f6f6&#8243; width=&#8220;80%&#8220; module_alignment=&#8220;center&#8220; custom_margin=&#8220;90px||90px||true|false&#8220; custom_padding=&#8220;0px||0px||true|false&#8220; border_radii=&#8220;on|10px|10px|10px|10px&#8220; box_shadow_style=&#8220;preset1&#8243; box_shadow_color=&#8220;rgba(15,12,7,0.16)&#8220; locked=&#8220;off&#8220; global_colors_info=&#8220;{}&#8220;][et_pb_row use_custom_gutter=&#8220;on&#8220; gutter_width=&#8220;2&#8243; _builder_version=&#8220;4.23.1&#8243; _module_preset=&#8220;default&#8220; custom_padding=&#8220;||0px||false|false&#8220; global_colors_info=&#8220;{}&#8220;][et_pb_column type=&#8220;4_4&#8243; _builder_version=&#8220;4.23.1&#8243; _module_preset=&#8220;default&#8220; global_colors_info=&#8220;{}&#8220;][et_pb_text _builder_version=&#8220;4.27.4&#8243; _module_preset=&#8220;default&#8220; text_font=&#8220;Helvetica Neue Regular||||||||&#8220; text_text_color=&#8220;rgba(15,12,7,0.8)&#8220; header_2_font=&#8220;Helvetica Neue Regular|800|||||||&#8220; header_2_text_align=&#8220;center&#8220; header_2_text_color=&#8220;#285299&#8243; header_2_font_size=&#8220;46px&#8220; header_2_line_height=&#8220;1.1em&#8220; text_orientation=&#8220;center&#8220; custom_margin=&#8220;||30px||false|false&#8220; global_colors_info=&#8220;{}&#8220;]<\/p>\n<h2>Unsere Partner<\/h2>\n<p>Lernen Sie unsere Partner kennen, die eine entscheidende Rolle auf unserem Weg zu einer integrativeren Bildungslandschaft spielen.<\/p>\n<p>[\/et_pb_text][\/et_pb_column][\/et_pb_row][et_pb_row _builder_version=&#8220;4.27.4&#8243; _module_preset=&#8220;default&#8220; global_colors_info=&#8220;{}&#8220;][et_pb_column type=&#8220;4_4&#8243; _builder_version=&#8220;4.27.4&#8243; _module_preset=&#8220;default&#8220; global_colors_info=&#8220;{}&#8220;][et_pb_image src=&#8220;https:\/\/tonga-schools.eu\/wp-content\/uploads\/2025\/04\/WhatsApp-Image-2025-04-11-at-12.33.02-e1744367712379.jpeg&#8220; title_text=&#8220;Tonga&#8220; _builder_version=&#8220;4.27.4&#8243; _module_preset=&#8220;default&#8220; global_colors_info=&#8220;{}&#8220;][\/et_pb_image][\/et_pb_column][\/et_pb_row][\/et_pb_section]<\/p>\n","protected":false},"excerpt":{"rendered":"<p>Im Mittelpunkt dieses Erasmus+-Projekts steht das Bestreben, bessere Ankn\u00fcpfungspunkte zwischen mehrsprachigen Familien und Schulen zu erm\u00f6glichen. Unser Ziel ist es, Ressourcen zu entwickeln, die die Kommunikation st\u00e4rken, sowie ein Netzwerk von Tonga-Schulen aufbauen.Unsere 3-S\u00e4ulen-Philosophie:Sich f\u00fcr Sprachen \u00f6ffnen Das Wohl des Kindes an erster Stelle Jede Sprache, jede Kultur willkommen hei\u00dfen \u2013 f\u00fcr eine erf\u00fcllende Bildung.Eine [&hellip;]<\/p>\n","protected":false},"author":2,"featured_media":0,"parent":0,"menu_order":0,"comment_status":"closed","ping_status":"closed","template":"","meta":{"_et_pb_use_builder":"on","_et_pb_old_content":"","_et_gb_content_width":"","footnotes":""},"class_list":["post-732","page","type-page","status-publish","hentry"],"_links":{"self":[{"href":"https:\/\/tonga-schools.eu\/de\/wp-json\/wp\/v2\/pages\/732","targetHints":{"allow":["GET"]}}],"collection":[{"href":"https:\/\/tonga-schools.eu\/de\/wp-json\/wp\/v2\/pages"}],"about":[{"href":"https:\/\/tonga-schools.eu\/de\/wp-json\/wp\/v2\/types\/page"}],"author":[{"embeddable":true,"href":"https:\/\/tonga-schools.eu\/de\/wp-json\/wp\/v2\/users\/2"}],"replies":[{"embeddable":true,"href":"https:\/\/tonga-schools.eu\/de\/wp-json\/wp\/v2\/comments?post=732"}],"version-history":[{"count":35,"href":"https:\/\/tonga-schools.eu\/de\/wp-json\/wp\/v2\/pages\/732\/revisions"}],"predecessor-version":[{"id":8192,"href":"https:\/\/tonga-schools.eu\/de\/wp-json\/wp\/v2\/pages\/732\/revisions\/8192"}],"wp:attachment":[{"href":"https:\/\/tonga-schools.eu\/de\/wp-json\/wp\/v2\/media?parent=732"}],"curies":[{"name":"wp","href":"https:\/\/api.w.org\/{rel}","templated":true}]}}