{"id":768,"date":"2023-11-23T08:35:44","date_gmt":"2023-11-23T07:35:44","guid":{"rendered":"https:\/\/tonga-schools.eu\/unser-projekt\/"},"modified":"2025-04-28T10:09:18","modified_gmt":"2025-04-28T08:09:18","slug":"unser-projekt","status":"publish","type":"page","link":"https:\/\/tonga-schools.eu\/de\/unser-projekt\/","title":{"rendered":"Projekt"},"content":{"rendered":"<p>[et_pb_section fb_built=&#8220;1&#8243; fullwidth=&#8220;on&#8220; _builder_version=&#8220;4.23.1&#8243; _module_preset=&#8220;default&#8220; background_color=&#8220;#f6f2ed&#8220; locked=&#8220;off&#8220; global_colors_info=&#8220;{}&#8220;][et_pb_fullwidth_header title=&#8220;Tonga-Schulprojekt&#8220; subhead=&#8220;\u00dcberblick \u00fcber unsere Erasmus+-Initiative&#8220; header_image_url=&#8220;https:\/\/tonga-schools.eu\/wp-content\/uploads\/2025\/03\/5-2-e1743184958445.png&#8220; module_id=&#8220;header-text&#8220; _builder_version=&#8220;4.27.4&#8243; _module_preset=&#8220;default&#8220; title_font=&#8220;Helvetica Neue Regular|700||on|||||&#8220; title_text_align=&#8220;left&#8220; title_font_size=&#8220;16px&#8220; content_font=&#8220;Helvetica Neue Regular||||||||&#8220; content_text_align=&#8220;left&#8220; content_text_color=&#8220;rgba(15,12,7,0.8)&#8220; subhead_font=&#8220;Helvetica Neue Regular|900|||||||&#8220; subhead_text_align=&#8220;left&#8220; subhead_text_color=&#8220;#0f0c07&#8243; subhead_font_size=&#8220;40px&#8220; subhead_line_height=&#8220;1.1em&#8220; background_color=&#8220;#f6f2ed&#8220; custom_button_one=&#8220;on&#8220; button_one_text_size=&#8220;18px&#8220; button_one_text_color=&#8220;#FFFFFF&#8220; button_one_bg_color=&#8220;#d44d46&#8243; button_one_border_width=&#8220;1px&#8220; button_one_border_color=&#8220;#d44d46&#8243; button_one_border_radius=&#8220;5px&#8220; button_one_font=&#8220;Helvetica Neue Regular|500|||||||&#8220; button_one_icon=&#8220;&#x35;||divi||400&#8243; button_one_icon_color=&#8220;#d44d46&#8243; button_one_custom_margin=&#8220;30px||||false|false&#8220; button_one_custom_padding=&#8220;16px|32px|16px|32px|true|true&#8220; custom_button_two=&#8220;on&#8220; button_two_text_size=&#8220;18px&#8220; button_two_text_color=&#8220;#FFFFFF&#8220; button_two_bg_color=&#8220;#4746d4&#8243; button_two_border_width=&#8220;1px&#8220; button_two_border_color=&#8220;#4746d4&#8243; button_two_border_radius=&#8220;5px&#8220; button_two_font=&#8220;Helvetica Neue Regular|500|||||||&#8220; button_two_icon=&#8220;&#x35;||divi||400&#8243; button_two_icon_color=&#8220;#4746d4&#8243; button_two_custom_padding=&#8220;16px|32px|16px|32px|true|true&#8220; custom_css_title=&#8220;padding-bottom: 20px;&#8220; custom_css_subtitle=&#8220;padding-bottom: 30px;&#8220; border_radii_image=&#8220;on|5px|5px|5px|5px&#8220; global_colors_info=&#8220;{}&#8220; button_one_text_color__hover_enabled=&#8220;on|hover&#8220; button_one_text_color__hover=&#8220;#d44d46&#8243; button_one_bg_color__hover_enabled=&#8220;on|hover&#8220; button_one_bg_color__hover=&#8220;#FFFFFF&#8220; button_one_bg_enable_color__hover=&#8220;on&#8220; button_two_text_color__hover_enabled=&#8220;on|hover&#8220; button_two_text_color__hover=&#8220;#4746d4&#8243; button_two_bg_color__hover_enabled=&#8220;on|hover&#8220; button_two_bg_color__hover=&#8220;#FFFFFF&#8220; button_two_bg_enable_color__hover=&#8220;on&#8220;]<\/p>\n<p>Tauchen Sie ein in das Herz unseres Erasmus+ Projekts, dessen Hauptziel es ist, die Kommunikation zwischen mehrsprachigen Familien und Schulen zu verbessern, um das Wohlbefinden und den Erfolg der Kinder zu f\u00f6rdern.<\/p>\n<p>[\/et_pb_fullwidth_header][\/et_pb_section][et_pb_section fb_built=&#8220;1&#8243; admin_label=&#8220;Why&#8220; _builder_version=&#8220;4.23.1&#8243; _module_preset=&#8220;default&#8220; background_color=&#8220;#fefefe&#8220; custom_css_main_element=&#8220;padding-top: 0px!important;||padding-bottom: 90px!important;&#8220; locked=&#8220;off&#8220; global_colors_info=&#8220;{}&#8220;][et_pb_row column_structure=&#8220;1_2,1_2&#8243; _builder_version=&#8220;4.27.4&#8243; _module_preset=&#8220;default&#8220; global_colors_info=&#8220;{}&#8220;][et_pb_column type=&#8220;1_2&#8243; _builder_version=&#8220;4.23.1&#8243; _module_preset=&#8220;default&#8220; global_colors_info=&#8220;{}&#8220;][et_pb_text _builder_version=&#8220;4.23.1&#8243; _module_preset=&#8220;default&#8220; text_font=&#8220;Helvetica Neue Regular||||||||&#8220; text_text_color=&#8220;rgba(15,12,7,0.8)&#8220; header_2_font=&#8220;Helvetica Neue Regular|800|||||||&#8220; header_2_text_align=&#8220;left&#8220; header_2_text_color=&#8220;#0f0c07&#8243; header_2_font_size=&#8220;46px&#8220; header_2_line_height=&#8220;1.1em&#8220; global_colors_info=&#8220;{}&#8220;]<\/p>\n<h2><span style=\"color: #285299;\"><strong>Warum ein Netzwerk von Tonga-Schulen?<\/strong><\/span><\/h2>\n<h2><\/h2>\n<p>[\/et_pb_text][et_pb_text _builder_version=&#8220;4.27.4&#8243; _module_preset=&#8220;default&#8220; global_colors_info=&#8220;{}&#8220;]<\/p>\n<h3><img loading=\"lazy\" decoding=\"async\" src=\"https:\/\/tonga-schools.eu\/wp-content\/uploads\/2025\/03\/wheel-green-292x300.png\" width=\"31\" height=\"32\" alt=\"\" class=\"wp-image-5430 alignnone size-medium\" \/> <span style=\"color: #bebe5e;\"><strong>Ziele<\/strong><\/span><\/h3>\n<p>Der Aufbau harmonischer Beziehungen zwischen Schulen und mehrsprachigen Familien ist das Herzst\u00fcck einer erfolgreichen Bildung von Kindern, die mit mehreren Sprachen aufwachsen. Unser Ziel ist es, Schulen f\u00fcr die vielf\u00e4ltigen Aspekte der Mehrsprachigkeit zu sensibilisieren und die Kinder in ihrer Ganzheit zu akzeptieren. Unser Ziel ist es auch, den Familien die richtigen Werkzeuge an die Hand zu geben, damit sie mit der Schule vor Ort kommunizieren k\u00f6nnen. Dadurch sollen Kinder nicht mehr als \u201e\u00dcbersetzer\u201c zwischen der Schule und ihren Eltern agieren.<\/p>\n<p>[\/et_pb_text][et_pb_text _builder_version=&#8220;4.27.4&#8243; _module_preset=&#8220;default&#8220; header_3_text_color=&#8220;#8d1a28&#8243; global_colors_info=&#8220;{}&#8220;]<\/p>\n<h3><img loading=\"lazy\" decoding=\"async\" src=\"https:\/\/tonga-schools.eu\/wp-content\/uploads\/2025\/03\/wheel-red-300x300.png\" width=\"31\" height=\"31\" alt=\"\" class=\"wp-image-5418 alignnone size-medium\" srcset=\"https:\/\/tonga-schools.eu\/wp-content\/uploads\/2025\/03\/wheel-red-300x300.png 300w, https:\/\/tonga-schools.eu\/wp-content\/uploads\/2025\/03\/wheel-red-150x150.png 150w, https:\/\/tonga-schools.eu\/wp-content\/uploads\/2025\/03\/wheel-red-400x418.png 400w, https:\/\/tonga-schools.eu\/wp-content\/uploads\/2025\/03\/wheel-red-24x24.png 24w, https:\/\/tonga-schools.eu\/wp-content\/uploads\/2025\/03\/wheel-red-36x36.png 36w, https:\/\/tonga-schools.eu\/wp-content\/uploads\/2025\/03\/wheel-red-48x48.png 48w, https:\/\/tonga-schools.eu\/wp-content\/uploads\/2025\/03\/wheel-red.png 416w\" sizes=\"(max-width: 31px) 100vw, 31px\" \/>\u00a0<strong>Umsetzung<\/strong><\/h3>\n<p>Wir werden einen Rahmen mit entsprechenden Werkzeugen erstellen, damit Schulen und Schulpersonal mit den richtigen Instrumenten f\u00fcr die Kommunikation mit mehrsprachigen Familien gewappnet sind. Dieser Rahmen wird durch eine Reihe an Weiterbildungsmodulen vervollst\u00e4ndigt, die sich u.a. mit den Themen Sprachplan f\u00fcr Familiensprachen, soziale Haltungen gegen\u00fcber Sprachen und ihre Auswirkung befassen. Dar\u00fcber hinaus werden wir eine Brosch\u00fcre f\u00fcr mehrsprachige Familien entwickeln. Alle Ressourcen werden auf einer Plattform zu finden sein. Anschlie\u00dfend werden wir ein Netzwerk von Tonga-Schulen sowie Elterncaf\u00e9s an Schulen aufbauen.<\/p>\n<p>[\/et_pb_text][et_pb_text _builder_version=&#8220;4.27.4&#8243; _module_preset=&#8220;default&#8220; global_colors_info=&#8220;{}&#8220;]<\/p>\n<h3><img loading=\"lazy\" decoding=\"async\" src=\"https:\/\/tonga-schools.eu\/wp-content\/uploads\/2025\/03\/wheel-black-300x300.png\" width=\"31\" height=\"31\" alt=\"\" class=\"wp-image-5424 alignnone size-medium\" \/> <strong>Ergebnisse<\/strong><\/h3>\n<p>Wir wollen ein besseres Bewusstsein f\u00fcr die Entfaltung der Mehrsprachigkeit im Familienkontext vermitteln, sowie einen Wandel in der Haltung des schulischen Personals gegen\u00fcber Familiensprachen anregen. Dadurch wollen wir neue Br\u00fccken in der Kommunikation zwischen den mehrsprachigen Familien und den Schulen schaffen, sowie bessere Zug\u00e4nge f\u00fcr die Interaktion zwischen ihnen auf dem Weg bringen. Wir hoffen mithilfe des Rahmenkonzepts ein Netzwerk von Schulen aufzubauen: M\u00f6glicherweise gibt es eine Person an der jeweiligen Schule, die sich speziell dieser Arbeit und der Kommunikation mit mehrsprachigen Familien widmen w\u00fcrde.<\/p>\n<p>[\/et_pb_text][\/et_pb_column][et_pb_column type=&#8220;1_2&#8243; _builder_version=&#8220;4.27.4&#8243; _module_preset=&#8220;default&#8220; global_colors_info=&#8220;{}&#8220;][et_pb_image src=&#8220;https:\/\/tonga-schools.eu\/wp-content\/uploads\/2025\/04\/Logo-all-languages-1.png&#8220; alt=&#8220;Tonga Schools Connecting Plurilingual Families&#8220; title_text=&#8220;Tonga&#8220; show_bottom_space=&#8220;off&#8220; _builder_version=&#8220;4.27.4&#8243; _module_preset=&#8220;default&#8220; background_color=&#8220;#FFFFFF&#8220; custom_margin=&#8220;30px||||false|false&#8220; custom_margin_tablet=&#8220;0px||||false|false&#8220; custom_margin_phone=&#8220;0px||||false|false&#8220; custom_margin_last_edited=&#8220;on|desktop&#8220; custom_padding=&#8220;30px||30px||true|false&#8220; custom_padding_tablet=&#8220;0px||0px||true|false&#8220; custom_padding_phone=&#8220;0px||0px||true|false&#8220; custom_padding_last_edited=&#8220;on|desktop&#8220; hover_enabled=&#8220;0&#8243; custom_css_main_element=&#8220;border-radius: 10px;&#8220; border_radii=&#8220;on|10px|10px|10px|10px&#8220; global_colors_info=&#8220;{}&#8220; sticky_enabled=&#8220;0&#8243;][\/et_pb_image][\/et_pb_column][\/et_pb_row][\/et_pb_section][et_pb_section fb_built=&#8220;1&#8243; admin_label=&#8220;Objectives&#8220; _builder_version=&#8220;4.23.1&#8243; _module_preset=&#8220;default&#8220; background_color=&#8220;#ffffff&#8220; min_height=&#8220;767.6px&#8220; locked=&#8220;off&#8220; global_colors_info=&#8220;{}&#8220;][et_pb_row column_structure=&#8220;1_2,1_2&#8243; _builder_version=&#8220;4.27.4&#8243; _module_preset=&#8220;default&#8220; global_colors_info=&#8220;{}&#8220;][et_pb_column type=&#8220;1_2&#8243; _builder_version=&#8220;4.27.4&#8243; _module_preset=&#8220;default&#8220; custom_padding=&#8220;10px|10px|10px|10px|false|false&#8220; border_width_all=&#8220;5px&#8220; border_color_all=&#8220;#bebe5e&#8220; border_style_all=&#8220;dashed&#8220; global_colors_info=&#8220;{}&#8220;][et_pb_text _builder_version=&#8220;4.27.4&#8243; _module_preset=&#8220;default&#8220; header_4_text_color=&#8220;#285299&#8243; global_colors_info=&#8220;{}&#8220;]<\/p>\n<h4 class=\"et_pb_module_header et-fb-editable-element et-fb-editable-element__editing\" data-shortcode-id=\"1.0.0.0-1743184180737\" data-quickaccess-id=\"header\" contenteditable=\"true\"><strong>Ziele des Projekts<\/strong><\/h4>\n<p>[\/et_pb_text][et_pb_text _builder_version=&#8220;4.27.4&#8243; _module_preset=&#8220;default&#8220; global_colors_info=&#8220;{}&#8220;]<\/p>\n<p>Unser Projekt ist es, die Kommunikationsl\u00fccke zwischen mehrsprachigen Familien und Schulen zu schlie\u00dfen, indem wir daf\u00fcr sorgen, dass Kommunikationsbarrieren abgebaut werden und das Verst\u00e4ndnis gedeiht. Unsere Hauptziele umfassen die Verbesserung der kulturellen Integration, die Unterst\u00fctzung des Bildungsengagements und die F\u00f6rderung der Einheit zwischen den verschiedenen Gemeinschaften.<\/p>\n<p>[\/et_pb_text][\/et_pb_column][et_pb_column type=&#8220;1_2&#8243; _builder_version=&#8220;4.27.4&#8243; _module_preset=&#8220;default&#8220; global_colors_info=&#8220;{}&#8220;][et_pb_image src=&#8220;https:\/\/tonga-schools.eu\/wp-content\/uploads\/2025\/03\/3-4.png&#8220; alt=&#8220;multinlingual-illustration&#8220; title_text=&#8220;3&#8243; _builder_version=&#8220;4.27.4&#8243; _module_preset=&#8220;default&#8220; global_colors_info=&#8220;{}&#8220;][\/et_pb_image][\/et_pb_column][\/et_pb_row][et_pb_row column_structure=&#8220;1_2,1_2&#8243; _builder_version=&#8220;4.27.4&#8243; _module_preset=&#8220;default&#8220; global_colors_info=&#8220;{}&#8220;][et_pb_column type=&#8220;1_2&#8243; _builder_version=&#8220;4.27.4&#8243; _module_preset=&#8220;default&#8220; global_colors_info=&#8220;{}&#8220;][et_pb_image src=&#8220;https:\/\/tonga-schools.eu\/wp-content\/uploads\/2025\/03\/2-3.png&#8220; title_text=&#8220;2&#8243; _builder_version=&#8220;4.27.4&#8243; _module_preset=&#8220;default&#8220; global_colors_info=&#8220;{}&#8220;][\/et_pb_image][\/et_pb_column][et_pb_column type=&#8220;1_2&#8243; _builder_version=&#8220;4.27.4&#8243; _module_preset=&#8220;default&#8220; custom_padding=&#8220;10px|10px|10px|10px|false|false&#8220; border_width_all=&#8220;5px&#8220; border_color_all=&#8220;#bebe5e&#8220; border_style_all=&#8220;dashed&#8220; global_colors_info=&#8220;{}&#8220;][et_pb_text _builder_version=&#8220;4.27.4&#8243; _module_preset=&#8220;default&#8220; header_4_text_color=&#8220;#285299&#8243; global_colors_info=&#8220;{}&#8220;]<\/p>\n<h4 class=\"et_pb_module_header et-fb-editable-element et-fb-editable-element__editing\" data-shortcode-id=\"1.0.0.0-1743184180737\" data-quickaccess-id=\"header\" contenteditable=\"true\"><strong>Umfang des Projekts<\/strong><\/h4>\n<p>[\/et_pb_text][et_pb_text _builder_version=&#8220;4.27.4&#8243; _module_preset=&#8220;default&#8220; global_colors_info=&#8220;{}&#8220;]<\/p>\n<p>Unsere Erasmus+ Initiative dehnt ihren Einfluss \u00fcber die Grenzen hinaus aus und wirkt sich nicht nur auf lokale Gemeinschaften aus, sondern auch auf internationale Partner, die unsere Vision teilen. Durch unsere gemeinsamen Anstrengungen wollen wir eine Sogwirkung f\u00fcr positive Ver\u00e4nderungen erzeugen, die geografische Grenzen \u00fcberschreitet.<\/p>\n<p>[\/et_pb_text][\/et_pb_column][\/et_pb_row][\/et_pb_section][et_pb_section fb_built=&#8220;1&#8243; _builder_version=&#8220;4.27.4&#8243; _module_preset=&#8220;default&#8220; background_color=&#8220;#fafafa&#8220; global_colors_info=&#8220;{}&#8220;][et_pb_row _builder_version=&#8220;4.27.4&#8243; _module_preset=&#8220;default&#8220; global_colors_info=&#8220;{}&#8220;][et_pb_column type=&#8220;4_4&#8243; _builder_version=&#8220;4.27.4&#8243; _module_preset=&#8220;default&#8220; global_colors_info=&#8220;{}&#8220;][et_pb_text _builder_version=&#8220;4.27.4&#8243; _module_preset=&#8220;default&#8220; header_2_text_color=&#8220;#285299&#8243; global_colors_info=&#8220;{}&#8220;]<\/p>\n<h2 style=\"text-align: center;\"><strong>Zeitplan des Projekts<\/strong><\/h2>\n<p>&nbsp;<\/p>\n<p>[\/et_pb_text][et_pb_text _builder_version=&#8220;4.27.4&#8243; _module_preset=&#8220;default&#8220; global_colors_info=&#8220;{}&#8220;]<\/p>\n<h5><strong>Entdecken Sie unseren Projektzeitplan &#8211; klicken Sie einfach rechts, um ihn zu entdecken<\/strong><\/h5>\n<p>&nbsp;<\/p>\n<p>[\/et_pb_text][et_pb_code _builder_version=&#8220;4.27.4&#8243; _module_preset=&#8220;default&#8220; global_colors_info=&#8220;{}&#8220;]<\/p>\n<div style=\"position: relative; width: 100%; height: 0; padding-top: 56.2500%;<!-- [et_pb_line_break_holder] --> padding-bottom: 0; box-shadow: 0 2px 8px 0 rgba(63,69,81,0.16); margin-top: 1.6em; margin-bottom: 0.9em; overflow: hidden;<!-- [et_pb_line_break_holder] --> border-radius: 8px; will-change: transform;&#8220;><!-- [et_pb_line_break_holder] -->  <iframe loading=\"lazy\" style=\"position: absolute; width: 100%; height: 100%; top: 0; left: 0; border: none; padding: 0;margin: 0;\"<!-- [et_pb_line_break_holder] -->    src=&#8220;https:\/\/www.canva.com\/design\/DAGjNXdlzkM\/iJH7vn_2JY7Z9TkKLKAtwg\/view?embed&#8220; allowfullscreen=&#8220;allowfullscreen&#8220; allow=&#8220;fullscreen&#8220;><!-- [et_pb_line_break_holder] -->  <\/iframe><!-- [et_pb_line_break_holder] --><\/div>\n<p><!-- [et_pb_line_break_holder] --><a href=\"https:\/\/www.canva.com\/design\/DAGjNXdlzkM\/iJH7vn_2JY7Z9TkKLKAtwg\/view?utm_content=DAGjNXdlzkM&#038;utm_campaign=designshare&#038;utm_medium=embeds&#038;utm_source=link\" target=\"_blank\" rel=\"noopener\">[\/et_pb_code][\/et_pb_column][\/et_pb_row][et_pb_row _builder_version=&#8220;4.27.4&#8243; _module_preset=&#8220;default&#8220; global_colors_info=&#8220;{}&#8220;][et_pb_column type=&#8220;4_4&#8243; _builder_version=&#8220;4.27.4&#8243; _module_preset=&#8220;default&#8220; global_colors_info=&#8220;{}&#8220;][\/et_pb_column][\/et_pb_row][\/et_pb_section]<\/p>\n","protected":false},"excerpt":{"rendered":"<p>Tauchen Sie ein in das Herz unseres Erasmus+ Projekts, dessen Hauptziel es ist, die Kommunikation zwischen mehrsprachigen Familien und Schulen zu verbessern, um das Wohlbefinden und den Erfolg der Kinder zu f\u00f6rdern.Warum ein Netzwerk von Tonga-Schulen? Ziele Der Aufbau harmonischer Beziehungen zwischen Schulen und mehrsprachigen Familien ist das Herzst\u00fcck einer erfolgreichen Bildung von Kindern, die [&hellip;]<\/p>\n","protected":false},"author":2,"featured_media":0,"parent":0,"menu_order":2,"comment_status":"closed","ping_status":"closed","template":"","meta":{"_et_pb_use_builder":"on","_et_pb_old_content":"","_et_gb_content_width":"","footnotes":""},"class_list":["post-768","page","type-page","status-publish","hentry"],"_links":{"self":[{"href":"https:\/\/tonga-schools.eu\/de\/wp-json\/wp\/v2\/pages\/768","targetHints":{"allow":["GET"]}}],"collection":[{"href":"https:\/\/tonga-schools.eu\/de\/wp-json\/wp\/v2\/pages"}],"about":[{"href":"https:\/\/tonga-schools.eu\/de\/wp-json\/wp\/v2\/types\/page"}],"author":[{"embeddable":true,"href":"https:\/\/tonga-schools.eu\/de\/wp-json\/wp\/v2\/users\/2"}],"replies":[{"embeddable":true,"href":"https:\/\/tonga-schools.eu\/de\/wp-json\/wp\/v2\/comments?post=768"}],"version-history":[{"count":13,"href":"https:\/\/tonga-schools.eu\/de\/wp-json\/wp\/v2\/pages\/768\/revisions"}],"predecessor-version":[{"id":7904,"href":"https:\/\/tonga-schools.eu\/de\/wp-json\/wp\/v2\/pages\/768\/revisions\/7904"}],"wp:attachment":[{"href":"https:\/\/tonga-schools.eu\/de\/wp-json\/wp\/v2\/media?parent=768"}],"curies":[{"name":"wp","href":"https:\/\/api.w.org\/{rel}","templated":true}]}}