{"id":781,"date":"2023-11-23T09:48:36","date_gmt":"2023-11-23T08:48:36","guid":{"rendered":"https:\/\/tonga-schools.eu\/fuer-familien\/"},"modified":"2025-04-17T09:53:39","modified_gmt":"2025-04-17T07:53:39","slug":"fuer-familien","status":"publish","type":"page","link":"https:\/\/tonga-schools.eu\/de\/fuer-familien\/","title":{"rendered":"F\u00fcr Familien"},"content":{"rendered":"<p>[et_pb_section fb_built=&#8220;1&#8243; fullwidth=&#8220;on&#8220; _builder_version=&#8220;4.23.1&#8243; _module_preset=&#8220;default&#8220; background_color=&#8220;#f6f2ed&#8220; global_colors_info=&#8220;{}&#8220;][et_pb_fullwidth_header title=&#8220;Tonga Schulen Werkzeuge&#8220; subhead=&#8220;Nutzen Sie unser Heft, um Ihre Kommunikation mit der Schule zu verbessern.&#8220; header_image_url=&#8220;https:\/\/tonga-schools.eu\/wp-content\/uploads\/2023\/11\/tonga-schools-network.webp&#8220; module_id=&#8220;header-text&#8220; _builder_version=&#8220;4.27.4&#8243; _module_preset=&#8220;default&#8220; title_font=&#8220;Helvetica Neue Regular|700||on|||||&#8220; title_text_align=&#8220;left&#8220; title_font_size=&#8220;16px&#8220; content_font=&#8220;Helvetica Neue Regular||||||||&#8220; content_text_align=&#8220;left&#8220; content_text_color=&#8220;rgba(15,12,7,0.8)&#8220; subhead_font=&#8220;Helvetica Neue Regular|900|||||||&#8220; subhead_text_align=&#8220;left&#8220; subhead_text_color=&#8220;#0f0c07&#8243; subhead_font_size=&#8220;40px&#8220; subhead_line_height=&#8220;1.1em&#8220; background_color=&#8220;#f6f2ed&#8220; custom_button_one=&#8220;on&#8220; button_one_text_size=&#8220;18px&#8220; button_one_text_color=&#8220;#FFFFFF&#8220; button_one_bg_color=&#8220;#d44d46&#8243; button_one_border_width=&#8220;1px&#8220; button_one_border_color=&#8220;#d44d46&#8243; button_one_border_radius=&#8220;5px&#8220; button_one_font=&#8220;Helvetica Neue Regular|500|||||||&#8220; button_one_icon=&#8220;&#x35;||divi||400&#8243; button_one_icon_color=&#8220;#d44d46&#8243; button_one_custom_margin=&#8220;30px||||false|false&#8220; button_one_custom_padding=&#8220;16px|32px|16px|32px|true|true&#8220; custom_button_two=&#8220;on&#8220; button_two_text_size=&#8220;18px&#8220; button_two_text_color=&#8220;#FFFFFF&#8220; button_two_bg_color=&#8220;#4746d4&#8243; button_two_border_width=&#8220;1px&#8220; button_two_border_color=&#8220;#4746d4&#8243; button_two_border_radius=&#8220;5px&#8220; button_two_font=&#8220;Helvetica Neue Regular|500|||||||&#8220; button_two_icon=&#8220;&#x35;||divi||400&#8243; button_two_icon_color=&#8220;#4746d4&#8243; button_two_custom_padding=&#8220;16px|32px|16px|32px|true|true&#8220; custom_css_title=&#8220;padding-bottom: 20px;&#8220; custom_css_subtitle=&#8220;padding-bottom: 30px;&#8220; global_colors_info=&#8220;{}&#8220; button_one_text_color__hover_enabled=&#8220;on|hover&#8220; button_one_text_color__hover=&#8220;#d44d46&#8243; button_one_bg_color__hover_enabled=&#8220;on|hover&#8220; button_one_bg_color__hover=&#8220;#FFFFFF&#8220; button_one_bg_enable_color__hover=&#8220;on&#8220; button_two_text_color__hover_enabled=&#8220;on|hover&#8220; button_two_text_color__hover=&#8220;#4746d4&#8243; button_two_bg_color__hover_enabled=&#8220;on|hover&#8220; button_two_bg_color__hover=&#8220;#FFFFFF&#8220; button_two_bg_enable_color__hover=&#8220;on&#8220;]<\/p>\n<p>Diese Instrumente sollen die Familien auf ihrem Bildungsweg unterst\u00fctzen und eine engere Verbindung zur Schulgemeinschaft herstellen.<\/p>\n<p>[\/et_pb_fullwidth_header][\/et_pb_section][et_pb_section fb_built=&#8220;1&#8243; admin_label=&#8220;Tools&#8220; _builder_version=&#8220;4.23.1&#8243; _module_preset=&#8220;default&#8220; background_color=&#8220;#fefefe&#8220; custom_padding=&#8220;0px||0px||true|false&#8220; locked=&#8220;off&#8220; global_colors_info=&#8220;{}&#8220;][et_pb_row column_structure=&#8220;1_4,1_4,1_4,1_4&#8243; _builder_version=&#8220;4.27.4&#8243; _module_preset=&#8220;default&#8220; global_colors_info=&#8220;{}&#8220;][et_pb_column type=&#8220;1_4&#8243; _builder_version=&#8220;4.27.4&#8243; _module_preset=&#8220;default&#8220; global_colors_info=&#8220;{}&#8220;][et_pb_text _builder_version=&#8220;4.27.4&#8243; _module_preset=&#8220;default&#8220; global_colors_info=&#8220;{}&#8220;]<\/p>\n<h2><span style=\"color: #285299;\"><strong>Handbuch f\u00fcr die Er\u00f6ffnung eines Parents&#8216; Caf\u00e9<\/strong><\/span><\/h2>\n<p>[\/et_pb_text][et_pb_text _builder_version=&#8220;4.27.4&#8243; _module_preset=&#8220;default&#8220; global_colors_info=&#8220;{}&#8220;]<\/p>\n<p>In Vorbereitung! Wenn Sie auf die Schaltfl\u00e4che unten klicken, werden Sie auf eine andere Seite weitergeleitet, auf der Sie ab April Zugriff auf das Handbuch haben.<\/p>\n<p>[\/et_pb_text][\/et_pb_column][et_pb_column type=&#8220;1_4&#8243; _builder_version=&#8220;4.27.4&#8243; _module_preset=&#8220;default&#8220; global_colors_info=&#8220;{}&#8220;][et_pb_image src=&#8220;https:\/\/tonga-schools.eu\/wp-content\/uploads\/2025\/03\/Gray-and-Black-Modern-Handphone-Mockup-Instagram-Story-6.png&#8220; title_text=&#8220;Gray and Black Modern Handphone Mockup Instagram Story (6)&#8220; _builder_version=&#8220;4.27.4&#8243; _module_preset=&#8220;default&#8220; global_colors_info=&#8220;{}&#8220;][\/et_pb_image][et_pb_button button_url=&#8220;https:\/\/tonga-schools.eu\/de\/cafes-des-parents\/&#8220; button_text=&#8220;Handbuch&#8220; button_alignment=&#8220;center&#8220; _builder_version=&#8220;4.27.4&#8243; _module_preset=&#8220;default&#8220; custom_button=&#8220;on&#8220; button_text_color=&#8220;#ffffff&#8220; button_bg_color=&#8220;#8d1a28&#8243; button_border_color=&#8220;#8d1a28&#8243; button_icon=&#8220;&#x35;||divi||400&#8243; custom_padding=&#8220;16px|32px|16px|32px|false|false&#8220; global_colors_info=&#8220;{}&#8220;][\/et_pb_button][\/et_pb_column][et_pb_column type=&#8220;1_4&#8243; _builder_version=&#8220;4.27.4&#8243; _module_preset=&#8220;default&#8220; global_colors_info=&#8220;{}&#8220;][et_pb_image src=&#8220;https:\/\/tonga-schools.eu\/wp-content\/uploads\/2025\/03\/Gray-and-Black-Modern-Handphone-Mockup-Instagram-Story-5.png&#8220; title_text=&#8220;Gray and Black Modern Handphone Mockup Instagram Story (5)&#8220; _builder_version=&#8220;4.27.4&#8243; _module_preset=&#8220;default&#8220; global_colors_info=&#8220;{}&#8220;][\/et_pb_image][et_pb_button button_url=&#8220;https:\/\/tonga-schools.eu\/de\/livret-pour-les-familles\/&#8220; button_text=&#8220;Heft&#8220; button_alignment=&#8220;center&#8220; _builder_version=&#8220;4.27.4&#8243; _module_preset=&#8220;default&#8220; custom_button=&#8220;on&#8220; button_text_color=&#8220;#ffffff&#8220; button_bg_color=&#8220;#8d1a28&#8243; button_border_color=&#8220;#8d1a28&#8243; button_icon=&#8220;&#x35;||divi||400&#8243; custom_padding=&#8220;16px|32px|16px|32px|false|false&#8220; global_colors_info=&#8220;{}&#8220;][\/et_pb_button][\/et_pb_column][et_pb_column type=&#8220;1_4&#8243; _builder_version=&#8220;4.27.4&#8243; _module_preset=&#8220;default&#8220; global_colors_info=&#8220;{}&#8220;][et_pb_text _builder_version=&#8220;4.27.4&#8243; _module_preset=&#8220;default&#8220; header_2_text_color=&#8220;#285299&#8243; global_colors_info=&#8220;{}&#8220;]<\/p>\n<h2><strong>Heft<\/strong><\/h2>\n<p>[\/et_pb_text][et_pb_text _builder_version=&#8220;4.27.4&#8243; _module_preset=&#8220;default&#8220; text_font=&#8220;Helvetica Neue Regular||||||||&#8220; text_text_color=&#8220;#FFFFFF&#8220; header_text_color=&#8220;#FFFFFF&#8220; header_2_font=&#8220;Helvetica Neue Regular|800|||||||&#8220; header_2_text_align=&#8220;left&#8220; header_2_text_color=&#8220;#285299&#8243; header_2_font_size=&#8220;46px&#8220; header_2_line_height=&#8220;1.1em&#8220; custom_margin=&#8220;||30px||false|false&#8220; custom_padding=&#8220;||28px|||&#8220; global_colors_info=&#8220;{}&#8220;]<\/p>\n<p><span style=\"color: #000000;\">Reflexionsheft f\u00fcr Familien. Es soll Ihnen helfen, zu reflektieren und Ihre Kommunikation mit den Verantwortlichen an der Schule zu verbessern, um das Wohlbefinden und den Erfolg Ihrer Kinder zu f\u00f6rdern.<\/span><\/p>\n<p>[\/et_pb_text][\/et_pb_column][\/et_pb_row][\/et_pb_section][et_pb_section fb_built=&#8220;1&#8243; _builder_version=&#8220;4.27.4&#8243; _module_preset=&#8220;default&#8220; background_color=&#8220;#f4f4f4&#8243; locked=&#8220;off&#8220; global_colors_info=&#8220;{}&#8220;][et_pb_row column_structure=&#8220;1_2,1_2&#8243; _builder_version=&#8220;4.27.4&#8243; _module_preset=&#8220;default&#8220; global_colors_info=&#8220;{}&#8220;][et_pb_column type=&#8220;1_2&#8243; _builder_version=&#8220;4.27.4&#8243; _module_preset=&#8220;default&#8220; global_colors_info=&#8220;{}&#8220;][et_pb_image src=&#8220;https:\/\/tonga-schools.eu\/wp-content\/uploads\/2025\/04\/Screenshot-2025-04-17-095255.png&#8220; title_text=&#8220;Screenshot 2025-04-17 095255&#8243; _builder_version=&#8220;4.27.4&#8243; _module_preset=&#8220;default&#8220; hover_enabled=&#8220;0&#8243; global_colors_info=&#8220;{}&#8220; sticky_enabled=&#8220;0&#8243;][\/et_pb_image][\/et_pb_column][et_pb_column type=&#8220;1_2&#8243; _builder_version=&#8220;4.27.4&#8243; _module_preset=&#8220;default&#8220; global_colors_info=&#8220;{}&#8220;][et_pb_text _builder_version=&#8220;4.27.4&#8243; _module_preset=&#8220;default&#8220; header_2_text_color=&#8220;#285299&#8243; global_colors_info=&#8220;{}&#8220;]<\/p>\n<h2><strong>Familienportr\u00e4ts<\/strong><\/h2>\n<p>[\/et_pb_text][et_pb_text _builder_version=&#8220;4.27.4&#8243; _module_preset=&#8220;default&#8220; global_colors_info=&#8220;{}&#8220;]<\/p>\n<p>Entdecken Sie die inspirierenden Geschichten der Familien, die an unserem Erasmus+-Projekt beteiligt sind. Durch diese Portr\u00e4ts beleuchten wir ihre Vielfalt, ihren Werdegang und ihr Engagement f\u00fcr eine st\u00e4rkere Inklusion und authentische Kommunikation.<\/p>\n<p>[\/et_pb_text][et_pb_button button_url=&#8220;https:\/\/tonga-schools.eu\/de\/portaits-des-familles\/&#8220; button_text=&#8220;Hier klicken&#8220; button_alignment=&#8220;center&#8220; _builder_version=&#8220;4.27.4&#8243; _module_preset=&#8220;default&#8220; custom_button=&#8220;on&#8220; button_text_color=&#8220;#ffffff&#8220; button_bg_color=&#8220;#8d1a28&#8243; button_border_color=&#8220;#8d1a28&#8243; button_icon=&#8220;&#x35;||divi||400&#8243; custom_padding=&#8220;16px|32px|16px|32px|false|false&#8220; global_colors_info=&#8220;{}&#8220;][\/et_pb_button][\/et_pb_column][\/et_pb_row][\/et_pb_section][et_pb_section fb_built=&#8220;1&#8243; _builder_version=&#8220;4.27.4&#8243; _module_preset=&#8220;default&#8220; global_colors_info=&#8220;{}&#8220;][\/et_pb_section]<\/p>\n","protected":false},"excerpt":{"rendered":"<p>Diese Instrumente sollen die Familien auf ihrem Bildungsweg unterst\u00fctzen und eine engere Verbindung zur Schulgemeinschaft herstellen.Handbuch f\u00fcr die Er\u00f6ffnung eines Parents&#8216; Caf\u00e9In Vorbereitung! Wenn Sie auf die Schaltfl\u00e4che unten klicken, werden Sie auf eine andere Seite weitergeleitet, auf der Sie ab April Zugriff auf das Handbuch haben.HeftReflexionsheft f\u00fcr Familien. Es soll Ihnen helfen, zu reflektieren [&hellip;]<\/p>\n","protected":false},"author":2,"featured_media":0,"parent":0,"menu_order":3,"comment_status":"closed","ping_status":"closed","template":"","meta":{"_et_pb_use_builder":"on","_et_pb_old_content":"","_et_gb_content_width":"","footnotes":""},"class_list":["post-781","page","type-page","status-publish","hentry"],"_links":{"self":[{"href":"https:\/\/tonga-schools.eu\/de\/wp-json\/wp\/v2\/pages\/781","targetHints":{"allow":["GET"]}}],"collection":[{"href":"https:\/\/tonga-schools.eu\/de\/wp-json\/wp\/v2\/pages"}],"about":[{"href":"https:\/\/tonga-schools.eu\/de\/wp-json\/wp\/v2\/types\/page"}],"author":[{"embeddable":true,"href":"https:\/\/tonga-schools.eu\/de\/wp-json\/wp\/v2\/users\/2"}],"replies":[{"embeddable":true,"href":"https:\/\/tonga-schools.eu\/de\/wp-json\/wp\/v2\/comments?post=781"}],"version-history":[{"count":23,"href":"https:\/\/tonga-schools.eu\/de\/wp-json\/wp\/v2\/pages\/781\/revisions"}],"predecessor-version":[{"id":7262,"href":"https:\/\/tonga-schools.eu\/de\/wp-json\/wp\/v2\/pages\/781\/revisions\/7262"}],"wp:attachment":[{"href":"https:\/\/tonga-schools.eu\/de\/wp-json\/wp\/v2\/media?parent=781"}],"curies":[{"name":"wp","href":"https:\/\/api.w.org\/{rel}","templated":true}]}}