{"id":3388,"date":"2024-11-28T05:06:56","date_gmt":"2024-11-28T04:06:56","guid":{"rendered":"https:\/\/tonga-schools.eu\/?page_id=3388"},"modified":"2025-04-24T16:17:16","modified_gmt":"2025-04-24T14:17:16","slug":"subcapitulo-a-sitio-web","status":"publish","type":"page","link":"https:\/\/tonga-schools.eu\/es\/para-escuelas\/herramientas-clave-capitulo-a-general\/subcapitulo-a-sitio-web\/","title":{"rendered":"Subcap\u00edtulo a &#8211; Sitio web"},"content":{"rendered":"<p>[et_pb_section fb_built=\u00bb1&#8243; fullwidth=\u00bbon\u00bb _builder_version=\u00bb4.23.1&#8243; _module_preset=\u00bbdefault\u00bb background_color=\u00bb#f6f2ed\u00bb locked=\u00bboff\u00bb global_colors_info=\u00bb{}\u00bb][et_pb_fullwidth_header title=\u00bbCap\u00edtulo A &#8211; General\u00bb subhead=\u00bbSubcap\u00edtulo a &#8211; Sitio web\u00bb button_one_text=\u00bbDescarga el PDF\u00bb button_one_url=\u00bb\/wp-content\/uploads\/2024\/12\/Toolkit-Subcapitulo-a-Sitio-web.pdf\u00bb header_image_url=\u00bbhttps:\/\/tonga-schools.eu\/wp-content\/uploads\/2024\/12\/Toolkit-Subcapitulo-a-Sitio-web.webp\u00bb module_id=\u00bbheader-text\u00bb module_class=\u00bbopen-new-tab\u00bb _builder_version=\u00bb4.27.4&#8243; _module_preset=\u00bbdefault\u00bb title_font=\u00bbHelvetica Neue Regular|700||on|||||\u00bb title_text_align=\u00bbleft\u00bb title_font_size=\u00bb16px\u00bb content_font=\u00bbHelvetica Neue Regular||||||||\u00bb content_text_align=\u00bbleft\u00bb content_text_color=\u00bbrgba(15,12,7,0.8)\u00bb subhead_font=\u00bbHelvetica Neue Regular|900|||||||\u00bb subhead_text_align=\u00bbleft\u00bb subhead_text_color=\u00bb#0f0c07&#8243; subhead_font_size=\u00bb40px\u00bb subhead_line_height=\u00bb1.1em\u00bb background_color=\u00bb#f6f2ed\u00bb custom_button_one=\u00bbon\u00bb button_one_text_size=\u00bb18px\u00bb button_one_text_color=\u00bb#FFFFFF\u00bb button_one_bg_color=\u00bb#285299&#8243; button_one_border_width=\u00bb1px\u00bb button_one_border_color=\u00bb#285299&#8243; button_one_border_radius=\u00bb5px\u00bb button_one_font=\u00bbHelvetica Neue Regular|500|||||||\u00bb button_one_icon=\u00bb&#x35;||divi||400&#8243; button_one_icon_color=\u00bb#285299&#8243; button_one_custom_margin=\u00bb30px||||false|false\u00bb button_one_custom_padding=\u00bb16px|32px|16px|32px|true|true\u00bb custom_button_two=\u00bbon\u00bb button_two_text_size=\u00bb18px\u00bb button_two_text_color=\u00bb#FFFFFF\u00bb button_two_bg_color=\u00bb#4746d4&#8243; button_two_border_width=\u00bb1px\u00bb button_two_border_color=\u00bb#4746d4&#8243; button_two_border_radius=\u00bb5px\u00bb button_two_font=\u00bbHelvetica Neue Regular|500|||||||\u00bb button_two_icon=\u00bb&#x35;||divi||400&#8243; button_two_icon_color=\u00bb#4746d4&#8243; button_two_custom_padding=\u00bb16px|32px|16px|32px|true|true\u00bb link_option_url_new_window=\u00bbon\u00bb hover_enabled=\u00bb0&#8243; custom_css_header_image=\u00bbwidth: 50%;\u00bb custom_css_title=\u00bbpadding-bottom: 20px;\u00bb custom_css_subtitle=\u00bbpadding-bottom: 30px;\u00bb global_colors_info=\u00bb{}\u00bb button_one_text_color__hover_enabled=\u00bbon|hover\u00bb button_one_text_color__hover=\u00bb#285299&#8243; button_one_bg_color__hover_enabled=\u00bbon|hover\u00bb button_one_bg_color__hover=\u00bb#FFFFFF\u00bb button_one_bg_enable_color__hover=\u00bbon\u00bb button_two_text_color__hover_enabled=\u00bbon|hover\u00bb button_two_text_color__hover=\u00bb#4746d4&#8243; button_two_bg_color__hover_enabled=\u00bbon|hover\u00bb button_two_bg_color__hover=\u00bb#FFFFFF\u00bb button_two_bg_enable_color__hover=\u00bbon\u00bb sticky_enabled=\u00bb0&#8243;]<\/p>\n<p>La p\u00e1gina web del centro escolar es la fuente de informaci\u00f3n en l\u00ednea sobre el centro para los padres. Los padres que son miembros de la comunidad local a la que pertenece la escuela, pueden conocer alguna informaci\u00f3n b\u00e1sica sobre la escuela, por ejemplo, el horario en que pueden visitar la escuela, las formas en que pueden ponerse en contacto con el personal de la escuela, etc.<\/p>\n<p>[\/et_pb_fullwidth_header][\/et_pb_section][et_pb_section fb_built=\u00bb1&#8243; admin_label=\u00bbAutres documents\u00bb _builder_version=\u00bb4.27.4&#8243; _module_preset=\u00bbdefault\u00bb background_color=\u00bb#fefefe\u00bb custom_padding=\u00bb60px||90px||false|false\u00bb locked=\u00bboff\u00bb global_colors_info=\u00bb{}\u00bb][et_pb_row column_structure=\u00bb1_2,1_2&#8243; _builder_version=\u00bb4.27.0&#8243; _module_preset=\u00bbdefault\u00bb global_colors_info=\u00bb{}\u00bb][et_pb_column type=\u00bb1_2&#8243; _builder_version=\u00bb4.27.0&#8243; _module_preset=\u00bbdefault\u00bb global_colors_info=\u00bb{}\u00bb][et_pb_button button_url=\u00bbhttps:\/\/tonga-schools.eu\/es\/herramientas-clave\/\u00bb button_text=\u00bbRegrese a los cap\u00edtulos principales de las herramientas clave\u00bb button_alignment=\u00bbcenter\u00bb _builder_version=\u00bb4.27.4&#8243; _module_preset=\u00bbdefault\u00bb custom_button=\u00bbon\u00bb button_text_size=\u00bb18px\u00bb button_text_color=\u00bb#285299&#8243; button_bg_color=\u00bb#FFFFFF\u00bb button_border_width=\u00bb1px\u00bb button_border_color=\u00bb#285299&#8243; button_border_radius=\u00bb5px\u00bb button_font=\u00bbHelvetica Neue Regular|500|||||||\u00bb button_icon=\u00bb&#x35;||divi||400&#8243; button_icon_color=\u00bb#FFFFFF\u00bb background_layout=\u00bbdark\u00bb custom_padding=\u00bb16px|32px|16px|32px|true|true\u00bb hover_enabled=\u00bb0&#8243; global_colors_info=\u00bb{}\u00bb button_text_color__hover_enabled=\u00bbon|hover\u00bb button_text_color__hover=\u00bb#FFFFFF\u00bb button_bg_color__hover_enabled=\u00bbon|hover\u00bb button_bg_color__hover=\u00bb#285299&#8243; button_bg_enable_color__hover=\u00bbon\u00bb sticky_enabled=\u00bb0&#8243;][\/et_pb_button][\/et_pb_column][et_pb_column type=\u00bb1_2&#8243; _builder_version=\u00bb4.27.0&#8243; _module_preset=\u00bbdefault\u00bb global_colors_info=\u00bb{}\u00bb][et_pb_button button_url=\u00bb\/es\/para-escuelas\/herramientas-clave-capitulo-a-general\/\u00bb button_text=\u00bbVolver al cap\u00edtulo A &#8211; General\u00bb button_alignment=\u00bbcenter\u00bb _builder_version=\u00bb4.27.4&#8243; _module_preset=\u00bbdefault\u00bb custom_button=\u00bbon\u00bb button_text_size=\u00bb18px\u00bb button_text_color=\u00bb#285299&#8243; button_bg_color=\u00bb#FFFFFF\u00bb button_border_width=\u00bb1px\u00bb button_border_color=\u00bb#285299&#8243; button_border_radius=\u00bb5px\u00bb button_font=\u00bbHelvetica Neue Regular|500|||||||\u00bb button_icon=\u00bb&#x35;||divi||400&#8243; button_icon_color=\u00bb#FFFFFF\u00bb background_layout=\u00bbdark\u00bb custom_padding=\u00bb16px|32px|16px|32px|true|true\u00bb global_colors_info=\u00bb{}\u00bb button_text_color__hover_enabled=\u00bbon|hover\u00bb button_text_color__hover=\u00bb#FFFFFF\u00bb button_bg_color__hover_enabled=\u00bbon|hover\u00bb button_bg_color__hover=\u00bb#285299&#8243; button_bg_enable_color__hover=\u00bbon\u00bb][\/et_pb_button][\/et_pb_column][\/et_pb_row][\/et_pb_section]<\/p>\n","protected":false},"excerpt":{"rendered":"<p>La p\u00e1gina web del centro escolar es la fuente de informaci\u00f3n en l\u00ednea sobre el centro para los padres. Los padres que son miembros de la comunidad local a la que pertenece la escuela, pueden conocer alguna informaci\u00f3n b\u00e1sica sobre la escuela, por ejemplo, el horario en que pueden visitar la escuela, las formas en [&hellip;]<\/p>\n","protected":false},"author":2,"featured_media":0,"parent":3236,"menu_order":1,"comment_status":"closed","ping_status":"closed","template":"","meta":{"_et_pb_use_builder":"on","_et_pb_old_content":"","_et_gb_content_width":"","footnotes":""},"class_list":["post-3388","page","type-page","status-publish","hentry"],"_links":{"self":[{"href":"https:\/\/tonga-schools.eu\/es\/wp-json\/wp\/v2\/pages\/3388","targetHints":{"allow":["GET"]}}],"collection":[{"href":"https:\/\/tonga-schools.eu\/es\/wp-json\/wp\/v2\/pages"}],"about":[{"href":"https:\/\/tonga-schools.eu\/es\/wp-json\/wp\/v2\/types\/page"}],"author":[{"embeddable":true,"href":"https:\/\/tonga-schools.eu\/es\/wp-json\/wp\/v2\/users\/2"}],"replies":[{"embeddable":true,"href":"https:\/\/tonga-schools.eu\/es\/wp-json\/wp\/v2\/comments?post=3388"}],"version-history":[{"count":7,"href":"https:\/\/tonga-schools.eu\/es\/wp-json\/wp\/v2\/pages\/3388\/revisions"}],"predecessor-version":[{"id":7391,"href":"https:\/\/tonga-schools.eu\/es\/wp-json\/wp\/v2\/pages\/3388\/revisions\/7391"}],"up":[{"embeddable":true,"href":"https:\/\/tonga-schools.eu\/es\/wp-json\/wp\/v2\/pages\/3236"}],"wp:attachment":[{"href":"https:\/\/tonga-schools.eu\/es\/wp-json\/wp\/v2\/media?parent=3388"}],"curies":[{"name":"wp","href":"https:\/\/api.w.org\/{rel}","templated":true}]}}