{"id":3506,"date":"2024-11-28T05:56:37","date_gmt":"2024-11-28T04:56:37","guid":{"rendered":"https:\/\/tonga-schools.eu\/?page_id=3506"},"modified":"2025-04-24T16:26:18","modified_gmt":"2025-04-24T14:26:18","slug":"subcapitulo-j-elaboracion-de-formularios-y-documentos-burocraticos-en-varios-idiomas","status":"publish","type":"page","link":"https:\/\/tonga-schools.eu\/es\/para-escuelas\/herramientas-clave-capitulo-b-lenguas-son-importanta\/subcapitulo-j-elaboracion-de-formularios-y-documentos-burocraticos-en-varios-idiomas\/","title":{"rendered":"Subcap\u00edtulo j &#8211; Elaboracio\u0301n de formularios y documentos burocra\u0301ticos en varios idiomas"},"content":{"rendered":"<p>[et_pb_section fb_built=\u00bb1&#8243; fullwidth=\u00bbon\u00bb _builder_version=\u00bb4.23.1&#8243; _module_preset=\u00bbdefault\u00bb background_color=\u00bb#f6f2ed\u00bb locked=\u00bboff\u00bb global_colors_info=\u00bb{}\u00bb][et_pb_fullwidth_header title=\u00bbCap\u00edtulo B &#8211; Lenguas son importanta\u00bb subhead=\u00bbSubcap\u00edtulo j &#8211; Elaboracio\u0301n de formularios y documentos burocra\u0301ticos en varios idiomas\u00bb button_one_text=\u00bbDescarga el PDF\u00bb button_one_url=\u00bb\/wp-content\/uploads\/2024\/12\/Toolkit-Subcapitulo-j-Elaboracion-de-formularios-y-documentos-burocraticos-en-varios-idiomas.pdf\u00bb header_image_url=\u00bbhttps:\/\/tonga-schools.eu\/wp-content\/uploads\/2024\/12\/Toolkit-Subcapitulo-j-Elaboracion-de-formularios-y-documentos-burocraticos-en-varios-idiomas.webp\u00bb module_id=\u00bbheader-text\u00bb module_class=\u00bbopen-new-tab\u00bb _builder_version=\u00bb4.27.4&#8243; _module_preset=\u00bbdefault\u00bb title_font=\u00bbHelvetica Neue Regular|700||on|||||\u00bb title_text_align=\u00bbleft\u00bb title_font_size=\u00bb16px\u00bb content_font=\u00bbHelvetica Neue Regular||||||||\u00bb content_text_align=\u00bbleft\u00bb content_text_color=\u00bbrgba(15,12,7,0.8)\u00bb subhead_font=\u00bbHelvetica Neue Regular|900|||||||\u00bb subhead_text_align=\u00bbleft\u00bb subhead_text_color=\u00bb#0f0c07&#8243; subhead_font_size=\u00bb40px\u00bb subhead_line_height=\u00bb1.1em\u00bb background_color=\u00bb#f6f2ed\u00bb custom_button_one=\u00bbon\u00bb button_one_text_size=\u00bb18px\u00bb button_one_text_color=\u00bb#FFFFFF\u00bb button_one_bg_color=\u00bb#285299&#8243; button_one_border_width=\u00bb1px\u00bb button_one_border_color=\u00bb#285299&#8243; button_one_border_radius=\u00bb5px\u00bb button_one_font=\u00bbHelvetica Neue Regular|500|||||||\u00bb button_one_icon=\u00bb&#x35;||divi||400&#8243; button_one_icon_color=\u00bb#285299&#8243; button_one_custom_margin=\u00bb30px||||false|false\u00bb button_one_custom_padding=\u00bb16px|32px|16px|32px|true|true\u00bb custom_button_two=\u00bbon\u00bb button_two_text_size=\u00bb18px\u00bb button_two_text_color=\u00bb#FFFFFF\u00bb button_two_bg_color=\u00bb#4746d4&#8243; button_two_border_width=\u00bb1px\u00bb button_two_border_color=\u00bb#4746d4&#8243; button_two_border_radius=\u00bb5px\u00bb button_two_font=\u00bbHelvetica Neue Regular|500|||||||\u00bb button_two_icon=\u00bb&#x35;||divi||400&#8243; button_two_icon_color=\u00bb#4746d4&#8243; button_two_custom_padding=\u00bb16px|32px|16px|32px|true|true\u00bb link_option_url_new_window=\u00bbon\u00bb hover_enabled=\u00bb0&#8243; custom_css_header_image=\u00bbwidth: 50%;\u00bb custom_css_title=\u00bbpadding-bottom: 20px;\u00bb custom_css_subtitle=\u00bbpadding-bottom: 30px;\u00bb global_colors_info=\u00bb{}\u00bb button_one_text_color__hover_enabled=\u00bbon|desktop\u00bb button_one_text_color__hover=\u00bb#285299&#8243; button_one_bg_color__hover_enabled=\u00bbon|hover\u00bb button_one_bg_color__hover=\u00bb#FFFFFF\u00bb button_one_bg_enable_color__hover=\u00bbon\u00bb button_two_text_color__hover_enabled=\u00bbon|hover\u00bb button_two_text_color__hover=\u00bb#4746d4&#8243; button_two_bg_color__hover_enabled=\u00bbon|hover\u00bb button_two_bg_color__hover=\u00bb#FFFFFF\u00bb button_two_bg_enable_color__hover=\u00bbon\u00bb sticky_enabled=\u00bb0&#8243;]<\/p>\n<p>En todas las escuelas, se proporciona informaci\u00f3n a los padres mediante varios formularios y documentos. Es importante para una buena comunicaci\u00f3n que los padres comprendan lo que se les est\u00e1 preguntando y lo que est\u00e1 sucediendo en la escuela.<\/p>\n<p>[\/et_pb_fullwidth_header][\/et_pb_section][et_pb_section fb_built=\u00bb1&#8243; admin_label=\u00bbAutres documents\u00bb _builder_version=\u00bb4.27.4&#8243; _module_preset=\u00bbdefault\u00bb background_color=\u00bb#fefefe\u00bb custom_padding=\u00bb60px||90px||false|false\u00bb locked=\u00bboff\u00bb global_colors_info=\u00bb{}\u00bb][et_pb_row use_custom_gutter=\u00bbon\u00bb gutter_width=\u00bb2&#8243; admin_label=\u00bbChapitres\u00bb _builder_version=\u00bb4.27.0&#8243; _module_preset=\u00bbdefault\u00bb custom_margin=\u00bb30px||||false|false\u00bb custom_padding=\u00bb||||false|false\u00bb locked=\u00bboff\u00bb global_colors_info=\u00bb{}\u00bb][et_pb_column type=\u00bb4_4&#8243; _builder_version=\u00bb4.23.1&#8243; _module_preset=\u00bbdefault\u00bb global_colors_info=\u00bb{}\u00bb][et_pb_text _builder_version=\u00bb4.27.4&#8243; _module_preset=\u00bbdefault\u00bb text_font=\u00bbHelvetica Neue Regular||||||||\u00bb text_text_color=\u00bbrgba(15,12,7,0.8)\u00bb header_2_font=\u00bbHelvetica Neue Regular|800|||||||\u00bb header_2_text_align=\u00bbleft\u00bb header_2_text_color=\u00bb#0f0c07&#8243; header_2_font_size=\u00bb46px\u00bb header_2_line_height=\u00bb1.1em\u00bb header_3_font=\u00bbHelvetica Neue Regular|700|||||||\u00bb header_3_text_color=\u00bb#285299&#8243; header_3_font_size=\u00bb36px\u00bb custom_margin=\u00bb||||false|false\u00bb global_colors_info=\u00bb{}\u00bb]<\/p>\n<h3>Otros documentos<\/h3>\n<p>[\/et_pb_text][\/et_pb_column][\/et_pb_row][et_pb_row column_structure=\u00bb1_3,1_3,1_3&#8243; use_custom_gutter=\u00bbon\u00bb gutter_width=\u00bb2&#8243; make_equal=\u00bbon\u00bb _builder_version=\u00bb4.27.4&#8243; _module_preset=\u00bbdefault\u00bb custom_padding=\u00bb0px||||false|false\u00bb locked=\u00bboff\u00bb global_colors_info=\u00bb{}\u00bb][et_pb_column type=\u00bb1_3&#8243; _builder_version=\u00bb4.27.4&#8243; _module_preset=\u00bbdefault\u00bb custom_padding=\u00bb||30px||false|false\u00bb border_radii=\u00bbon|10px|10px|10px|10px\u00bb box_shadow_style=\u00bbpreset2&#8243; box_shadow_color=\u00bbrgba(0,0,0,0.16)\u00bb global_colors_info=\u00bb{}\u00bb][et_pb_image src=\u00bbhttps:\/\/tonga-schools.eu\/wp-content\/uploads\/2024\/12\/Toolkit-Subcapitulo-j-a.Sobre-la-revision-medica-.webp\u00bb alt=\u00bbToolkit &#8211; Subcap\u00edtulo j -a.Sobre la revisio\u0301n me\u0301dica\u00bb title_text=\u00bbToolkit &#8211; Subcap\u00edtulo j -a.Sobre la revisio\u0301n me\u0301dica\u00bb admin_label=\u00bbImage\u00bb _builder_version=\u00bb4.27.4&#8243; _module_preset=\u00bbdefault\u00bb locked=\u00bboff\u00bb global_colors_info=\u00bb{}\u00bb][\/et_pb_image][et_pb_heading title=\u00bbSobre la revisio\u0301n me\u0301dica\u00bb _builder_version=\u00bb4.27.4&#8243; _module_preset=\u00bbdefault\u00bb title_level=\u00bbh4&#8243; title_font=\u00bb&#8211;et_global_heading_font|700|||||||\u00bb title_text_align=\u00bbcenter\u00bb title_text_color=\u00bb#0f0c07&#8243; title_font_size=\u00bb24px\u00bb global_colors_info=\u00bb{}\u00bb][\/et_pb_heading][et_pb_button button_url=\u00bb\/wp-content\/uploads\/2024\/12\/Toolkit-Subcapitulo-j-a.Sobre-la-revision-medica-.pdf\u00bb url_new_window=\u00bbon\u00bb button_text=\u00bbDescarga el PDF\u00bb button_alignment=\u00bbcenter\u00bb _builder_version=\u00bb4.27.4&#8243; _module_preset=\u00bbdefault\u00bb custom_button=\u00bbon\u00bb button_text_size=\u00bb18px\u00bb button_text_color=\u00bb#FFFFFF\u00bb button_bg_color=\u00bb#285299&#8243; button_border_width=\u00bb1px\u00bb button_border_color=\u00bb#285299&#8243; button_border_radius=\u00bb5px\u00bb button_font=\u00bbHelvetica Neue Regular|500|||||||\u00bb button_icon=\u00bb&#x35;||divi||400&#8243; button_icon_color=\u00bb#285299&#8243; background_layout=\u00bbdark\u00bb custom_padding=\u00bb16px|32px|16px|32px|true|true\u00bb hover_enabled=\u00bb0&#8243; global_colors_info=\u00bb{}\u00bb button_text_color__hover_enabled=\u00bbon|hover\u00bb button_text_color__hover=\u00bb#285299&#8243; button_bg_color__hover_enabled=\u00bbon|hover\u00bb button_bg_color__hover=\u00bb#FFFFFF\u00bb button_bg_enable_color__hover=\u00bbon\u00bb sticky_enabled=\u00bb0&#8243;][\/et_pb_button][\/et_pb_column][et_pb_column type=\u00bb1_3&#8243; _builder_version=\u00bb4.27.4&#8243; _module_preset=\u00bbdefault\u00bb transform_scale_last_edited=\u00bboff|desktop\u00bb transform_translate_tablet=\u00bb0px|0em\u00bb transform_translate_phone=\u00bb0px|0em\u00bb transform_translate_last_edited=\u00bboff|desktop\u00bb transform_rotate_last_edited=\u00bboff|desktop\u00bb transform_skew_last_edited=\u00bboff|desktop\u00bb transform_origin_last_edited=\u00bboff|desktop\u00bb custom_padding=\u00bb||30px||false|false\u00bb border_radii=\u00bbon|10px|10px|10px|10px\u00bb box_shadow_style=\u00bbpreset2&#8243; box_shadow_color=\u00bbrgba(0,0,0,0.16)\u00bb global_colors_info=\u00bb{}\u00bb transform_styles__hover_enabled=\u00bboff|desktop\u00bb transform_scale__hover_enabled=\u00bboff|desktop\u00bb transform_translate__hover_enabled=\u00bboff|desktop\u00bb transform_rotate__hover_enabled=\u00bboff|desktop\u00bb transform_skew__hover_enabled=\u00bboff|desktop\u00bb transform_origin__hover_enabled=\u00bboff|desktop\u00bb][et_pb_image src=\u00bbhttps:\/\/tonga-schools.eu\/wp-content\/uploads\/2024\/12\/Toolkit-Subcapitulo-j-b.Sobre-las-celebraciones-escolares.webp\u00bb alt=\u00bbToolkit &#8211; Subcap\u00edtulo j -b.Sobre las celebraciones escolares\u00bb title_text=\u00bbToolkit &#8211; Subcap\u00edtulo j -b.Sobre las celebraciones escolares\u00bb admin_label=\u00bbImage\u00bb _builder_version=\u00bb4.27.4&#8243; _module_preset=\u00bbdefault\u00bb locked=\u00bboff\u00bb global_colors_info=\u00bb{}\u00bb][\/et_pb_image][et_pb_heading title=\u00bbSobre las celebraciones escolares\u00bb _builder_version=\u00bb4.27.4&#8243; _module_preset=\u00bbdefault\u00bb title_level=\u00bbh4&#8243; title_font=\u00bb&#8211;et_global_heading_font|700|||||||\u00bb title_text_align=\u00bbcenter\u00bb title_text_color=\u00bb#0f0c07&#8243; title_font_size=\u00bb24px\u00bb global_colors_info=\u00bb{}\u00bb][\/et_pb_heading][et_pb_button button_url=\u00bb\/wp-content\/uploads\/2024\/12\/Toolkit-Subcapitulo-j-b.Sobre-las-celebraciones-escolares.pdf\u00bb url_new_window=\u00bbon\u00bb button_text=\u00bbDescarga el PDF\u00bb button_alignment=\u00bbcenter\u00bb _builder_version=\u00bb4.27.4&#8243; _module_preset=\u00bbdefault\u00bb custom_button=\u00bbon\u00bb button_text_size=\u00bb18px\u00bb button_text_color=\u00bb#FFFFFF\u00bb button_bg_color=\u00bb#285299&#8243; button_border_width=\u00bb1px\u00bb button_border_color=\u00bb#285299&#8243; button_border_radius=\u00bb5px\u00bb button_font=\u00bbHelvetica Neue Regular|500|||||||\u00bb button_icon=\u00bb&#x35;||divi||400&#8243; button_icon_color=\u00bb#285299&#8243; background_layout=\u00bbdark\u00bb custom_padding=\u00bb16px|32px|16px|32px|true|true\u00bb hover_enabled=\u00bb0&#8243; global_colors_info=\u00bb{}\u00bb button_text_color__hover_enabled=\u00bbon|hover\u00bb button_text_color__hover=\u00bb#285299&#8243; button_bg_color__hover_enabled=\u00bbon|hover\u00bb button_bg_color__hover=\u00bb#FFFFFF\u00bb button_bg_enable_color__hover=\u00bbon\u00bb sticky_enabled=\u00bb0&#8243;][\/et_pb_button][\/et_pb_column][et_pb_column type=\u00bb1_3&#8243; _builder_version=\u00bb4.27.4&#8243; _module_preset=\u00bbdefault\u00bb global_colors_info=\u00bb{}\u00bb][\/et_pb_column][\/et_pb_row][et_pb_row column_structure=\u00bb1_2,1_2&#8243; _builder_version=\u00bb4.27.0&#8243; _module_preset=\u00bbdefault\u00bb global_colors_info=\u00bb{}\u00bb][et_pb_column type=\u00bb1_2&#8243; _builder_version=\u00bb4.27.0&#8243; _module_preset=\u00bbdefault\u00bb global_colors_info=\u00bb{}\u00bb][et_pb_button button_url=\u00bbhttps:\/\/tonga-schools.eu\/es\/herramientas-clave\/\u00bb button_text=\u00bbRegrese a los cap\u00edtulos principales de las herramientas clave\u00bb button_alignment=\u00bbcenter\u00bb _builder_version=\u00bb4.27.4&#8243; _module_preset=\u00bbdefault\u00bb custom_button=\u00bbon\u00bb button_text_size=\u00bb18px\u00bb button_text_color=\u00bb#285299&#8243; button_bg_color=\u00bb#FFFFFF\u00bb button_border_width=\u00bb1px\u00bb button_border_color=\u00bb#285299&#8243; button_border_radius=\u00bb5px\u00bb button_font=\u00bbHelvetica Neue Regular|500|||||||\u00bb button_icon=\u00bb&#x35;||divi||400&#8243; button_icon_color=\u00bb#FFFFFF\u00bb background_layout=\u00bbdark\u00bb custom_padding=\u00bb16px|32px|16px|32px|true|true\u00bb hover_enabled=\u00bb0&#8243; global_colors_info=\u00bb{}\u00bb button_text_color__hover_enabled=\u00bbon|hover\u00bb button_text_color__hover=\u00bb#FFFFFF\u00bb button_bg_color__hover_enabled=\u00bbon|hover\u00bb button_bg_color__hover=\u00bb#285299&#8243; button_bg_enable_color__hover=\u00bbon\u00bb sticky_enabled=\u00bb0&#8243;][\/et_pb_button][\/et_pb_column][et_pb_column type=\u00bb1_2&#8243; _builder_version=\u00bb4.27.0&#8243; _module_preset=\u00bbdefault\u00bb global_colors_info=\u00bb{}\u00bb][et_pb_button button_url=\u00bb\/es\/para-escuelas\/herramientas-clave-capitulo-b-lenguas-son-importanta\/\u00bb button_text=\u00bbVolver al cap\u00edtulo B &#8211; Lenguas son importanta\u00bb button_alignment=\u00bbcenter\u00bb _builder_version=\u00bb4.27.4&#8243; _module_preset=\u00bbdefault\u00bb custom_button=\u00bbon\u00bb button_text_size=\u00bb18px\u00bb button_text_color=\u00bb#285299&#8243; button_bg_color=\u00bb#FFFFFF\u00bb button_border_width=\u00bb1px\u00bb button_border_color=\u00bb#285299&#8243; button_border_radius=\u00bb5px\u00bb button_font=\u00bbHelvetica Neue Regular|500|||||||\u00bb button_icon=\u00bb&#x35;||divi||400&#8243; button_icon_color=\u00bb#FFFFFF\u00bb background_layout=\u00bbdark\u00bb custom_padding=\u00bb16px|32px|16px|32px|true|true\u00bb global_colors_info=\u00bb{}\u00bb button_text_color__hover_enabled=\u00bbon|hover\u00bb button_text_color__hover=\u00bb#FFFFFF\u00bb button_bg_color__hover_enabled=\u00bbon|hover\u00bb button_bg_color__hover=\u00bb#285299&#8243; button_bg_enable_color__hover=\u00bbon\u00bb][\/et_pb_button][\/et_pb_column][\/et_pb_row][\/et_pb_section]<\/p>\n","protected":false},"excerpt":{"rendered":"<p>En todas las escuelas, se proporciona informaci\u00f3n a los padres mediante varios formularios y documentos. Es importante para una buena comunicaci\u00f3n que los padres comprendan lo que se les est\u00e1 preguntando y lo que est\u00e1 sucediendo en la escuela.Otros documentos<\/p>\n","protected":false},"author":2,"featured_media":0,"parent":3280,"menu_order":4,"comment_status":"closed","ping_status":"closed","template":"","meta":{"_et_pb_use_builder":"on","_et_pb_old_content":"","_et_gb_content_width":"","footnotes":""},"class_list":["post-3506","page","type-page","status-publish","hentry"],"_links":{"self":[{"href":"https:\/\/tonga-schools.eu\/es\/wp-json\/wp\/v2\/pages\/3506","targetHints":{"allow":["GET"]}}],"collection":[{"href":"https:\/\/tonga-schools.eu\/es\/wp-json\/wp\/v2\/pages"}],"about":[{"href":"https:\/\/tonga-schools.eu\/es\/wp-json\/wp\/v2\/types\/page"}],"author":[{"embeddable":true,"href":"https:\/\/tonga-schools.eu\/es\/wp-json\/wp\/v2\/users\/2"}],"replies":[{"embeddable":true,"href":"https:\/\/tonga-schools.eu\/es\/wp-json\/wp\/v2\/comments?post=3506"}],"version-history":[{"count":7,"href":"https:\/\/tonga-schools.eu\/es\/wp-json\/wp\/v2\/pages\/3506\/revisions"}],"predecessor-version":[{"id":7401,"href":"https:\/\/tonga-schools.eu\/es\/wp-json\/wp\/v2\/pages\/3506\/revisions\/7401"}],"up":[{"embeddable":true,"href":"https:\/\/tonga-schools.eu\/es\/wp-json\/wp\/v2\/pages\/3280"}],"wp:attachment":[{"href":"https:\/\/tonga-schools.eu\/es\/wp-json\/wp\/v2\/media?parent=3506"}],"curies":[{"name":"wp","href":"https:\/\/api.w.org\/{rel}","templated":true}]}}