{"id":5909,"date":"2025-03-30T09:46:07","date_gmt":"2025-03-30T07:46:07","guid":{"rendered":"https:\/\/tonga-schools.eu\/cadre-de-travail\/"},"modified":"2025-04-24T16:15:47","modified_gmt":"2025-04-24T14:15:47","slug":"marco","status":"publish","type":"page","link":"https:\/\/tonga-schools.eu\/es\/marco\/","title":{"rendered":"Marco"},"content":{"rendered":"<p>[et_pb_section fb_built=\u00bb1&#8243; fullwidth=\u00bbon\u00bb _builder_version=\u00bb4.27.4&#8243; _module_preset=\u00bbdefault\u00bb background_color=\u00bb#f6f2ed\u00bb min_height=\u00bb556px\u00bb locked=\u00bboff\u00bb global_colors_info=\u00bb{}\u00bb][et_pb_fullwidth_header title=\u00bbHerramientas Tonga School\u00bb subhead=\u00bbNuestra caja de herramientas para el personal escolar\u00bb header_image_url=\u00bbhttps:\/\/tonga-schools.eu\/wp-content\/uploads\/2025\/03\/Copie-de-Why-Tonga-16.png\u00bb module_id=\u00bbheader-text\u00bb _builder_version=\u00bb4.27.4&#8243; _module_preset=\u00bbdefault\u00bb title_font=\u00bbHelvetica Neue Regular|700||on|||||\u00bb title_text_align=\u00bbleft\u00bb title_font_size=\u00bb16px\u00bb content_font=\u00bbHelvetica Neue Regular||||||||\u00bb content_text_align=\u00bbleft\u00bb content_text_color=\u00bbrgba(15,12,7,0.8)\u00bb subhead_font=\u00bbHelvetica Neue Regular|900|||||||\u00bb subhead_text_align=\u00bbleft\u00bb subhead_text_color=\u00bb#0f0c07&#8243; subhead_font_size=\u00bb40px\u00bb subhead_line_height=\u00bb1.1em\u00bb background_color=\u00bb#f6f2ed\u00bb custom_button_one=\u00bbon\u00bb button_one_text_size=\u00bb18px\u00bb button_one_text_color=\u00bb#FFFFFF\u00bb button_one_bg_color=\u00bb#d44d46&#8243; button_one_border_width=\u00bb1px\u00bb button_one_border_color=\u00bb#d44d46&#8243; button_one_border_radius=\u00bb5px\u00bb button_one_font=\u00bbHelvetica Neue Regular|500|||||||\u00bb button_one_icon=\u00bb&#x35;||divi||400&#8243; button_one_icon_color=\u00bb#d44d46&#8243; button_one_custom_margin=\u00bb30px||||false|false\u00bb button_one_custom_padding=\u00bb16px|32px|16px|32px|true|true\u00bb custom_button_two=\u00bbon\u00bb button_two_text_size=\u00bb18px\u00bb button_two_text_color=\u00bb#FFFFFF\u00bb button_two_bg_color=\u00bb#4746d4&#8243; button_two_border_width=\u00bb1px\u00bb button_two_border_color=\u00bb#4746d4&#8243; button_two_border_radius=\u00bb5px\u00bb button_two_font=\u00bbHelvetica Neue Regular|500|||||||\u00bb button_two_icon=\u00bb&#x35;||divi||400&#8243; button_two_icon_color=\u00bb#4746d4&#8243; button_two_custom_padding=\u00bb16px|32px|16px|32px|true|true\u00bb custom_css_title=\u00bbpadding-bottom: 20px;\u00bb custom_css_subtitle=\u00bbpadding-bottom: 30px;\u00bb global_colors_info=\u00bb{}\u00bb button_one_text_color__hover_enabled=\u00bbon|hover\u00bb button_one_text_color__hover=\u00bb#d44d46&#8243; button_one_bg_color__hover_enabled=\u00bbon|hover\u00bb button_one_bg_color__hover=\u00bb#FFFFFF\u00bb button_one_bg_enable_color__hover=\u00bbon\u00bb button_two_text_color__hover_enabled=\u00bbon|hover\u00bb button_two_text_color__hover=\u00bb#4746d4&#8243; button_two_bg_color__hover_enabled=\u00bbon|hover\u00bb button_two_bg_color__hover=\u00bb#FFFFFF\u00bb button_two_bg_enable_color__hover=\u00bbon\u00bb]<\/p>\n<p>Descubre nuestro marco de trabajo: un marco te\u00f3rico que ofrece mucha informaci\u00f3n sobre la comunicaci\u00f3n entre las familias y la escuela, as\u00ed como sobre el modo en que los ni\u00f1os crecen con varias lenguas. Escrito en un lenguaje sencillo, se basa en la investigaci\u00f3n. Tambi\u00e9n encontrar\u00e1s una bibliograf\u00eda.<\/p>\n<p>[\/et_pb_fullwidth_header][\/et_pb_section][et_pb_section fb_built=\u00bb1&#8243; _builder_version=\u00bb4.27.4&#8243; _module_preset=\u00bbdefault\u00bb custom_padding=\u00bb2px|||||\u00bb global_colors_info=\u00bb{}\u00bb][et_pb_row column_structure=\u00bb1_2,1_2&#8243; use_custom_gutter=\u00bbon\u00bb gutter_width=\u00bb1&#8243; make_equal=\u00bbon\u00bb _builder_version=\u00bb4.27.4&#8243; _module_preset=\u00bbdefault\u00bb width=\u00bb100%\u00bb width_tablet=\u00bb80%\u00bb width_last_edited=\u00bboff|desktop\u00bb max_width=\u00bb100%\u00bb custom_padding=\u00bb0px||0px||true|false\u00bb locked=\u00bboff\u00bb global_colors_info=\u00bb{}\u00bb][et_pb_column type=\u00bb1_2&#8243; _builder_version=\u00bb4.27.0&#8243; _module_preset=\u00bbdefault\u00bb background_color=\u00bb#FFFFFF\u00bb custom_padding=\u00bb60px|90px|60px|90px|true|true\u00bb custom_padding_tablet=\u00bb|30px||30px|false|true\u00bb custom_padding_phone=\u00bb|30px||30px|false|true\u00bb custom_padding_last_edited=\u00bbon|desktop\u00bb global_colors_info=\u00bb{}\u00bb][et_pb_text _builder_version=\u00bb4.27.4&#8243; _module_preset=\u00bbdefault\u00bb text_font=\u00bbHelvetica Neue Regular||||||||\u00bb text_text_color=\u00bbrgba(15,12,7,0.8)\u00bb header_2_font=\u00bbHelvetica Neue Regular|800|||||||\u00bb header_2_text_align=\u00bbleft\u00bb header_2_text_color=\u00bb#285299&#8243; header_2_font_size=\u00bb46px\u00bb header_2_line_height=\u00bb1.1em\u00bb custom_margin=\u00bb||30px||false|false\u00bb global_colors_info=\u00bb{}\u00bb]<\/p>\n<h2>Marco<\/h2>\n<p>Descubra nuestro nuevo marco y kit de herramientas, dise\u00f1ados para agilizar la comunicaci\u00f3n y colaboraci\u00f3n dentro de las escuelas y mejorar su participaci\u00f3n en la Red de Escuelas de Tonga.<\/p>\n<p>[\/et_pb_text][et_pb_button button_url=\u00bbhttps:\/\/tonga-schools.eu\/wp-content\/uploads\/2025\/02\/FRAMEWORK_Spanish.pdf\u00bb url_new_window=\u00bbon\u00bb button_text=\u00bbDescargue nuestro marco\u00bb button_alignment=\u00bbleft\u00bb _builder_version=\u00bb4.27.4&#8243; _module_preset=\u00bbdefault\u00bb custom_button=\u00bbon\u00bb button_text_size=\u00bb18px\u00bb button_text_color=\u00bb#FFFFFF\u00bb button_bg_color=\u00bb#285299&#8243; button_border_width=\u00bb1px\u00bb button_border_color=\u00bb#285299&#8243; button_border_radius=\u00bb5px\u00bb button_font=\u00bbHelvetica Neue Regular|500|||||||\u00bb button_icon=\u00bb&#x35;||divi||400&#8243; button_icon_color=\u00bb#4746d4&#8243; background_layout=\u00bbdark\u00bb custom_padding=\u00bb16px|32px|16px|32px|true|true\u00bb hover_enabled=\u00bb0&#8243; global_colors_info=\u00bb{}\u00bb button_text_color__hover_enabled=\u00bbon|hover\u00bb button_text_color__hover=\u00bb#285299&#8243; button_bg_color__hover_enabled=\u00bbon|desktop\u00bb button_bg_color__hover=\u00bb#FFFFFF\u00bb button_bg_enable_color__hover=\u00bbon\u00bb sticky_enabled=\u00bb0&#8243;][\/et_pb_button][\/et_pb_column][et_pb_column type=\u00bb1_2&#8243; _builder_version=\u00bb4.27.4&#8243; _module_preset=\u00bbdefault\u00bb background_color=\u00bb#bebe5e\u00bb transform_scale_last_edited=\u00bboff|desktop\u00bb transform_translate_tablet=\u00bb0px|0em\u00bb transform_translate_phone=\u00bb0px|0em\u00bb transform_translate_last_edited=\u00bboff|desktop\u00bb transform_rotate_last_edited=\u00bboff|desktop\u00bb transform_skew_last_edited=\u00bboff|desktop\u00bb transform_origin_last_edited=\u00bboff|desktop\u00bb transform_styles_last_edited=\u00bboff|desktop\u00bb custom_padding=\u00bb60px|90px|60px|90px|true|true\u00bb custom_padding_tablet=\u00bb|30px||30px|true|true\u00bb custom_padding_phone=\u00bb|30px||30px|true|true\u00bb custom_padding_last_edited=\u00bbon|desktop\u00bb global_colors_info=\u00bb{}\u00bb transform_styles__hover_enabled=\u00bboff|desktop\u00bb transform_scale__hover_enabled=\u00bboff|desktop\u00bb transform_translate__hover_enabled=\u00bboff|desktop\u00bb transform_rotate__hover_enabled=\u00bboff|desktop\u00bb transform_skew__hover_enabled=\u00bboff|desktop\u00bb transform_origin__hover_enabled=\u00bboff|desktop\u00bb][et_pb_image src=\u00bbhttps:\/\/tonga-schools.eu\/wp-content\/uploads\/2024\/12\/Toolkit-Presentacion-e1743668855879.webp\u00bb alt=\u00bbToolkit &#8211; Presentaci\u00f3n\u00bb title_text=\u00bbToolkit &#8211; Presentaci\u00f3n\u00bb align=\u00bbcenter\u00bb _builder_version=\u00bb4.27.4&#8243; _module_preset=\u00bbdefault\u00bb global_colors_info=\u00bb{}\u00bb][\/et_pb_image][\/et_pb_column][\/et_pb_row][\/et_pb_section]<\/p>\n","protected":false},"excerpt":{"rendered":"<p>Descubre nuestro marco de trabajo: un marco te\u00f3rico que ofrece mucha informaci\u00f3n sobre la comunicaci\u00f3n entre las familias y la escuela, as\u00ed como sobre el modo en que los ni\u00f1os crecen con varias lenguas. Escrito en un lenguaje sencillo, se basa en la investigaci\u00f3n. Tambi\u00e9n encontrar\u00e1s una bibliograf\u00eda.Marco Descubra nuestro nuevo marco y kit de [&hellip;]<\/p>\n","protected":false},"author":2,"featured_media":0,"parent":0,"menu_order":0,"comment_status":"closed","ping_status":"closed","template":"","meta":{"_et_pb_use_builder":"on","_et_pb_old_content":"","_et_gb_content_width":"","footnotes":""},"class_list":["post-5909","page","type-page","status-publish","hentry"],"_links":{"self":[{"href":"https:\/\/tonga-schools.eu\/es\/wp-json\/wp\/v2\/pages\/5909","targetHints":{"allow":["GET"]}}],"collection":[{"href":"https:\/\/tonga-schools.eu\/es\/wp-json\/wp\/v2\/pages"}],"about":[{"href":"https:\/\/tonga-schools.eu\/es\/wp-json\/wp\/v2\/types\/page"}],"author":[{"embeddable":true,"href":"https:\/\/tonga-schools.eu\/es\/wp-json\/wp\/v2\/users\/2"}],"replies":[{"embeddable":true,"href":"https:\/\/tonga-schools.eu\/es\/wp-json\/wp\/v2\/comments?post=5909"}],"version-history":[{"count":11,"href":"https:\/\/tonga-schools.eu\/es\/wp-json\/wp\/v2\/pages\/5909\/revisions"}],"predecessor-version":[{"id":7390,"href":"https:\/\/tonga-schools.eu\/es\/wp-json\/wp\/v2\/pages\/5909\/revisions\/7390"}],"wp:attachment":[{"href":"https:\/\/tonga-schools.eu\/es\/wp-json\/wp\/v2\/media?parent=5909"}],"curies":[{"name":"wp","href":"https:\/\/api.w.org\/{rel}","templated":true}]}}