{"id":6375,"date":"2023-12-01T05:19:03","date_gmt":"2023-12-01T04:19:03","guid":{"rendered":"https:\/\/tonga-schools.eu\/charte-de-confidentialite\/"},"modified":"2025-04-04T06:54:46","modified_gmt":"2025-04-04T06:54:46","slug":"politica-de-privacidad","status":"publish","type":"page","link":"https:\/\/tonga-schools.eu\/es\/politica-de-privacidad\/","title":{"rendered":"Pol\u00edtica de privacidad"},"content":{"rendered":"<p>[et_pb_section fb_built=\u00bb1&#8243; fullwidth=\u00bbon\u00bb _builder_version=\u00bb4.23.1&#8243; _module_preset=\u00bbdefault\u00bb background_color=\u00bb#f6f2ed\u00bb locked=\u00bboff\u00bb global_colors_info=\u00bb{}\u00bb][et_pb_fullwidth_header title=\u00bbEscuela Tonga   \u00bb subhead=\u00bbPol\u00edtica de privacidad   \u00bb header_image_url=\u00bbhttps:\/\/tonga-schools.eu\/wp-content\/uploads\/2025\/03\/Untitled-design-9.png\u00bb module_id=\u00bbheader-text\u00bb _builder_version=\u00bb4.27.4&#8243; _module_preset=\u00bbdefault\u00bb title_font=\u00bbHelvetica Neue Regular|700||on|||||\u00bb title_text_align=\u00bbleft\u00bb title_font_size=\u00bb16px\u00bb content_font=\u00bbHelvetica Neue Regular||||||||\u00bb content_text_align=\u00bbleft\u00bb content_text_color=\u00bb#000000&#8243; subhead_font=\u00bbHelvetica Neue Regular|900|||||||\u00bb subhead_text_align=\u00bbleft\u00bb subhead_text_color=\u00bb#0f0c07&#8243; subhead_font_size=\u00bb40px\u00bb subhead_line_height=\u00bb1.1em\u00bb background_color=\u00bb#f6f2ed\u00bb custom_button_one=\u00bbon\u00bb button_one_text_size=\u00bb18px\u00bb button_one_text_color=\u00bb#FFFFFF\u00bb button_one_bg_color=\u00bb#d44d46&#8243; button_one_border_width=\u00bb1px\u00bb button_one_border_color=\u00bb#d44d46&#8243; button_one_border_radius=\u00bb5px\u00bb button_one_font=\u00bbHelvetica Neue Regular|500|||||||\u00bb button_one_icon=\u00bb&#x35;||divi||400&#8243; button_one_icon_color=\u00bb#d44d46&#8243; button_one_custom_margin=\u00bb30px||||false|false\u00bb button_one_custom_padding=\u00bb16px|32px|16px|32px|true|true\u00bb custom_button_two=\u00bbon\u00bb button_two_text_size=\u00bb18px\u00bb button_two_text_color=\u00bb#FFFFFF\u00bb button_two_bg_color=\u00bb#4746d4&#8243; button_two_border_width=\u00bb1px\u00bb button_two_border_color=\u00bb#4746d4&#8243; button_two_border_radius=\u00bb5px\u00bb button_two_font=\u00bbHelvetica Neue Regular|500|||||||\u00bb button_two_icon=\u00bb&#x35;||divi||400&#8243; button_two_icon_color=\u00bb#4746d4&#8243; button_two_custom_padding=\u00bb16px|32px|16px|32px|true|true\u00bb custom_css_title=\u00bbpadding-bottom: 20px;\u00bb custom_css_subtitle=\u00bbpadding-bottom: 30px;\u00bb global_colors_info=\u00bb{}\u00bb button_one_text_color__hover_enabled=\u00bbon|hover\u00bb button_one_text_color__hover=\u00bb#d44d46&#8243; button_one_bg_color__hover_enabled=\u00bbon|hover\u00bb button_one_bg_color__hover=\u00bb#FFFFFF\u00bb button_one_bg_enable_color__hover=\u00bbon\u00bb button_two_text_color__hover_enabled=\u00bbon|hover\u00bb button_two_text_color__hover=\u00bb#4746d4&#8243; button_two_bg_color__hover_enabled=\u00bbon|hover\u00bb button_two_bg_color__hover=\u00bb#FFFFFF\u00bb button_two_bg_enable_color__hover=\u00bbon\u00bb]<\/p>\n<h4><\/h4>\n<p>&nbsp;<\/p>\n<p>[\/et_pb_fullwidth_header][\/et_pb_section][et_pb_section fb_built=\u00bb1&#8243; _builder_version=\u00bb4.16&#8243; global_colors_info=\u00bb{}\u00bb][et_pb_row _builder_version=\u00bb4.16&#8243; background_size=\u00bbinitial\u00bb background_position=\u00bbtop_left\u00bb background_repeat=\u00bbrepeat\u00bb global_colors_info=\u00bb{}\u00bb][et_pb_column type=\u00bb4_4&#8243; _builder_version=\u00bb4.16&#8243; custom_padding=\u00bb|||\u00bb global_colors_info=\u00bb{}\u00bb custom_padding__hover=\u00bb|||\u00bb][et_pb_text _builder_version=\u00bb4.27.4&#8243; header_2_text_color=\u00bb#285299&#8243; background_size=\u00bbinitial\u00bb background_position=\u00bbtop_left\u00bb background_repeat=\u00bbrepeat\u00bb global_colors_info=\u00bb{}\u00bb]<\/p>\n<h2>Declaraci\u00f3n de protecci\u00f3n de datos<\/h2>\n<ul>\n<li>Con la presente declaraci\u00f3n de protecci\u00f3n de datos, &#8211; Association pour la Promotion et l&#8217;Avancement du Multilinguisme (en lo sucesivo, \u00abnosotros\u00bb o \u00abnos\u00bb) desea informar a los usuarios del sitio web https:\/\/tonga-schools.eu\/ de la finalidad, la forma y el alcance del tratamiento de los datos personales.<\/li>\n<li>Nuestro sitio y nuestros servicios est\u00e1n en constante evoluci\u00f3n. Por consiguiente, esta informaci\u00f3n sobre la confidencialidad de los datos se modifica y actualiza peri\u00f3dicamente.<\/li>\n<li>En general, es posible navegar por nuestro sitio web sin facilitar ning\u00fan dato personal.<\/li>\n<li>Unas palabras para las personas que utilizan nuestros servicios fuera de la Uni\u00f3n Europea: A.P.A.M. ofrece servicios en l\u00ednea a nivel internacional. No se limita a Francia y a la Comunidad Europea.<\/li>\n<li>Nuestros clientes se encuentran en todo el mundo.<\/li>\n<li>Recurrimos a varios proveedores de servicios fuera de la Uni\u00f3n Europea, en particular en Estados Unidos.<\/li>\n<li>Nos preocupamos de aplicar las medidas exigidas por la legislaci\u00f3n europea en materia de protecci\u00f3n de datos para garantizar un nivel adecuado de protecci\u00f3n de los datos.<\/li>\n<\/ul>\n<p>&nbsp;<\/p>\n<p>&nbsp;<\/p>\n<p>&nbsp;<\/p>\n<p>[\/et_pb_text][\/et_pb_column][\/et_pb_row][et_pb_row _builder_version=\u00bb4.27.4&#8243; _module_preset=\u00bbdefault\u00bb global_colors_info=\u00bb{}\u00bb][et_pb_column type=\u00bb4_4&#8243; _builder_version=\u00bb4.27.4&#8243; _module_preset=\u00bbdefault\u00bb global_colors_info=\u00bb{}\u00bb][et_pb_text _builder_version=\u00bb4.27.4&#8243; _module_preset=\u00bbdefault\u00bb header_2_text_color=\u00bb#285299&#8243; header_3_text_color=\u00bb#285299&#8243; global_colors_info=\u00bb{}\u00bb]<\/p>\n<h2><strong>Tratamiento de datos personales<\/strong><br \/>Almacenamiento de cookies<\/h2>\n<ul>\n<li>Las cookies son peque\u00f1os archivos de texto que se almacenan generalmente en el navegador del terminal del usuario de L&#8217;A.P.A.M. durante la sesi\u00f3n en curso, es decir, hasta el final de la navegaci\u00f3n, y a veces durante un per\u00edodo m\u00e1s largo.\n<ul>\n<li>Nos gustar\u00eda informarle con antelaci\u00f3n.<\/li>\n<li>Puede detener el uso de cookies, pero tenga en cuenta que no podr\u00e1 navegar por nuestro sitio en su totalidad.<\/li>\n<\/ul>\n<\/li>\n<\/ul>\n<p>&nbsp;<\/p>\n<h2 style=\"text-align: center;\"><strong>Utilizamos los servicios de los siguientes terceros:<\/strong><\/h2>\n<p>&nbsp;<\/p>\n<p>[\/et_pb_text][\/et_pb_column][\/et_pb_row][et_pb_row _builder_version=\u00bb4.27.4&#8243; _module_preset=\u00bbdefault\u00bb global_colors_info=\u00bb{}\u00bb][et_pb_column type=\u00bb4_4&#8243; _builder_version=\u00bb4.27.4&#8243; _module_preset=\u00bbdefault\u00bb global_colors_info=\u00bb{}\u00bb][et_pb_accordion _builder_version=\u00bb4.27.4&#8243; _module_preset=\u00bbdefault\u00bb global_colors_info=\u00bb{}\u00bb][et_pb_accordion_item title=\u00bbGoogle\u00bb open=\u00bbon\u00bb _builder_version=\u00bb4.27.4&#8243; _module_preset=\u00bbdefault\u00bb global_colors_info=\u00bb{}\u00bb]<\/p>\n<p>A.P.A.M. utiliza varios servicios prestados por la empresa estadounidense Google Inc, entre ellos Googe Analytics, Google + y Google reCaptcha.<\/p>\n<p>&nbsp;<\/p>\n<p>[\/et_pb_accordion_item][et_pb_accordion_item title=\u00bbGoogle Analytics\u00bb _builder_version=\u00bb4.27.4&#8243; _module_preset=\u00bbdefault\u00bb global_colors_info=\u00bb{}\u00bb open=\u00bboff\u00bb]<\/p>\n<ul>\n<li>Utilizamos Google Analytics para A.P.A.M.<\/li>\n<li>Google Analytics nos permite determinar el n\u00famero de visitantes de nuestro sitio y comprender mejor c\u00f3mo nos encuentran y c\u00f3mo navegan por nuestro sitio.<\/li>\n<li>Google Analytics es un servicio de an\u00e1lisis web prestado por Google Inc (\u00abGoogle\u00bb). En este contexto, las cookies se almacenan en el terminal del visitante o usuario de la A.P.A.M. para permitir un an\u00e1lisis del uso del sitio. La informaci\u00f3n generada por la cookie se transfiere a un servidor de Google en Estados Unidos, donde se almacena.<\/li>\n<li>Puede evitar el uso de cookies ajustando la configuraci\u00f3n de su navegador. Tenga en cuenta, sin embargo, que si lo hace es posible que no pueda utilizar todas las funciones de este sitio web en toda su extensi\u00f3n. Puede oponerse en cualquier momento a la recogida y almacenamiento de su direcci\u00f3n IP y de los datos generados por las cookies, con efecto para el futuro.<\/li>\n<li><strong>Para ello, utilice el siguiente complemento del navegador: http:\/\/tools.google.com\/dlpage\/gaoptout?hl=fr.<\/strong><\/li>\n<\/ul>\n<p>[\/et_pb_accordion_item][et_pb_accordion_item title=\u00bbGoogle reCaptcha\u00bb _builder_version=\u00bb4.27.4&#8243; _module_preset=\u00bbdefault\u00bb global_colors_info=\u00bb{}\u00bb open=\u00bboff\u00bb]<\/p>\n<ul>\n<li>Utilizamos el servicio reCAPTCHA de Google Inc (Google) para proteger las entradas en los formularios del sitio. Este servicio se utiliza para diferenciar las entradas realizadas por un ser humano de los abusos automatizados. Esto implica el env\u00edo de la direcci\u00f3n IP y posiblemente otros datos requeridos por Google para el servicio reCAPTCHA. Para ello, sus datos ser\u00e1n comunicados a Google y utilizados por sus servicios. No obstante, su direcci\u00f3n IP ser\u00e1 acortada previamente por Google en los<\/li>\n<li>Estados miembros de la Uni\u00f3n Europea -o en otros pa\u00edses que formen parte del Acuerdo sobre el Espacio Econ\u00f3mico Europeo- y quedar\u00e1 as\u00ed anonimizada. En casos excepcionales, su direcci\u00f3n IP completa ser\u00e1 transmitida a un servidor de Google en los EE.UU. y posteriormente acortada. Google utilizar\u00e1 esta informaci\u00f3n con el fin de evaluar su uso del servicio en nombre del operador del sitio web. La direcci\u00f3n IP proporcionada por reCAPTCHA a trav\u00e9s de su navegador no se fusionar\u00e1 con otros datos de Google. Esta recopilaci\u00f3n de datos est\u00e1 sujeta a la Pol\u00edtica de Privacidad de Google.<\/li>\n<li><strong>Para obtener m\u00e1s informaci\u00f3n sobre la pol\u00edtica de privacidad de Google, visite esta p\u00e1gina: https:\/\/www.google.com\/intl\/en\/policies\/privacy\/.<\/strong><\/li>\n<\/ul>\n<p>[\/et_pb_accordion_item][et_pb_accordion_item title=\u00bb Facebook\u00bb _builder_version=\u00bb4.27.4&#8243; _module_preset=\u00bbdefault\u00bb global_colors_info=\u00bb{}\u00bb open=\u00bboff\u00bb]<\/p>\n<ul>\n<li>Nuestro sitio web Escuelas de Tonga utiliza plugins sociales de la red facebook.com, gestionada por Meta &#8211; Facebook Inc (1 Hacker Way, Menlo Park, California 94025, EE.UU.). Los plugins se identifican por el logotipo de Facebook, la insignia de Facebook o las palabras \u00abFacebook Social Plugin\u00bb.<\/li>\n<li>Como resultado de la integraci\u00f3n del plugin, Facebook recibe la informaci\u00f3n de que nuestro sitio en cuesti\u00f3n ha sido visitado por un visitante de las Escuelas Tonga. Si la persona tiene un perfil de Facebook, Facebook puede vincular la visita a la cuenta de Facebook del visitante o al usuario de las Escuelas Tonga mediante la instalaci\u00f3n de cookies o el uso de JavaScript. Si se produce una interacci\u00f3n con el plugin, por ejemplo haciendo clic en el bot\u00f3n \u00abMe gusta\u00bb o introduciendo un comentario, esta informaci\u00f3n es comunicada directamente a Facebook por el navegador, y se almacena all\u00ed.<\/li>\n<li>Puede obtener m\u00e1s informaci\u00f3n sobre la finalidad y el alcance de la recopilaci\u00f3n de datos, su posterior procesamiento y uso por parte de Facebook, as\u00ed como sobre sus derechos y opciones de protecci\u00f3n de la privacidad, consultando la Pol\u00edtica de uso de datos de Facebook.<\/li>\n<li><strong>Consulta su pol\u00edtica de privacidad de datos aqu\u00ed: https:\/\/fr-fr.facebook.com\/privacy\/explanation.<\/strong><\/li>\n<\/ul>\n<p>[\/et_pb_accordion_item][et_pb_accordion_item title=\u00bbLinkedIn\u00bb _builder_version=\u00bb4.27.4&#8243; _module_preset=\u00bbdefault\u00bb global_colors_info=\u00bb{}\u00bb open=\u00bboff\u00bb]<\/p>\n<ul>\n<li>Nuestro sitio web Escuelas de Tonga utiliza plugins sociales de la red linkedin.com, operada por LinkedIn (Mountain View, California, EE.UU.). Los plugins se identifican por el logotipo de Linkedin.<\/li>\n<li>Como resultado de la integraci\u00f3n del plugin, LinkedIn recibe informaci\u00f3n de que nuestro sitio en cuesti\u00f3n ha sido visto por un visitante de Escuelas Tonga. Si se produce una interacci\u00f3n con el plugin, esta informaci\u00f3n es comunicada directamente a LinkedIn por el navegador, y almacenada all\u00ed.<\/li>\n<li><strong>Consulte su pol\u00edtica de privacidad aqu\u00ed: https:\/\/www.linkedin.com\/legal\/privacy-policy?trk=uno-reg-guest-home-privacy-policy.<\/strong><\/li>\n<\/ul>\n<p>[\/et_pb_accordion_item][et_pb_accordion_item title=\u00bbPinterest\u00bb _builder_version=\u00bb4.27.4&#8243; _module_preset=\u00bbdefault\u00bb global_colors_info=\u00bb{}\u00bb open=\u00bboff\u00bb]<\/p>\n<ul>\n<li>Nuestro sitio web Escuelas de Tonga utiliza plugins sociales de la red Pinterest.com, operada por la empresa Pinterest. Los plugins se identifican por el logotipo de Pinterest.<\/li>\n<li>Debido a la integraci\u00f3n del plugin, Pinterest recibe informaci\u00f3n de que nuestro sitio en cuesti\u00f3n ha sido visto por un visitante de Escuelas Tonga. Si se produce una interacci\u00f3n con el plugin, esta informaci\u00f3n es comunicada directamente a Pinterest por el navegador, y almacenada all\u00ed.<\/li>\n<li>Consulte su pol\u00edtica de privacidad aqu\u00ed: https:\/\/policy.pinterest.com\/fr\/privacy-policy<span style=\"color: #000000;\"><\/span><\/li>\n<\/ul>\n<ul><\/ul>\n<p>[\/et_pb_accordion_item][et_pb_accordion_item title=\u00bbBolet\u00edn\u00bb _builder_version=\u00bb4.27.4&#8243; _module_preset=\u00bbdefault\u00bb global_colors_info=\u00bb{}\u00bb open=\u00bboff\u00bb]<\/p>\n<h2><\/h2>\n<ul>\n<li>Nuestro bolet\u00edn contiene enlaces y gr\u00e1ficos que nos muestran si el bolet\u00edn se ha abierto en un programa de correo electr\u00f3nico y si se han hecho clic en los enlaces. Esto nos permite mejorar nuestra oferta y garantizar su calidad. Es posible oponerse a este an\u00e1lisis de uso cancelando la suscripci\u00f3n al bolet\u00edn informativo. Encontrar\u00e1 la informaci\u00f3n de cancelaci\u00f3n de suscripci\u00f3n en cada correo electr\u00f3nico del bolet\u00edn.<\/li>\n<\/ul>\n<p>[\/et_pb_accordion_item][et_pb_accordion_item title=\u00bbFormulario de contacto\u00bb _builder_version=\u00bb4.27.4&#8243; _module_preset=\u00bbdefault\u00bb global_colors_info=\u00bb{}\u00bb open=\u00bboff\u00bb]<\/p>\n<h2><\/h2>\n<ul>\n<li>Si se ha puesto en contacto con nosotros a trav\u00e9s del formulario de contacto, los datos que nos haya facilitado se almacenar\u00e1n en nuestro archivo para que podamos dar seguimiento y responder a sus preguntas. No compartiremos la informaci\u00f3n sin su consentimiento ni transferiremos sus datos a terceros.<\/li>\n<li>Sus datos ser\u00e1n recopilados en un correo electr\u00f3nico y se nos enviar\u00e1n a trav\u00e9s de Simple Mail Transfer Protocol (SMTP). El correo electr\u00f3nico es descifrado por nuestros ordenadores y dispositivos locales.<\/li>\n<\/ul>\n<p>[\/et_pb_accordion_item][et_pb_accordion_item title=\u00bbBlog\u00bb _builder_version=\u00bb4.27.4&#8243; _module_preset=\u00bbdefault\u00bb global_colors_info=\u00bb{}\u00bb open=\u00bboff\u00bb]<\/p>\n<h2><\/h2>\n<ul>\n<li>Si decides a\u00f1adir un comentario a uno de nuestros art\u00edculos en desde nuestro blog, tu nombre y direcci\u00f3n de correo electr\u00f3nico acompa\u00f1ar\u00e1n a tu comentario y se insertar\u00e1n en nuestra base de datos. Esta informaci\u00f3n solo se utilizar\u00e1 para identificarle como el autor del comentario en un art\u00edculo de blog y no se transmitir\u00e1 a terceros. Solo tu nombre ser\u00e1 p\u00fablico en la p\u00e1gina p\u00fablica del blog.\n<p>Su comentario y sus datos personales permanecer\u00e1n en el sitio hasta que:<br \/>1) eliminamos el comentario<br \/>2) eliminamos el art\u00edculo del blog.<\/p>\n<p>Si desea que se elimine el comentario y sus datos, env\u00edenos un correo electr\u00f3nico utilizando la direcci\u00f3n de correo electr\u00f3nico que utiliz\u00f3 para comentar.<\/p>\n<p><strong>Si usted es menor de 16 a\u00f1os, DEBE obtener el consentimiento de los padres antes de publicar un comentario en nuestro blog.<\/strong><\/p>\n<\/li>\n<\/ul>\n<p>[\/et_pb_accordion_item][\/et_pb_accordion][\/et_pb_column][\/et_pb_row][et_pb_row column_structure=\u00bb1_2,1_2&#8243; _builder_version=\u00bb4.27.4&#8243; _module_preset=\u00bbdefault\u00bb global_colors_info=\u00bb{}\u00bb][et_pb_column type=\u00bb1_2&#8243; _builder_version=\u00bb4.27.4&#8243; _module_preset=\u00bbdefault\u00bb global_colors_info=\u00bb{}\u00bb][et_pb_text _builder_version=\u00bb4.27.4&#8243; header_2_text_color=\u00bb#285299&#8243; background_size=\u00bbinitial\u00bb background_position=\u00bbtop_left\u00bb background_repeat=\u00bbrepeat\u00bb global_colors_info=\u00bb{}\u00bb]<\/p>\n<ul><\/ul>\n<ul><\/ul>\n<h2>Transmisi\u00f3n de datos<\/h2>\n<p>Los datos de los usuarios de Tonga Schools no se venden a terceros. No revelamos datos personales sin autorizaci\u00f3n, a menos que:<br \/>\u00d8 estamos obligados por ley;<br \/>\u00d8 necesitamos utilizar los servicios de un tercero para prestar nuestros servicios. En este caso, es posible que se compartan los datos.<\/p>\n<p>&nbsp;<\/p>\n<p><strong>Si Tonga Schools fuera adquirida por otra empresa, la informaci\u00f3n sobre sus datos personales podr\u00eda transmitirse a su sucesor legal en el marco de las disposiciones legales en materia de protecci\u00f3n de datos.<\/strong><\/p>\n<p>[\/et_pb_text][\/et_pb_column][et_pb_column type=\u00bb1_2&#8243; _builder_version=\u00bb4.27.4&#8243; _module_preset=\u00bbdefault\u00bb global_colors_info=\u00bb{}\u00bb][et_pb_text _builder_version=\u00bb4.27.4&#8243; header_2_text_color=\u00bb#285299&#8243; background_size=\u00bbinitial\u00bb background_position=\u00bbtop_left\u00bb background_repeat=\u00bbrepeat\u00bb global_colors_info=\u00bb{}\u00bb]<\/p>\n<ul><\/ul>\n<ul><\/ul>\n<h2>Sus derechos<\/h2>\n<p>Con mucho gusto le comunicamos qu\u00e9 datos personales hemos almacenado sobre usted (informaci\u00f3n a las partes interesadas seg\u00fan el art\u00edculo 34 de la BDSG). Esta informaci\u00f3n gratuita se procesa de inmediato y, por regla general, por correo electr\u00f3nico (o por correo postal, previa solicitud). Para obtener informaci\u00f3n detallada, h\u00e1ganos saber qu\u00e9 tipo de datos personales desea consultar. Para asegurarnos de que la persona que presenta la solicitud es quien dice ser, necesitamos una prueba de identidad. Puede ser una copia de un documento oficial. Por favor, ennegrezca los n\u00fameros de serie y pasaporte o aseg\u00farese de que sean ilegibles.<\/p>\n<p>[\/et_pb_text][\/et_pb_column][\/et_pb_row][et_pb_row column_structure=\u00bb1_2,1_2&#8243; _builder_version=\u00bb4.27.4&#8243; _module_preset=\u00bbdefault\u00bb global_colors_info=\u00bb{}\u00bb][et_pb_column type=\u00bb1_2&#8243; _builder_version=\u00bb4.27.4&#8243; _module_preset=\u00bbdefault\u00bb global_colors_info=\u00bb{}\u00bb][et_pb_text _builder_version=\u00bb4.27.4&#8243; header_2_text_color=\u00bb#285299&#8243; background_size=\u00bbinitial\u00bb background_position=\u00bbtop_left\u00bb background_repeat=\u00bbrepeat\u00bb global_colors_info=\u00bb{}\u00bb]<\/p>\n<ul><\/ul>\n<ul><\/ul>\n<h2>Correcci\u00f3n, eliminaci\u00f3n o bloqueo<\/h2>\n<p>Adem\u00e1s, tiene derecho a corregir, eliminar o bloquear sus datos personales. Un interesado puede ponerse en contacto con nosotros en cualquier momento para conocer este derecho y otros derechos de los interesados.<\/p>\n<p>&nbsp;<\/p>\n<p><em>\u00daltima actualizaci\u00f3n: 9 de enero de 2025<\/em><\/p>\n<p>[\/et_pb_text][\/et_pb_column][et_pb_column type=\u00bb1_2&#8243; _builder_version=\u00bb4.27.4&#8243; _module_preset=\u00bbdefault\u00bb global_colors_info=\u00bb{}\u00bb][et_pb_text _builder_version=\u00bb4.27.4&#8243; header_2_text_color=\u00bb#285299&#8243; background_size=\u00bbinitial\u00bb background_position=\u00bbtop_left\u00bb background_repeat=\u00bbrepeat\u00bb global_colors_info=\u00bb{}\u00bb]<\/p>\n<ul><\/ul>\n<ul><\/ul>\n<h2>Modificaci\u00f3n de la declaraci\u00f3n de protecci\u00f3n de datos<\/h2>\n<p>Adaptamos y actualizamos peri\u00f3dicamente la presente informaci\u00f3n sobre protecci\u00f3n de datos. En el caso de cambios significativos que puedan afectar a los derechos de los usuarios de Tonga Schools, notificaremos previamente dichos cambios e informaremos sobre las posibilidades de oposici\u00f3n existentes. Esta informaci\u00f3n se proporciona por escrito (p. ej. por correo electr\u00f3nico).<\/p>\n<p>[\/et_pb_text][\/et_pb_column][\/et_pb_row][\/et_pb_section]<\/p>\n","protected":false},"excerpt":{"rendered":"<p>&nbsp;Declaraci\u00f3n de protecci\u00f3n de datos Con la presente declaraci\u00f3n de protecci\u00f3n de datos, &#8211; Association pour la Promotion et l&#8217;Avancement du Multilinguisme (en lo sucesivo, \u00abnosotros\u00bb o \u00abnos\u00bb) desea informar a los usuarios del sitio web https:\/\/tonga-schools.eu\/ de la finalidad, la forma y el alcance del tratamiento de los datos personales. Nuestro sitio y nuestros [&hellip;]<\/p>\n","protected":false},"author":2,"featured_media":0,"parent":0,"menu_order":10,"comment_status":"closed","ping_status":"closed","template":"","meta":{"_et_pb_use_builder":"on","_et_pb_old_content":"","_et_gb_content_width":"","footnotes":""},"class_list":["post-6375","page","type-page","status-publish","hentry"],"_links":{"self":[{"href":"https:\/\/tonga-schools.eu\/es\/wp-json\/wp\/v2\/pages\/6375","targetHints":{"allow":["GET"]}}],"collection":[{"href":"https:\/\/tonga-schools.eu\/es\/wp-json\/wp\/v2\/pages"}],"about":[{"href":"https:\/\/tonga-schools.eu\/es\/wp-json\/wp\/v2\/types\/page"}],"author":[{"embeddable":true,"href":"https:\/\/tonga-schools.eu\/es\/wp-json\/wp\/v2\/users\/2"}],"replies":[{"embeddable":true,"href":"https:\/\/tonga-schools.eu\/es\/wp-json\/wp\/v2\/comments?post=6375"}],"version-history":[{"count":6,"href":"https:\/\/tonga-schools.eu\/es\/wp-json\/wp\/v2\/pages\/6375\/revisions"}],"predecessor-version":[{"id":6764,"href":"https:\/\/tonga-schools.eu\/es\/wp-json\/wp\/v2\/pages\/6375\/revisions\/6764"}],"wp:attachment":[{"href":"https:\/\/tonga-schools.eu\/es\/wp-json\/wp\/v2\/media?parent=6375"}],"curies":[{"name":"wp","href":"https:\/\/api.w.org\/{rel}","templated":true}]}}