{"id":6415,"date":"2023-10-16T03:40:16","date_gmt":"2023-10-16T01:40:16","guid":{"rendered":"https:\/\/tonga-schools.eu\/mentions-legales\/"},"modified":"2025-04-17T22:15:00","modified_gmt":"2025-04-17T20:15:00","slug":"informacion-juridica","status":"publish","type":"page","link":"https:\/\/tonga-schools.eu\/es\/informacion-juridica\/","title":{"rendered":"Informaci\u00f3n jur\u00eddica"},"content":{"rendered":"<p>[et_pb_section fb_built=\u00bb1&#8243; fullwidth=\u00bbon\u00bb _builder_version=\u00bb4.23.1&#8243; _module_preset=\u00bbdefault\u00bb background_color=\u00bb#f6f2ed\u00bb locked=\u00bboff\u00bb global_colors_info=\u00bb{}\u00bb][et_pb_fullwidth_header title=\u00bbEscuela Tonga\u00bb subhead=\u00bbInformaci\u00f3n jur\u00eddica\u00bb header_image_url=\u00bbhttps:\/\/tonga-schools.eu\/wp-content\/uploads\/2025\/03\/Untitled-design-9.png\u00bb module_id=\u00bbheader-text\u00bb _builder_version=\u00bb4.27.4&#8243; _module_preset=\u00bbdefault\u00bb title_font=\u00bbHelvetica Neue Regular|700||on|||||\u00bb title_text_align=\u00bbleft\u00bb title_font_size=\u00bb16px\u00bb content_font=\u00bbHelvetica Neue Regular||||||||\u00bb content_text_align=\u00bbleft\u00bb content_text_color=\u00bb#000000&#8243; subhead_font=\u00bbHelvetica Neue Regular|900|||||||\u00bb subhead_text_align=\u00bbleft\u00bb subhead_text_color=\u00bb#0f0c07&#8243; subhead_font_size=\u00bb40px\u00bb subhead_line_height=\u00bb1.1em\u00bb background_color=\u00bb#f6f2ed\u00bb custom_button_one=\u00bbon\u00bb button_one_text_size=\u00bb18px\u00bb button_one_text_color=\u00bb#FFFFFF\u00bb button_one_bg_color=\u00bb#d44d46&#8243; button_one_border_width=\u00bb1px\u00bb button_one_border_color=\u00bb#d44d46&#8243; button_one_border_radius=\u00bb5px\u00bb button_one_font=\u00bbHelvetica Neue Regular|500|||||||\u00bb button_one_icon=\u00bb&#x35;||divi||400&#8243; button_one_icon_color=\u00bb#d44d46&#8243; button_one_custom_margin=\u00bb30px||||false|false\u00bb button_one_custom_padding=\u00bb16px|32px|16px|32px|true|true\u00bb custom_button_two=\u00bbon\u00bb button_two_text_size=\u00bb18px\u00bb button_two_text_color=\u00bb#FFFFFF\u00bb button_two_bg_color=\u00bb#4746d4&#8243; button_two_border_width=\u00bb1px\u00bb button_two_border_color=\u00bb#4746d4&#8243; button_two_border_radius=\u00bb5px\u00bb button_two_font=\u00bbHelvetica Neue Regular|500|||||||\u00bb button_two_icon=\u00bb&#x35;||divi||400&#8243; button_two_icon_color=\u00bb#4746d4&#8243; button_two_custom_padding=\u00bb16px|32px|16px|32px|true|true\u00bb custom_css_title=\u00bbpadding-bottom: 20px;\u00bb custom_css_subtitle=\u00bbpadding-bottom: 30px;\u00bb global_colors_info=\u00bb{}\u00bb button_one_text_color__hover_enabled=\u00bbon|hover\u00bb button_one_text_color__hover=\u00bb#d44d46&#8243; button_one_bg_color__hover_enabled=\u00bbon|hover\u00bb button_one_bg_color__hover=\u00bb#FFFFFF\u00bb button_one_bg_enable_color__hover=\u00bbon\u00bb button_two_text_color__hover_enabled=\u00bbon|hover\u00bb button_two_text_color__hover=\u00bb#4746d4&#8243; button_two_bg_color__hover_enabled=\u00bbon|hover\u00bb button_two_bg_color__hover=\u00bb#FFFFFF\u00bb button_two_bg_enable_color__hover=\u00bbon\u00bb]<\/p>\n<h4><\/h4>\n<p>&nbsp;<\/p>\n<p>[\/et_pb_fullwidth_header][\/et_pb_section][et_pb_section fb_built=\u00bb1&#8243; _builder_version=\u00bb4.16&#8243; global_colors_info=\u00bb{}\u00bb][et_pb_row _builder_version=\u00bb4.27.4&#8243; _module_preset=\u00bbdefault\u00bb global_colors_info=\u00bb{}\u00bb][et_pb_column type=\u00bb4_4&#8243; _builder_version=\u00bb4.27.4&#8243; _module_preset=\u00bbdefault\u00bb global_colors_info=\u00bb{}\u00bb][et_pb_text _builder_version=\u00bb4.27.4&#8243; _module_preset=\u00bbdefault\u00bb header_2_text_color=\u00bb#285299&#8243; global_colors_info=\u00bb{}\u00bb]<\/p>\n<h2><strong>Presentaci\u00f3n del sitio web<\/strong><\/h2>\n<p>De conformidad con el art\u00edculo 6 de la Ley n\u00ba 2004-575 de 21 de junio de 2001 sobre la confianza en la econom\u00eda digital, se informa a los usuarios del sitio web https:\/\/tonga-schools.eu\/ de la identidad de las distintas partes que intervienen en su creaci\u00f3n y seguimiento:<\/p>\n<p>[\/et_pb_text][\/et_pb_column][\/et_pb_row][et_pb_row column_structure=\u00bb1_3,1_3,1_3&#8243; _builder_version=\u00bb4.27.4&#8243; background_size=\u00bbinitial\u00bb background_position=\u00bbtop_left\u00bb background_repeat=\u00bbrepeat\u00bb global_colors_info=\u00bb{}\u00bb][et_pb_column type=\u00bb1_3&#8243; _builder_version=\u00bb4.16&#8243; custom_padding=\u00bb|||\u00bb global_colors_info=\u00bb{}\u00bb custom_padding__hover=\u00bb|||\u00bb][et_pb_text _builder_version=\u00bb4.27.4&#8243; _module_preset=\u00bbdefault\u00bb header_2_text_color=\u00bb#285299&#8243; global_colors_info=\u00bb{}\u00bb]<\/p>\n<h2><strong>Propietario :<\/strong><\/h2>\n<p>Association pour la Promotion et l&#8217;Avancement du Multilinguisme (SIRET: 842 040 255 00023)<\/p>\n<p>[\/et_pb_text][\/et_pb_column][et_pb_column type=\u00bb1_3&#8243; _builder_version=\u00bb4.27.4&#8243; _module_preset=\u00bbdefault\u00bb global_colors_info=\u00bb{}\u00bb][et_pb_text _builder_version=\u00bb4.27.4&#8243; _module_preset=\u00bbdefault\u00bb text_text_color=\u00bb#000000&#8243; header_2_text_color=\u00bb#285299&#8243; global_colors_info=\u00bb{}\u00bb]<\/p>\n<h2><strong>Contacto:<\/strong><\/h2>\n<p><span style=\"color: #000000;\"><a href=\"mailto:contact@multilingualcafe.com\" style=\"color: #000000;\">contact@multilingualcafe.com<\/a><\/span><\/p>\n<p>&nbsp;<\/p>\n<p>[\/et_pb_text][\/et_pb_column][et_pb_column type=\u00bb1_3&#8243; _builder_version=\u00bb4.27.4&#8243; _module_preset=\u00bbdefault\u00bb global_colors_info=\u00bb{}\u00bb][et_pb_text _builder_version=\u00bb4.27.4&#8243; _module_preset=\u00bbdefault\u00bb header_2_text_color=\u00bb#285299&#8243; global_colors_info=\u00bb{}\u00bb]<\/p>\n<h2>Director de la publicaci\u00f3n :<\/h2>\n<p>Isabelle Barth<\/p>\n<p>[\/et_pb_text][\/et_pb_column][\/et_pb_row][et_pb_row column_structure=\u00bb1_3,1_3,1_3&#8243; _builder_version=\u00bb4.27.4&#8243; _module_preset=\u00bbdefault\u00bb global_colors_info=\u00bb{}\u00bb][et_pb_column type=\u00bb1_3&#8243; _builder_version=\u00bb4.27.4&#8243; _module_preset=\u00bbdefault\u00bb global_colors_info=\u00bb{}\u00bb][et_pb_text _builder_version=\u00bb4.27.4&#8243; _module_preset=\u00bbdefault\u00bb header_2_text_color=\u00bb#285299&#8243; hover_enabled=\u00bb0&#8243; global_colors_info=\u00bb{}\u00bb sticky_enabled=\u00bb0&#8243;]<\/p>\n<h2><strong>Webmaster :<\/strong><\/h2>\n<p><a href=\"https:\/\/dawa-agenceweb.fr\/\"><span style=\"text-decoration: underline;\"><em>Agence Web Dawa<\/em><\/span><\/a> (SIRET: 852 316 983 00018)<\/p>\n<p>[\/et_pb_text][\/et_pb_column][et_pb_column type=\u00bb1_3&#8243; _builder_version=\u00bb4.27.4&#8243; _module_preset=\u00bbdefault\u00bb global_colors_info=\u00bb{}\u00bb][et_pb_text _builder_version=\u00bb4.27.4&#8243; _module_preset=\u00bbdefault\u00bb text_text_color=\u00bb#000000&#8243; header_2_text_color=\u00bb#285299&#8243; global_colors_info=\u00bb{}\u00bb]<\/p>\n<h2><strong>Alojamiento :<\/strong><\/h2>\n<p>Este sitio web est\u00e1 alojado en Hostinger<\/p>\n<p>[\/et_pb_text][\/et_pb_column][et_pb_column type=\u00bb1_3&#8243; _builder_version=\u00bb4.27.4&#8243; _module_preset=\u00bbdefault\u00bb global_colors_info=\u00bb{}\u00bb][\/et_pb_column][\/et_pb_row][et_pb_row column_structure=\u00bb1_2,1_2&#8243; _builder_version=\u00bb4.27.4&#8243; _module_preset=\u00bbdefault\u00bb global_colors_info=\u00bb{}\u00bb][et_pb_column type=\u00bb1_2&#8243; _builder_version=\u00bb4.27.4&#8243; _module_preset=\u00bbdefault\u00bb global_colors_info=\u00bb{}\u00bb][et_pb_text _builder_version=\u00bb4.27.4&#8243; _module_preset=\u00bbdefault\u00bb header_2_text_color=\u00bb#285299&#8243; global_colors_info=\u00bb{}\u00bb]<\/p>\n<h2><strong>Finalidad del sitio y descripci\u00f3n de los servicios prestados :<\/strong><\/h2>\n<p>El objetivo del sitio web de las Escuelas de Tonga es ofrecer una plataforma de informaci\u00f3n sobre idiomas, educaci\u00f3n multiling\u00fce y temas afines. Las Escuelas de Tonga se esfuerzan por ofrecer la informaci\u00f3n m\u00e1s precisa posible en el sitio web https:\/\/tonga-schools.eu.<\/p>\n<p>Las Escuelas de Tonga ofrecen un servicio de asesoramiento en materia de comunicaci\u00f3n a las familias y las escuelas pluriling\u00fces para ayudarles a integrarse en la red.<\/p>\n<p>El sitio es de libre acceso para todos los usuarios de Internet. La navegaci\u00f3n o utilizaci\u00f3n del sitio implica que el usuario acepta \u00edntegramente las presentes condiciones y reconoce haberlas le\u00eddo y comprendido.<\/p>\n<p>La aceptaci\u00f3n de estas condiciones implica que el usuario tiene capacidad legal para ello. Si el usuario es menor de edad o no tiene esta capacidad legal, declara que cuenta con la autorizaci\u00f3n de un tutor, curador o su representante legal.<\/p>\n<p>&nbsp;<\/p>\n<p>Toda la informaci\u00f3n proporcionada en el sitio web https:\/\/tonga-schools.eu est\u00e1 sujeta a cambios. Adem\u00e1s, la informaci\u00f3n facilitada no es exhaustiva. Se facilita a reserva de las modificaciones introducidas desde su puesta en l\u00ednea.<\/p>\n<p>&nbsp;<\/p>\n<p>[\/et_pb_text][\/et_pb_column][et_pb_column type=\u00bb1_2&#8243; _builder_version=\u00bb4.27.4&#8243; _module_preset=\u00bbdefault\u00bb global_colors_info=\u00bb{}\u00bb][et_pb_text _builder_version=\u00bb4.27.4&#8243; _module_preset=\u00bbdefault\u00bb global_colors_info=\u00bb{}\u00bb]<\/p>\n<p><span style=\"color: #ffffff;\">Your content goes here. Edit or remove this text inline or in the module Content settings. You can also style every aspect of this content in the module Design settings and even apply custom CSS to this text in the module Advanced settings.<\/span><\/p>\n<p>[\/et_pb_text][et_pb_text _builder_version=\u00bb4.27.4&#8243; _module_preset=\u00bbdefault\u00bb global_colors_info=\u00bb{}\u00bb]<\/p>\n<p><span style=\"color: #ffffff;\">Your content goes here. Edit or remove this text inline or in the module Content settings. You can also style every aspect of this content in the module Design settings and even apply custom CSS to this text in the module Advanced settings.<\/span><\/p>\n<p>[\/et_pb_text][et_pb_text _builder_version=\u00bb4.27.4&#8243; _module_preset=\u00bbdefault\u00bb header_2_text_color=\u00bb#285299&#8243; global_colors_info=\u00bb{}\u00bb]<\/p>\n<h2><strong>Acceso al sitio:<\/strong><\/h2>\n<p>Le recordamos las caracter\u00edsticas y los l\u00edmites de la red Internet y declinamos toda responsabilidad por las consecuencias de su conexi\u00f3n a esta red a trav\u00e9s de este sitio.<\/p>\n<p>En particular, no nos hacemos responsables de los da\u00f1os, materiales o inmateriales, causados a su equipo inform\u00e1tico y a los datos almacenados en \u00e9l, ni de las consecuencias que ello pueda tener en su actividad personal, profesional o comercial.<\/p>\n<p>Tampoco podremos ser considerados responsables si usted no puede conectarse al sitio debido a cualquier fallo o problema t\u00e9cnico relacionado, en particular, con el uso de Internet.<\/p>\n<p>[\/et_pb_text][\/et_pb_column][\/et_pb_row][et_pb_row column_structure=\u00bb1_2,1_2&#8243; _builder_version=\u00bb4.27.4&#8243; _module_preset=\u00bbdefault\u00bb global_colors_info=\u00bb{}\u00bb][et_pb_column type=\u00bb1_2&#8243; _builder_version=\u00bb4.27.4&#8243; _module_preset=\u00bbdefault\u00bb global_colors_info=\u00bb{}\u00bb][et_pb_text _builder_version=\u00bb4.27.4&#8243; _module_preset=\u00bbdefault\u00bb header_2_text_color=\u00bb#285299&#8243; global_colors_info=\u00bb{}\u00bb]<\/p>\n<h2><strong>Gesti\u00f3n de datos personales:<\/strong><\/h2>\n<p>En Francia, los datos personales est\u00e1n protegidos por la ley n\u00ba 78-87 de 6 de enero de 1978, la ley n\u00ba 2004-801 de 6 de agosto de 2004, el art\u00edculo L. 226-13 del C\u00f3digo Penal y la Directiva Europea de 24 de octubre de 1995.<\/p>\n<p>&nbsp;<\/p>\n<p>Durante el uso del sitio, se puede recopilar la siguiente informaci\u00f3n: la URL de los enlaces a trav\u00e9s de los cuales el usuario ha accedido al sitio, el proveedor de acceso del usuario, la direcci\u00f3n de protocolo de Internet (IP) del usuario.<\/p>\n<p>&nbsp;<\/p>\n<p>En cualquier caso, el propietario s\u00f3lo recopila informaci\u00f3n personal relativa al usuario a efectos de determinados servicios ofrecidos por el sitio web https:\/\/tonga-schools.eu. Los usuarios facilitan esta informaci\u00f3n con pleno conocimiento de causa, especialmente cuando la introducen ellos mismos. A continuaci\u00f3n, se informa a los usuarios del sitio de si est\u00e1n obligados o no a facilitar esta informaci\u00f3n.<\/p>\n<p>&nbsp;<\/p>\n<p>De conformidad con las disposiciones de los art\u00edculos 38 y siguientes de la Ley 78-17 de 6 de enero de 1978 relativa a la inform\u00e1tica, los archivos y las libertades, todo usuario dispone de un derecho de acceso, rectificaci\u00f3n y oposici\u00f3n a los datos de car\u00e1cter personal que le conciernan, mediante solicitud escrita y firmada, acompa\u00f1ada de una copia del documento de identidad con la firma del portador del documento, precisando la direcci\u00f3n a la que debe enviarse la respuesta.<\/p>\n<p>&nbsp;<\/p>\n<p>Ninguna informaci\u00f3n personal del usuario del sitio https:\/\/tonga-schools.eu es publicada sin su conocimiento, intercambiada, transferida, cedida o vendida en ning\u00fan soporte a terceros. S\u00f3lo la hip\u00f3tesis de la recompra del propietario y de sus derechos permitir\u00eda la transmisi\u00f3n de las informaciones antes mencionadas al posible comprador que estar\u00eda a su vez sujeto a la misma obligaci\u00f3n de conservaci\u00f3n y modificaci\u00f3n de los datos con respecto al usuario del sitio https:\/\/tonga-schools.eu.<\/p>\n<p>&nbsp;<\/p>\n<p>Las bases de datos est\u00e1n protegidas por las disposiciones de la ley de 1 de julio de 1998 que transpone la directiva 96\/9 de 11 de marzo de 1996 relativa a la protecci\u00f3n jur\u00eddica de las bases de datos.<\/p>\n<p>&nbsp;<\/p>\n<p>[\/et_pb_text][\/et_pb_column][et_pb_column type=\u00bb1_2&#8243; _builder_version=\u00bb4.27.4&#8243; _module_preset=\u00bbdefault\u00bb global_colors_info=\u00bb{}\u00bb][et_pb_text _builder_version=\u00bb4.27.4&#8243; _module_preset=\u00bbdefault\u00bb header_2_text_color=\u00bb#285299&#8243; global_colors_info=\u00bb{}\u00bb]<\/p>\n<h2><strong>Propiedad intelectual y falsificaci\u00f3n<\/strong><\/h2>\n<p>A.P.A.M. es titular de los derechos de propiedad intelectual y posee los derechos de uso sobre todos los elementos accesibles en el sitio, en particular los textos, presentaciones, ilustraciones, im\u00e1genes, gr\u00e1ficos, logotipos, iconos, sonidos y software.<\/p>\n<p>Queda prohibida toda reproducci\u00f3n, copia, representaci\u00f3n, modificaci\u00f3n, publicaci\u00f3n o adaptaci\u00f3n de la totalidad o parte de los elementos del sitio, por cualquier medio o procedimiento, sin la autorizaci\u00f3n previa por escrito de : A.P.A.M.<\/p>\n<p>Cualquier uso no autorizado del sitio o de cualquiera de los elementos que contiene se considerar\u00e1 constitutivo de infracci\u00f3n y ser\u00e1 perseguido de conformidad con las disposiciones de los art\u00edculos L.335-2 y siguientes del C\u00f3digo de la Propiedad Intelectual franc\u00e9s.<\/p>\n<p>[\/et_pb_text][et_pb_text _builder_version=\u00bb4.27.4&#8243; _module_preset=\u00bbdefault\u00bb header_2_text_color=\u00bb#285299&#8243; global_colors_info=\u00bb{}\u00bb]<\/p>\n<h2><strong>Limitaci\u00f3n de responsabilidad:<\/strong><\/h2>\n<p>El propietario no se hace responsable de los da\u00f1os directos e indirectos causados al equipo del usuario al acceder al sitio del propietario, y que resulten bien del uso de un equipo que no cumpla las especificaciones, bien de la aparici\u00f3n de un error o incompatibilidad.<\/p>\n<p>El propietario no se hace responsable de los da\u00f1os indirectos (como la p\u00e9rdida de mercado o la p\u00e9rdida de oportunidades) resultantes del uso del sitio web de las Escuelas de Tonga.<\/p>\n<p>[\/et_pb_text][et_pb_text _builder_version=\u00bb4.27.4&#8243; _module_preset=\u00bbdefault\u00bb header_2_text_color=\u00bb#285299&#8243; global_colors_info=\u00bb{}\u00bb]<\/p>\n<h2><strong>Informaci\u00f3n :<\/strong><\/h2>\n<p>La informaci\u00f3n publicada en el sitio web https:\/\/tonga-schools.eu se facilita \u00fanicamente a t\u00edtulo informativo y no es exhaustiva. Las Escuelas de Tonga se esfuerzan por ofrecer en el sitio web informaci\u00f3n lo m\u00e1s exacta posible. No obstante, las Escuelas de Tonga no se responsabilizan de las omisiones, inexactitudes o falta de actualizaci\u00f3n de la informaci\u00f3n, ya sean causadas por las Escuelas de Tonga o por terceros asociados que proporcionen dicha informaci\u00f3n.<\/p>\n<p>En cualquier caso, dicha informaci\u00f3n debe tenerse en cuenta en el momento en que se pone en l\u00ednea y no en el momento en que se consulta el sitio.<\/p>\n<p>No nos hacemos responsables de dicha informaci\u00f3n.<\/p>\n<p>&nbsp;<\/p>\n<p>[\/et_pb_text][\/et_pb_column][\/et_pb_row][et_pb_row column_structure=\u00bb1_2,1_2&#8243; _builder_version=\u00bb4.27.4&#8243; _module_preset=\u00bbdefault\u00bb global_colors_info=\u00bb{}\u00bb][et_pb_column type=\u00bb1_2&#8243; _builder_version=\u00bb4.27.4&#8243; _module_preset=\u00bbdefault\u00bb global_colors_info=\u00bb{}\u00bb][et_pb_text _builder_version=\u00bb4.27.4&#8243; _module_preset=\u00bbdefault\u00bb header_2_text_color=\u00bb#285299&#8243; global_colors_info=\u00bb{}\u00bb]<\/p>\n<h2><strong>Ley aplicable y jurisdicci\u00f3n:<\/strong><\/h2>\n<p>Cualquier litigio relativo a la utilizaci\u00f3n del sitio web de las Escuelas de Tonga est\u00e1 sujeto a la legislaci\u00f3n francesa. La jurisdicci\u00f3n exclusiva corresponde a los tribunales competentes de Francia.<\/p>\n<p>&nbsp;<\/p>\n<p>&nbsp;<\/p>\n<p>[\/et_pb_text][\/et_pb_column][et_pb_column type=\u00bb1_2&#8243; _builder_version=\u00bb4.27.4&#8243; _module_preset=\u00bbdefault\u00bb global_colors_info=\u00bb{}\u00bb][et_pb_text _builder_version=\u00bb4.27.4&#8243; _module_preset=\u00bbdefault\u00bb header_2_text_color=\u00bb#285299&#8243; global_colors_info=\u00bb{}\u00bb]<\/p>\n<h2><strong>Las principales leyes<\/strong><br \/><strong>en cuesti\u00f3n:<\/strong><\/h2>\n<p>Ley n\u00ba 78-87 de 6 de enero de 1978, modificada por la Ley n\u00ba 2004-801 de 6 de agosto de 2004 relativa a la inform\u00e1tica, los archivos y las libertades.<\/p>\n<p>Ley n\u00ba 2004-575 de 21 de junio de 2004 sobre la confianza en la econom\u00eda digital.<\/p>\n<p>&nbsp;<\/p>\n<p>&nbsp;<\/p>\n<p>[\/et_pb_text][\/et_pb_column][\/et_pb_row][et_pb_row _builder_version=\u00bb4.27.4&#8243; _module_preset=\u00bbdefault\u00bb global_colors_info=\u00bb{}\u00bb][et_pb_column type=\u00bb4_4&#8243; _builder_version=\u00bb4.27.4&#8243; _module_preset=\u00bbdefault\u00bb global_colors_info=\u00bb{}\u00bb][et_pb_text _builder_version=\u00bb4.27.4&#8243; header_2_text_color=\u00bb#285299&#8243; background_size=\u00bbinitial\u00bb background_position=\u00bbtop_left\u00bb background_repeat=\u00bbrepeat\u00bb global_colors_info=\u00bb{}\u00bb]<\/p>\n<p>\u00daltima actualizaci\u00f3n: 9 de enero de 2025<\/p>\n<p>&nbsp;<\/p>\n<p>[\/et_pb_text][\/et_pb_column][\/et_pb_row][\/et_pb_section]<\/p>\n","protected":false},"excerpt":{"rendered":"<p>&nbsp;Presentaci\u00f3n del sitio web De conformidad con el art\u00edculo 6 de la Ley n\u00ba 2004-575 de 21 de junio de 2001 sobre la confianza en la econom\u00eda digital, se informa a los usuarios del sitio web https:\/\/tonga-schools.eu\/ de la identidad de las distintas partes que intervienen en su creaci\u00f3n y seguimiento:Propietario : Association pour la [&hellip;]<\/p>\n","protected":false},"author":2,"featured_media":0,"parent":0,"menu_order":10,"comment_status":"closed","ping_status":"closed","template":"","meta":{"_et_pb_use_builder":"on","_et_pb_old_content":"","_et_gb_content_width":"","footnotes":""},"class_list":["post-6415","page","type-page","status-publish","hentry"],"_links":{"self":[{"href":"https:\/\/tonga-schools.eu\/es\/wp-json\/wp\/v2\/pages\/6415","targetHints":{"allow":["GET"]}}],"collection":[{"href":"https:\/\/tonga-schools.eu\/es\/wp-json\/wp\/v2\/pages"}],"about":[{"href":"https:\/\/tonga-schools.eu\/es\/wp-json\/wp\/v2\/types\/page"}],"author":[{"embeddable":true,"href":"https:\/\/tonga-schools.eu\/es\/wp-json\/wp\/v2\/users\/2"}],"replies":[{"embeddable":true,"href":"https:\/\/tonga-schools.eu\/es\/wp-json\/wp\/v2\/comments?post=6415"}],"version-history":[{"count":5,"href":"https:\/\/tonga-schools.eu\/es\/wp-json\/wp\/v2\/pages\/6415\/revisions"}],"predecessor-version":[{"id":7300,"href":"https:\/\/tonga-schools.eu\/es\/wp-json\/wp\/v2\/pages\/6415\/revisions\/7300"}],"wp:attachment":[{"href":"https:\/\/tonga-schools.eu\/es\/wp-json\/wp\/v2\/media?parent=6415"}],"curies":[{"name":"wp","href":"https:\/\/api.w.org\/{rel}","templated":true}]}}