{"id":875,"date":"2023-11-23T09:52:12","date_gmt":"2023-11-23T08:52:12","guid":{"rendered":"https:\/\/tonga-schools.eu\/para-escuelas\/"},"modified":"2025-04-17T09:55:04","modified_gmt":"2025-04-17T07:55:04","slug":"para-escuelas","status":"publish","type":"page","link":"https:\/\/tonga-schools.eu\/es\/para-escuelas\/","title":{"rendered":"Para escuelas"},"content":{"rendered":"<p>[et_pb_section fb_built=\u00bb1&#8243; fullwidth=\u00bbon\u00bb _builder_version=\u00bb4.23.1&#8243; _module_preset=\u00bbdefault\u00bb background_color=\u00bb#f6f2ed\u00bb global_colors_info=\u00bb{}\u00bb][et_pb_fullwidth_header title=\u00bbHerramientas de las escuelas de Tonga\u00bb subhead=\u00bbExplore nuestras herramientas escolares para una mejor comunicaci\u00f3n e inclusi\u00f3n\u00bb header_image_url=\u00bbhttps:\/\/tonga-schools.eu\/wp-content\/uploads\/2023\/11\/tonga-schools-network.webp\u00bb module_id=\u00bbheader-text\u00bb _builder_version=\u00bb4.27.4&#8243; _module_preset=\u00bbdefault\u00bb title_font=\u00bbHelvetica Neue Regular|700||on|||||\u00bb title_text_align=\u00bbleft\u00bb title_font_size=\u00bb16px\u00bb content_font=\u00bbHelvetica Neue Regular||||||||\u00bb content_text_align=\u00bbleft\u00bb content_text_color=\u00bbrgba(15,12,7,0.8)\u00bb subhead_font=\u00bbHelvetica Neue Regular|900|||||||\u00bb subhead_text_align=\u00bbleft\u00bb subhead_text_color=\u00bb#0f0c07&#8243; subhead_font_size=\u00bb40px\u00bb subhead_line_height=\u00bb1.1em\u00bb background_color=\u00bb#f6f2ed\u00bb custom_button_one=\u00bbon\u00bb button_one_text_size=\u00bb18px\u00bb button_one_text_color=\u00bb#FFFFFF\u00bb button_one_bg_color=\u00bb#d44d46&#8243; button_one_border_width=\u00bb1px\u00bb button_one_border_color=\u00bb#d44d46&#8243; button_one_border_radius=\u00bb5px\u00bb button_one_font=\u00bbHelvetica Neue Regular|500|||||||\u00bb button_one_icon=\u00bb&#x35;||divi||400&#8243; button_one_icon_color=\u00bb#d44d46&#8243; button_one_custom_margin=\u00bb30px||||false|false\u00bb button_one_custom_padding=\u00bb16px|32px|16px|32px|true|true\u00bb custom_button_two=\u00bbon\u00bb button_two_text_size=\u00bb18px\u00bb button_two_text_color=\u00bb#FFFFFF\u00bb button_two_bg_color=\u00bb#4746d4&#8243; button_two_border_width=\u00bb1px\u00bb button_two_border_color=\u00bb#4746d4&#8243; button_two_border_radius=\u00bb5px\u00bb button_two_font=\u00bbHelvetica Neue Regular|500|||||||\u00bb button_two_icon=\u00bb&#x35;||divi||400&#8243; button_two_icon_color=\u00bb#4746d4&#8243; button_two_custom_padding=\u00bb16px|32px|16px|32px|true|true\u00bb custom_css_title=\u00bbpadding-bottom: 20px;\u00bb custom_css_subtitle=\u00bbpadding-bottom: 30px;\u00bb global_colors_info=\u00bb{}\u00bb button_one_text_color__hover_enabled=\u00bbon|hover\u00bb button_one_text_color__hover=\u00bb#d44d46&#8243; button_one_bg_color__hover_enabled=\u00bbon|hover\u00bb button_one_bg_color__hover=\u00bb#FFFFFF\u00bb button_one_bg_enable_color__hover=\u00bbon\u00bb button_two_text_color__hover_enabled=\u00bbon|hover\u00bb button_two_text_color__hover=\u00bb#4746d4&#8243; button_two_bg_color__hover_enabled=\u00bbon|hover\u00bb button_two_bg_color__hover=\u00bb#FFFFFF\u00bb button_two_bg_enable_color__hover=\u00bbon\u00bb]<\/p>\n<p>Estas herramientas meticulosamente dise\u00f1adas permiten a las escuelas conectarse de manera efectiva con las familias, fomentando una comunidad educativa inclusiva y solidaria.<\/p>\n<p>[\/et_pb_fullwidth_header][\/et_pb_section][et_pb_section fb_built=\u00bb1&#8243; specialty=\u00bbon\u00bb _builder_version=\u00bb4.27.4&#8243; _module_preset=\u00bbdefault\u00bb locked=\u00bboff\u00bb global_colors_info=\u00bb{}\u00bb][et_pb_column type=\u00bb1_2&#8243; _builder_version=\u00bb4.16&#8243; custom_padding=\u00bb|||\u00bb global_colors_info=\u00bb{}\u00bb custom_padding__hover=\u00bb|||\u00bb][et_pb_image src=\u00bbhttps:\/\/tonga-schools.eu\/wp-content\/uploads\/2025\/03\/Gray-and-Black-Modern-Handphone-Mockup-Instagram-Story-3.png\u00bb title_text=\u00bbGray and Black Modern Handphone Mockup Instagram Story (3)\u00bb _builder_version=\u00bb4.27.4&#8243; _module_preset=\u00bbdefault\u00bb global_colors_info=\u00bb{}\u00bb][\/et_pb_image][\/et_pb_column][et_pb_column type=\u00bb1_2&#8243; specialty_columns=\u00bb2&#8243; _builder_version=\u00bb4.16&#8243; custom_padding=\u00bb|||\u00bb global_colors_info=\u00bb{}\u00bb custom_padding__hover=\u00bb|||\u00bb][et_pb_row_inner _builder_version=\u00bb4.27.4&#8243; _module_preset=\u00bbdefault\u00bb global_colors_info=\u00bb{}\u00bb][et_pb_column_inner saved_specialty_column_type=\u00bb1_2&#8243; _builder_version=\u00bb4.27.4&#8243; _module_preset=\u00bbdefault\u00bb global_colors_info=\u00bb{}\u00bb][et_pb_text _builder_version=\u00bb4.27.4&#8243; _module_preset=\u00bbdefault\u00bb header_2_text_color=\u00bb#285299&#8243; global_colors_info=\u00bb{}\u00bb]<\/p>\n<h2><strong>Marco de trabajo<\/strong><\/h2>\n<p>[\/et_pb_text][et_pb_text _builder_version=\u00bb4.27.4&#8243; _module_preset=\u00bbdefault\u00bb text_font=\u00bbHelvetica Neue Regular||||||||\u00bb text_text_color=\u00bbrgba(15,12,7,0.8)\u00bb header_2_font=\u00bbHelvetica Neue Regular|800|||||||\u00bb header_2_text_align=\u00bbleft\u00bb header_2_text_color=\u00bb#0f0c07&#8243; header_2_font_size=\u00bb46px\u00bb header_2_line_height=\u00bb1.1em\u00bb custom_margin=\u00bb||30px||false|false\u00bb global_colors_info=\u00bb{}\u00bb]<\/p>\n<p>Descubra nuestro nuevo marco y caja de herramientas, dise\u00f1ados para agilizar la comunicaci\u00f3n y colaboraci\u00f3n dentro de las escuelas y mejorar su participaci\u00f3n en la Red de Escuelas de Tonga.<\/p>\n<p>[\/et_pb_text][et_pb_button button_url=\u00bbhttps:\/\/tonga-schools.eu\/es\/cadre-de-travail\/\u00bb button_text=\u00bbDesc\u00fabrelo\u00bb _builder_version=\u00bb4.27.4&#8243; _module_preset=\u00bbdefault\u00bb custom_button=\u00bbon\u00bb button_text_color=\u00bb#FFFFFF\u00bb button_bg_color=\u00bb#8d1a28&#8243; button_border_color=\u00bb#8d1a28&#8243; button_icon=\u00bb&#x35;||divi||400&#8243; button_icon_color=\u00bb#FFFFFF\u00bb custom_padding=\u00bb16px|32px|16px|32px|false|false\u00bb global_colors_info=\u00bb{}\u00bb][\/et_pb_button][\/et_pb_column_inner][\/et_pb_row_inner][\/et_pb_column][\/et_pb_section][et_pb_section fb_built=\u00bb1&#8243; admin_label=\u00bbBoite a outils\u00bb module_id=\u00bbboite-a-outils\u00bb _builder_version=\u00bb4.27.4&#8243; _module_preset=\u00bbdefault\u00bb background_color=\u00bb#f4f4f4&#8243; custom_padding=\u00bb60px||90px||false|false\u00bb locked=\u00bboff\u00bb global_colors_info=\u00bb{}\u00bb][et_pb_row column_structure=\u00bb1_3,2_3&#8243; _builder_version=\u00bb4.27.0&#8243; _module_preset=\u00bbdefault\u00bb min_height=\u00bb604.7px\u00bb global_colors_info=\u00bb{}\u00bb][et_pb_column type=\u00bb1_3&#8243; _builder_version=\u00bb4.27.0&#8243; _module_preset=\u00bbdefault\u00bb global_colors_info=\u00bb{}\u00bb][et_pb_image src=\u00bbhttps:\/\/tonga-schools.eu\/wp-content\/uploads\/2024\/12\/Toolkit-Presentacion-e1743668855879.webp\u00bb alt=\u00bbToolkit &#8211; Presentaci\u00f3n\u00bb title_text=\u00bbToolkit &#8211; Presentaci\u00f3n\u00bb show_bottom_space=\u00bboff\u00bb _builder_version=\u00bb4.27.4&#8243; _module_preset=\u00bbdefault\u00bb background_enable_color=\u00bboff\u00bb custom_margin_tablet=\u00bb0px||||false|false\u00bb custom_margin_phone=\u00bb0px||||false|false\u00bb custom_margin_last_edited=\u00bboff|desktop\u00bb custom_padding_tablet=\u00bb0px||0px||true|false\u00bb custom_padding_phone=\u00bb0px||0px||true|false\u00bb custom_padding_last_edited=\u00bboff|desktop\u00bb hover_enabled=\u00bb0&#8243; custom_css_main_element=\u00bbborder-radius: 10px;\u00bb border_radii=\u00bbon|10px|10px|10px|10px\u00bb box_shadow_style=\u00bbpreset2&#8243; box_shadow_color=\u00bbrgba(0,0,0,0.17)\u00bb global_colors_info=\u00bb{}\u00bb sticky_enabled=\u00bb0&#8243;][\/et_pb_image][\/et_pb_column][et_pb_column type=\u00bb2_3&#8243; _builder_version=\u00bb4.27.0&#8243; _module_preset=\u00bbdefault\u00bb custom_padding=\u00bb30px||||false|false\u00bb custom_padding_tablet=\u00bb0px||||false|false\u00bb custom_padding_phone=\u00bb0px||||false|false\u00bb custom_padding_last_edited=\u00bbon|desktop\u00bb global_colors_info=\u00bb{}\u00bb][et_pb_text _builder_version=\u00bb4.27.4&#8243; _module_preset=\u00bbdefault\u00bb text_font=\u00bbHelvetica Neue Regular||||||||\u00bb text_text_color=\u00bbrgba(15,12,7,0.8)\u00bb header_2_font=\u00bbHelvetica Neue Regular|800|||||||\u00bb header_2_text_align=\u00bbleft\u00bb header_2_text_color=\u00bb#285299&#8243; header_2_font_size=\u00bb46px\u00bb header_2_line_height=\u00bb1.1em\u00bb global_colors_info=\u00bb{}\u00bb]<\/p>\n<h2>Herramientas clave<\/h2>\n<p>Este marco de trabajo y este conjunto de herramientas tienen por objeto ofrecer ideas pr\u00e1cticas y consejos para mejorar las relaciones con los padres de ni\u00f1os pluriling\u00fces de origen inmigrante. Aunque ya tenga muchas cosas a su disposici\u00f3n, creemos que es importante poder encontrarlo todo en un solo lugar y disponer de formularios e informaci\u00f3n ya preparados que le ayuden en su trabajo diario.<\/p>\n<p>La Red de Escuelas Tonga se ha desarrollado para ayudarnos a cada uno de nosotros, darnos apoyo mutuo y mostrar a las familias y al mundo que su escuela forma parte de una red que facilita la comunicaci\u00f3n con las familias, acogiendo todos sus idiomas, para ayudar y fomentar a los ni\u00f1os para que puedan prosperar en la escuela.<\/p>\n<p>&nbsp;<\/p>\n<p>[\/et_pb_text][et_pb_button button_url=\u00bbhttps:\/\/tonga-schools.eu\/es\/boite-a-outils\/\u00bb button_text=\u00bbDesc\u00fabrelo\u00bb _builder_version=\u00bb4.27.4&#8243; _module_preset=\u00bbdefault\u00bb custom_button=\u00bbon\u00bb button_text_color=\u00bb#FFFFFF\u00bb button_bg_color=\u00bb#8d1a28&#8243; button_border_color=\u00bb#8d1a28&#8243; button_icon=\u00bb&#x35;||divi||400&#8243; button_icon_color=\u00bb#FFFFFF\u00bb custom_padding=\u00bb16px|32px|16px|32px|false|false\u00bb global_colors_info=\u00bb{}\u00bb][\/et_pb_button][\/et_pb_column][\/et_pb_row][\/et_pb_section][et_pb_section fb_built=\u00bb1&#8243; specialty=\u00bbon\u00bb _builder_version=\u00bb4.27.4&#8243; _module_preset=\u00bbdefault\u00bb locked=\u00bboff\u00bb global_colors_info=\u00bb{}\u00bb][et_pb_column type=\u00bb1_2&#8243; specialty_columns=\u00bb2&#8243; _builder_version=\u00bb4.16&#8243; custom_padding=\u00bb|||\u00bb global_colors_info=\u00bb{}\u00bb custom_padding__hover=\u00bb|||\u00bb][et_pb_row_inner _builder_version=\u00bb4.27.4&#8243; _module_preset=\u00bbdefault\u00bb global_colors_info=\u00bb{}\u00bb][et_pb_column_inner saved_specialty_column_type=\u00bb1_2&#8243; _builder_version=\u00bb4.27.4&#8243; _module_preset=\u00bbdefault\u00bb global_colors_info=\u00bb{}\u00bb][et_pb_text _builder_version=\u00bb4.27.4&#8243; _module_preset=\u00bbdefault\u00bb header_2_text_color=\u00bb#285299&#8243; global_colors_info=\u00bb{}\u00bb]<\/p>\n<h2><strong>Formaci\u00f3n en l\u00ednea gratuita para el personal escolar<\/strong><\/h2>\n<p>[\/et_pb_text][et_pb_text _builder_version=\u00bb4.27.4&#8243; _module_preset=\u00bbdefault\u00bb global_colors_info=\u00bb{}\u00bb]<\/p>\n<p>Ofrecemos capacitaci\u00f3n en l\u00ednea gratuita para el personal de la escuela, dise\u00f1ada para mejorar las habilidades y apoyar el uso eficaz de nuestras nuevas herramientas y recursos.<\/p>\n<p>Para registrarse, vaya a Tonga ID-Connect y nuevo usuario<\/p>\n<p>[\/et_pb_text][et_pb_button button_url=\u00bbhttps:\/\/tonga-schools.eu\/de\/plateforme-dapprentissage\/\u00bb button_text=\u00bbInscribirse\u00bb _builder_version=\u00bb4.27.4&#8243; _module_preset=\u00bbdefault\u00bb custom_button=\u00bbon\u00bb button_text_color=\u00bb#FFFFFF\u00bb button_bg_color=\u00bb#8d1a28&#8243; button_border_color=\u00bb#8d1a28&#8243; button_icon=\u00bb&#x35;||divi||400&#8243; button_icon_color=\u00bb#FFFFFF\u00bb custom_padding=\u00bb16px|32px|16px|32px|false|false\u00bb global_colors_info=\u00bb{}\u00bb][\/et_pb_button][\/et_pb_column_inner][\/et_pb_row_inner][\/et_pb_column][et_pb_column type=\u00bb1_2&#8243; _builder_version=\u00bb4.16&#8243; custom_padding=\u00bb|||\u00bb global_colors_info=\u00bb{}\u00bb custom_padding__hover=\u00bb|||\u00bb][et_pb_image src=\u00bbhttps:\/\/tonga-schools.eu\/wp-content\/uploads\/2025\/03\/Gray-and-Black-Modern-Handphone-Mockup-Instagram-Story-4.png\u00bb title_text=\u00bbGray and Black Modern Handphone Mockup Instagram Story (4)\u00bb _builder_version=\u00bb4.27.4&#8243; _module_preset=\u00bbdefault\u00bb global_colors_info=\u00bb{}\u00bb][\/et_pb_image][\/et_pb_column][\/et_pb_section]<\/p>\n","protected":false},"excerpt":{"rendered":"<p>Estas herramientas meticulosamente dise\u00f1adas permiten a las escuelas conectarse de manera efectiva con las familias, fomentando una comunidad educativa inclusiva y solidaria.Marco de trabajoDescubra nuestro nuevo marco y caja de herramientas, dise\u00f1ados para agilizar la comunicaci\u00f3n y colaboraci\u00f3n dentro de las escuelas y mejorar su participaci\u00f3n en la Red de Escuelas de Tonga.Herramientas clave Este [&hellip;]<\/p>\n","protected":false},"author":2,"featured_media":0,"parent":0,"menu_order":4,"comment_status":"closed","ping_status":"closed","template":"","meta":{"_et_pb_use_builder":"on","_et_pb_old_content":"","_et_gb_content_width":"","footnotes":""},"class_list":["post-875","page","type-page","status-publish","hentry"],"_links":{"self":[{"href":"https:\/\/tonga-schools.eu\/es\/wp-json\/wp\/v2\/pages\/875","targetHints":{"allow":["GET"]}}],"collection":[{"href":"https:\/\/tonga-schools.eu\/es\/wp-json\/wp\/v2\/pages"}],"about":[{"href":"https:\/\/tonga-schools.eu\/es\/wp-json\/wp\/v2\/types\/page"}],"author":[{"embeddable":true,"href":"https:\/\/tonga-schools.eu\/es\/wp-json\/wp\/v2\/users\/2"}],"replies":[{"embeddable":true,"href":"https:\/\/tonga-schools.eu\/es\/wp-json\/wp\/v2\/comments?post=875"}],"version-history":[{"count":20,"href":"https:\/\/tonga-schools.eu\/es\/wp-json\/wp\/v2\/pages\/875\/revisions"}],"predecessor-version":[{"id":7263,"href":"https:\/\/tonga-schools.eu\/es\/wp-json\/wp\/v2\/pages\/875\/revisions\/7263"}],"wp:attachment":[{"href":"https:\/\/tonga-schools.eu\/es\/wp-json\/wp\/v2\/media?parent=875"}],"curies":[{"name":"wp","href":"https:\/\/api.w.org\/{rel}","templated":true}]}}