{"id":1852,"date":"2024-11-28T04:57:57","date_gmt":"2024-11-28T04:57:57","guid":{"rendered":"https:\/\/tonga-schools.eu\/?page_id=1852"},"modified":"2025-04-14T10:35:40","modified_gmt":"2025-04-14T08:35:40","slug":"boite-a-outils-chapitre-d-communication-parents-enseignants","status":"publish","type":"page","link":"https:\/\/tonga-schools.eu\/fr\/pour-les-ecoles\/boite-a-outils-chapitre-d-communication-parents-enseignants\/","title":{"rendered":"Bo\u00eete \u00e0 outils &#8211; Chapitre D &#8211; Communication parents &#8211; enseignants"},"content":{"rendered":"<p>[et_pb_section fb_built=\u00a0\u00bb1&Prime; fullwidth=\u00a0\u00bbon\u00a0\u00bb _builder_version=\u00a0\u00bb4.27.4&Prime; _module_preset=\u00a0\u00bbdefault\u00a0\u00bb background_color=\u00a0\u00bb#f6f2ed\u00a0\u00bb global_colors_info=\u00a0\u00bb{}\u00a0\u00bb][et_pb_fullwidth_header title=\u00a0\u00bbBo\u00eete \u00e0 outils\u00a0\u00bb subhead=\u00a0\u00bbChapitre D &#8211; Communication parents &#8211; enseignants\u00a0\u00bb header_image_url=\u00a0\u00bbhttps:\/\/tonga-schools.eu\/wp-content\/uploads\/2024\/11\/Boite-a-outils-Chapitre-D-Communication-parents-enseignants.webp\u00a0\u00bb module_id=\u00a0\u00bbheader-text\u00a0\u00bb _builder_version=\u00a0\u00bb4.27.4&Prime; _module_preset=\u00a0\u00bbdefault\u00a0\u00bb title_font=\u00a0\u00bbHelvetica Neue Regular|700||on|||||\u00a0\u00bb title_text_align=\u00a0\u00bbleft\u00a0\u00bb title_font_size=\u00a0\u00bb16px\u00a0\u00bb content_font=\u00a0\u00bbHelvetica Neue Regular||||||||\u00a0\u00bb content_text_align=\u00a0\u00bbleft\u00a0\u00bb content_text_color=\u00a0\u00bbrgba(15,12,7,0.8)\u00a0\u00bb subhead_font=\u00a0\u00bbHelvetica Neue Regular|900|||||||\u00a0\u00bb subhead_text_align=\u00a0\u00bbleft\u00a0\u00bb subhead_text_color=\u00a0\u00bb#0f0c07&Prime; subhead_font_size=\u00a0\u00bb40px\u00a0\u00bb subhead_line_height=\u00a0\u00bb1.1em\u00a0\u00bb background_color=\u00a0\u00bb#f6f2ed\u00a0\u00bb custom_button_one=\u00a0\u00bbon\u00a0\u00bb button_one_text_size=\u00a0\u00bb18px\u00a0\u00bb button_one_text_color=\u00a0\u00bb#FFFFFF\u00a0\u00bb button_one_bg_color=\u00a0\u00bb#d44d46&Prime; button_one_border_width=\u00a0\u00bb1px\u00a0\u00bb button_one_border_color=\u00a0\u00bb#d44d46&Prime; button_one_border_radius=\u00a0\u00bb5px\u00a0\u00bb button_one_font=\u00a0\u00bbHelvetica Neue Regular|500|||||||\u00a0\u00bb button_one_icon=\u00a0\u00bb&#x35;||divi||400&Prime; button_one_icon_color=\u00a0\u00bb#d44d46&Prime; button_one_custom_margin=\u00a0\u00bb30px||||false|false\u00a0\u00bb button_one_custom_padding=\u00a0\u00bb16px|32px|16px|32px|true|true\u00a0\u00bb custom_button_two=\u00a0\u00bbon\u00a0\u00bb button_two_text_size=\u00a0\u00bb18px\u00a0\u00bb button_two_text_color=\u00a0\u00bb#FFFFFF\u00a0\u00bb button_two_bg_color=\u00a0\u00bb#4746d4&Prime; button_two_border_width=\u00a0\u00bb1px\u00a0\u00bb button_two_border_color=\u00a0\u00bb#4746d4&Prime; button_two_border_radius=\u00a0\u00bb5px\u00a0\u00bb button_two_font=\u00a0\u00bbHelvetica Neue Regular|500|||||||\u00a0\u00bb button_two_icon=\u00a0\u00bb&#x35;||divi||400&Prime; button_two_icon_color=\u00a0\u00bb#4746d4&Prime; button_two_custom_padding=\u00a0\u00bb16px|32px|16px|32px|true|true\u00a0\u00bb custom_css_header_image=\u00a0\u00bbwidth: 50%;\u00a0\u00bb custom_css_title=\u00a0\u00bbpadding-bottom: 20px;\u00a0\u00bb custom_css_subtitle=\u00a0\u00bbpadding-bottom: 30px;\u00a0\u00bb global_colors_info=\u00a0\u00bb{}\u00a0\u00bb button_one_text_color__hover_enabled=\u00a0\u00bbon|hover\u00a0\u00bb button_one_text_color__hover=\u00a0\u00bb#d44d46&Prime; button_one_bg_color__hover_enabled=\u00a0\u00bbon|hover\u00a0\u00bb button_one_bg_color__hover=\u00a0\u00bb#FFFFFF\u00a0\u00bb button_one_bg_enable_color__hover=\u00a0\u00bbon\u00a0\u00bb button_two_text_color__hover_enabled=\u00a0\u00bbon|hover\u00a0\u00bb button_two_text_color__hover=\u00a0\u00bb#4746d4&Prime; button_two_bg_color__hover_enabled=\u00a0\u00bbon|hover\u00a0\u00bb button_two_bg_color__hover=\u00a0\u00bb#FFFFFF\u00a0\u00bb button_two_bg_enable_color__hover=\u00a0\u00bbon\u00a0\u00bb]<\/p>\n<p>En ce qui concerne la communication avec les familles et les parents, ce sont les enseignants qui sont en premi\u00e8re ligne. Une grande partie des informations que l&rsquo;\u00e9cole transmet aux familles se fait par l&rsquo;interm\u00e9diaire des enseignants qui les transmettent aux enfants, qui doivent ensuite les transmettre \u00e0 leurs parents.<\/p>\n<p>[\/et_pb_fullwidth_header][\/et_pb_section][et_pb_section fb_built=\u00a0\u00bb1&Prime; admin_label=\u00a0\u00bbChapitre D\u00a0\u00bb _builder_version=\u00a0\u00bb4.27.4&Prime; _module_preset=\u00a0\u00bbdefault\u00a0\u00bb background_color=\u00a0\u00bb#fefefe\u00a0\u00bb custom_padding=\u00a0\u00bb60px||90px||false|false\u00a0\u00bb locked=\u00a0\u00bboff\u00a0\u00bb global_colors_info=\u00a0\u00bb{}\u00a0\u00bb][et_pb_row use_custom_gutter=\u00a0\u00bbon\u00a0\u00bb gutter_width=\u00a0\u00bb2&Prime; admin_label=\u00a0\u00bbChapitres\u00a0\u00bb _builder_version=\u00a0\u00bb4.27.0&Prime; _module_preset=\u00a0\u00bbdefault\u00a0\u00bb custom_margin=\u00a0\u00bb30px||||false|false\u00a0\u00bb custom_padding=\u00a0\u00bb||||false|false\u00a0\u00bb global_colors_info=\u00a0\u00bb{}\u00a0\u00bb][et_pb_column type=\u00a0\u00bb4_4&Prime; _builder_version=\u00a0\u00bb4.23.1&Prime; _module_preset=\u00a0\u00bbdefault\u00a0\u00bb global_colors_info=\u00a0\u00bb{}\u00a0\u00bb][et_pb_text _builder_version=\u00a0\u00bb4.27.4&Prime; _module_preset=\u00a0\u00bbdefault\u00a0\u00bb header_text_color=\u00a0\u00bb#285299&Prime; global_colors_info=\u00a0\u00bb{}\u00a0\u00bb]<\/p>\n<h1><strong>Chapitre D<\/strong><\/h1>\n<p><br data-start=\"143\" data-end=\"146\" \/>Parcourez les sous-chapitres ci-dessous pour explorer le sujet en d\u00e9tail.<br data-start=\"219\" data-end=\"222\" data-is-only-node=\"\" \/>Les liens utiles sont disponibles \u00e0 la fin de cette section pour approfondir votre lecture.<\/p>\n<p>[\/et_pb_text][et_pb_text _builder_version=\u00a0\u00bb4.27.4&Prime; _module_preset=\u00a0\u00bbdefault\u00a0\u00bb text_font=\u00a0\u00bbHelvetica Neue Regular||||||||\u00a0\u00bb text_text_color=\u00a0\u00bbrgba(15,12,7,0.8)\u00a0\u00bb header_2_font=\u00a0\u00bbHelvetica Neue Regular|800|||||||\u00a0\u00bb header_2_text_align=\u00a0\u00bbleft\u00a0\u00bb header_2_text_color=\u00a0\u00bb#0f0c07&Prime; header_2_font_size=\u00a0\u00bb46px\u00a0\u00bb header_2_line_height=\u00a0\u00bb1.1em\u00a0\u00bb header_3_font=\u00a0\u00bbHelvetica Neue Regular|700|||||||\u00a0\u00bb header_3_text_color=\u00a0\u00bb#285299&Prime; header_3_font_size=\u00a0\u00bb36px\u00a0\u00bb custom_margin=\u00a0\u00bb||||false|false\u00a0\u00bb global_colors_info=\u00a0\u00bb{}\u00a0\u00bb]<\/p>\n<h3>Les sous-chapitres<\/h3>\n<p>[\/et_pb_text][\/et_pb_column][\/et_pb_row][et_pb_row column_structure=\u00a0\u00bb1_3,1_3,1_3&Prime; use_custom_gutter=\u00a0\u00bbon\u00a0\u00bb gutter_width=\u00a0\u00bb2&Prime; make_equal=\u00a0\u00bbon\u00a0\u00bb _builder_version=\u00a0\u00bb4.27.4&Prime; _module_preset=\u00a0\u00bbdefault\u00a0\u00bb custom_padding=\u00a0\u00bb0px||||false|false\u00a0\u00bb locked=\u00a0\u00bboff\u00a0\u00bb global_colors_info=\u00a0\u00bb{}\u00a0\u00bb][et_pb_column type=\u00a0\u00bb1_3&Prime; _builder_version=\u00a0\u00bb4.27.0&Prime; _module_preset=\u00a0\u00bbdefault\u00a0\u00bb custom_padding=\u00a0\u00bb||30px||false|false\u00a0\u00bb border_radii=\u00a0\u00bbon|10px|10px|10px|10px\u00a0\u00bb box_shadow_style=\u00a0\u00bbpreset2&Prime; box_shadow_color=\u00a0\u00bbrgba(0,0,0,0.16)\u00a0\u00bb global_colors_info=\u00a0\u00bb{}\u00a0\u00bb][et_pb_image src=\u00a0\u00bbhttps:\/\/tonga-schools.eu\/wp-content\/uploads\/2024\/11\/Boite-a-outils-Sous-chapitre-n-a.-Comprendre-ce-que-les-parents-attendent-de-lecole.webp\u00a0\u00bb alt=\u00a0\u00bbBoite a outils &#8211; Sous-chapitre n &#8211; a. Comprendre ce que les parents attendent de l&rsquo;e\u0301cole\u00a0\u00bb title_text=\u00a0\u00bbBoite a outils &#8211; Sous-chapitre n &#8211; a. Comprendre ce que les parents attendent de l&rsquo;e\u0301cole\u00a0\u00bb admin_label=\u00a0\u00bbImage\u00a0\u00bb _builder_version=\u00a0\u00bb4.27.4&Prime; _module_preset=\u00a0\u00bbdefault\u00a0\u00bb global_colors_info=\u00a0\u00bb{}\u00a0\u00bb][\/et_pb_image][et_pb_heading title=\u00a0\u00bbn &#8211; Relations entre parents et enseignants\u00a0\u00bb _builder_version=\u00a0\u00bb4.27.4&Prime; _module_preset=\u00a0\u00bbdefault\u00a0\u00bb title_level=\u00a0\u00bbh4&Prime; title_font=\u00a0\u00bb&#8211;et_global_heading_font|700|||||||\u00a0\u00bb title_text_align=\u00a0\u00bbcenter\u00a0\u00bb title_text_color=\u00a0\u00bb#0f0c07&Prime; title_font_size=\u00a0\u00bb24px\u00a0\u00bb global_colors_info=\u00a0\u00bb{}\u00a0\u00bb][\/et_pb_heading][et_pb_button button_url=\u00a0\u00bb\/fr\/pour-les-ecoles\/boite-a-outils-chapitre-d-communication-parents-enseignants\/sous-chapitre-n-relations-entre-parents-et-enseignants\/\u00a0\u00bb button_text=\u00a0\u00bbLire plus\u00a0\u00bb button_alignment=\u00a0\u00bbcenter\u00a0\u00bb _builder_version=\u00a0\u00bb4.27.4&Prime; _module_preset=\u00a0\u00bbdefault\u00a0\u00bb custom_button=\u00a0\u00bbon\u00a0\u00bb button_text_size=\u00a0\u00bb18px\u00a0\u00bb button_text_color=\u00a0\u00bb#FFFFFF\u00a0\u00bb button_bg_color=\u00a0\u00bb#285299&Prime; button_border_width=\u00a0\u00bb1px\u00a0\u00bb button_border_color=\u00a0\u00bb#285299&Prime; button_border_radius=\u00a0\u00bb5px\u00a0\u00bb button_font=\u00a0\u00bbHelvetica Neue Regular|500|||||||\u00a0\u00bb button_icon=\u00a0\u00bb&#x35;||divi||400&Prime; button_icon_color=\u00a0\u00bb#285299&Prime; background_layout=\u00a0\u00bbdark\u00a0\u00bb custom_padding=\u00a0\u00bb16px|32px|16px|32px|true|true\u00a0\u00bb global_colors_info=\u00a0\u00bb{}\u00a0\u00bb button_text_color__hover_enabled=\u00a0\u00bbon|hover\u00a0\u00bb button_text_color__hover=\u00a0\u00bb#4746d4&Prime; button_bg_color__hover_enabled=\u00a0\u00bbon|desktop\u00a0\u00bb button_bg_color__hover=\u00a0\u00bb#FFFFFF\u00a0\u00bb button_bg_enable_color__hover=\u00a0\u00bbon\u00a0\u00bb][\/et_pb_button][\/et_pb_column][et_pb_column type=\u00a0\u00bb1_3&Prime; _builder_version=\u00a0\u00bb4.27.0&Prime; _module_preset=\u00a0\u00bbdefault\u00a0\u00bb transform_scale_last_edited=\u00a0\u00bboff|desktop\u00a0\u00bb transform_translate_tablet=\u00a0\u00bb0px|0em\u00a0\u00bb transform_translate_phone=\u00a0\u00bb0px|0em\u00a0\u00bb transform_translate_last_edited=\u00a0\u00bboff|desktop\u00a0\u00bb transform_rotate_last_edited=\u00a0\u00bboff|desktop\u00a0\u00bb transform_skew_last_edited=\u00a0\u00bboff|desktop\u00a0\u00bb transform_origin_last_edited=\u00a0\u00bboff|desktop\u00a0\u00bb custom_padding=\u00a0\u00bb||30px||false|false\u00a0\u00bb border_radii=\u00a0\u00bbon|10px|10px|10px|10px\u00a0\u00bb box_shadow_style=\u00a0\u00bbpreset2&Prime; box_shadow_color=\u00a0\u00bbrgba(0,0,0,0.16)\u00a0\u00bb global_colors_info=\u00a0\u00bb{}\u00a0\u00bb transform_styles__hover_enabled=\u00a0\u00bboff|desktop\u00a0\u00bb transform_scale__hover_enabled=\u00a0\u00bboff|desktop\u00a0\u00bb transform_translate__hover_enabled=\u00a0\u00bboff|desktop\u00a0\u00bb transform_rotate__hover_enabled=\u00a0\u00bboff|desktop\u00a0\u00bb transform_skew__hover_enabled=\u00a0\u00bboff|desktop\u00a0\u00bb transform_origin__hover_enabled=\u00a0\u00bboff|desktop\u00a0\u00bb][et_pb_image src=\u00a0\u00bbhttps:\/\/tonga-schools.eu\/wp-content\/uploads\/2024\/11\/Boite-a-outils-Sous-chapitre-o-Les-langues-dans-la-classe-les-reconnaitre.webp\u00a0\u00bb alt=\u00a0\u00bbBoite a outils &#8211; Sous-chapitre o &#8211; Les langues dans la classe &#8211; les (re)connaitre\u00a0\u00bb title_text=\u00a0\u00bbBoite a outils &#8211; Sous-chapitre o &#8211; Les langues dans la classe &#8211; les (re)connaitre\u00a0\u00bb _builder_version=\u00a0\u00bb4.27.4&Prime; _module_preset=\u00a0\u00bbdefault\u00a0\u00bb global_colors_info=\u00a0\u00bb{}\u00a0\u00bb][\/et_pb_image][et_pb_heading title=\u00a0\u00bbo &#8211; Les langues dans la classe &#8211; les (re)connaitre\u00a0\u00bb _builder_version=\u00a0\u00bb4.27.4&Prime; _module_preset=\u00a0\u00bbdefault\u00a0\u00bb title_level=\u00a0\u00bbh4&Prime; title_font=\u00a0\u00bb&#8211;et_global_heading_font|700|||||||\u00a0\u00bb title_text_align=\u00a0\u00bbcenter\u00a0\u00bb title_text_color=\u00a0\u00bb#0f0c07&Prime; title_font_size=\u00a0\u00bb24px\u00a0\u00bb global_colors_info=\u00a0\u00bb{}\u00a0\u00bb][\/et_pb_heading][et_pb_button button_url=\u00a0\u00bb\/fr\/pour-les-ecoles\/boite-a-outils-chapitre-d-communication-parents-enseignants\/sous-chapitre-o-les-langues-dans-la-classe-les-reconnaitre\/\u00a0\u00bb button_text=\u00a0\u00bbLire plus\u00a0\u00bb button_alignment=\u00a0\u00bbcenter\u00a0\u00bb _builder_version=\u00a0\u00bb4.27.4&Prime; _module_preset=\u00a0\u00bbdefault\u00a0\u00bb custom_button=\u00a0\u00bbon\u00a0\u00bb button_text_size=\u00a0\u00bb18px\u00a0\u00bb button_text_color=\u00a0\u00bb#FFFFFF\u00a0\u00bb button_bg_color=\u00a0\u00bb#285299&Prime; button_border_width=\u00a0\u00bb1px\u00a0\u00bb button_border_color=\u00a0\u00bb#285299&Prime; button_border_radius=\u00a0\u00bb5px\u00a0\u00bb button_font=\u00a0\u00bbHelvetica Neue Regular|500|||||||\u00a0\u00bb button_icon=\u00a0\u00bb&#x35;||divi||400&Prime; button_icon_color=\u00a0\u00bb#285299&Prime; background_layout=\u00a0\u00bbdark\u00a0\u00bb custom_padding=\u00a0\u00bb16px|32px|16px|32px|true|true\u00a0\u00bb global_colors_info=\u00a0\u00bb{}\u00a0\u00bb button_text_color__hover_enabled=\u00a0\u00bbon|hover\u00a0\u00bb button_text_color__hover=\u00a0\u00bb#4746d4&Prime; button_bg_color__hover_enabled=\u00a0\u00bbon|desktop\u00a0\u00bb button_bg_color__hover=\u00a0\u00bb#FFFFFF\u00a0\u00bb button_bg_enable_color__hover=\u00a0\u00bbon\u00a0\u00bb][\/et_pb_button][\/et_pb_column][et_pb_column type=\u00a0\u00bb1_3&Prime; _builder_version=\u00a0\u00bb4.27.0&Prime; _module_preset=\u00a0\u00bbdefault\u00a0\u00bb transform_scale_last_edited=\u00a0\u00bboff|desktop\u00a0\u00bb transform_translate_tablet=\u00a0\u00bb0px|0em\u00a0\u00bb transform_translate_phone=\u00a0\u00bb0px|0em\u00a0\u00bb transform_translate_last_edited=\u00a0\u00bboff|desktop\u00a0\u00bb transform_rotate_last_edited=\u00a0\u00bboff|desktop\u00a0\u00bb transform_skew_last_edited=\u00a0\u00bboff|desktop\u00a0\u00bb transform_origin_last_edited=\u00a0\u00bboff|desktop\u00a0\u00bb custom_padding=\u00a0\u00bb||30px||false|false\u00a0\u00bb border_radii=\u00a0\u00bbon|10px|10px|10px|10px\u00a0\u00bb box_shadow_style=\u00a0\u00bbpreset2&Prime; box_shadow_color=\u00a0\u00bbrgba(0,0,0,0.16)\u00a0\u00bb global_colors_info=\u00a0\u00bb{}\u00a0\u00bb][et_pb_image src=\u00a0\u00bbhttps:\/\/tonga-schools.eu\/wp-content\/uploads\/2024\/11\/Boite-a-outils-Sous-chapitre-p-Utiliser-la-bibliotheque-multilingue.webp\u00a0\u00bb alt=\u00a0\u00bbBoite a outils &#8211; Sous-chapitre p &#8211; Utiliser la bibliothe\u0300que multilingue\u00a0\u00bb title_text=\u00a0\u00bbBoite a outils &#8211; Sous-chapitre p &#8211; Utiliser la bibliothe\u0300que multilingue\u00a0\u00bb _builder_version=\u00a0\u00bb4.27.4&Prime; _module_preset=\u00a0\u00bbdefault\u00a0\u00bb global_colors_info=\u00a0\u00bb{}\u00a0\u00bb][\/et_pb_image][et_pb_heading title=\u00a0\u00bbp &#8211; Utiliser la bibliothe\u0300que multilingue\u00a0\u00bb _builder_version=\u00a0\u00bb4.27.4&Prime; _module_preset=\u00a0\u00bbdefault\u00a0\u00bb title_level=\u00a0\u00bbh4&Prime; title_font=\u00a0\u00bb&#8211;et_global_heading_font|700|||||||\u00a0\u00bb title_text_align=\u00a0\u00bbcenter\u00a0\u00bb title_text_color=\u00a0\u00bb#0f0c07&Prime; title_font_size=\u00a0\u00bb24px\u00a0\u00bb global_colors_info=\u00a0\u00bb{}\u00a0\u00bb][\/et_pb_heading][et_pb_button button_url=\u00a0\u00bb\/fr\/pour-les-ecoles\/boite-a-outils-chapitre-d-communication-parents-enseignants\/sous-chapitre-p-utiliser-la-bibliotheque-multilingue\/\u00a0\u00bb button_text=\u00a0\u00bbLire plus\u00a0\u00bb button_alignment=\u00a0\u00bbcenter\u00a0\u00bb _builder_version=\u00a0\u00bb4.27.4&Prime; _module_preset=\u00a0\u00bbdefault\u00a0\u00bb custom_button=\u00a0\u00bbon\u00a0\u00bb button_text_size=\u00a0\u00bb18px\u00a0\u00bb button_text_color=\u00a0\u00bb#FFFFFF\u00a0\u00bb button_bg_color=\u00a0\u00bb#285299&Prime; button_border_width=\u00a0\u00bb1px\u00a0\u00bb button_border_color=\u00a0\u00bb#285299&Prime; button_border_radius=\u00a0\u00bb5px\u00a0\u00bb button_font=\u00a0\u00bbHelvetica Neue Regular|500|||||||\u00a0\u00bb button_icon=\u00a0\u00bb&#x35;||divi||400&Prime; button_icon_color=\u00a0\u00bb#285299&Prime; background_layout=\u00a0\u00bbdark\u00a0\u00bb custom_padding=\u00a0\u00bb16px|32px|16px|32px|true|true\u00a0\u00bb global_colors_info=\u00a0\u00bb{}\u00a0\u00bb button_text_color__hover_enabled=\u00a0\u00bbon|hover\u00a0\u00bb button_text_color__hover=\u00a0\u00bb#4746d4&Prime; button_bg_color__hover_enabled=\u00a0\u00bbon|desktop\u00a0\u00bb button_bg_color__hover=\u00a0\u00bb#FFFFFF\u00a0\u00bb button_bg_enable_color__hover=\u00a0\u00bbon\u00a0\u00bb][\/et_pb_button][\/et_pb_column][\/et_pb_row][et_pb_row _builder_version=\u00a0\u00bb4.27.0&Prime; _module_preset=\u00a0\u00bbdefault\u00a0\u00bb global_colors_info=\u00a0\u00bb{}\u00a0\u00bb][et_pb_column type=\u00a0\u00bb4_4&Prime; _builder_version=\u00a0\u00bb4.27.0&Prime; _module_preset=\u00a0\u00bbdefault\u00a0\u00bb global_colors_info=\u00a0\u00bb{}\u00a0\u00bb][et_pb_button button_url=\u00a0\u00bbhttps:\/\/tonga-schools.eu\/fr\/boite-a-outils\/\u00a0\u00bb button_text=\u00a0\u00bbRevenir aux chapitres principaux de la bo\u00eete \u00e0 outil\u00a0\u00bb button_alignment=\u00a0\u00bbcenter\u00a0\u00bb _builder_version=\u00a0\u00bb4.27.4&Prime; _module_preset=\u00a0\u00bbdefault\u00a0\u00bb custom_button=\u00a0\u00bbon\u00a0\u00bb button_text_size=\u00a0\u00bb18px\u00a0\u00bb button_text_color=\u00a0\u00bb#285299&Prime; button_bg_color=\u00a0\u00bb#FFFFFF\u00a0\u00bb button_border_width=\u00a0\u00bb1px\u00a0\u00bb button_border_color=\u00a0\u00bb#285299&Prime; button_border_radius=\u00a0\u00bb5px\u00a0\u00bb button_font=\u00a0\u00bbHelvetica Neue Regular|500|||||||\u00a0\u00bb button_icon=\u00a0\u00bb&#x35;||divi||400&Prime; button_icon_color=\u00a0\u00bb#FFFFFF\u00a0\u00bb background_layout=\u00a0\u00bbdark\u00a0\u00bb custom_padding=\u00a0\u00bb16px|32px|16px|32px|true|true\u00a0\u00bb hover_enabled=\u00a0\u00bb0&Prime; global_colors_info=\u00a0\u00bb{}\u00a0\u00bb button_text_color__hover_enabled=\u00a0\u00bbon|hover\u00a0\u00bb button_text_color__hover=\u00a0\u00bb#FFFFFF\u00a0\u00bb button_bg_color__hover_enabled=\u00a0\u00bbon|hover\u00a0\u00bb button_bg_color__hover=\u00a0\u00bb#285299&Prime; button_bg_enable_color__hover=\u00a0\u00bbon\u00a0\u00bb sticky_enabled=\u00a0\u00bb0&Prime;][\/et_pb_button][\/et_pb_column][\/et_pb_row][\/et_pb_section][et_pb_section fb_built=\u00a0\u00bb1&Prime; _builder_version=\u00a0\u00bb4.27.4&Prime; _module_preset=\u00a0\u00bbdefault\u00a0\u00bb background_color=\u00a0\u00bb#f6f6f6&Prime; global_colors_info=\u00a0\u00bb{}\u00a0\u00bb][et_pb_row column_structure=\u00a0\u00bb1_2,1_2&Prime; _builder_version=\u00a0\u00bb4.27.4&Prime; _module_preset=\u00a0\u00bbdefault\u00a0\u00bb global_colors_info=\u00a0\u00bb{}\u00a0\u00bb][et_pb_column type=\u00a0\u00bb1_2&Prime; _builder_version=\u00a0\u00bb4.27.4&Prime; _module_preset=\u00a0\u00bbdefault\u00a0\u00bb global_colors_info=\u00a0\u00bb{}\u00a0\u00bb][et_pb_text _builder_version=\u00a0\u00bb4.27.4&Prime; _module_preset=\u00a0\u00bbdefault\u00a0\u00bb header_2_text_color=\u00a0\u00bb#285299&Prime; global_colors_info=\u00a0\u00bb{}\u00a0\u00bb]<\/p>\n<h2><strong>Article-Jim-Cummins-La-langue-maternelle-des-enfants-bilingues.<\/strong><\/h2>\n<p>&nbsp;<\/p>\n<p><strong>Consultez le texte complet ci-dessous.<\/strong><\/p>\n<p>[\/et_pb_text][\/et_pb_column][et_pb_column type=\u00a0\u00bb1_2&Prime; _builder_version=\u00a0\u00bb4.27.4&Prime; _module_preset=\u00a0\u00bbdefault\u00a0\u00bb global_colors_info=\u00a0\u00bb{}\u00a0\u00bb][et_pb_code _builder_version=\u00a0\u00bb4.27.4&Prime; _module_preset=\u00a0\u00bbdefault\u00a0\u00bb global_colors_info=\u00a0\u00bb{}\u00a0\u00bb]<\/p>\n<div style=\"position: relative; width: 100%; height: 0; padding-top: 141.1215%;<!-- [et_pb_line_break_holder] --> padding-bottom: 0; box-shadow: 0 2px 8px 0 rgba(63,69,81,0.16); margin-top: 1.6em; margin-bottom: 0.9em; overflow: hidden;<!-- [et_pb_line_break_holder] --> border-radius: 8px; will-change: transform;\u00a0\u00bb><!-- [et_pb_line_break_holder] -->  <iframe loading=\"lazy\" style=\"position: absolute; width: 100%; height: 100%; top: 0; left: 0; border: none; padding: 0;margin: 0;\"<!-- [et_pb_line_break_holder] -->    src=\u00a0\u00bbhttps:\/\/www.canva.com\/design\/DAGjAUMcoDA\/PbVypB6JJyVbef8G4QWGhw\/view?embed\u00a0\u00bb allowfullscreen=\u00a0\u00bballowfullscreen\u00a0\u00bb allow=\u00a0\u00bbfullscreen\u00a0\u00bb><!-- [et_pb_line_break_holder] -->  <\/iframe><!-- [et_pb_line_break_holder] --><\/div>\n<p><!-- [et_pb_line_break_holder] --><a href=\"https:\/\/www.canva.com\/design\/DAGjAUMcoDA\/PbVypB6JJyVbef8G4QWGhw\/view?utm_content=DAGjAUMcoDA&#038;utm_campaign=designshare&#038;utm_medium=embeds&#038;utm_source=link\" target=\"_blank\" rel=\"noopener\">[\/et_pb_code][\/et_pb_column][\/et_pb_row][\/et_pb_section]<\/p>\n","protected":false},"excerpt":{"rendered":"<p>En ce qui concerne la communication avec les familles et les parents, ce sont les enseignants qui sont en premi\u00e8re ligne. Une grande partie des informations que l&rsquo;\u00e9cole transmet aux familles se fait par l&rsquo;interm\u00e9diaire des enseignants qui les transmettent aux enfants, qui doivent ensuite les transmettre \u00e0 leurs parents.Chapitre D Parcourez les sous-chapitres ci-dessous [&hellip;]<\/p>\n","protected":false},"author":2,"featured_media":0,"parent":517,"menu_order":4,"comment_status":"closed","ping_status":"closed","template":"","meta":{"_et_pb_use_builder":"on","_et_pb_old_content":"","_et_gb_content_width":"","footnotes":""},"class_list":["post-1852","page","type-page","status-publish","hentry"],"_links":{"self":[{"href":"https:\/\/tonga-schools.eu\/fr\/wp-json\/wp\/v2\/pages\/1852","targetHints":{"allow":["GET"]}}],"collection":[{"href":"https:\/\/tonga-schools.eu\/fr\/wp-json\/wp\/v2\/pages"}],"about":[{"href":"https:\/\/tonga-schools.eu\/fr\/wp-json\/wp\/v2\/types\/page"}],"author":[{"embeddable":true,"href":"https:\/\/tonga-schools.eu\/fr\/wp-json\/wp\/v2\/users\/2"}],"replies":[{"embeddable":true,"href":"https:\/\/tonga-schools.eu\/fr\/wp-json\/wp\/v2\/comments?post=1852"}],"version-history":[{"count":10,"href":"https:\/\/tonga-schools.eu\/fr\/wp-json\/wp\/v2\/pages\/1852\/revisions"}],"predecessor-version":[{"id":7095,"href":"https:\/\/tonga-schools.eu\/fr\/wp-json\/wp\/v2\/pages\/1852\/revisions\/7095"}],"up":[{"embeddable":true,"href":"https:\/\/tonga-schools.eu\/fr\/wp-json\/wp\/v2\/pages\/517"}],"wp:attachment":[{"href":"https:\/\/tonga-schools.eu\/fr\/wp-json\/wp\/v2\/media?parent=1852"}],"curies":[{"name":"wp","href":"https:\/\/api.w.org\/{rel}","templated":true}]}}