{"id":5870,"date":"2025-03-30T09:38:22","date_gmt":"2025-03-30T07:38:22","guid":{"rendered":"https:\/\/tonga-schools.eu\/reseau-tonga-ecoles\/"},"modified":"2025-04-27T18:46:00","modified_gmt":"2025-04-27T16:46:00","slug":"reseau-tonga-ecoles","status":"publish","type":"page","link":"https:\/\/tonga-schools.eu\/fr\/reseau-tonga-ecoles\/","title":{"rendered":"R\u00e9seau des \u00e9coles Tonga"},"content":{"rendered":"<p>[et_pb_section fb_built=\u00a0\u00bb1&Prime; fullwidth=\u00a0\u00bbon\u00a0\u00bb _builder_version=\u00a0\u00bb4.23.1&Prime; _module_preset=\u00a0\u00bbdefault\u00a0\u00bb background_color=\u00a0\u00bb#f6f2ed\u00a0\u00bb locked=\u00a0\u00bboff\u00a0\u00bb global_colors_info=\u00a0\u00bb{}\u00a0\u00bb][et_pb_fullwidth_header title=\u00a0\u00bbOutils \u00c9cole Tonga\u00a0\u00bb subhead=\u00a0\u00bbR\u00e9seau des \u00c9coles Tonga \u00a0\u00bb header_image_url=\u00a0\u00bbhttps:\/\/tonga-schools.eu\/wp-content\/uploads\/2023\/11\/tonga-schools-network.webp\u00a0\u00bb module_id=\u00a0\u00bbheader-text\u00a0\u00bb _builder_version=\u00a0\u00bb4.27.4&Prime; _module_preset=\u00a0\u00bbdefault\u00a0\u00bb title_font=\u00a0\u00bbHelvetica Neue Regular|700||on|||||\u00a0\u00bb title_text_align=\u00a0\u00bbleft\u00a0\u00bb title_font_size=\u00a0\u00bb16px\u00a0\u00bb content_font=\u00a0\u00bbHelvetica Neue Regular||||||||\u00a0\u00bb content_text_align=\u00a0\u00bbleft\u00a0\u00bb content_text_color=\u00a0\u00bbrgba(15,12,7,0.8)\u00a0\u00bb subhead_font=\u00a0\u00bbHelvetica Neue Regular|900|||||||\u00a0\u00bb subhead_text_align=\u00a0\u00bbleft\u00a0\u00bb subhead_text_color=\u00a0\u00bb#0f0c07&Prime; subhead_font_size=\u00a0\u00bb40px\u00a0\u00bb subhead_line_height=\u00a0\u00bb1.1em\u00a0\u00bb background_color=\u00a0\u00bb#f6f2ed\u00a0\u00bb custom_button_one=\u00a0\u00bbon\u00a0\u00bb button_one_text_size=\u00a0\u00bb18px\u00a0\u00bb button_one_text_color=\u00a0\u00bb#FFFFFF\u00a0\u00bb button_one_bg_color=\u00a0\u00bb#d44d46&Prime; button_one_border_width=\u00a0\u00bb1px\u00a0\u00bb button_one_border_color=\u00a0\u00bb#d44d46&Prime; button_one_border_radius=\u00a0\u00bb5px\u00a0\u00bb button_one_font=\u00a0\u00bbHelvetica Neue Regular|500|||||||\u00a0\u00bb button_one_icon=\u00a0\u00bb&#x35;||divi||400&Prime; button_one_icon_color=\u00a0\u00bb#d44d46&Prime; button_one_custom_margin=\u00a0\u00bb30px||||false|false\u00a0\u00bb button_one_custom_padding=\u00a0\u00bb16px|32px|16px|32px|true|true\u00a0\u00bb custom_button_two=\u00a0\u00bbon\u00a0\u00bb button_two_text_size=\u00a0\u00bb18px\u00a0\u00bb button_two_text_color=\u00a0\u00bb#FFFFFF\u00a0\u00bb button_two_bg_color=\u00a0\u00bb#4746d4&Prime; button_two_border_width=\u00a0\u00bb1px\u00a0\u00bb button_two_border_color=\u00a0\u00bb#4746d4&Prime; button_two_border_radius=\u00a0\u00bb5px\u00a0\u00bb button_two_font=\u00a0\u00bbHelvetica Neue Regular|500|||||||\u00a0\u00bb button_two_icon=\u00a0\u00bb&#x35;||divi||400&Prime; button_two_icon_color=\u00a0\u00bb#4746d4&Prime; button_two_custom_padding=\u00a0\u00bb16px|32px|16px|32px|true|true\u00a0\u00bb custom_css_title=\u00a0\u00bbpadding-bottom: 20px;\u00a0\u00bb custom_css_subtitle=\u00a0\u00bbpadding-bottom: 30px;\u00a0\u00bb global_colors_info=\u00a0\u00bb{}\u00a0\u00bb button_one_text_color__hover_enabled=\u00a0\u00bbon|hover\u00a0\u00bb button_one_text_color__hover=\u00a0\u00bb#d44d46&Prime; button_one_bg_color__hover_enabled=\u00a0\u00bbon|hover\u00a0\u00bb button_one_bg_color__hover=\u00a0\u00bb#FFFFFF\u00a0\u00bb button_one_bg_enable_color__hover=\u00a0\u00bbon\u00a0\u00bb button_two_text_color__hover_enabled=\u00a0\u00bbon|hover\u00a0\u00bb button_two_text_color__hover=\u00a0\u00bb#4746d4&Prime; button_two_bg_color__hover_enabled=\u00a0\u00bbon|hover\u00a0\u00bb button_two_bg_color__hover=\u00a0\u00bb#FFFFFF\u00a0\u00bb button_two_bg_enable_color__hover=\u00a0\u00bbon\u00a0\u00bb]<\/p>\n<p style=\"text-align: left;\">Relier les communaut\u00e9s, c\u00e9l\u00e9brer la diversit\u00e9<\/p>\n<p>[\/et_pb_fullwidth_header][\/et_pb_section][et_pb_section fb_built=\u00a0\u00bb1&Prime; _builder_version=\u00a0\u00bb4.27.4&Prime; _module_preset=\u00a0\u00bbdefault\u00a0\u00bb global_colors_info=\u00a0\u00bb{}\u00a0\u00bb][et_pb_row _builder_version=\u00a0\u00bb4.27.4&Prime; _module_preset=\u00a0\u00bbdefault\u00a0\u00bb global_colors_info=\u00a0\u00bb{}\u00a0\u00bb][et_pb_column type=\u00a0\u00bb4_4&Prime; _builder_version=\u00a0\u00bb4.27.4&Prime; _module_preset=\u00a0\u00bbdefault\u00a0\u00bb global_colors_info=\u00a0\u00bb{}\u00a0\u00bb][et_pb_countdown_timer title=\u00a0\u00bbOuverture de notre r\u00e9seau dans&#8230;\u00a0\u00bb date_time=\u00a0\u00bb2026-10-01 13:00&Prime; _builder_version=\u00a0\u00bb4.27.4&Prime; _module_preset=\u00a0\u00bbdefault\u00a0\u00bb global_colors_info=\u00a0\u00bb{}\u00a0\u00bb][\/et_pb_countdown_timer][\/et_pb_column][\/et_pb_row][et_pb_row _builder_version=\u00a0\u00bb4.27.4&Prime; _module_preset=\u00a0\u00bbdefault\u00a0\u00bb column_structure=\u00a0\u00bb1_2,1_2&Prime;][et_pb_column _builder_version=\u00a0\u00bb4.27.4&Prime; _module_preset=\u00a0\u00bbdefault\u00a0\u00bb type=\u00a0\u00bb1_2&Prime;][et_pb_code _builder_version=\u00a0\u00bb4.27.4&Prime; _module_preset=\u00a0\u00bbdefault\u00a0\u00bb global_colors_info=\u00a0\u00bb{}\u00a0\u00bb]<\/p>\n<div style=\"position: relative; width: 100%; height: 0; padding-top: 56.25%; box-shadow: 0 2px 8px rgba(63,69,81,0.16); margin-top: 1.6em; margin-bottom: 0.9em; overflow: hidden; border-radius: 8px;\"><!-- [et_pb_line_break_holder] -->  <iframe loading=\"lazy\"<!-- [et_pb_line_break_holder] -->    style=\u00a0\u00bbposition: absolute; width: 100%; height: 100%; top: 0; left: 0; border: none;\u00a0\u00bb<!-- [et_pb_line_break_holder] -->    src=\u00a0\u00bbhttps:\/\/www.canva.com\/design\/DAGlqnr8Enk\/ZALQJvHdddoKstnRvwx1aQ\/view?embed\u00a0\u00bb<!-- [et_pb_line_break_holder] -->    sandbox=\u00a0\u00bballow-scripts allow-same-origin allow-popups\u00a0\u00bb<!-- [et_pb_line_break_holder] -->    allowfullscreen><!-- [et_pb_line_break_holder] -->  <\/iframe><!-- [et_pb_line_break_holder] --><\/div>\n<p><!-- [et_pb_line_break_holder] --><a href=\"https:\/\/www.canva.com\/design\/DAGlqnr8Enk\/ZALQJvHdddoKstnRvwx1aQ\/view?utm_content=DAGlqnr8Enk&#038;utm_campaign=designshare&#038;utm_medium=embeds&#038;utm_source=link\" target=\"_blank\" rel=\"noopener\"><!-- [et_pb_line_break_holder] -->[\/et_pb_code][\/et_pb_column][et_pb_column _builder_version=\u00a0\u00bb4.27.4&Prime; _module_preset=\u00a0\u00bbdefault\u00a0\u00bb type=\u00a0\u00bb1_2&Prime;][et_pb_image src=\u00a0\u00bbhttps:\/\/tonga-schools.eu\/wp-content\/uploads\/2025\/03\/Copie-de-Why-Tonga-14.png\u00a0\u00bb title_text=\u00a0\u00bbCopie de Why Tonga (14)\u00a0\u00bb _builder_version=\u00a0\u00bb4.27.4&Prime; _module_preset=\u00a0\u00bbdefault\u00a0\u00bb global_colors_info=\u00a0\u00bb{}\u00a0\u00bb][\/et_pb_image][\/et_pb_column][\/et_pb_row][\/et_pb_section]<\/p>\n","protected":false},"excerpt":{"rendered":"<p>Relier les communaut\u00e9s, c\u00e9l\u00e9brer la diversit\u00e9<\/p>\n","protected":false},"author":2,"featured_media":0,"parent":0,"menu_order":0,"comment_status":"closed","ping_status":"closed","template":"","meta":{"_et_pb_use_builder":"on","_et_pb_old_content":"","_et_gb_content_width":"","footnotes":""},"class_list":["post-5870","page","type-page","status-publish","hentry"],"_links":{"self":[{"href":"https:\/\/tonga-schools.eu\/fr\/wp-json\/wp\/v2\/pages\/5870","targetHints":{"allow":["GET"]}}],"collection":[{"href":"https:\/\/tonga-schools.eu\/fr\/wp-json\/wp\/v2\/pages"}],"about":[{"href":"https:\/\/tonga-schools.eu\/fr\/wp-json\/wp\/v2\/types\/page"}],"author":[{"embeddable":true,"href":"https:\/\/tonga-schools.eu\/fr\/wp-json\/wp\/v2\/users\/2"}],"replies":[{"embeddable":true,"href":"https:\/\/tonga-schools.eu\/fr\/wp-json\/wp\/v2\/comments?post=5870"}],"version-history":[{"count":16,"href":"https:\/\/tonga-schools.eu\/fr\/wp-json\/wp\/v2\/pages\/5870\/revisions"}],"predecessor-version":[{"id":7882,"href":"https:\/\/tonga-schools.eu\/fr\/wp-json\/wp\/v2\/pages\/5870\/revisions\/7882"}],"wp:attachment":[{"href":"https:\/\/tonga-schools.eu\/fr\/wp-json\/wp\/v2\/media?parent=5870"}],"curies":[{"name":"wp","href":"https:\/\/api.w.org\/{rel}","templated":true}]}}