{"id":5884,"date":"2025-03-30T09:43:03","date_gmt":"2025-03-30T07:43:03","guid":{"rendered":"https:\/\/tonga-schools.eu\/boite-a-outils\/"},"modified":"2025-04-29T10:01:19","modified_gmt":"2025-04-29T08:01:19","slug":"boite-a-outils","status":"publish","type":"page","link":"https:\/\/tonga-schools.eu\/fr\/boite-a-outils\/","title":{"rendered":"Bo\u00eete \u00e0 outils"},"content":{"rendered":"<p>[et_pb_section fb_built=\u00a0\u00bb1&Prime; fullwidth=\u00a0\u00bbon\u00a0\u00bb _builder_version=\u00a0\u00bb4.23.1&Prime; _module_preset=\u00a0\u00bbdefault\u00a0\u00bb background_color=\u00a0\u00bb#f6f2ed\u00a0\u00bb locked=\u00a0\u00bboff\u00a0\u00bb global_colors_info=\u00a0\u00bb{}\u00a0\u00bb][et_pb_fullwidth_header title=\u00a0\u00bbOutils Tonga \u00c9cole\u00a0\u00bb subhead=\u00a0\u00bbBO\u00ceTE \u00c0 OUTILS\u00a0\u00bb header_image_url=\u00a0\u00bbhttps:\/\/tonga-schools.eu\/wp-content\/uploads\/2025\/03\/Copie-de-Why-Tonga-15.png\u00a0\u00bb module_id=\u00a0\u00bbheader-text\u00a0\u00bb _builder_version=\u00a0\u00bb4.27.4&Prime; _module_preset=\u00a0\u00bbdefault\u00a0\u00bb title_font=\u00a0\u00bbHelvetica Neue Regular|700||on|||||\u00a0\u00bb title_text_align=\u00a0\u00bbleft\u00a0\u00bb title_font_size=\u00a0\u00bb16px\u00a0\u00bb content_font=\u00a0\u00bbHelvetica Neue Regular||||||||\u00a0\u00bb content_text_align=\u00a0\u00bbleft\u00a0\u00bb content_text_color=\u00a0\u00bbrgba(15,12,7,0.8)\u00a0\u00bb subhead_font=\u00a0\u00bbHelvetica Neue Regular|900|||||||\u00a0\u00bb subhead_text_align=\u00a0\u00bbleft\u00a0\u00bb subhead_text_color=\u00a0\u00bb#0f0c07&Prime; subhead_font_size=\u00a0\u00bb40px\u00a0\u00bb subhead_line_height=\u00a0\u00bb1.1em\u00a0\u00bb background_color=\u00a0\u00bb#f6f2ed\u00a0\u00bb custom_button_one=\u00a0\u00bbon\u00a0\u00bb button_one_text_size=\u00a0\u00bb18px\u00a0\u00bb button_one_text_color=\u00a0\u00bb#FFFFFF\u00a0\u00bb button_one_bg_color=\u00a0\u00bb#d44d46&Prime; button_one_border_width=\u00a0\u00bb1px\u00a0\u00bb button_one_border_color=\u00a0\u00bb#d44d46&Prime; button_one_border_radius=\u00a0\u00bb5px\u00a0\u00bb button_one_font=\u00a0\u00bbHelvetica Neue Regular|500|||||||\u00a0\u00bb button_one_icon=\u00a0\u00bb&#x35;||divi||400&Prime; button_one_icon_color=\u00a0\u00bb#d44d46&Prime; button_one_custom_margin=\u00a0\u00bb30px||||false|false\u00a0\u00bb button_one_custom_padding=\u00a0\u00bb16px|32px|16px|32px|true|true\u00a0\u00bb custom_button_two=\u00a0\u00bbon\u00a0\u00bb button_two_text_size=\u00a0\u00bb18px\u00a0\u00bb button_two_text_color=\u00a0\u00bb#FFFFFF\u00a0\u00bb button_two_bg_color=\u00a0\u00bb#4746d4&Prime; button_two_border_width=\u00a0\u00bb1px\u00a0\u00bb button_two_border_color=\u00a0\u00bb#4746d4&Prime; button_two_border_radius=\u00a0\u00bb5px\u00a0\u00bb button_two_font=\u00a0\u00bbHelvetica Neue Regular|500|||||||\u00a0\u00bb button_two_icon=\u00a0\u00bb&#x35;||divi||400&Prime; button_two_icon_color=\u00a0\u00bb#4746d4&Prime; button_two_custom_padding=\u00a0\u00bb16px|32px|16px|32px|true|true\u00a0\u00bb custom_css_title=\u00a0\u00bbpadding-bottom: 20px;\u00a0\u00bb custom_css_subtitle=\u00a0\u00bbpadding-bottom: 30px;\u00a0\u00bb global_colors_info=\u00a0\u00bb{}\u00a0\u00bb button_one_text_color__hover_enabled=\u00a0\u00bbon|hover\u00a0\u00bb button_one_text_color__hover=\u00a0\u00bb#d44d46&Prime; button_one_bg_color__hover_enabled=\u00a0\u00bbon|hover\u00a0\u00bb button_one_bg_color__hover=\u00a0\u00bb#FFFFFF\u00a0\u00bb button_one_bg_enable_color__hover=\u00a0\u00bbon\u00a0\u00bb button_two_text_color__hover_enabled=\u00a0\u00bbon|hover\u00a0\u00bb button_two_text_color__hover=\u00a0\u00bb#4746d4&Prime; button_two_bg_color__hover_enabled=\u00a0\u00bbon|hover\u00a0\u00bb button_two_bg_color__hover=\u00a0\u00bb#FFFFFF\u00a0\u00bb button_two_bg_enable_color__hover=\u00a0\u00bbon\u00a0\u00bb]<\/p>\n<p style=\"text-align: left;\">Con\u00e7ue pour tous les acteurs de l&rsquo;\u00e9cole, notre bo\u00eetre \u00e0 outils vous donnera de nombreuses informations, mais \u00e9galement des outils pratiques pour am\u00e9liorer vos relations et votre communication avec les familles plurilingues &#8211; d&rsquo;origine migrante &#8211; pour le bien-\u00eatre et la r\u00e9ussite des enfants. Elle vous aidera \u00e0 accueillir toutes les langues pr\u00e9sentes dans votre \u00e9cole. Vous y trouverez \u00e9galement des documents pr\u00eat-\u00e0-l&#8217;emploi.<\/p>\n<p>[\/et_pb_fullwidth_header][\/et_pb_section][et_pb_section fb_built=\u00a0\u00bb1&Prime; specialty=\u00a0\u00bbon\u00a0\u00bb _builder_version=\u00a0\u00bb4.27.4&Prime; _module_preset=\u00a0\u00bbdefault\u00a0\u00bb min_height=\u00a0\u00bb100px\u00a0\u00bb global_colors_info=\u00a0\u00bb{}\u00a0\u00bb][et_pb_column type=\u00a0\u00bb1_2&Prime; _builder_version=\u00a0\u00bb4.16&Prime; custom_padding=\u00a0\u00bb|||\u00a0\u00bb global_colors_info=\u00a0\u00bb{}\u00a0\u00bb custom_padding__hover=\u00a0\u00bb|||\u00a0\u00bb][et_pb_image src=\u00a0\u00bbhttps:\/\/tonga-schools.eu\/wp-content\/uploads\/2024\/11\/TOOLKIT-APAM.webp\u00a0\u00bb alt=\u00a0\u00bbTOOLKIT &#8211; APAM\u00a0\u00bb title_text=\u00a0\u00bbTOOLKIT &#8211; APAM\u00a0\u00bb show_bottom_space=\u00a0\u00bboff\u00a0\u00bb _builder_version=\u00a0\u00bb4.27.4&Prime; _module_preset=\u00a0\u00bbdefault\u00a0\u00bb background_enable_color=\u00a0\u00bboff\u00a0\u00bb width=\u00a0\u00bb850%\u00a0\u00bb max_width=\u00a0\u00bb500%\u00a0\u00bb module_alignment=\u00a0\u00bbcenter\u00a0\u00bb min_height=\u00a0\u00bb500px\u00a0\u00bb height=\u00a0\u00bb500px\u00a0\u00bb max_height=\u00a0\u00bb500px\u00a0\u00bb custom_margin_tablet=\u00a0\u00bb0px||||false|false\u00a0\u00bb custom_margin_phone=\u00a0\u00bb0px||||false|false\u00a0\u00bb custom_margin_last_edited=\u00a0\u00bboff|desktop\u00a0\u00bb custom_padding_tablet=\u00a0\u00bb0px||0px||true|false\u00a0\u00bb custom_padding_phone=\u00a0\u00bb0px||0px||true|false\u00a0\u00bb custom_padding_last_edited=\u00a0\u00bboff|desktop\u00a0\u00bb custom_css_main_element=\u00a0\u00bbborder-radius: 10px;\u00a0\u00bb border_radii=\u00a0\u00bbon|10px|10px|10px|10px\u00a0\u00bb box_shadow_style=\u00a0\u00bbpreset2&Prime; box_shadow_color=\u00a0\u00bbrgba(0,0,0,0.17)\u00a0\u00bb global_colors_info=\u00a0\u00bb{}\u00a0\u00bb][\/et_pb_image][\/et_pb_column][et_pb_column type=\u00a0\u00bb1_2&Prime; specialty_columns=\u00a0\u00bb2&Prime; _builder_version=\u00a0\u00bb4.16&Prime; custom_padding=\u00a0\u00bb|||\u00a0\u00bb global_colors_info=\u00a0\u00bb{}\u00a0\u00bb custom_padding__hover=\u00a0\u00bb|||\u00a0\u00bb][et_pb_row_inner _builder_version=\u00a0\u00bb4.27.4&Prime; _module_preset=\u00a0\u00bbdefault\u00a0\u00bb global_colors_info=\u00a0\u00bb{}\u00a0\u00bb][et_pb_column_inner saved_specialty_column_type=\u00a0\u00bb1_2&Prime; _builder_version=\u00a0\u00bb4.27.4&Prime; _module_preset=\u00a0\u00bbdefault\u00a0\u00bb global_colors_info=\u00a0\u00bb{}\u00a0\u00bb][et_pb_text _builder_version=\u00a0\u00bb4.27.4&Prime; _module_preset=\u00a0\u00bbdefault\u00a0\u00bb text_font=\u00a0\u00bbHelvetica Neue Regular||||||||\u00a0\u00bb text_text_color=\u00a0\u00bbrgba(15,12,7,0.8)\u00a0\u00bb header_2_font=\u00a0\u00bbHelvetica Neue Regular|800|||||||\u00a0\u00bb header_2_text_align=\u00a0\u00bbleft\u00a0\u00bb header_2_text_color=\u00a0\u00bb#285299&Prime; header_2_font_size=\u00a0\u00bb46px\u00a0\u00bb header_2_line_height=\u00a0\u00bb1.1em\u00a0\u00bb global_colors_info=\u00a0\u00bb{}\u00a0\u00bb]<\/p>\n<h2>Bo\u00eete \u00e0 outils<\/h2>\n<p>Le R\u00e9seau \u00c9coles Tonga est un r\u00e9seau d\u2019\u00e9coles qui ont fait le choix de faciliter la communication entre les familles plurilingues et les \u00e9coles pour le bien-\u00eatre et la r\u00e9ussite des enfants. Les \u00c9coles Tonga sont des \u00e9coles ouvertes aux langues et aux cultures dans lesquelles les enfants peuvent s\u2019\u00e9panouir et r\u00e9ussir.<\/p>\n<p>Vous trouverez ci-dessous une version interactive de notre bo\u00eete \u00e0 outils \u2013 la navigation se fait en cliquant sur la fl\u00e8che en bas \u00e0 gauche ou directement sur le chapitre de votre choix. Pour une version plus \u00ab classique \u00bb, veuillez cliquer sur le bouton \u00ab Version classique \u00bb et pour la t\u00e9l\u00e9charger, cliquez sur le bouton ci-dessous.<\/p>\n<p>[\/et_pb_text][\/et_pb_column_inner][\/et_pb_row_inner][et_pb_row_inner column_structure=\u00a0\u00bb1_2,1_2&Prime; _builder_version=\u00a0\u00bb4.27.4&Prime; _module_preset=\u00a0\u00bbdefault\u00a0\u00bb global_colors_info=\u00a0\u00bb{}\u00a0\u00bb][et_pb_column_inner type=\u00a0\u00bb1_2&Prime; saved_specialty_column_type=\u00a0\u00bb1_2&Prime; _builder_version=\u00a0\u00bb4.27.4&Prime; _module_preset=\u00a0\u00bbdefault\u00a0\u00bb global_colors_info=\u00a0\u00bb{}\u00a0\u00bb][et_pb_button button_url=\u00a0\u00bbhttps:\/\/tonga-schools.eu\/wp-content\/uploads\/2024\/11\/TOOLKIT-APAM.pdf\u00a0\u00bb url_new_window=\u00a0\u00bbon\u00a0\u00bb button_text=\u00a0\u00bbT\u00e9l\u00e9charger\u00a0\u00bb button_alignment=\u00a0\u00bbleft\u00a0\u00bb _builder_version=\u00a0\u00bb4.27.4&Prime; _module_preset=\u00a0\u00bbdefault\u00a0\u00bb custom_button=\u00a0\u00bbon\u00a0\u00bb button_text_size=\u00a0\u00bb18px\u00a0\u00bb button_text_color=\u00a0\u00bb#FFFFFF\u00a0\u00bb button_bg_color=\u00a0\u00bb#8d1a28&Prime; button_border_width=\u00a0\u00bb1px\u00a0\u00bb button_border_color=\u00a0\u00bb#8d1a28&Prime; button_border_radius=\u00a0\u00bb5px\u00a0\u00bb button_font=\u00a0\u00bbHelvetica Neue Regular|500|||||||\u00a0\u00bb button_icon=\u00a0\u00bb&#x35;||divi||400&Prime; button_icon_color=\u00a0\u00bb#8d1a28&Prime; background_layout=\u00a0\u00bbdark\u00a0\u00bb custom_padding=\u00a0\u00bb16px|32px|16px|32px|true|true\u00a0\u00bb global_colors_info=\u00a0\u00bb{}\u00a0\u00bb button_text_color__hover_enabled=\u00a0\u00bbon|hover\u00a0\u00bb button_text_color__hover=\u00a0\u00bb#8d1a28&Prime; button_bg_color__hover_enabled=\u00a0\u00bbon|hover\u00a0\u00bb button_bg_color__hover=\u00a0\u00bb#FFFFFF\u00a0\u00bb button_bg_enable_color__hover=\u00a0\u00bbon\u00a0\u00bb][\/et_pb_button][\/et_pb_column_inner][et_pb_column_inner type=\u00a0\u00bb1_2&Prime; saved_specialty_column_type=\u00a0\u00bb1_2&Prime; _builder_version=\u00a0\u00bb4.27.4&Prime; _module_preset=\u00a0\u00bbdefault\u00a0\u00bb global_colors_info=\u00a0\u00bb{}\u00a0\u00bb][et_pb_button button_url=\u00a0\u00bbhttps:\/\/tonga-schools.eu\/fr\/boite-a-outils-version-plus-classique\/\u00a0\u00bb url_new_window=\u00a0\u00bbon\u00a0\u00bb button_text=\u00a0\u00bb Version Classique\u00a0\u00bb button_alignment=\u00a0\u00bbleft\u00a0\u00bb _builder_version=\u00a0\u00bb4.27.4&Prime; _module_preset=\u00a0\u00bbdefault\u00a0\u00bb custom_button=\u00a0\u00bbon\u00a0\u00bb button_text_size=\u00a0\u00bb18px\u00a0\u00bb button_text_color=\u00a0\u00bb#FFFFFF\u00a0\u00bb button_bg_color=\u00a0\u00bb#285299&Prime; button_border_width=\u00a0\u00bb1px\u00a0\u00bb button_border_color=\u00a0\u00bb#285299&Prime; button_border_radius=\u00a0\u00bb5px\u00a0\u00bb button_font=\u00a0\u00bbHelvetica Neue Regular|500|||||||\u00a0\u00bb button_icon=\u00a0\u00bb&#x35;||divi||400&Prime; button_icon_color=\u00a0\u00bb#4746d4&Prime; background_layout=\u00a0\u00bbdark\u00a0\u00bb custom_padding=\u00a0\u00bb16px|32px|16px|32px|true|true\u00a0\u00bb global_colors_info=\u00a0\u00bb{}\u00a0\u00bb button_text_color__hover_enabled=\u00a0\u00bbon|hover\u00a0\u00bb button_text_color__hover=\u00a0\u00bb#285299&Prime; button_bg_color__hover_enabled=\u00a0\u00bbon|desktop\u00a0\u00bb button_bg_color__hover=\u00a0\u00bb#FFFFFF\u00a0\u00bb button_bg_enable_color__hover=\u00a0\u00bbon\u00a0\u00bb][\/et_pb_button][\/et_pb_column_inner][\/et_pb_row_inner][\/et_pb_column][\/et_pb_section][et_pb_section fb_built=\u00a0\u00bb1&Prime; _builder_version=\u00a0\u00bb4.27.4&Prime; _module_preset=\u00a0\u00bbdefault\u00a0\u00bb min_height=\u00a0\u00bb1096.6px\u00a0\u00bb global_colors_info=\u00a0\u00bb{}\u00a0\u00bb][et_pb_row _builder_version=\u00a0\u00bb4.27.4&Prime; _module_preset=\u00a0\u00bbdefault\u00a0\u00bb global_colors_info=\u00a0\u00bb{}\u00a0\u00bb][et_pb_column type=\u00a0\u00bb4_4&Prime; _builder_version=\u00a0\u00bb4.27.4&Prime; _module_preset=\u00a0\u00bbdefault\u00a0\u00bb global_colors_info=\u00a0\u00bb{}\u00a0\u00bb][et_pb_text _builder_version=\u00a0\u00bb4.27.4&Prime; _module_preset=\u00a0\u00bbdefault\u00a0\u00bb header_2_text_color=\u00a0\u00bb#285299&Prime; hover_enabled=\u00a0\u00bb0&Prime; global_colors_info=\u00a0\u00bb{}\u00a0\u00bb sticky_enabled=\u00a0\u00bb0&Prime;]<\/p>\n<h2><strong>Bo\u00eete \u00e0 outils &#8211; version interactive<\/strong><\/h2>\n<p>[\/et_pb_text][et_pb_code _builder_version=\u00a0\u00bb4.27.4&Prime; _module_preset=\u00a0\u00bbdefault\u00a0\u00bb global_colors_info=\u00a0\u00bb{}\u00a0\u00bb]<\/p>\n<div style=\"position: relative; width: 100%; height: 0; padding-top: 56.25%; box-shadow: 0 2px 8px rgba(63,69,81,0.16); margin-top: 1.6em; margin-bottom: 0.9em; overflow: hidden; border-radius: 8px;\"><!-- [et_pb_line_break_holder] -->  <iframe loading=\"lazy\"<!-- [et_pb_line_break_holder] -->    style=\u00a0\u00bbposition: absolute; width: 100%; height: 100%; top: 0; left: 0; border: none;\u00a0\u00bb<!-- [et_pb_line_break_holder] -->    src=\u00a0\u00bbhttps:\/\/www.canva.com\/design\/DAGloEP-6cw\/pHeVG0UQGmyRAnMthoAkkw\/view?embed\u00a0\u00bb<!-- [et_pb_line_break_holder] -->    sandbox=\u00a0\u00bballow-scripts allow-same-origin allow-popups\u00a0\u00bb<!-- [et_pb_line_break_holder] -->    allowfullscreen><!-- [et_pb_line_break_holder] -->  <\/iframe><!-- [et_pb_line_break_holder] --><\/div>\n<p><!-- [et_pb_line_break_holder] --><a href=\"https:\/\/www.canva.com\/design\/DAGloEP-6cw\/pHeVG0UQGmyRAnMthoAkkw\/view?utm_content=DAGloEP-6cw&#038;utm_campaign=designshare&#038;utm_medium=embeds&#038;utm_source=link\" target=\"_blank\" rel=\"noopener\">[\/et_pb_code][\/et_pb_column][\/et_pb_row][\/et_pb_section][et_pb_section fb_built=\u00a0\u00bb1&Prime; _builder_version=\u00a0\u00bb4.27.4&Prime; _module_preset=\u00a0\u00bbdefault\u00a0\u00bb global_colors_info=\u00a0\u00bb{}\u00a0\u00bb][\/et_pb_section]<\/p>\n","protected":false},"excerpt":{"rendered":"<p>Con\u00e7ue pour tous les acteurs de l&rsquo;\u00e9cole, notre bo\u00eetre \u00e0 outils vous donnera de nombreuses informations, mais \u00e9galement des outils pratiques pour am\u00e9liorer vos relations et votre communication avec les familles plurilingues &#8211; d&rsquo;origine migrante &#8211; pour le bien-\u00eatre et la r\u00e9ussite des enfants. Elle vous aidera \u00e0 accueillir toutes les langues pr\u00e9sentes dans votre [&hellip;]<\/p>\n","protected":false},"author":2,"featured_media":0,"parent":0,"menu_order":0,"comment_status":"closed","ping_status":"closed","template":"","meta":{"_et_pb_use_builder":"on","_et_pb_old_content":"","_et_gb_content_width":"","footnotes":""},"class_list":["post-5884","page","type-page","status-publish","hentry"],"_links":{"self":[{"href":"https:\/\/tonga-schools.eu\/fr\/wp-json\/wp\/v2\/pages\/5884","targetHints":{"allow":["GET"]}}],"collection":[{"href":"https:\/\/tonga-schools.eu\/fr\/wp-json\/wp\/v2\/pages"}],"about":[{"href":"https:\/\/tonga-schools.eu\/fr\/wp-json\/wp\/v2\/types\/page"}],"author":[{"embeddable":true,"href":"https:\/\/tonga-schools.eu\/fr\/wp-json\/wp\/v2\/users\/2"}],"replies":[{"embeddable":true,"href":"https:\/\/tonga-schools.eu\/fr\/wp-json\/wp\/v2\/comments?post=5884"}],"version-history":[{"count":34,"href":"https:\/\/tonga-schools.eu\/fr\/wp-json\/wp\/v2\/pages\/5884\/revisions"}],"predecessor-version":[{"id":7953,"href":"https:\/\/tonga-schools.eu\/fr\/wp-json\/wp\/v2\/pages\/5884\/revisions\/7953"}],"wp:attachment":[{"href":"https:\/\/tonga-schools.eu\/fr\/wp-json\/wp\/v2\/media?parent=5884"}],"curies":[{"name":"wp","href":"https:\/\/api.w.org\/{rel}","templated":true}]}}