{"id":2830,"date":"2024-11-28T04:49:30","date_gmt":"2024-11-28T03:49:30","guid":{"rendered":"https:\/\/tonga-schools.eu\/?page_id=2830"},"modified":"2025-04-24T15:55:01","modified_gmt":"2025-04-24T13:55:01","slug":"verktygslada-kapitel-c-dar-flersprakiga-foraldrar-kan-involveras","status":"publish","type":"page","link":"https:\/\/tonga-schools.eu\/sv\/for-skolor\/verktygslada-kapitel-c-dar-flersprakiga-foraldrar-kan-involveras\/","title":{"rendered":"Verktygsl\u00e5da &#8211; Kapitel C &#8211; D\u00e4r flerspr\u00e5kiga f\u00f6r\u00e4ldrar kan involveras"},"content":{"rendered":"<p>[et_pb_section fb_built=&#8221;1&#8243; fullwidth=&#8221;on&#8221; _builder_version=&#8221;4.23.1&#8243; _module_preset=&#8221;default&#8221; background_color=&#8221;#f6f2ed&#8221; locked=&#8221;off&#8221; global_colors_info=&#8221;{}&#8221;][et_pb_fullwidth_header title=&#8221;Verktygsl\u00e5da&#8221; subhead=&#8221;Kapitel C &#8211; D\u00e4r flerspr\u00e5kiga f\u00f6r\u00e4ldrar kan involveras&#8221; header_image_url=&#8221;https:\/\/tonga-schools.eu\/wp-content\/uploads\/2024\/12\/Toolkit-Kapitel-C-DAR-FLERSPRAKIGA-FORALDRAR-KAN-INVOLVERAS.webp&#8221; module_id=&#8221;header-text&#8221; _builder_version=&#8221;4.27.4&#8243; _module_preset=&#8221;default&#8221; title_font=&#8221;Helvetica Neue Regular|700||on|||||&#8221; title_text_align=&#8221;left&#8221; title_font_size=&#8221;16px&#8221; content_font=&#8221;Helvetica Neue Regular||||||||&#8221; content_text_align=&#8221;left&#8221; content_text_color=&#8221;rgba(15,12,7,0.8)&#8221; subhead_font=&#8221;Helvetica Neue Regular|900|||||||&#8221; subhead_text_align=&#8221;left&#8221; subhead_text_color=&#8221;#0f0c07&#8243; subhead_font_size=&#8221;40px&#8221; subhead_line_height=&#8221;1.1em&#8221; background_color=&#8221;#f6f2ed&#8221; custom_button_one=&#8221;on&#8221; button_one_text_size=&#8221;18px&#8221; button_one_text_color=&#8221;#FFFFFF&#8221; button_one_bg_color=&#8221;#d44d46&#8243; button_one_border_width=&#8221;1px&#8221; button_one_border_color=&#8221;#d44d46&#8243; button_one_border_radius=&#8221;5px&#8221; button_one_font=&#8221;Helvetica Neue Regular|500|||||||&#8221; button_one_icon=&#8221;&#x35;||divi||400&#8243; button_one_icon_color=&#8221;#d44d46&#8243; button_one_custom_margin=&#8221;30px||||false|false&#8221; button_one_custom_padding=&#8221;16px|32px|16px|32px|true|true&#8221; custom_button_two=&#8221;on&#8221; button_two_text_size=&#8221;18px&#8221; button_two_text_color=&#8221;#FFFFFF&#8221; button_two_bg_color=&#8221;#4746d4&#8243; button_two_border_width=&#8221;1px&#8221; button_two_border_color=&#8221;#4746d4&#8243; button_two_border_radius=&#8221;5px&#8221; button_two_font=&#8221;Helvetica Neue Regular|500|||||||&#8221; button_two_icon=&#8221;&#x35;||divi||400&#8243; button_two_icon_color=&#8221;#4746d4&#8243; button_two_custom_padding=&#8221;16px|32px|16px|32px|true|true&#8221; custom_css_header_image=&#8221;width: 50%;&#8221; custom_css_title=&#8221;padding-bottom: 20px;&#8221; custom_css_subtitle=&#8221;padding-bottom: 30px;&#8221; global_colors_info=&#8221;{}&#8221; button_one_text_color__hover_enabled=&#8221;on|hover&#8221; button_one_text_color__hover=&#8221;#d44d46&#8243; button_one_bg_color__hover_enabled=&#8221;on|hover&#8221; button_one_bg_color__hover=&#8221;#FFFFFF&#8221; button_one_bg_enable_color__hover=&#8221;on&#8221; button_two_text_color__hover_enabled=&#8221;on|hover&#8221; button_two_text_color__hover=&#8221;#4746d4&#8243; button_two_bg_color__hover_enabled=&#8221;on|hover&#8221; button_two_bg_color__hover=&#8221;#FFFFFF&#8221; button_two_bg_enable_color__hover=&#8221;on&#8221;]<\/p>\n<p>Det \u00e4r viktigt att l\u00e5ta f\u00f6r\u00e4ldrarna veta att de kan och kanske b\u00f6r engagera sig i sina barns skolg\u00e5ng. De m\u00e5ste f\u00e5 veta att de kan delta i skolans verksamhet som medlemmar i f\u00f6r\u00e4ldraf\u00f6reningen eller genom att skapa och delta i f\u00f6r\u00e4ldracaf\u00e9er.<\/p>\n<p>[\/et_pb_fullwidth_header][\/et_pb_section][et_pb_section fb_built=&#8221;1&#8243; admin_label=&#8221;Kapitel C&#8221; _builder_version=&#8221;4.27.4&#8243; _module_preset=&#8221;default&#8221; background_color=&#8221;#fefefe&#8221; custom_padding=&#8221;60px||90px||false|false&#8221; locked=&#8221;off&#8221; global_colors_info=&#8221;{}&#8221;][et_pb_row use_custom_gutter=&#8221;on&#8221; gutter_width=&#8221;2&#8243; admin_label=&#8221;Chapitres&#8221; _builder_version=&#8221;4.27.0&#8243; _module_preset=&#8221;default&#8221; custom_margin=&#8221;30px||||false|false&#8221; custom_padding=&#8221;||||false|false&#8221; global_colors_info=&#8221;{}&#8221;][et_pb_column type=&#8221;4_4&#8243; _builder_version=&#8221;4.23.1&#8243; _module_preset=&#8221;default&#8221; global_colors_info=&#8221;{}&#8221;][et_pb_text _builder_version=&#8221;4.27.4&#8243; _module_preset=&#8221;default&#8221; text_font=&#8221;Helvetica Neue Regular||||||||&#8221; text_text_color=&#8221;rgba(15,12,7,0.8)&#8221; header_2_font=&#8221;Helvetica Neue Regular|800|||||||&#8221; header_2_text_align=&#8221;left&#8221; header_2_text_color=&#8221;#0f0c07&#8243; header_2_font_size=&#8221;46px&#8221; header_2_line_height=&#8221;1.1em&#8221; header_3_font=&#8221;Helvetica Neue Regular|700|||||||&#8221; header_3_text_color=&#8221;#285299&#8243; header_3_font_size=&#8221;36px&#8221; custom_margin=&#8221;||||false|false&#8221; global_colors_info=&#8221;{}&#8221;]<\/p>\n<h3>Underkapitlen<\/h3>\n<p>[\/et_pb_text][\/et_pb_column][\/et_pb_row][et_pb_row column_structure=&#8221;1_3,1_3,1_3&#8243; use_custom_gutter=&#8221;on&#8221; gutter_width=&#8221;2&#8243; make_equal=&#8221;on&#8221; _builder_version=&#8221;4.27.4&#8243; _module_preset=&#8221;default&#8221; custom_padding=&#8221;0px||||false|false&#8221; locked=&#8221;off&#8221; global_colors_info=&#8221;{}&#8221;][et_pb_column type=&#8221;1_3&#8243; _builder_version=&#8221;4.27.0&#8243; _module_preset=&#8221;default&#8221; custom_padding=&#8221;||30px||false|false&#8221; border_radii=&#8221;on|10px|10px|10px|10px&#8221; box_shadow_style=&#8221;preset2&#8243; box_shadow_color=&#8221;rgba(0,0,0,0.16)&#8221; global_colors_info=&#8221;{}&#8221;][et_pb_image src=&#8221;https:\/\/tonga-schools.eu\/wp-content\/uploads\/2024\/12\/Toolkit-Underkapitel-k-Foraldrarnas-osakherhet.webp&#8221; alt=&#8221;Toolkit &#8211; Underkapitel k &#8211; Fo\u0308ra\u0308ldrarnas osa\u0308kherhet&#8221; title_text=&#8221;Toolkit &#8211; Underkapitel k &#8211; Fo\u0308ra\u0308ldrarnas osa\u0308kherhet&#8221; admin_label=&#8221;Image&#8221; _builder_version=&#8221;4.27.4&#8243; _module_preset=&#8221;default&#8221; global_colors_info=&#8221;{}&#8221;][\/et_pb_image][et_pb_heading title=&#8221;Fo\u0308ra\u0308ldrarnas osa\u0308kherhet&#8221; _builder_version=&#8221;4.27.4&#8243; _module_preset=&#8221;default&#8221; title_level=&#8221;h4&#8243; title_font=&#8221;&#8211;et_global_heading_font|700|||||||&#8221; title_text_align=&#8221;center&#8221; title_text_color=&#8221;#0f0c07&#8243; title_font_size=&#8221;24px&#8221; global_colors_info=&#8221;{}&#8221;][\/et_pb_heading][et_pb_button button_url=&#8221;\/sv\/for-skolor\/verktygslada-kapitel-c-dar-flersprakiga-foraldrar-kan-involveras\/underkapitel-k-foraldrarnas-osakherhet\/&#8221; button_text=&#8221;L\u00e4s mer&#8221; button_alignment=&#8221;center&#8221; _builder_version=&#8221;4.27.4&#8243; _module_preset=&#8221;default&#8221; custom_button=&#8221;on&#8221; button_text_size=&#8221;18px&#8221; button_text_color=&#8221;#FFFFFF&#8221; button_bg_color=&#8221;#285299&#8243; button_border_width=&#8221;1px&#8221; button_border_color=&#8221;#285299&#8243; button_border_radius=&#8221;5px&#8221; button_font=&#8221;Helvetica Neue Regular|500|||||||&#8221; button_icon=&#8221;&#x35;||divi||400&#8243; button_icon_color=&#8221;#285299&#8243; background_layout=&#8221;dark&#8221; custom_padding=&#8221;16px|32px|16px|32px|true|true&#8221; hover_enabled=&#8221;0&#8243; global_colors_info=&#8221;{}&#8221; button_text_color__hover_enabled=&#8221;on|hover&#8221; button_text_color__hover=&#8221;#285299&#8243; button_bg_color__hover_enabled=&#8221;on|desktop&#8221; button_bg_color__hover=&#8221;#FFFFFF&#8221; button_bg_enable_color__hover=&#8221;on&#8221; sticky_enabled=&#8221;0&#8243;][\/et_pb_button][\/et_pb_column][et_pb_column type=&#8221;1_3&#8243; _builder_version=&#8221;4.27.0&#8243; _module_preset=&#8221;default&#8221; transform_scale_last_edited=&#8221;off|desktop&#8221; transform_translate_tablet=&#8221;0px|0em&#8221; transform_translate_phone=&#8221;0px|0em&#8221; transform_translate_last_edited=&#8221;off|desktop&#8221; transform_rotate_last_edited=&#8221;off|desktop&#8221; transform_skew_last_edited=&#8221;off|desktop&#8221; transform_origin_last_edited=&#8221;off|desktop&#8221; custom_padding=&#8221;||30px||false|false&#8221; border_radii=&#8221;on|10px|10px|10px|10px&#8221; box_shadow_style=&#8221;preset2&#8243; box_shadow_color=&#8221;rgba(0,0,0,0.16)&#8221; global_colors_info=&#8221;{}&#8221; transform_styles__hover_enabled=&#8221;off|desktop&#8221; transform_scale__hover_enabled=&#8221;off|desktop&#8221; transform_translate__hover_enabled=&#8221;off|desktop&#8221; transform_rotate__hover_enabled=&#8221;off|desktop&#8221; transform_skew__hover_enabled=&#8221;off|desktop&#8221; transform_origin__hover_enabled=&#8221;off|desktop&#8221;][et_pb_image src=&#8221;https:\/\/tonga-schools.eu\/wp-content\/uploads\/2024\/12\/Toolkit-Underkapitel-l-Foraldraforening.webp&#8221; alt=&#8221;Toolkit &#8211; Underkapitel l &#8211; Fo\u0308ra\u0308ldrafo\u0308rening&#8221; title_text=&#8221;Toolkit &#8211; Underkapitel l &#8211; Fo\u0308ra\u0308ldrafo\u0308rening&#8221; _builder_version=&#8221;4.27.4&#8243; _module_preset=&#8221;default&#8221; global_colors_info=&#8221;{}&#8221;][\/et_pb_image][et_pb_heading title=&#8221;Fo\u0308ra\u0308ldrafo\u0308rening&#8221; _builder_version=&#8221;4.27.4&#8243; _module_preset=&#8221;default&#8221; title_level=&#8221;h4&#8243; title_font=&#8221;&#8211;et_global_heading_font|700|||||||&#8221; title_text_align=&#8221;center&#8221; title_text_color=&#8221;#0f0c07&#8243; title_font_size=&#8221;24px&#8221; global_colors_info=&#8221;{}&#8221;][\/et_pb_heading][et_pb_button button_url=&#8221;\/sv\/for-skolor\/verktygslada-kapitel-c-dar-flersprakiga-foraldrar-kan-involveras\/underkapitel-l-foraldraforening\/&#8221; button_text=&#8221;L\u00e4s mer&#8221; button_alignment=&#8221;center&#8221; _builder_version=&#8221;4.27.4&#8243; _module_preset=&#8221;default&#8221; custom_button=&#8221;on&#8221; button_text_size=&#8221;18px&#8221; button_text_color=&#8221;#FFFFFF&#8221; button_bg_color=&#8221;#285299&#8243; button_border_width=&#8221;1px&#8221; button_border_color=&#8221;#285299&#8243; button_border_radius=&#8221;5px&#8221; button_font=&#8221;Helvetica Neue Regular|500|||||||&#8221; button_icon=&#8221;&#x35;||divi||400&#8243; button_icon_color=&#8221;#285299&#8243; background_layout=&#8221;dark&#8221; custom_padding=&#8221;16px|32px|16px|32px|true|true&#8221; hover_enabled=&#8221;0&#8243; global_colors_info=&#8221;{}&#8221; button_text_color__hover_enabled=&#8221;on|hover&#8221; button_text_color__hover=&#8221;#285299&#8243; button_bg_color__hover_enabled=&#8221;on|desktop&#8221; button_bg_color__hover=&#8221;#FFFFFF&#8221; button_bg_enable_color__hover=&#8221;on&#8221; sticky_enabled=&#8221;0&#8243;][\/et_pb_button][\/et_pb_column][et_pb_column type=&#8221;1_3&#8243; _builder_version=&#8221;4.27.0&#8243; _module_preset=&#8221;default&#8221; transform_scale_last_edited=&#8221;off|desktop&#8221; transform_translate_tablet=&#8221;0px|0em&#8221; transform_translate_phone=&#8221;0px|0em&#8221; transform_translate_last_edited=&#8221;off|desktop&#8221; transform_rotate_last_edited=&#8221;off|desktop&#8221; transform_skew_last_edited=&#8221;off|desktop&#8221; transform_origin_last_edited=&#8221;off|desktop&#8221; custom_padding=&#8221;||30px||false|false&#8221; border_radii=&#8221;on|10px|10px|10px|10px&#8221; box_shadow_style=&#8221;preset2&#8243; box_shadow_color=&#8221;rgba(0,0,0,0.16)&#8221; global_colors_info=&#8221;{}&#8221;][et_pb_image src=&#8221;https:\/\/tonga-schools.eu\/wp-content\/uploads\/2024\/12\/Toolkit-Underkapitel-m-Foraldracafe.webp&#8221; alt=&#8221;Toolkit &#8211; Underkapitel m &#8211; Fo\u0308ra\u0308ldracafe\u0301&#8221; title_text=&#8221;Toolkit &#8211; Underkapitel m &#8211; Fo\u0308ra\u0308ldracafe\u0301&#8221; _builder_version=&#8221;4.27.4&#8243; _module_preset=&#8221;default&#8221; global_colors_info=&#8221;{}&#8221;][\/et_pb_image][et_pb_heading title=&#8221;Fo\u0308ra\u0308ldracafe\u0301&#8221; _builder_version=&#8221;4.27.4&#8243; _module_preset=&#8221;default&#8221; title_level=&#8221;h4&#8243; title_font=&#8221;&#8211;et_global_heading_font|700|||||||&#8221; title_text_align=&#8221;center&#8221; title_text_color=&#8221;#0f0c07&#8243; title_font_size=&#8221;24px&#8221; global_colors_info=&#8221;{}&#8221;][\/et_pb_heading][et_pb_button button_url=&#8221;\/sv\/for-skolor\/verktygslada-kapitel-c-dar-flersprakiga-foraldrar-kan-involveras\/underkapitel-m-foraldracafe\/&#8221; button_text=&#8221;L\u00e4s mer&#8221; button_alignment=&#8221;center&#8221; _builder_version=&#8221;4.27.4&#8243; _module_preset=&#8221;default&#8221; custom_button=&#8221;on&#8221; button_text_size=&#8221;18px&#8221; button_text_color=&#8221;#FFFFFF&#8221; button_bg_color=&#8221;#285299&#8243; button_border_width=&#8221;1px&#8221; button_border_color=&#8221;#285299&#8243; button_border_radius=&#8221;5px&#8221; button_font=&#8221;Helvetica Neue Regular|500|||||||&#8221; button_icon=&#8221;&#x35;||divi||400&#8243; button_icon_color=&#8221;#285299&#8243; background_layout=&#8221;dark&#8221; custom_padding=&#8221;16px|32px|16px|32px|true|true&#8221; hover_enabled=&#8221;0&#8243; global_colors_info=&#8221;{}&#8221; button_text_color__hover_enabled=&#8221;on|hover&#8221; button_text_color__hover=&#8221;#285299&#8243; button_bg_color__hover_enabled=&#8221;on|desktop&#8221; button_bg_color__hover=&#8221;#FFFFFF&#8221; button_bg_enable_color__hover=&#8221;on&#8221; sticky_enabled=&#8221;0&#8243;][\/et_pb_button][\/et_pb_column][\/et_pb_row][et_pb_row _builder_version=&#8221;4.27.0&#8243; _module_preset=&#8221;default&#8221; global_colors_info=&#8221;{}&#8221;][et_pb_column type=&#8221;4_4&#8243; _builder_version=&#8221;4.27.0&#8243; _module_preset=&#8221;default&#8221; global_colors_info=&#8221;{}&#8221;][et_pb_button button_url=&#8221;https:\/\/tonga-schools.eu\/sv\/verktygslada\/&#8221; button_text=&#8221;G\u00e5 tillbaka till huvudkapitlen i verktygsl\u00e5dan&#8221; button_alignment=&#8221;center&#8221; _builder_version=&#8221;4.27.4&#8243; _module_preset=&#8221;default&#8221; custom_button=&#8221;on&#8221; button_text_size=&#8221;18px&#8221; button_text_color=&#8221;#285299&#8243; button_bg_color=&#8221;#FFFFFF&#8221; button_border_width=&#8221;1px&#8221; button_border_color=&#8221;#285299&#8243; button_border_radius=&#8221;5px&#8221; button_font=&#8221;Helvetica Neue Regular|500|||||||&#8221; button_icon=&#8221;&#x35;||divi||400&#8243; button_icon_color=&#8221;#FFFFFF&#8221; background_layout=&#8221;dark&#8221; custom_padding=&#8221;16px|32px|16px|32px|true|true&#8221; hover_enabled=&#8221;0&#8243; global_colors_info=&#8221;{}&#8221; button_text_color__hover_enabled=&#8221;on|hover&#8221; button_text_color__hover=&#8221;#FFFFFF&#8221; button_bg_color__hover_enabled=&#8221;on|hover&#8221; button_bg_color__hover=&#8221;#285299&#8243; button_bg_enable_color__hover=&#8221;on&#8221; sticky_enabled=&#8221;0&#8243;][\/et_pb_button][\/et_pb_column][\/et_pb_row][\/et_pb_section]<\/p>\n","protected":false},"excerpt":{"rendered":"<p>Det \u00e4r viktigt att l\u00e5ta f\u00f6r\u00e4ldrarna veta att de kan och kanske b\u00f6r engagera sig i sina barns skolg\u00e5ng. De m\u00e5ste f\u00e5 veta att de kan delta i skolans verksamhet som medlemmar i f\u00f6r\u00e4ldraf\u00f6reningen eller genom att skapa och delta i f\u00f6r\u00e4ldracaf\u00e9er.Underkapitlen<\/p>\n","protected":false},"author":2,"featured_media":0,"parent":967,"menu_order":3,"comment_status":"closed","ping_status":"closed","template":"","meta":{"_et_pb_use_builder":"on","_et_pb_old_content":"","_et_gb_content_width":"","footnotes":""},"class_list":["post-2830","page","type-page","status-publish","hentry"],"_links":{"self":[{"href":"https:\/\/tonga-schools.eu\/sv\/wp-json\/wp\/v2\/pages\/2830","targetHints":{"allow":["GET"]}}],"collection":[{"href":"https:\/\/tonga-schools.eu\/sv\/wp-json\/wp\/v2\/pages"}],"about":[{"href":"https:\/\/tonga-schools.eu\/sv\/wp-json\/wp\/v2\/types\/page"}],"author":[{"embeddable":true,"href":"https:\/\/tonga-schools.eu\/sv\/wp-json\/wp\/v2\/users\/2"}],"replies":[{"embeddable":true,"href":"https:\/\/tonga-schools.eu\/sv\/wp-json\/wp\/v2\/comments?post=2830"}],"version-history":[{"count":9,"href":"https:\/\/tonga-schools.eu\/sv\/wp-json\/wp\/v2\/pages\/2830\/revisions"}],"predecessor-version":[{"id":7370,"href":"https:\/\/tonga-schools.eu\/sv\/wp-json\/wp\/v2\/pages\/2830\/revisions\/7370"}],"up":[{"embeddable":true,"href":"https:\/\/tonga-schools.eu\/sv\/wp-json\/wp\/v2\/pages\/967"}],"wp:attachment":[{"href":"https:\/\/tonga-schools.eu\/sv\/wp-json\/wp\/v2\/media?parent=2830"}],"curies":[{"name":"wp","href":"https:\/\/api.w.org\/{rel}","templated":true}]}}