{"id":2960,"date":"2024-11-28T05:43:04","date_gmt":"2024-11-28T04:43:04","guid":{"rendered":"https:\/\/tonga-schools.eu\/?page_id=2960"},"modified":"2025-04-24T15:46:27","modified_gmt":"2025-04-24T13:46:27","slug":"underkapitel-f-skolregler","status":"publish","type":"page","link":"https:\/\/tonga-schools.eu\/sv\/for-skolor\/verktygslada-kapitel-a-allmant\/underkapitel-f-skolregler\/","title":{"rendered":"Underkapitel f &#8211; Skolregler"},"content":{"rendered":"<p>[et_pb_section fb_built=&#8221;1&#8243; fullwidth=&#8221;on&#8221; _builder_version=&#8221;4.23.1&#8243; _module_preset=&#8221;default&#8221; background_color=&#8221;#f6f2ed&#8221; locked=&#8221;off&#8221; global_colors_info=&#8221;{}&#8221;][et_pb_fullwidth_header title=&#8221;Kapitel A &#8211; Allm\u00e4nt&#8221; subhead=&#8221;Underkapitel f &#8211; Skolregler&#8221; button_one_text=&#8221;Ladda ner PDF&#8221; button_one_url=&#8221;\/wp-content\/uploads\/2024\/12\/Toolkit-Underkapitel-f-Skolregler.pdf&#8221; header_image_url=&#8221;https:\/\/tonga-schools.eu\/wp-content\/uploads\/2024\/12\/Toolkit-Underkapitel-f-Skolregler.webp&#8221; module_id=&#8221;header-text&#8221; module_class=&#8221;open-new-tab&#8221; _builder_version=&#8221;4.27.4&#8243; _module_preset=&#8221;default&#8221; title_font=&#8221;Helvetica Neue Regular|700||on|||||&#8221; title_text_align=&#8221;left&#8221; title_font_size=&#8221;16px&#8221; content_font=&#8221;Helvetica Neue Regular||||||||&#8221; content_text_align=&#8221;left&#8221; content_text_color=&#8221;rgba(15,12,7,0.8)&#8221; subhead_font=&#8221;Helvetica Neue Regular|900|||||||&#8221; subhead_text_align=&#8221;left&#8221; subhead_text_color=&#8221;#0f0c07&#8243; subhead_font_size=&#8221;40px&#8221; subhead_line_height=&#8221;1.1em&#8221; background_color=&#8221;#f6f2ed&#8221; custom_button_one=&#8221;on&#8221; button_one_text_size=&#8221;18px&#8221; button_one_text_color=&#8221;#FFFFFF&#8221; button_one_bg_color=&#8221;#285299&#8243; button_one_border_width=&#8221;1px&#8221; button_one_border_color=&#8221;#285299&#8243; button_one_border_radius=&#8221;5px&#8221; button_one_font=&#8221;Helvetica Neue Regular|500|||||||&#8221; button_one_icon=&#8221;&#x35;||divi||400&#8243; button_one_icon_color=&#8221;#285299&#8243; button_one_custom_margin=&#8221;30px||||false|false&#8221; button_one_custom_padding=&#8221;16px|32px|16px|32px|true|true&#8221; custom_button_two=&#8221;on&#8221; button_two_text_size=&#8221;18px&#8221; button_two_text_color=&#8221;#FFFFFF&#8221; button_two_bg_color=&#8221;#4746d4&#8243; button_two_border_width=&#8221;1px&#8221; button_two_border_color=&#8221;#4746d4&#8243; button_two_border_radius=&#8221;5px&#8221; button_two_font=&#8221;Helvetica Neue Regular|500|||||||&#8221; button_two_icon=&#8221;&#x35;||divi||400&#8243; button_two_icon_color=&#8221;#4746d4&#8243; button_two_custom_padding=&#8221;16px|32px|16px|32px|true|true&#8221; link_option_url_new_window=&#8221;on&#8221; hover_enabled=&#8221;0&#8243; custom_css_header_image=&#8221;width: 50%;&#8221; custom_css_title=&#8221;padding-bottom: 20px;&#8221; custom_css_subtitle=&#8221;padding-bottom: 30px;&#8221; global_colors_info=&#8221;{}&#8221; button_one_text_color__hover_enabled=&#8221;on|hover&#8221; button_one_text_color__hover=&#8221;#285299&#8243; button_one_bg_color__hover_enabled=&#8221;on|hover&#8221; button_one_bg_color__hover=&#8221;#FFFFFF&#8221; button_one_bg_enable_color__hover=&#8221;on&#8221; button_two_text_color__hover_enabled=&#8221;on|hover&#8221; button_two_text_color__hover=&#8221;#4746d4&#8243; button_two_bg_color__hover_enabled=&#8221;on|hover&#8221; button_two_bg_color__hover=&#8221;#FFFFFF&#8221; button_two_bg_enable_color__hover=&#8221;on&#8221; sticky_enabled=&#8221;0&#8243;]<\/p>\n<p>Utbildningsprocessen underl\u00e4ttas n\u00e4r skolans regler f\u00f6ljs. Genom att f\u00f6rmedla dessa regler till de flerspr\u00e5kiga familjerna p\u00e5 ett s\u00e4tt som de f\u00f6rst\u00e5r skapas en stabil grund f\u00f6r ett effektivt samarbete mellan f\u00f6r\u00e4ldrarna och skolan.<\/p>\n<p>[\/et_pb_fullwidth_header][\/et_pb_section][et_pb_section fb_built=&#8221;1&#8243; admin_label=&#8221;Autres documents&#8221; _builder_version=&#8221;4.27.4&#8243; _module_preset=&#8221;default&#8221; background_color=&#8221;#fefefe&#8221; custom_padding=&#8221;60px||90px||false|false&#8221; locked=&#8221;off&#8221; global_colors_info=&#8221;{}&#8221;][et_pb_row column_structure=&#8221;1_2,1_2&#8243; _builder_version=&#8221;4.27.0&#8243; _module_preset=&#8221;default&#8221; global_colors_info=&#8221;{}&#8221;][et_pb_column type=&#8221;1_2&#8243; _builder_version=&#8221;4.27.0&#8243; _module_preset=&#8221;default&#8221; global_colors_info=&#8221;{}&#8221;][et_pb_button button_url=&#8221;https:\/\/tonga-schools.eu\/sv\/verktygslada\/&#8221; button_text=&#8221;G\u00e5 tillbaka till huvudkapitlen i verktygsl\u00e5dan&#8221; button_alignment=&#8221;center&#8221; _builder_version=&#8221;4.27.4&#8243; _module_preset=&#8221;default&#8221; custom_button=&#8221;on&#8221; button_text_size=&#8221;18px&#8221; button_text_color=&#8221;#285299&#8243; button_bg_color=&#8221;#FFFFFF&#8221; button_border_width=&#8221;1px&#8221; button_border_color=&#8221;#285299&#8243; button_border_radius=&#8221;5px&#8221; button_font=&#8221;Helvetica Neue Regular|500|||||||&#8221; button_icon=&#8221;&#x35;||divi||400&#8243; button_icon_color=&#8221;#FFFFFF&#8221; background_layout=&#8221;dark&#8221; custom_padding=&#8221;16px|32px|16px|32px|true|true&#8221; hover_enabled=&#8221;0&#8243; global_colors_info=&#8221;{}&#8221; button_text_color__hover_enabled=&#8221;on|hover&#8221; button_text_color__hover=&#8221;#FFFFFF&#8221; button_bg_color__hover_enabled=&#8221;on|hover&#8221; button_bg_color__hover=&#8221;#285299&#8243; button_bg_enable_color__hover=&#8221;on&#8221; sticky_enabled=&#8221;0&#8243;][\/et_pb_button][\/et_pb_column][et_pb_column type=&#8221;1_2&#8243; _builder_version=&#8221;4.27.0&#8243; _module_preset=&#8221;default&#8221; global_colors_info=&#8221;{}&#8221;][et_pb_button button_url=&#8221;\/sv\/for-skolor\/verktygslada-kapitel-a-allmant\/&#8221; button_text=&#8221;Tillbaka till kapitel A &#8211; Allm\u00e4nt&#8221; button_alignment=&#8221;center&#8221; _builder_version=&#8221;4.27.4&#8243; _module_preset=&#8221;default&#8221; custom_button=&#8221;on&#8221; button_text_size=&#8221;18px&#8221; button_text_color=&#8221;#285299&#8243; button_bg_color=&#8221;#FFFFFF&#8221; button_border_width=&#8221;1px&#8221; button_border_color=&#8221;#285299&#8243; button_border_radius=&#8221;5px&#8221; button_font=&#8221;Helvetica Neue Regular|500|||||||&#8221; button_icon=&#8221;&#x35;||divi||400&#8243; button_icon_color=&#8221;#FFFFFF&#8221; background_layout=&#8221;dark&#8221; custom_padding=&#8221;16px|32px|16px|32px|true|true&#8221; global_colors_info=&#8221;{}&#8221; button_text_color__hover_enabled=&#8221;on|hover&#8221; button_text_color__hover=&#8221;#FFFFFF&#8221; button_bg_color__hover_enabled=&#8221;on|hover&#8221; button_bg_color__hover=&#8221;#285299&#8243; button_bg_enable_color__hover=&#8221;on&#8221;][\/et_pb_button][\/et_pb_column][\/et_pb_row][\/et_pb_section]<\/p>\n","protected":false},"excerpt":{"rendered":"<p>Utbildningsprocessen underl\u00e4ttas n\u00e4r skolans regler f\u00f6ljs. Genom att f\u00f6rmedla dessa regler till de flerspr\u00e5kiga familjerna p\u00e5 ett s\u00e4tt som de f\u00f6rst\u00e5r skapas en stabil grund f\u00f6r ett effektivt samarbete mellan f\u00f6r\u00e4ldrarna och skolan.<\/p>\n","protected":false},"author":2,"featured_media":0,"parent":2754,"menu_order":6,"comment_status":"closed","ping_status":"closed","template":"","meta":{"_et_pb_use_builder":"on","_et_pb_old_content":"","_et_gb_content_width":"","footnotes":""},"class_list":["post-2960","page","type-page","status-publish","hentry"],"_links":{"self":[{"href":"https:\/\/tonga-schools.eu\/sv\/wp-json\/wp\/v2\/pages\/2960","targetHints":{"allow":["GET"]}}],"collection":[{"href":"https:\/\/tonga-schools.eu\/sv\/wp-json\/wp\/v2\/pages"}],"about":[{"href":"https:\/\/tonga-schools.eu\/sv\/wp-json\/wp\/v2\/types\/page"}],"author":[{"embeddable":true,"href":"https:\/\/tonga-schools.eu\/sv\/wp-json\/wp\/v2\/users\/2"}],"replies":[{"embeddable":true,"href":"https:\/\/tonga-schools.eu\/sv\/wp-json\/wp\/v2\/comments?post=2960"}],"version-history":[{"count":6,"href":"https:\/\/tonga-schools.eu\/sv\/wp-json\/wp\/v2\/pages\/2960\/revisions"}],"predecessor-version":[{"id":7359,"href":"https:\/\/tonga-schools.eu\/sv\/wp-json\/wp\/v2\/pages\/2960\/revisions\/7359"}],"up":[{"embeddable":true,"href":"https:\/\/tonga-schools.eu\/sv\/wp-json\/wp\/v2\/pages\/2754"}],"wp:attachment":[{"href":"https:\/\/tonga-schools.eu\/sv\/wp-json\/wp\/v2\/media?parent=2960"}],"curies":[{"name":"wp","href":"https:\/\/api.w.org\/{rel}","templated":true}]}}