{"id":3014,"date":"2024-11-28T05:51:32","date_gmt":"2024-11-28T04:51:32","guid":{"rendered":"https:\/\/tonga-schools.eu\/?page_id=3014"},"modified":"2025-04-24T15:49:40","modified_gmt":"2025-04-24T13:49:40","slug":"underkapitel-h-kor-en-flersprakig-session","status":"publish","type":"page","link":"https:\/\/tonga-schools.eu\/sv\/for-skolor\/verktygslada-kapitel-b-visar-alla-sprak\/underkapitel-h-kor-en-flersprakig-session\/","title":{"rendered":"Underkapitel h &#8211; Ko\u0308r en flerspra\u030akig session"},"content":{"rendered":"<p>[et_pb_section fb_built=&#8221;1&#8243; fullwidth=&#8221;on&#8221; _builder_version=&#8221;4.23.1&#8243; _module_preset=&#8221;default&#8221; background_color=&#8221;#f6f2ed&#8221; locked=&#8221;off&#8221; global_colors_info=&#8221;{}&#8221;][et_pb_fullwidth_header title=&#8221;Kapitel B &#8211; Visar alla spr\u00e5k&#8221; subhead=&#8221;Underkapitel h &#8211; Ko\u0308r en flerspra\u030akig session&#8221; button_one_text=&#8221;Ladda ner PDF&#8221; button_one_url=&#8221;\/wp-content\/uploads\/2024\/12\/Toolkit-Underkapitel-h-Kor-en-flersprakig-session.pdf&#8221; header_image_url=&#8221;https:\/\/tonga-schools.eu\/wp-content\/uploads\/2024\/12\/Toolkit-Underkapitel-h-Kor-en-flersprakig-session.webp&#8221; module_id=&#8221;header-text&#8221; module_class=&#8221;open-new-tab&#8221; _builder_version=&#8221;4.27.4&#8243; _module_preset=&#8221;default&#8221; title_font=&#8221;Helvetica Neue Regular|700||on|||||&#8221; title_text_align=&#8221;left&#8221; title_font_size=&#8221;16px&#8221; content_font=&#8221;Helvetica Neue Regular||||||||&#8221; content_text_align=&#8221;left&#8221; content_text_color=&#8221;rgba(15,12,7,0.8)&#8221; subhead_font=&#8221;Helvetica Neue Regular|900|||||||&#8221; subhead_text_align=&#8221;left&#8221; subhead_text_color=&#8221;#0f0c07&#8243; subhead_font_size=&#8221;40px&#8221; subhead_line_height=&#8221;1.1em&#8221; background_color=&#8221;#f6f2ed&#8221; custom_button_one=&#8221;on&#8221; button_one_text_size=&#8221;18px&#8221; button_one_text_color=&#8221;#FFFFFF&#8221; button_one_bg_color=&#8221;#285299&#8243; button_one_border_width=&#8221;1px&#8221; button_one_border_color=&#8221;#285299&#8243; button_one_border_radius=&#8221;5px&#8221; button_one_font=&#8221;Helvetica Neue Regular|500|||||||&#8221; button_one_icon=&#8221;&#x35;||divi||400&#8243; button_one_icon_color=&#8221;#285299&#8243; button_one_custom_margin=&#8221;30px||||false|false&#8221; button_one_custom_padding=&#8221;16px|32px|16px|32px|true|true&#8221; custom_button_two=&#8221;on&#8221; button_two_text_size=&#8221;18px&#8221; button_two_text_color=&#8221;#FFFFFF&#8221; button_two_bg_color=&#8221;#4746d4&#8243; button_two_border_width=&#8221;1px&#8221; button_two_border_color=&#8221;#4746d4&#8243; button_two_border_radius=&#8221;5px&#8221; button_two_font=&#8221;Helvetica Neue Regular|500|||||||&#8221; button_two_icon=&#8221;&#x35;||divi||400&#8243; button_two_icon_color=&#8221;#4746d4&#8243; button_two_custom_padding=&#8221;16px|32px|16px|32px|true|true&#8221; link_option_url_new_window=&#8221;on&#8221; hover_enabled=&#8221;0&#8243; custom_css_header_image=&#8221;width: 50%;&#8221; custom_css_title=&#8221;padding-bottom: 20px;&#8221; custom_css_subtitle=&#8221;padding-bottom: 30px;&#8221; global_colors_info=&#8221;{}&#8221; button_one_text_color__hover_enabled=&#8221;on|hover&#8221; button_one_text_color__hover=&#8221;#285299&#8243; button_one_bg_color__hover_enabled=&#8221;on|hover&#8221; button_one_bg_color__hover=&#8221;#FFFFFF&#8221; button_one_bg_enable_color__hover=&#8221;on&#8221; button_two_text_color__hover_enabled=&#8221;on|hover&#8221; button_two_text_color__hover=&#8221;#4746d4&#8243; button_two_bg_color__hover_enabled=&#8221;on|hover&#8221; button_two_bg_color__hover=&#8221;#FFFFFF&#8221; button_two_bg_enable_color__hover=&#8221;on&#8221; sticky_enabled=&#8221;0&#8243;]<\/p>\n<p>Presentationer p\u00e5 flera spr\u00e5k \u00e4r avg\u00f6rande f\u00f6r att fr\u00e4mja effektiv kommunikation och engagemang mellan skolpersonal, l\u00e4rare och f\u00f6r\u00e4ldrar, s\u00e4rskilt i m\u00e5ngkulturella samh\u00e4llen.<\/p>\n<p>[\/et_pb_fullwidth_header][\/et_pb_section][et_pb_section fb_built=&#8221;1&#8243; admin_label=&#8221;Autres documents&#8221; _builder_version=&#8221;4.27.4&#8243; _module_preset=&#8221;default&#8221; background_color=&#8221;#fefefe&#8221; custom_padding=&#8221;60px||90px||false|false&#8221; locked=&#8221;off&#8221; global_colors_info=&#8221;{}&#8221;][et_pb_row column_structure=&#8221;1_2,1_2&#8243; _builder_version=&#8221;4.27.0&#8243; _module_preset=&#8221;default&#8221; global_colors_info=&#8221;{}&#8221;][et_pb_column type=&#8221;1_2&#8243; _builder_version=&#8221;4.27.0&#8243; _module_preset=&#8221;default&#8221; global_colors_info=&#8221;{}&#8221;][et_pb_button button_url=&#8221;https:\/\/tonga-schools.eu\/sv\/verktygslada\/&#8221; button_text=&#8221;G\u00e5 tillbaka till huvudkapitlen i verktygsl\u00e5dan&#8221; button_alignment=&#8221;center&#8221; _builder_version=&#8221;4.27.4&#8243; _module_preset=&#8221;default&#8221; custom_button=&#8221;on&#8221; button_text_size=&#8221;18px&#8221; button_text_color=&#8221;#285299&#8243; button_bg_color=&#8221;#FFFFFF&#8221; button_border_width=&#8221;1px&#8221; button_border_color=&#8221;#285299&#8243; button_border_radius=&#8221;5px&#8221; button_font=&#8221;Helvetica Neue Regular|500|||||||&#8221; button_icon=&#8221;&#x35;||divi||400&#8243; button_icon_color=&#8221;#FFFFFF&#8221; background_layout=&#8221;dark&#8221; custom_padding=&#8221;16px|32px|16px|32px|true|true&#8221; hover_enabled=&#8221;0&#8243; global_colors_info=&#8221;{}&#8221; button_text_color__hover_enabled=&#8221;on|hover&#8221; button_text_color__hover=&#8221;#FFFFFF&#8221; button_bg_color__hover_enabled=&#8221;on|hover&#8221; button_bg_color__hover=&#8221;#285299&#8243; button_bg_enable_color__hover=&#8221;on&#8221; sticky_enabled=&#8221;0&#8243;][\/et_pb_button][\/et_pb_column][et_pb_column type=&#8221;1_2&#8243; _builder_version=&#8221;4.27.0&#8243; _module_preset=&#8221;default&#8221; global_colors_info=&#8221;{}&#8221;][et_pb_button button_url=&#8221;\/sv\/for-skolor\/verktygslada-kapitel-b-visar-alla-sprak\/&#8221; button_text=&#8221;Tillbaka till kapitel B &#8211; Visar alla spr\u00e5k&#8221; button_alignment=&#8221;center&#8221; _builder_version=&#8221;4.27.4&#8243; _module_preset=&#8221;default&#8221; custom_button=&#8221;on&#8221; button_text_size=&#8221;18px&#8221; button_text_color=&#8221;#285299&#8243; button_bg_color=&#8221;#FFFFFF&#8221; button_border_width=&#8221;1px&#8221; button_border_color=&#8221;#285299&#8243; button_border_radius=&#8221;5px&#8221; button_font=&#8221;Helvetica Neue Regular|500|||||||&#8221; button_icon=&#8221;&#x35;||divi||400&#8243; button_icon_color=&#8221;#FFFFFF&#8221; background_layout=&#8221;dark&#8221; custom_padding=&#8221;16px|32px|16px|32px|true|true&#8221; global_colors_info=&#8221;{}&#8221; button_text_color__hover_enabled=&#8221;on|hover&#8221; button_text_color__hover=&#8221;#FFFFFF&#8221; button_bg_color__hover_enabled=&#8221;on|hover&#8221; button_bg_color__hover=&#8221;#285299&#8243; button_bg_enable_color__hover=&#8221;on&#8221;][\/et_pb_button][\/et_pb_column][\/et_pb_row][\/et_pb_section]<\/p>\n","protected":false},"excerpt":{"rendered":"<p>Presentationer p\u00e5 flera spr\u00e5k \u00e4r avg\u00f6rande f\u00f6r att fr\u00e4mja effektiv kommunikation och engagemang mellan skolpersonal, l\u00e4rare och f\u00f6r\u00e4ldrar, s\u00e4rskilt i m\u00e5ngkulturella samh\u00e4llen.<\/p>\n","protected":false},"author":2,"featured_media":0,"parent":2799,"menu_order":2,"comment_status":"closed","ping_status":"closed","template":"","meta":{"_et_pb_use_builder":"on","_et_pb_old_content":"","_et_gb_content_width":"","footnotes":""},"class_list":["post-3014","page","type-page","status-publish","hentry"],"_links":{"self":[{"href":"https:\/\/tonga-schools.eu\/sv\/wp-json\/wp\/v2\/pages\/3014","targetHints":{"allow":["GET"]}}],"collection":[{"href":"https:\/\/tonga-schools.eu\/sv\/wp-json\/wp\/v2\/pages"}],"about":[{"href":"https:\/\/tonga-schools.eu\/sv\/wp-json\/wp\/v2\/types\/page"}],"author":[{"embeddable":true,"href":"https:\/\/tonga-schools.eu\/sv\/wp-json\/wp\/v2\/users\/2"}],"replies":[{"embeddable":true,"href":"https:\/\/tonga-schools.eu\/sv\/wp-json\/wp\/v2\/comments?post=3014"}],"version-history":[{"count":7,"href":"https:\/\/tonga-schools.eu\/sv\/wp-json\/wp\/v2\/pages\/3014\/revisions"}],"predecessor-version":[{"id":7363,"href":"https:\/\/tonga-schools.eu\/sv\/wp-json\/wp\/v2\/pages\/3014\/revisions\/7363"}],"up":[{"embeddable":true,"href":"https:\/\/tonga-schools.eu\/sv\/wp-json\/wp\/v2\/pages\/2799"}],"wp:attachment":[{"href":"https:\/\/tonga-schools.eu\/sv\/wp-json\/wp\/v2\/media?parent=3014"}],"curies":[{"name":"wp","href":"https:\/\/api.w.org\/{rel}","templated":true}]}}