{"id":5770,"date":"2025-03-30T09:09:47","date_gmt":"2025-03-30T07:09:47","guid":{"rendered":"https:\/\/tonga-schools.eu\/livret-pour-les-familles\/"},"modified":"2025-04-24T16:46:09","modified_gmt":"2025-04-24T14:46:09","slug":"broschyrer-for-familjer","status":"publish","type":"page","link":"https:\/\/tonga-schools.eu\/sv\/broschyrer-for-familjer\/","title":{"rendered":"Broschyr f\u00f6r familjer"},"content":{"rendered":"<p>[et_pb_section fb_built=&#8221;1&#8243; fullwidth=&#8221;on&#8221; _builder_version=&#8221;4.23.1&#8243; _module_preset=&#8221;default&#8221; background_color=&#8221;#f6f2ed&#8221; locked=&#8221;off&#8221; global_colors_info=&#8221;{}&#8221;][et_pb_fullwidth_header title=&#8221;Verktyg f\u00f6r skolor i Tonga   &#8221; subhead=&#8221;Broschyrer f\u00f6r familjer   &#8221; header_image_url=&#8221;https:\/\/tonga-schools.eu\/wp-content\/uploads\/2025\/03\/Copie-de-Why-Tonga-8.png&#8221; module_id=&#8221;header-text&#8221; _builder_version=&#8221;4.27.4&#8243; _module_preset=&#8221;default&#8221; title_font=&#8221;Helvetica Neue Regular|700||on|||||&#8221; title_text_align=&#8221;left&#8221; title_font_size=&#8221;16px&#8221; content_font=&#8221;Helvetica Neue Regular||||||||&#8221; content_text_align=&#8221;left&#8221; content_text_color=&#8221;rgba(15,12,7,0.8)&#8221; subhead_font=&#8221;Helvetica Neue Regular|900|||||||&#8221; subhead_text_align=&#8221;left&#8221; subhead_text_color=&#8221;#0f0c07&#8243; subhead_font_size=&#8221;40px&#8221; subhead_line_height=&#8221;1.1em&#8221; background_color=&#8221;#f6f2ed&#8221; custom_button_one=&#8221;on&#8221; button_one_text_size=&#8221;18px&#8221; button_one_text_color=&#8221;#FFFFFF&#8221; button_one_bg_color=&#8221;#d44d46&#8243; button_one_border_width=&#8221;1px&#8221; button_one_border_color=&#8221;#d44d46&#8243; button_one_border_radius=&#8221;5px&#8221; button_one_font=&#8221;Helvetica Neue Regular|500|||||||&#8221; button_one_icon=&#8221;&#x35;||divi||400&#8243; button_one_icon_color=&#8221;#d44d46&#8243; button_one_custom_margin=&#8221;30px||||false|false&#8221; button_one_custom_padding=&#8221;16px|32px|16px|32px|true|true&#8221; custom_button_two=&#8221;on&#8221; button_two_text_size=&#8221;18px&#8221; button_two_text_color=&#8221;#FFFFFF&#8221; button_two_bg_color=&#8221;#4746d4&#8243; button_two_border_width=&#8221;1px&#8221; button_two_border_color=&#8221;#4746d4&#8243; button_two_border_radius=&#8221;5px&#8221; button_two_font=&#8221;Helvetica Neue Regular|500|||||||&#8221; button_two_icon=&#8221;&#x35;||divi||400&#8243; button_two_icon_color=&#8221;#4746d4&#8243; button_two_custom_padding=&#8221;16px|32px|16px|32px|true|true&#8221; custom_css_title=&#8221;padding-bottom: 20px;&#8221; custom_css_subtitle=&#8221;padding-bottom: 30px;&#8221; global_colors_info=&#8221;{}&#8221; button_one_text_color__hover_enabled=&#8221;on|hover&#8221; button_one_text_color__hover=&#8221;#d44d46&#8243; button_one_bg_color__hover_enabled=&#8221;on|hover&#8221; button_one_bg_color__hover=&#8221;#FFFFFF&#8221; button_one_bg_enable_color__hover=&#8221;on&#8221; button_two_text_color__hover_enabled=&#8221;on|hover&#8221; button_two_text_color__hover=&#8221;#4746d4&#8243; button_two_bg_color__hover_enabled=&#8221;on|hover&#8221; button_two_bg_color__hover=&#8221;#FFFFFF&#8221; button_two_bg_enable_color__hover=&#8221;on&#8221;]<\/p>\n<p>Uppt\u00e4ck broschyren f\u00f6r familjerna i v\u00e5rt Erasmus+-projekt, d\u00e4r str\u00e4van efter inkludering och effektiv kommunikation \u00e4r v\u00e5r ledstj\u00e4rna.<\/p>\n<p>&nbsp;<\/p>\n<p>[\/et_pb_fullwidth_header][\/et_pb_section][et_pb_section fb_built=&#8221;1&#8243; admin_label=&#8221;Tools&#8221; _builder_version=&#8221;4.23.1&#8243; _module_preset=&#8221;default&#8221; background_color=&#8221;#fefefe&#8221; custom_padding=&#8221;0px||0px||true|false&#8221; locked=&#8221;off&#8221; global_colors_info=&#8221;{}&#8221;][et_pb_row column_structure=&#8221;1_2,1_2&#8243; use_custom_gutter=&#8221;on&#8221; gutter_width=&#8221;1&#8243; make_equal=&#8221;on&#8221; _builder_version=&#8221;4.27.4&#8243; _module_preset=&#8221;default&#8221; width=&#8221;100%&#8221; width_tablet=&#8221;80%&#8221; width_last_edited=&#8221;off|desktop&#8221; max_width=&#8221;100%&#8221; custom_padding=&#8221;0px||0px||true|false&#8221; global_colors_info=&#8221;{}&#8221;][et_pb_column type=&#8221;1_2&#8243; _builder_version=&#8221;4.27.4&#8243; _module_preset=&#8221;default&#8221; background_color=&#8221;#8d1a28&#8243; custom_padding=&#8221;60px|90px|60px|90px|true|true&#8221; custom_padding_tablet=&#8221;|30px||30px|false|true&#8221; custom_padding_phone=&#8221;|30px||30px|false|true&#8221; custom_padding_last_edited=&#8221;on|desktop&#8221; global_colors_info=&#8221;{}&#8221;][et_pb_text _builder_version=&#8221;4.27.4&#8243; _module_preset=&#8221;default&#8221; text_font=&#8221;Helvetica Neue Regular||||||||&#8221; text_text_color=&#8221;#FFFFFF&#8221; header_text_color=&#8221;#FFFFFF&#8221; header_2_font=&#8221;Helvetica Neue Regular|800|||||||&#8221; header_2_text_align=&#8221;left&#8221; header_2_text_color=&#8221;#FFFFFF&#8221; header_2_font_size=&#8221;46px&#8221; header_2_line_height=&#8221;1.1em&#8221; header_5_text_color=&#8221;#FFFFFF&#8221; custom_margin=&#8221;||30px||false|false&#8221; custom_padding=&#8221;||28px|||&#8221; global_colors_info=&#8221;{}&#8221;]<\/p>\n<h2 style=\"text-align: center;\"><strong>Broschyr<\/strong><\/h2>\n<h5 style=\"text-align: center;\"><strong>Ge familjer f\u00f6ruts\u00e4ttningar att lyckas<\/strong><\/h5>\n<p>&nbsp;<\/p>\n<p style=\"text-align: center;\">Boken ger familjerna verktyg f\u00f6r att kommunicera s\u00e5 effektivt som m\u00f6jligt med skolans intressenter samtidigt som de beh\u00e5ller sina modersm\u00e5l &#8211; f\u00f6r barnens v\u00e4lbefinnande och framg\u00e5ng i skolan.<\/p>\n<p>&nbsp;<\/p>\n<p>&nbsp;<\/p>\n<p>[\/et_pb_text][et_pb_button url_new_window=&#8221;on&#8221; button_text=&#8221;Broschyr&#8221; button_alignment=&#8221;center&#8221; _builder_version=&#8221;4.27.4&#8243; _module_preset=&#8221;default&#8221; button_icon=&#8221;&#x35;||divi||400&#8243; button_icon_color=&#8221;#4746d4&#8243; background_layout=&#8221;dark&#8221; custom_padding=&#8221;16px|32px|16px|32px|true|true&#8221; hover_enabled=&#8221;0&#8243; global_colors_info=&#8221;{}&#8221; button_text_color__hover_enabled=&#8221;on|hover&#8221; button_text_color__hover=&#8221;#4746d4&#8243; button_bg_color__hover_enabled=&#8221;on|desktop&#8221; button_bg_color__hover=&#8221;#FFFFFF&#8221; button_bg_enable_color__hover=&#8221;on&#8221; sticky_enabled=&#8221;0&#8243;][\/et_pb_button][\/et_pb_column][et_pb_column type=&#8221;1_2&#8243; _builder_version=&#8221;4.27.4&#8243; _module_preset=&#8221;default&#8221; background_color=&#8221;#FFFFFF&#8221; transform_scale_last_edited=&#8221;off|desktop&#8221; transform_translate_tablet=&#8221;0px|0em&#8221; transform_translate_phone=&#8221;0px|0em&#8221; transform_translate_last_edited=&#8221;off|desktop&#8221; transform_rotate_last_edited=&#8221;off|desktop&#8221; transform_skew_last_edited=&#8221;off|desktop&#8221; transform_origin_last_edited=&#8221;off|desktop&#8221; transform_styles_last_edited=&#8221;off|desktop&#8221; custom_padding=&#8221;60px|90px|60px|90px|true|true&#8221; custom_padding_tablet=&#8221;|30px||30px|true|true&#8221; custom_padding_phone=&#8221;|30px||30px|true|true&#8221; custom_padding_last_edited=&#8221;on|desktop&#8221; global_colors_info=&#8221;{}&#8221; transform_styles__hover_enabled=&#8221;off|desktop&#8221; transform_scale__hover_enabled=&#8221;off|desktop&#8221; transform_translate__hover_enabled=&#8221;off|desktop&#8221; transform_rotate__hover_enabled=&#8221;off|desktop&#8221; transform_skew__hover_enabled=&#8221;off|desktop&#8221; transform_origin__hover_enabled=&#8221;off|desktop&#8221;][et_pb_image src=&#8221;https:\/\/tonga-schools.eu\/wp-content\/uploads\/2025\/02\/WhatsApp-Image-2025-02-23-at-08.50.19-3.jpeg&#8221; title_text=&#8221;WhatsApp Image 2025-02-23 at 08.50.19 (3)&#8221; _builder_version=&#8221;4.27.4&#8243; _module_preset=&#8221;default&#8221; locked=&#8221;off&#8221; global_colors_info=&#8221;{}&#8221;][\/et_pb_image][\/et_pb_column][\/et_pb_row][\/et_pb_section][et_pb_section fb_built=&#8221;1&#8243; _builder_version=&#8221;4.27.4&#8243; _module_preset=&#8221;default&#8221; global_colors_info=&#8221;{}&#8221;][\/et_pb_section]<\/p>\n","protected":false},"excerpt":{"rendered":"<p>Uppt\u00e4ck broschyren f\u00f6r familjerna i v\u00e5rt Erasmus+-projekt, d\u00e4r str\u00e4van efter inkludering och effektiv kommunikation \u00e4r v\u00e5r ledstj\u00e4rna. &nbsp;Broschyr Ge familjer f\u00f6ruts\u00e4ttningar att lyckas &nbsp; Boken ger familjerna verktyg f\u00f6r att kommunicera s\u00e5 effektivt som m\u00f6jligt med skolans intressenter samtidigt som de beh\u00e5ller sina modersm\u00e5l &#8211; f\u00f6r barnens v\u00e4lbefinnande och framg\u00e5ng i skolan. &nbsp; &nbsp;<\/p>\n","protected":false},"author":2,"featured_media":0,"parent":0,"menu_order":0,"comment_status":"closed","ping_status":"closed","template":"","meta":{"_et_pb_use_builder":"on","_et_pb_old_content":"","_et_gb_content_width":"","footnotes":""},"class_list":["post-5770","page","type-page","status-publish","hentry"],"_links":{"self":[{"href":"https:\/\/tonga-schools.eu\/sv\/wp-json\/wp\/v2\/pages\/5770","targetHints":{"allow":["GET"]}}],"collection":[{"href":"https:\/\/tonga-schools.eu\/sv\/wp-json\/wp\/v2\/pages"}],"about":[{"href":"https:\/\/tonga-schools.eu\/sv\/wp-json\/wp\/v2\/types\/page"}],"author":[{"embeddable":true,"href":"https:\/\/tonga-schools.eu\/sv\/wp-json\/wp\/v2\/users\/2"}],"replies":[{"embeddable":true,"href":"https:\/\/tonga-schools.eu\/sv\/wp-json\/wp\/v2\/comments?post=5770"}],"version-history":[{"count":12,"href":"https:\/\/tonga-schools.eu\/sv\/wp-json\/wp\/v2\/pages\/5770\/revisions"}],"predecessor-version":[{"id":7418,"href":"https:\/\/tonga-schools.eu\/sv\/wp-json\/wp\/v2\/pages\/5770\/revisions\/7418"}],"wp:attachment":[{"href":"https:\/\/tonga-schools.eu\/sv\/wp-json\/wp\/v2\/media?parent=5770"}],"curies":[{"name":"wp","href":"https:\/\/api.w.org\/{rel}","templated":true}]}}