{"id":6376,"date":"2023-12-01T05:19:03","date_gmt":"2023-12-01T04:19:03","guid":{"rendered":"https:\/\/tonga-schools.eu\/charte-de-confidentialite\/"},"modified":"2025-04-04T07:15:50","modified_gmt":"2025-04-04T07:15:50","slug":"integritetspolicy","status":"publish","type":"page","link":"https:\/\/tonga-schools.eu\/sv\/integritetspolicy\/","title":{"rendered":"Integritetspolicy"},"content":{"rendered":"<p>[et_pb_section fb_built=&#8221;1&#8243; fullwidth=&#8221;on&#8221; _builder_version=&#8221;4.23.1&#8243; _module_preset=&#8221;default&#8221; background_color=&#8221;#f6f2ed&#8221; locked=&#8221;off&#8221; global_colors_info=&#8221;{}&#8221;][et_pb_fullwidth_header title=&#8221;Tonga School &#8221; subhead=&#8221;Integritetspolicy&#8221; header_image_url=&#8221;https:\/\/tonga-schools.eu\/wp-content\/uploads\/2025\/03\/Untitled-design-9.png&#8221; module_id=&#8221;header-text&#8221; _builder_version=&#8221;4.27.4&#8243; _module_preset=&#8221;default&#8221; title_font=&#8221;Helvetica Neue Regular|700||on|||||&#8221; title_text_align=&#8221;left&#8221; title_font_size=&#8221;16px&#8221; content_font=&#8221;Helvetica Neue Regular||||||||&#8221; content_text_align=&#8221;left&#8221; content_text_color=&#8221;#000000&#8243; subhead_font=&#8221;Helvetica Neue Regular|900|||||||&#8221; subhead_text_align=&#8221;left&#8221; subhead_text_color=&#8221;#0f0c07&#8243; subhead_font_size=&#8221;40px&#8221; subhead_line_height=&#8221;1.1em&#8221; background_color=&#8221;#f6f2ed&#8221; custom_button_one=&#8221;on&#8221; button_one_text_size=&#8221;18px&#8221; button_one_text_color=&#8221;#FFFFFF&#8221; button_one_bg_color=&#8221;#d44d46&#8243; button_one_border_width=&#8221;1px&#8221; button_one_border_color=&#8221;#d44d46&#8243; button_one_border_radius=&#8221;5px&#8221; button_one_font=&#8221;Helvetica Neue Regular|500|||||||&#8221; button_one_icon=&#8221;&#x35;||divi||400&#8243; button_one_icon_color=&#8221;#d44d46&#8243; button_one_custom_margin=&#8221;30px||||false|false&#8221; button_one_custom_padding=&#8221;16px|32px|16px|32px|true|true&#8221; custom_button_two=&#8221;on&#8221; button_two_text_size=&#8221;18px&#8221; button_two_text_color=&#8221;#FFFFFF&#8221; button_two_bg_color=&#8221;#4746d4&#8243; button_two_border_width=&#8221;1px&#8221; button_two_border_color=&#8221;#4746d4&#8243; button_two_border_radius=&#8221;5px&#8221; button_two_font=&#8221;Helvetica Neue Regular|500|||||||&#8221; button_two_icon=&#8221;&#x35;||divi||400&#8243; button_two_icon_color=&#8221;#4746d4&#8243; button_two_custom_padding=&#8221;16px|32px|16px|32px|true|true&#8221; custom_css_title=&#8221;padding-bottom: 20px;&#8221; custom_css_subtitle=&#8221;padding-bottom: 30px;&#8221; global_colors_info=&#8221;{}&#8221; button_one_text_color__hover_enabled=&#8221;on|hover&#8221; button_one_text_color__hover=&#8221;#d44d46&#8243; button_one_bg_color__hover_enabled=&#8221;on|hover&#8221; button_one_bg_color__hover=&#8221;#FFFFFF&#8221; button_one_bg_enable_color__hover=&#8221;on&#8221; button_two_text_color__hover_enabled=&#8221;on|hover&#8221; button_two_text_color__hover=&#8221;#4746d4&#8243; button_two_bg_color__hover_enabled=&#8221;on|hover&#8221; button_two_bg_color__hover=&#8221;#FFFFFF&#8221; button_two_bg_enable_color__hover=&#8221;on&#8221;]<\/p>\n<h4><\/h4>\n<p>&nbsp;<\/p>\n<p>[\/et_pb_fullwidth_header][\/et_pb_section][et_pb_section fb_built=&#8221;1&#8243; _builder_version=&#8221;4.16&#8243; global_colors_info=&#8221;{}&#8221;][et_pb_row _builder_version=&#8221;4.16&#8243; background_size=&#8221;initial&#8221; background_position=&#8221;top_left&#8221; background_repeat=&#8221;repeat&#8221; global_colors_info=&#8221;{}&#8221;][et_pb_column type=&#8221;4_4&#8243; _builder_version=&#8221;4.16&#8243; custom_padding=&#8221;|||&#8221; global_colors_info=&#8221;{}&#8221; custom_padding__hover=&#8221;|||&#8221;][et_pb_text _builder_version=&#8221;4.27.4&#8243; header_2_text_color=&#8221;#285299&#8243; background_size=&#8221;initial&#8221; background_position=&#8221;top_left&#8221; background_repeat=&#8221;repeat&#8221; global_colors_info=&#8221;{}&#8221;]<\/p>\n<h2><strong>Dataskyddsdeklaration<\/strong><\/h2>\n<ul>\n<li>Med denna information om integritetsf\u00f6rklaringen, &#8211; Association pour la Promotion et l&#8217;Avancement du Multilinguisme (nedan kallad &#8221;vi&#8221;) vill informera anv\u00e4ndare av webbplatsen https:\/\/tonga-schools.eu\/ om syftet, s\u00e4ttet och omfattningen av behandlingen av personliga data.<\/li>\n<li>V\u00e5r webbplats och tj\u00e4nster revideras och utvidgas kontinuerligt. Som ett resultat uppdateras och \u00e4ndras detta informationsmeddelande regelbundet.<\/li>\n<li>Att surfa p\u00e5 v\u00e5r webbplats \u00e4r i allm\u00e4nhet m\u00f6jligt utan att ge personlig information.<\/li>\n<li>N\u00e5gra ord f\u00f6r personer som anv\u00e4nder v\u00e5ra tj\u00e4nster utanf\u00f6r Europeiska unionen: A.P.A.M. erbjuder onlinetj\u00e4nster p\u00e5 internationell niv\u00e5. Det p\u00e5verkar inte bara Frankrike och Europeiska gemenskapen.<\/li>\n<li>V\u00e5ra kunder \u00e4r spridda \u00f6ver hela v\u00e4rlden.<\/li>\n<li>Vi anv\u00e4nder ett antal tj\u00e4nsteleverant\u00f6rer utanf\u00f6r Europeiska unionen, s\u00e4rskilt i USA.<\/li>\n<li>Vi ser till att inf\u00f6ra de \u00e5tg\u00e4rder som kr\u00e4vs enligt EU: s lagstiftning om dataskydd f\u00f6r att s\u00e4kerst\u00e4lla en l\u00e4mplig skyddsniv\u00e5 f\u00f6r dessa uppgifter.<\/li>\n<\/ul>\n<p>&nbsp;<\/p>\n<p>&nbsp;<\/p>\n<p>[\/et_pb_text][\/et_pb_column][\/et_pb_row][et_pb_row _builder_version=&#8221;4.27.4&#8243; _module_preset=&#8221;default&#8221; global_colors_info=&#8221;{}&#8221;][et_pb_column type=&#8221;4_4&#8243; _builder_version=&#8221;4.27.4&#8243; _module_preset=&#8221;default&#8221; global_colors_info=&#8221;{}&#8221;][et_pb_text _builder_version=&#8221;4.27.4&#8243; _module_preset=&#8221;default&#8221; header_2_text_color=&#8221;#285299&#8243; header_3_text_color=&#8221;#285299&#8243; global_colors_info=&#8221;{}&#8221;]<\/p>\n<h2><strong>Behandling av personuppgifter<\/strong><br \/>Cookies sparas<\/h2>\n<ul>\n<li>Cookies \u00e4r sm\u00e5 textfiler som vanligtvis sparas under den aktuella sessionens varaktighet, det vill s\u00e4ga till slutet av navigeringen och ibland under en l\u00e4ngre period, i webbl\u00e4saren till terminalen f\u00f6r anv\u00e4ndaren av A.P.A.M.\n<ul>\n<li>Vi vill informera dig i f\u00f6rv\u00e4g.<\/li>\n<li>Du kan stoppa anv\u00e4ndningen av cookies, men observera att din navigering p\u00e5 v\u00e5r webbplats inte kan g\u00f6ras helt.<\/li>\n<\/ul>\n<\/li>\n<\/ul>\n<p>&nbsp;<\/p>\n<h2 style=\"text-align: center;\">Vi anv\u00e4nder f\u00f6ljande tredjepartstj\u00e4nster:<\/h2>\n<p>[\/et_pb_text][\/et_pb_column][\/et_pb_row][et_pb_row _builder_version=&#8221;4.27.4&#8243; _module_preset=&#8221;default&#8221; global_colors_info=&#8221;{}&#8221;][et_pb_column type=&#8221;4_4&#8243; _builder_version=&#8221;4.27.4&#8243; _module_preset=&#8221;default&#8221; global_colors_info=&#8221;{}&#8221;][et_pb_accordion _builder_version=&#8221;4.27.4&#8243; _module_preset=&#8221;default&#8221; global_colors_info=&#8221;{}&#8221;][et_pb_accordion_item title=&#8221;Google&#8221; open=&#8221;on&#8221; _builder_version=&#8221;4.27.4&#8243; _module_preset=&#8221;default&#8221; global_colors_info=&#8221;{}&#8221;]<\/p>\n<p>A.P.A.M. anv\u00e4nder flera tj\u00e4nster fr\u00e5n det amerikanska f\u00f6retaget Google Inc. Dessa inkluderar Googe Analytics, Google + och Google reCaptcha.<\/p>\n<p>[\/et_pb_accordion_item][et_pb_accordion_item title=&#8221;Google Analytics&#8221; _builder_version=&#8221;4.27.4&#8243; _module_preset=&#8221;default&#8221; global_colors_info=&#8221;{}&#8221; open=&#8221;off&#8221;]<\/p>\n<ul>\n<li>Vi anv\u00e4nder Google Analytics f\u00f6r A.P.A.M.<\/li>\n<li>Google Analytics till\u00e5ter oss att best\u00e4mma antalet bes\u00f6kare p\u00e5 v\u00e5r webbplats och b\u00e4ttre f\u00f6rst\u00e5 hur de hittar oss och hur de navigerar p\u00e5 v\u00e5r webbplats.<\/li>\n<li>Google Analytics \u00e4r en webbanalystj\u00e4nst f\u00f6r f\u00f6retaget Google Inc (&#8221;Google&#8221;). I detta sammanhang lagras cookies p\u00e5 terminalen f\u00f6r bes\u00f6karen eller anv\u00e4ndaren av A.P.A.M. f\u00f6r att m\u00f6jligg\u00f6ra en analys av anv\u00e4ndningen av webbplatsen. Informationen som genereras av cookien \u00f6verf\u00f6rs till en Google-server i USA, d\u00e4r den lagras.<\/li>\n<li>Du kan f\u00f6rhindra anv\u00e4ndning av cookies genom att justera dina webbl\u00e4sarinst\u00e4llningar. Observera dock att i detta fall \u00e4r det m\u00f6jligt att inte alla funktioner p\u00e5 denna webbplats kan anv\u00e4ndas till fullo. Du kan inv\u00e4nda mot insamling och lagring av din IP-adress och data som genereras av cookies n\u00e4r som helst med effekt f\u00f6r framtiden.<\/li>\n<li><strong>F\u00f6r att g\u00f6ra detta, anv\u00e4nd f\u00f6ljande webbl\u00e4sarplugin: http:\/\/tools.google.com\/dlpage\/gaoptout?hl=fr.<\/strong><\/li>\n<\/ul>\n<p>[\/et_pb_accordion_item][et_pb_accordion_item title=&#8221;Google reCaptcha&#8221; _builder_version=&#8221;4.27.4&#8243; _module_preset=&#8221;default&#8221; global_colors_info=&#8221;{}&#8221; open=&#8221;off&#8221;]<\/p>\n<ul>\n<li>Vi anv\u00e4nder reCAPTCHA-tj\u00e4nsten fr\u00e5n Google Inc (Google) f\u00f6r att skydda poster i webbplatsformul\u00e4r. Denna tj\u00e4nst anv\u00e4nds f\u00f6r att skilja m\u00e4nskliga insatser fr\u00e5n automatiserade missbruk. Det handlar om att skicka IP-adressen och eventuellt annan information som Google kr\u00e4ver f\u00f6r reCAPTCHA-tj\u00e4nsten. F\u00f6r detta \u00e4ndam\u00e5l kommer dina uppgifter att kommuniceras till Google och anv\u00e4ndas av deras tj\u00e4nster. Men din IP-adress kommer f\u00f6rst att f\u00f6rkortas av Google i EU: s medlemsl\u00e4nder \u2013 eller i andra stater som ing\u00e5r i avtalet om Europeiska ekonomiska samarbetsomr\u00e5det \u2013 och d\u00e4rmed f\u00f6rblir anonymt. I undantagsfall \u00f6verf\u00f6rs din fulla IP-adress till en Google-server i USA och f\u00f6rkortas sedan. P\u00e5 uppdrag av operat\u00f6ren f\u00f6r denna webbplats kommer Google att anv\u00e4nda denna information f\u00f6r att utv\u00e4rdera din servicekodanv\u00e4ndning. IP-adressen som din webbl\u00e4sare tillhandah\u00e5ller till reCAPTCHA kommer inte att sl\u00e5s samman med andra data fr\u00e5n Google. Denna datainsamling omfattas av Googles sekretesspolicy.<\/li>\n<li><strong>F\u00f6r mer information om Googles sekretesspolicy, bes\u00f6k: https:\/\/www.google.com\/intl\/en\/policies\/privacy\/.<\/strong><\/li>\n<\/ul>\n<p>[\/et_pb_accordion_item][et_pb_accordion_item title=&#8221; Facebook&#8221; _builder_version=&#8221;4.27.4&#8243; _module_preset=&#8221;default&#8221; global_colors_info=&#8221;{}&#8221; open=&#8221;off&#8221;]<\/p>\n<ul>\n<li>V\u00e5r webbplats Tonga Schools anv\u00e4nder sociala plugins fr\u00e5n facebook.com-n\u00e4tverket, som drivs av Meta &#8211; Facebook Inc (1 Hacker<\/li>\n<li>Way, Menlo Park, Kalifornien 94025, USA). Plugins k\u00e4nnetecknas av Facebook-logotypen, Facebook-m\u00e4rket eller omn\u00e4mnandet &#8221;Facebook Social Plugin&#8221;.<\/li>\n<li>P\u00e5 grund av integrationen av plugin f\u00e5r Facebook information om att v\u00e5r webbplats i fr\u00e5ga har bes\u00f6kts av en bes\u00f6kare fr\u00e5n<\/li>\n<li>Tonga Schools. Om personen har en Facebook-profil kan Facebook koppla bes\u00f6ket till bes\u00f6karens Facebook-konto eller anv\u00e4ndaren av Tonga Schools genom att lagra cookies eller anv\u00e4nda JavaScript. Om en interaktion med plugin sker, till exempel genom att klicka p\u00e5 knappen &#8221;Jag gillar&#8221; eller ange en kommentar, kommuniceras denna information direkt till Facebook av webbl\u00e4saren och lagras d\u00e4r.<\/li>\n<li>Du kan h\u00e5lla dig informerad om syftet och omfattningen av datainsamling, vidare behandling och anv\u00e4ndning av data fr\u00e5n Facebook, samt r\u00e4ttigheter och m\u00f6jligheter f\u00f6r integritetsrelaterade inst\u00e4llningar, finns i Facebook Data Policy.<\/li>\n<li><strong>Se deras integritetspolicy h\u00e4r: https:\/\/fr-fr.facebook.com\/privacy\/explanation.<\/strong><\/li>\n<\/ul>\n<p>[\/et_pb_accordion_item][et_pb_accordion_item title=&#8221;LinkedIn&#8221; _builder_version=&#8221;4.27.4&#8243; _module_preset=&#8221;default&#8221; global_colors_info=&#8221;{}&#8221; open=&#8221;off&#8221;]<\/p>\n<ul>\n<li>V\u00e5r webbplats Tonga Schools anv\u00e4nder sociala plugins fr\u00e5n LinkedIn.com-n\u00e4tverket, som drivs av LinkedIn (Mountain View, Kalifornien, USA). Plugins k\u00e4nnetecknas av Linkedin-logotypen.<\/li>\n<li>P\u00e5 grund av integrationen av plugin f\u00e5r LinkedIn information om att v\u00e5r webbplats i fr\u00e5ga har bes\u00f6kt en bes\u00f6kare fr\u00e5n Tonga Schools. Om en interaktion med plugin sker, kommuniceras denna information direkt till LinkedIn av webbl\u00e4saren och lagras d\u00e4r.<\/li>\n<li><strong>Se deras integritetspolicy h\u00e4r: https:\/\/www.linkedin.com\/legal\/privacy-policy?trk=uno-reg-guest-home-privacy-policy.<\/strong><\/li>\n<\/ul>\n<p>[\/et_pb_accordion_item][et_pb_accordion_item title=&#8221;Pinterest&#8221; _builder_version=&#8221;4.27.4&#8243; _module_preset=&#8221;default&#8221; global_colors_info=&#8221;{}&#8221; open=&#8221;off&#8221;]<\/p>\n<p>&nbsp;<\/p>\n<ul>\n<li>V\u00e5r webbplats Tonga Schools anv\u00e4nder sociala plugins fr\u00e5n Pinterest.com-n\u00e4tverket, som drivs av f\u00f6retaget Pinterest. Plugins k\u00e4nnetecknas av Pinterest-logotypen.<\/li>\n<li>P\u00e5 grund av integrationen av plugin f\u00e5r Pinterest information om att v\u00e5r webbplats i fr\u00e5ga har bes\u00f6kt en bes\u00f6kare fr\u00e5n Tonga Schools. Om en interaktion med plugin sker, kommuniceras denna information direkt till Pinterest av webbl\u00e4saren och lagras d\u00e4r.<\/li>\n<li><strong>Se deras integritetspolicy h\u00e4r: <a href=\"https:\/\/policy.pinterest.com\/en\/privacy-policy\">https:\/\/policy.pinterest.com\/en\/privacy-policy<\/a><\/strong><span style=\"color: #000000;\"><\/span><span style=\"color: #000000;\"><\/span><\/li>\n<\/ul>\n<p>[\/et_pb_accordion_item][et_pb_accordion_item title=&#8221;  Nyhetsbrev&#8221; _builder_version=&#8221;4.27.4&#8243; _module_preset=&#8221;default&#8221; global_colors_info=&#8221;{}&#8221; open=&#8221;off&#8221;]<\/p>\n<h2><\/h2>\n<ul>\n<li>V\u00e5rt nyhetsbrev inneh\u00e5ller l\u00e4nkar och grafik som visar oss om nyhetsbrevet har \u00f6ppnats i ett e-postprogram och om vi har klickat p\u00e5 l\u00e4nkarna. Detta g\u00f6r att vi kan f\u00f6rb\u00e4ttra v\u00e5rt erbjudande och s\u00e4kerst\u00e4lla dess kvalitet. Du kan inv\u00e4nda mot denna anv\u00e4ndningsanalys genom att avsluta prenumerationen p\u00e5 nyhetsbrevet. Du hittar avbokningsinformationen i varje nyhetsbrev-e-post.<\/li>\n<\/ul>\n<p>[\/et_pb_accordion_item][et_pb_accordion_item title=&#8221;Kontaktformul\u00e4r&#8221; _builder_version=&#8221;4.27.4&#8243; _module_preset=&#8221;default&#8221; global_colors_info=&#8221;{}&#8221; open=&#8221;off&#8221;]<\/p>\n<h2><\/h2>\n<ul>\n<li>Om du har kontaktat oss via kontaktformul\u00e4ret lagras de uppgifter du har angett i v\u00e5r fil s\u00e5 att vi kan vidta \u00e5tg\u00e4rder och svara p\u00e5 dina fr\u00e5gor. Vi kommer inte att dela informationen utan ditt samtycke och kommer inte att \u00f6verf\u00f6ra dina uppgifter till en tredje part.<\/li>\n<li><strong>Dina data samlas in i ett e-postmeddelande och skickas till oss via Simple Mail Transfer Protocol (SMTP). E-postmeddelandet dekrypteras sedan av v\u00e5ra lokala datorer och enheter.<\/strong><\/li>\n<\/ul>\n<p>[\/et_pb_accordion_item][et_pb_accordion_item title=&#8221;Blogg&#8221; _builder_version=&#8221;4.27.4&#8243; _module_preset=&#8221;default&#8221; global_colors_info=&#8221;{}&#8221; open=&#8221;off&#8221;]<\/p>\n<h2><\/h2>\n<ul>\n<li>\n<p>Om du best\u00e4mmer dig f\u00f6r att l\u00e4gga till en kommentar till en av v\u00e5ra artiklar fr\u00e5n v\u00e5r blogg, kommer ditt namn och din e-postadress att f\u00f6lja din kommentar och infogas i v\u00e5r databas. Denna information kommer endast att anv\u00e4ndas f\u00f6r att identifiera dig som f\u00f6rfattare till en kommentar till blogginl\u00e4gget och kommer inte att vidarebefordras till tredje part. Endast ditt f\u00f6rnamn kommer att offentligg\u00f6ras p\u00e5 bloggens offentliga sida.<\/p>\n<p style=\"text-align: left;\"><strong>Din kommentar och personuppgifter kommer att finnas kvar p\u00e5 webbplatsen tills:<\/strong><br \/>1) vi tar bort kommentaren<br \/>2) vi skulle ta bort blogginl\u00e4gget.<\/p>\n<p>Om du vill att kommentaren ska raderas och dina data raderas, skicka oss ett e-postmeddelande med den e-postadress du brukade kommentera.<\/p>\n<p><strong>Om du \u00e4r under 16 \u00e5r m\u00e5ste du f\u00e5 f\u00f6r\u00e4ldrarnas samtycke innan du l\u00e4gger en kommentar p\u00e5 v\u00e5r blogg.<\/strong><\/p>\n<\/li>\n<\/ul>\n<p>[\/et_pb_accordion_item][\/et_pb_accordion][\/et_pb_column][\/et_pb_row][et_pb_row column_structure=&#8221;1_2,1_2&#8243; _builder_version=&#8221;4.27.4&#8243; _module_preset=&#8221;default&#8221; global_colors_info=&#8221;{}&#8221;][et_pb_column type=&#8221;1_2&#8243; _builder_version=&#8221;4.27.4&#8243; _module_preset=&#8221;default&#8221; global_colors_info=&#8221;{}&#8221;][et_pb_text _builder_version=&#8221;4.27.4&#8243; header_2_text_color=&#8221;#285299&#8243; background_size=&#8221;initial&#8221; background_position=&#8221;top_left&#8221; background_repeat=&#8221;repeat&#8221; global_colors_info=&#8221;{}&#8221;]<\/p>\n<ul><\/ul>\n<ul><\/ul>\n<h2>\u00d6verf\u00f6ring av data<\/h2>\n<p>Tonga Schools anv\u00e4ndardata s\u00e4ljs inte till en tredje part. Vi avsl\u00f6jar inte personuppgifter utan tillst\u00e5nd, s\u00e5vida inte:<br \/>\u00d8 vi \u00e4r juridiskt skyldiga att g\u00f6ra det;<br \/>\u00d8 vi m\u00e5ste anv\u00e4nda en tredje parts tj\u00e4nster f\u00f6r att tillhandah\u00e5lla v\u00e5ra tj\u00e4nster. I det h\u00e4r fallet \u00e4r det m\u00f6jligt att uppgifterna kommer att avsl\u00f6jas.<\/p>\n<p>&nbsp;<\/p>\n<p><strong>Om Tonga Schools \u00f6vertas av ett annat f\u00f6retag kan information om dina personuppgifter vidarebefordras till den juridiska efterf\u00f6ljaren som en del av dataskyddsbest\u00e4mmelserna.<\/strong><\/p>\n<p>[\/et_pb_text][\/et_pb_column][et_pb_column type=&#8221;1_2&#8243; _builder_version=&#8221;4.27.4&#8243; _module_preset=&#8221;default&#8221; global_colors_info=&#8221;{}&#8221;][et_pb_text _builder_version=&#8221;4.27.4&#8243; header_2_text_color=&#8221;#285299&#8243; background_size=&#8221;initial&#8221; background_position=&#8221;top_left&#8221; background_repeat=&#8221;repeat&#8221; global_colors_info=&#8221;{}&#8221;]<\/p>\n<ul><\/ul>\n<ul><\/ul>\n<h2>Dina r\u00e4ttigheter<\/h2>\n<p>Vi \u00e4r glada att avsl\u00f6ja de personuppgifter som vi har lagrat om dig (information till de ber\u00f6rda parterna enligt artikel 34 BDSG). Denna gratis information behandlas omedelbart och som regel via e-post (eller per post p\u00e5 beg\u00e4ran). F\u00f6r mer detaljerad information, v\u00e4nligen meddela oss vilken typ av personuppgifter du vill ta reda p\u00e5. F\u00f6r att s\u00e4kerst\u00e4lla att den s\u00f6kande \u00e4r den han eller hon p\u00e5st\u00e5r sig vara, beh\u00f6ver vi bevis p\u00e5 identitet. Detta kan vara en kopia av ett officiellt dokument, v\u00e4nligen sv\u00e4rta eller g\u00f6ra ol\u00e4sliga serienummer och passnummer.<\/p>\n<p>[\/et_pb_text][\/et_pb_column][\/et_pb_row][et_pb_row column_structure=&#8221;1_2,1_2&#8243; _builder_version=&#8221;4.27.4&#8243; _module_preset=&#8221;default&#8221; global_colors_info=&#8221;{}&#8221;][et_pb_column type=&#8221;1_2&#8243; _builder_version=&#8221;4.27.4&#8243; _module_preset=&#8221;default&#8221; global_colors_info=&#8221;{}&#8221;][et_pb_text _builder_version=&#8221;4.27.4&#8243; header_2_text_color=&#8221;#285299&#8243; background_size=&#8221;initial&#8221; background_position=&#8221;top_left&#8221; background_repeat=&#8221;repeat&#8221; global_colors_info=&#8221;{}&#8221;]<\/p>\n<ul><\/ul>\n<ul><\/ul>\n<h2>R\u00e4tt, radera eller l\u00e5sa<\/h2>\n<p>Dessutom har du r\u00e4tt att korrigera, radera eller blockera dina personuppgifter. En registrerad kan n\u00e4r som helst kontakta oss f\u00f6r att l\u00e4ra sig om den registrerades r\u00e4ttigheter och andra r\u00e4ttigheter.<\/p>\n<p>&nbsp;<\/p>\n<p>Senast uppdaterad: 9 januari 2025<\/p>\n<p>[\/et_pb_text][\/et_pb_column][et_pb_column type=&#8221;1_2&#8243; _builder_version=&#8221;4.27.4&#8243; _module_preset=&#8221;default&#8221; global_colors_info=&#8221;{}&#8221;][et_pb_text _builder_version=&#8221;4.27.4&#8243; header_2_text_color=&#8221;#285299&#8243; background_size=&#8221;initial&#8221; background_position=&#8221;top_left&#8221; background_repeat=&#8221;repeat&#8221; global_colors_info=&#8221;{}&#8221;]<\/p>\n<ul><\/ul>\n<ul><\/ul>\n<h2>\u00c4ndring av dataskyddsdeklarationen<\/h2>\n<p>Vi uppdaterar och uppdaterar denna dataskyddsinformation regelbundet. I h\u00e4ndelse av v\u00e4sentliga f\u00f6r\u00e4ndringar som kan p\u00e5verka anv\u00e4ndarr\u00e4ttigheterna f\u00f6r Tonga Schools, kommer vi att kommunicera dessa f\u00f6r\u00e4ndringar i f\u00f6rv\u00e4g och informera dig om de befintliga m\u00f6jligheterna till opposition. Denna information tillhandah\u00e5lls skriftligen (t.ex. via e-post).<\/p>\n<p>[\/et_pb_text][\/et_pb_column][\/et_pb_row][\/et_pb_section]<\/p>\n","protected":false},"excerpt":{"rendered":"<p>&nbsp;Dataskyddsdeklaration Med denna information om integritetsf\u00f6rklaringen, &#8211; Association pour la Promotion et l&#8217;Avancement du Multilinguisme (nedan kallad &#8221;vi&#8221;) vill informera anv\u00e4ndare av webbplatsen https:\/\/tonga-schools.eu\/ om syftet, s\u00e4ttet och omfattningen av behandlingen av personliga data. V\u00e5r webbplats och tj\u00e4nster revideras och utvidgas kontinuerligt. Som ett resultat uppdateras och \u00e4ndras detta informationsmeddelande regelbundet. Att surfa p\u00e5 v\u00e5r [&hellip;]<\/p>\n","protected":false},"author":2,"featured_media":0,"parent":0,"menu_order":10,"comment_status":"closed","ping_status":"closed","template":"","meta":{"_et_pb_use_builder":"on","_et_pb_old_content":"","_et_gb_content_width":"","footnotes":""},"class_list":["post-6376","page","type-page","status-publish","hentry"],"_links":{"self":[{"href":"https:\/\/tonga-schools.eu\/sv\/wp-json\/wp\/v2\/pages\/6376","targetHints":{"allow":["GET"]}}],"collection":[{"href":"https:\/\/tonga-schools.eu\/sv\/wp-json\/wp\/v2\/pages"}],"about":[{"href":"https:\/\/tonga-schools.eu\/sv\/wp-json\/wp\/v2\/types\/page"}],"author":[{"embeddable":true,"href":"https:\/\/tonga-schools.eu\/sv\/wp-json\/wp\/v2\/users\/2"}],"replies":[{"embeddable":true,"href":"https:\/\/tonga-schools.eu\/sv\/wp-json\/wp\/v2\/comments?post=6376"}],"version-history":[{"count":6,"href":"https:\/\/tonga-schools.eu\/sv\/wp-json\/wp\/v2\/pages\/6376\/revisions"}],"predecessor-version":[{"id":6779,"href":"https:\/\/tonga-schools.eu\/sv\/wp-json\/wp\/v2\/pages\/6376\/revisions\/6779"}],"wp:attachment":[{"href":"https:\/\/tonga-schools.eu\/sv\/wp-json\/wp\/v2\/media?parent=6376"}],"curies":[{"name":"wp","href":"https:\/\/api.w.org\/{rel}","templated":true}]}}