{"id":6416,"date":"2023-10-16T03:40:16","date_gmt":"2023-10-16T01:40:16","guid":{"rendered":"https:\/\/tonga-schools.eu\/mentions-legales\/"},"modified":"2025-04-17T22:15:50","modified_gmt":"2025-04-17T20:15:50","slug":"ansvarsfriskrivning","status":"publish","type":"page","link":"https:\/\/tonga-schools.eu\/sv\/ansvarsfriskrivning\/","title":{"rendered":"Ansvarsfriskrivning"},"content":{"rendered":"<p>[et_pb_section fb_built=&#8221;1&#8243; fullwidth=&#8221;on&#8221; _builder_version=&#8221;4.23.1&#8243; _module_preset=&#8221;default&#8221; background_color=&#8221;#f6f2ed&#8221; locked=&#8221;off&#8221; global_colors_info=&#8221;{}&#8221;][et_pb_fullwidth_header title=&#8221;Tonga School&#8221; subhead=&#8221;Ansvarsfriskrivning&#8221; header_image_url=&#8221;https:\/\/tonga-schools.eu\/wp-content\/uploads\/2025\/03\/Untitled-design-9.png&#8221; module_id=&#8221;header-text&#8221; _builder_version=&#8221;4.27.4&#8243; _module_preset=&#8221;default&#8221; title_font=&#8221;Helvetica Neue Regular|700||on|||||&#8221; title_text_align=&#8221;left&#8221; title_font_size=&#8221;16px&#8221; content_font=&#8221;Helvetica Neue Regular||||||||&#8221; content_text_align=&#8221;left&#8221; content_text_color=&#8221;#000000&#8243; subhead_font=&#8221;Helvetica Neue Regular|900|||||||&#8221; subhead_text_align=&#8221;left&#8221; subhead_text_color=&#8221;#0f0c07&#8243; subhead_font_size=&#8221;40px&#8221; subhead_line_height=&#8221;1.1em&#8221; background_color=&#8221;#f6f2ed&#8221; custom_button_one=&#8221;on&#8221; button_one_text_size=&#8221;18px&#8221; button_one_text_color=&#8221;#FFFFFF&#8221; button_one_bg_color=&#8221;#d44d46&#8243; button_one_border_width=&#8221;1px&#8221; button_one_border_color=&#8221;#d44d46&#8243; button_one_border_radius=&#8221;5px&#8221; button_one_font=&#8221;Helvetica Neue Regular|500|||||||&#8221; button_one_icon=&#8221;&#x35;||divi||400&#8243; button_one_icon_color=&#8221;#d44d46&#8243; button_one_custom_margin=&#8221;30px||||false|false&#8221; button_one_custom_padding=&#8221;16px|32px|16px|32px|true|true&#8221; custom_button_two=&#8221;on&#8221; button_two_text_size=&#8221;18px&#8221; button_two_text_color=&#8221;#FFFFFF&#8221; button_two_bg_color=&#8221;#4746d4&#8243; button_two_border_width=&#8221;1px&#8221; button_two_border_color=&#8221;#4746d4&#8243; button_two_border_radius=&#8221;5px&#8221; button_two_font=&#8221;Helvetica Neue Regular|500|||||||&#8221; button_two_icon=&#8221;&#x35;||divi||400&#8243; button_two_icon_color=&#8221;#4746d4&#8243; button_two_custom_padding=&#8221;16px|32px|16px|32px|true|true&#8221; custom_css_title=&#8221;padding-bottom: 20px;&#8221; custom_css_subtitle=&#8221;padding-bottom: 30px;&#8221; global_colors_info=&#8221;{}&#8221; button_one_text_color__hover_enabled=&#8221;on|hover&#8221; button_one_text_color__hover=&#8221;#d44d46&#8243; button_one_bg_color__hover_enabled=&#8221;on|hover&#8221; button_one_bg_color__hover=&#8221;#FFFFFF&#8221; button_one_bg_enable_color__hover=&#8221;on&#8221; button_two_text_color__hover_enabled=&#8221;on|hover&#8221; button_two_text_color__hover=&#8221;#4746d4&#8243; button_two_bg_color__hover_enabled=&#8221;on|hover&#8221; button_two_bg_color__hover=&#8221;#FFFFFF&#8221; button_two_bg_enable_color__hover=&#8221;on&#8221;]<\/p>\n<h4><\/h4>\n<p>&nbsp;<\/p>\n<p>[\/et_pb_fullwidth_header][\/et_pb_section][et_pb_section fb_built=&#8221;1&#8243; _builder_version=&#8221;4.16&#8243; global_colors_info=&#8221;{}&#8221;][et_pb_row _builder_version=&#8221;4.27.4&#8243; _module_preset=&#8221;default&#8221; global_colors_info=&#8221;{}&#8221;][et_pb_column type=&#8221;4_4&#8243; _builder_version=&#8221;4.27.4&#8243; _module_preset=&#8221;default&#8221; global_colors_info=&#8221;{}&#8221;][et_pb_text _builder_version=&#8221;4.27.4&#8243; _module_preset=&#8221;default&#8221; header_2_text_color=&#8221;#285299&#8243; global_colors_info=&#8221;{}&#8221;]<\/p>\n<h2>Presentation av webbplatsen\u00a0<\/h2>\n<p>I enlighet med artikel 6 i lagen nr 2004-575 av den 21 juni 2001 f\u00f6r f\u00f6rtroende f\u00f6r den digitala ekonomin informeras anv\u00e4ndare av webbplatsen https:\/\/tonga-schools.eu\/ om identiteten f\u00f6r de olika intressenterna som \u00e4r involverade i dess genomf\u00f6rande och uppf\u00f6ljning:<\/p>\n<p>[\/et_pb_text][\/et_pb_column][\/et_pb_row][et_pb_row column_structure=&#8221;1_3,1_3,1_3&#8243; _builder_version=&#8221;4.27.4&#8243; background_size=&#8221;initial&#8221; background_position=&#8221;top_left&#8221; background_repeat=&#8221;repeat&#8221; global_colors_info=&#8221;{}&#8221;][et_pb_column type=&#8221;1_3&#8243; _builder_version=&#8221;4.16&#8243; custom_padding=&#8221;|||&#8221; global_colors_info=&#8221;{}&#8221; custom_padding__hover=&#8221;|||&#8221;][et_pb_text _builder_version=&#8221;4.27.4&#8243; _module_preset=&#8221;default&#8221; header_2_text_color=&#8221;#285299&#8243; global_colors_info=&#8221;{}&#8221;]<\/p>\n<h2><strong>\u00c4gare:<\/strong><\/h2>\n<p>F\u00f6rening f\u00f6r fr\u00e4mjande och fr\u00e4mjande av flerspr\u00e5kighet (SIRET: 842 040 255 00023):<\/p>\n<p>[\/et_pb_text][\/et_pb_column][et_pb_column type=&#8221;1_3&#8243; _builder_version=&#8221;4.27.4&#8243; _module_preset=&#8221;default&#8221; global_colors_info=&#8221;{}&#8221;][et_pb_text _builder_version=&#8221;4.27.4&#8243; _module_preset=&#8221;default&#8221; text_text_color=&#8221;#000000&#8243; header_2_text_color=&#8221;#285299&#8243; global_colors_info=&#8221;{}&#8221;]<\/p>\n<h2><strong>Kontakt:<\/strong><\/h2>\n<p><span style=\"color: #000000;\"><a style=\"color: #000000;\" href=\"mailto:contact@multilingualcafe.com\">contact@multilingualcafe.com<\/a><\/span><\/p>\n<p>&nbsp;<\/p>\n<p>[\/et_pb_text][\/et_pb_column][et_pb_column type=&#8221;1_3&#8243; _builder_version=&#8221;4.27.4&#8243; _module_preset=&#8221;default&#8221; global_colors_info=&#8221;{}&#8221;][et_pb_text _builder_version=&#8221;4.27.4&#8243; _module_preset=&#8221;default&#8221; header_2_text_color=&#8221;#285299&#8243; global_colors_info=&#8221;{}&#8221;]<\/p>\n<h2><strong>Ansvarig f\u00f6r publicering:<\/strong><\/h2>\n<p>Isabelle Barth<\/p>\n<p>[\/et_pb_text][\/et_pb_column][\/et_pb_row][et_pb_row column_structure=&#8221;1_3,1_3,1_3&#8243; _builder_version=&#8221;4.27.4&#8243; _module_preset=&#8221;default&#8221; global_colors_info=&#8221;{}&#8221;][et_pb_column type=&#8221;1_3&#8243; _builder_version=&#8221;4.27.4&#8243; _module_preset=&#8221;default&#8221; global_colors_info=&#8221;{}&#8221;][et_pb_text _builder_version=&#8221;4.27.4&#8243; _module_preset=&#8221;default&#8221; header_2_text_color=&#8221;#285299&#8243; hover_enabled=&#8221;0&#8243; global_colors_info=&#8221;{}&#8221; sticky_enabled=&#8221;0&#8243;]<\/p>\n<h2><strong>Webmaster :<\/strong><\/h2>\n<p><span style=\"color: #000000;\"><span style=\"text-decoration: underline;\"><em><a href=\"https:\/\/dawa-agenceweb.fr\/\">Agence Web Dawa<\/a><\/em><\/span> (SIRET : 852 316 983 00018)<\/span><\/p>\n<p>[\/et_pb_text][\/et_pb_column][et_pb_column type=&#8221;1_3&#8243; _builder_version=&#8221;4.27.4&#8243; _module_preset=&#8221;default&#8221; global_colors_info=&#8221;{}&#8221;][et_pb_text _builder_version=&#8221;4.27.4&#8243; _module_preset=&#8221;default&#8221; text_text_color=&#8221;#000000&#8243; header_2_text_color=&#8221;#285299&#8243; global_colors_info=&#8221;{}&#8221;]<\/p>\n<h2><strong>V\u00e4rd:<\/strong><\/h2>\n<p>Denna webbplats \u00e4r v\u00e4rd av Hostinger<\/p>\n<p>[\/et_pb_text][\/et_pb_column][et_pb_column type=&#8221;1_3&#8243; _builder_version=&#8221;4.27.4&#8243; _module_preset=&#8221;default&#8221; global_colors_info=&#8221;{}&#8221;][\/et_pb_column][\/et_pb_row][et_pb_row column_structure=&#8221;1_2,1_2&#8243; _builder_version=&#8221;4.27.4&#8243; _module_preset=&#8221;default&#8221; global_colors_info=&#8221;{}&#8221;][et_pb_column type=&#8221;1_2&#8243; _builder_version=&#8221;4.27.4&#8243; _module_preset=&#8221;default&#8221; global_colors_info=&#8221;{}&#8221;][et_pb_text _builder_version=&#8221;4.27.4&#8243; _module_preset=&#8221;default&#8221; header_2_text_color=&#8221;#285299&#8243; global_colors_info=&#8221;{}&#8221;]<\/p>\n<h2><strong>Syftet med webbplatsen och beskrivningen av tillhandah\u00e5llna tj\u00e4nster:<\/strong><\/h2>\n<p>Syftet med Tonga Schools webbplats \u00e4r att tillhandah\u00e5lla en informationsplattform om spr\u00e5k, flerspr\u00e5kig utbildning och allt relaterat. Tonga-skolor str\u00e4var efter att tillhandah\u00e5lla s\u00e5 korrekt information som m\u00f6jligt p\u00e5 webbplatsen https:\/\/tonga-schools.eu.<\/p>\n<p>Tonga Schools erbjuder en kommunikationsr\u00e5dgivningstj\u00e4nst mellan flerspr\u00e5kiga familjer och skolor f\u00f6r att hj\u00e4lpa dem att g\u00e5 med i n\u00e4tverket.<\/p>\n<p>Webbplatsen \u00e4r \u00f6ppen och gratis f\u00f6r alla anv\u00e4ndare. Att bl\u00e4ddra eller anv\u00e4nda webbplatsen inneb\u00e4r att anv\u00e4ndaren accepterar dessa villkor i sin helhet, vilket han erk\u00e4nner att han har l\u00e4st.<\/p>\n<p>Godk\u00e4nnandet av dessa allm\u00e4nna villkor inneb\u00e4r att anv\u00e4ndare har den n\u00f6dv\u00e4ndiga juridiska f\u00f6rm\u00e5gan att g\u00f6ra det. Om anv\u00e4ndaren \u00e4r mindre\u00e5rig eller inte har denna juridiska f\u00f6rm\u00e5ga f\u00f6rklarar han att han har tillst\u00e5nd fr\u00e5n en v\u00e5rdnadshavare, kurator eller hans juridiska ombud.<\/p>\n<p>All information p\u00e5 webbplatsen https:\/\/tonga-schools.eu kan \u00e4ndras. Informationen \u00e4r inte utt\u00f6mmande och kan \u00e4ndras sedan den publicerades.<\/p>\n<p>&nbsp;<\/p>\n<p>[\/et_pb_text][\/et_pb_column][et_pb_column type=&#8221;1_2&#8243; _builder_version=&#8221;4.27.4&#8243; _module_preset=&#8221;default&#8221; global_colors_info=&#8221;{}&#8221;][et_pb_text _builder_version=&#8221;4.27.4&#8243; _module_preset=&#8221;default&#8221; global_colors_info=&#8221;{}&#8221;]<\/p>\n<p><span style=\"color: #ffffff;\">Your content goes here. Edit or remove this text inline or in the module Content settings. You can also style every aspect of this content in the module Design settings and even apply custom CSS to this text in the module Advanced settings.<\/span><\/p>\n<p>[\/et_pb_text][et_pb_text _builder_version=&#8221;4.27.4&#8243; _module_preset=&#8221;default&#8221; global_colors_info=&#8221;{}&#8221;]<\/p>\n<p><span style=\"color: #ffffff;\">Your content goes here. Edit or remove this text inline or in the module Content settings. You can also style every aspect of this content in the module Design settings and even apply custom CSS to this text in the module Advanced settings.<\/span><\/p>\n<p>[\/et_pb_text][et_pb_text _builder_version=&#8221;4.27.4&#8243; _module_preset=&#8221;default&#8221; header_2_text_color=&#8221;#285299&#8243; global_colors_info=&#8221;{}&#8221;]<\/p>\n<h2><strong>Tillg\u00e5ng till webbplats:<\/strong><\/h2>\n<p>Vi p\u00e5minner dig om egenskaperna och gr\u00e4nserna f\u00f6r Internet-n\u00e4tverket och avvisar alla ansvar f\u00f6r konsekvenserna av din anslutning till detta n\u00e4tverk via denna webbplats.<\/p>\n<p>I synnerhet kan vi inte h\u00e5llas ansvariga f\u00f6r skador, material eller immateriellt som orsakats p\u00e5 din datorutrustning och de data som lagras d\u00e4ri, inte heller f\u00f6r n\u00e5gra konsekvenser som kan uppst\u00e5 p\u00e5 din personliga, professionella eller kommersiella verksamhet.<\/p>\n<p>Vi kan inte l\u00e4ngre h\u00e5llas ansvariga om du inte kunde ansluta till webbplatsen p\u00e5 grund av n\u00e5gon teknisk defekt eller problem relaterade till enc<\/p>\n<p>[\/et_pb_text][\/et_pb_column][\/et_pb_row][et_pb_row column_structure=&#8221;1_2,1_2&#8243; _builder_version=&#8221;4.27.4&#8243; _module_preset=&#8221;default&#8221; global_colors_info=&#8221;{}&#8221;][et_pb_column type=&#8221;1_2&#8243; _builder_version=&#8221;4.27.4&#8243; _module_preset=&#8221;default&#8221; global_colors_info=&#8221;{}&#8221;][et_pb_text _builder_version=&#8221;4.27.4&#8243; _module_preset=&#8221;default&#8221; header_2_text_color=&#8221;#285299&#8243; global_colors_info=&#8221;{}&#8221;]<\/p>\n<h2><strong>Personlig datahantering:<\/strong><\/h2>\n<p>I Frankrike skyddas personuppgifter av lagen n \u00b0 78-87 av den 6 januari 1978, lagen n \u00b0 2004-801 av den 6 augusti 2004, artikel L. 226-13 i strafflagen och Europeiska direktivet av den 24 oktober 1995.<\/p>\n<p>&nbsp;<\/p>\n<p>Vid anv\u00e4ndning av webbplatsen kan du samla in: webbadressen till l\u00e4nkarna genom vilka anv\u00e4ndaren \u00f6ppnade webbplatsen, anv\u00e4ndarens \u00e5tkomstleverant\u00f6r, anv\u00e4ndarens internetprotokoll (IP) -adress.<\/p>\n<p>&nbsp;<\/p>\n<p>I vilket fall som helst samlar \u00e4garen in personlig information som r\u00f6r anv\u00e4ndaren endast f\u00f6r vissa tj\u00e4nster som erbjuds av webbplatsen https:\/\/tonga-schools.eu. Anv\u00e4ndaren tillhandah\u00e5ller denna information med full kunskap om fakta, s\u00e4rskilt n\u00e4r han sj\u00e4lv anger den. Det anges sedan f\u00f6r anv\u00e4ndaren av webbplatsen skyldigheten eller inte att tillhandah\u00e5lla denna information.<\/p>\n<p>&nbsp;<\/p>\n<p>I enlighet med best\u00e4mmelserna i artiklarna 38 och f\u00f6ljande i lagen 78-17 av den 6 januari 1978 om databehandling, filer och friheter har alla anv\u00e4ndare r\u00e4tt till tillg\u00e5ng, r\u00e4ttelse och motst\u00e5nd mot personuppgifter om dem genom att g\u00f6ra en skriftlig och undertecknad beg\u00e4ran, \u00e5tf\u00f6ljd av en kopia av identitetsdokumentet med underskrift av innehavaren av dokumentet, ange adressen till vilken svaret ska skickas.<\/p>\n<p>&nbsp;<\/p>\n<p>Ingen personlig information fr\u00e5n anv\u00e4ndaren av webbplatsen https:\/\/tonga-schools.eu publiceras utan anv\u00e4ndarens kunskap, utbyts, \u00f6verf\u00f6rs, tilldelas eller s\u00e4ljs p\u00e5 n\u00e5got medium till tredje part. Endast antagandet om k\u00f6p av \u00e4garen och hans r\u00e4ttigheter skulle m\u00f6jligg\u00f6ra \u00f6verf\u00f6ring av n\u00e4mnda information till den eventuella f\u00f6rv\u00e4rvaren som i sin tur skulle vara bunden av samma skyldighet att beh\u00e5lla och modifiera data gentemot anv\u00e4ndaren av https-webbplatsen :\/\/tonga-schools.eu.<\/p>\n<p>&nbsp;<\/p>\n<p>Databaserna skyddas av best\u00e4mmelserna i lagen av den 1 juli 1998 om inf\u00f6rlivande av direktiv 96\/9 av den 11 mars 1996 om r\u00e4ttsligt skydd f\u00f6r databaser.<\/p>\n<p>&nbsp;<\/p>\n<p>[\/et_pb_text][\/et_pb_column][et_pb_column type=&#8221;1_2&#8243; _builder_version=&#8221;4.27.4&#8243; _module_preset=&#8221;default&#8221; global_colors_info=&#8221;{}&#8221;][et_pb_text _builder_version=&#8221;4.27.4&#8243; _module_preset=&#8221;default&#8221; header_2_text_color=&#8221;#285299&#8243; global_colors_info=&#8221;{}&#8221;]<\/p>\n<h2><strong>Intellektuell \u00e4gander\u00e4tt och f\u00f6rfalskade varor:<\/strong><\/h2>\n<p>A.P.A.M. \u00e4r \u00e4garen till immateriella r\u00e4ttigheter och har anv\u00e4ndningsr\u00e4ttigheterna f\u00f6r alla element som \u00e4r tillg\u00e4ngliga p\u00e5 webbplatsen, inklusive texter, presentationer, illustrationer, bilder, grafik, logotyp, ikoner, ljud, programvara.<\/p>\n<p>All reproduktion, kopia, representation, modifiering, publicering, anpassning av hela eller delar av webbplatsens delar, oavsett vilka medel eller process som anv\u00e4nds, \u00e4r f\u00f6rbjudet utan skriftligt tillst\u00e5nd fr\u00e5n: A.P.A.M.<\/p>\n<p>All obeh\u00f6rig exploatering av webbplatsen eller n\u00e5got av de element som den inneh\u00e5ller kommer att anses utg\u00f6ra en \u00f6vertr\u00e4delse och \u00e5talas i enlighet med best\u00e4mmelserna i artiklarna L.335-2 ff i immaterialr\u00e4ttskoden.\u00a0<\/p>\n<p>[\/et_pb_text][et_pb_text _builder_version=&#8221;4.27.4&#8243; _module_preset=&#8221;default&#8221; header_2_text_color=&#8221;#285299&#8243; global_colors_info=&#8221;{}&#8221;]<\/p>\n<h2><strong>Ansvarsbegr\u00e4nsningar:<\/strong><\/h2>\n<p>\u00c4garen kan inte h\u00e5llas ansvarig f\u00f6r direkt och indirekt skada orsakad av anv\u00e4ndarens utrustning vid \u00e5tkomst till webbplatsen, varken till f\u00f6ljd av anv\u00e4ndning av utrustning som inte uppfyller specifikationerna, varken utseendet p\u00e5 ett fel eller en of\u00f6renlighet.<\/p>\n<p>\u00c4garen \u00e4r inte heller ansvarig f\u00f6r indirekta skador (till exempel f\u00f6rlust av marknad eller f\u00f6rlust av chans) till f\u00f6ljd av anv\u00e4ndningen av Tonga Schools-webbplatsen.\u00a0<\/p>\n<p>[\/et_pb_text][et_pb_text _builder_version=&#8221;4.27.4&#8243; _module_preset=&#8221;default&#8221; header_2_text_color=&#8221;#285299&#8243; global_colors_info=&#8221;{}&#8221;]<\/p>\n<h2><strong>Information:<\/strong><\/h2>\n<p>Informationen som publiceras av webbplatsen https:\/\/tonga-schools.eu tillhandah\u00e5lls endast f\u00f6r informations\u00e4ndam\u00e5l och \u00e4r inte utt\u00f6mmande. Tonga Schools str\u00e4var efter att tillhandah\u00e5lla s\u00e5 korrekt information p\u00e5 webbplatsen som m\u00f6jligt. Tonga-skolor \u00e4r emellertid inte ansvariga f\u00f6r n\u00e5gra utel\u00e4mnanden, felaktigheter eller brister i uppdateringen, vare sig det beror p\u00e5 sina egna handlingar eller s\u00e5dana fr\u00e5n tredje part som tillhandah\u00e5ller den s\u00e5dan information.<\/p>\n<p>De m\u00e5ste i alla fall beaktas vid tidpunkten f\u00f6r deras online och inte vid samr\u00e5d med webbplatsen.<\/p>\n<p>V\u00e5rt ansvar kan inte utnyttjas p\u00e5 grund av denna information.<\/p>\n<p>[\/et_pb_text][\/et_pb_column][\/et_pb_row][et_pb_row column_structure=&#8221;1_2,1_2&#8243; _builder_version=&#8221;4.27.4&#8243; _module_preset=&#8221;default&#8221; global_colors_info=&#8221;{}&#8221;][et_pb_column type=&#8221;1_2&#8243; _builder_version=&#8221;4.27.4&#8243; _module_preset=&#8221;default&#8221; global_colors_info=&#8221;{}&#8221;][et_pb_text _builder_version=&#8221;4.27.4&#8243; _module_preset=&#8221;default&#8221; header_2_text_color=&#8221;#285299&#8243; global_colors_info=&#8221;{}&#8221;]<\/p>\n<h2>Till\u00e4mplig lag och jurisdiktion:<\/h2>\n<p>Varje tvist i samband med anv\u00e4ndningen av Tonga Schools-webbplatsen omfattas av fransk lag. Exklusiv beh\u00f6righet tilldelas de beh\u00f6riga domstolarna i Frankrike.\u00a0<\/p>\n<p>&nbsp;<\/p>\n<p>[\/et_pb_text][\/et_pb_column][et_pb_column type=&#8221;1_2&#8243; _builder_version=&#8221;4.27.4&#8243; _module_preset=&#8221;default&#8221; global_colors_info=&#8221;{}&#8221;][et_pb_text _builder_version=&#8221;4.27.4&#8243; _module_preset=&#8221;default&#8221; header_2_text_color=&#8221;#285299&#8243; global_colors_info=&#8221;{}&#8221;]<\/p>\n<h2><strong>Huvudlagarna<\/strong><br \/><strong>bekymrad:<\/strong><\/h2>\n<p>Lag nr. 78-87 av den 6 januari 1978, \u00e4ndrad genom lag nr. 2004-801 av den 6 augusti 2004 om databehandling, filer och friheter.<\/p>\n<p>Lag n \u00b0 2004-575 av den 21 juni 2004 f\u00f6r f\u00f6rtroende f\u00f6r den digitala ekonomin.\u00a0<\/p>\n<p>[\/et_pb_text][\/et_pb_column][\/et_pb_row][et_pb_row _builder_version=&#8221;4.27.4&#8243; _module_preset=&#8221;default&#8221; global_colors_info=&#8221;{}&#8221;][et_pb_column type=&#8221;4_4&#8243; _builder_version=&#8221;4.27.4&#8243; _module_preset=&#8221;default&#8221; global_colors_info=&#8221;{}&#8221;][et_pb_text _builder_version=&#8221;4.27.4&#8243; header_2_text_color=&#8221;#285299&#8243; background_size=&#8221;initial&#8221; background_position=&#8221;top_left&#8221; background_repeat=&#8221;repeat&#8221; global_colors_info=&#8221;{}&#8221;]<\/p>\n<p><em>Senast uppdaterad: 9 januari 2025<\/em>\u00a0<\/p>\n<p>[\/et_pb_text][\/et_pb_column][\/et_pb_row][\/et_pb_section]<\/p>\n","protected":false},"excerpt":{"rendered":"<p>&nbsp;Presentation av webbplatsen\u00a0 I enlighet med artikel 6 i lagen nr 2004-575 av den 21 juni 2001 f\u00f6r f\u00f6rtroende f\u00f6r den digitala ekonomin informeras anv\u00e4ndare av webbplatsen https:\/\/tonga-schools.eu\/ om identiteten f\u00f6r de olika intressenterna som \u00e4r involverade i dess genomf\u00f6rande och uppf\u00f6ljning:\u00c4gare: F\u00f6rening f\u00f6r fr\u00e4mjande och fr\u00e4mjande av flerspr\u00e5kighet (SIRET: 842 040 255 00023):Kontakt: contact@multilingualcafe.com [&hellip;]<\/p>\n","protected":false},"author":2,"featured_media":0,"parent":0,"menu_order":10,"comment_status":"closed","ping_status":"closed","template":"","meta":{"_et_pb_use_builder":"on","_et_pb_old_content":"","_et_gb_content_width":"","footnotes":""},"class_list":["post-6416","page","type-page","status-publish","hentry"],"_links":{"self":[{"href":"https:\/\/tonga-schools.eu\/sv\/wp-json\/wp\/v2\/pages\/6416","targetHints":{"allow":["GET"]}}],"collection":[{"href":"https:\/\/tonga-schools.eu\/sv\/wp-json\/wp\/v2\/pages"}],"about":[{"href":"https:\/\/tonga-schools.eu\/sv\/wp-json\/wp\/v2\/types\/page"}],"author":[{"embeddable":true,"href":"https:\/\/tonga-schools.eu\/sv\/wp-json\/wp\/v2\/users\/2"}],"replies":[{"embeddable":true,"href":"https:\/\/tonga-schools.eu\/sv\/wp-json\/wp\/v2\/comments?post=6416"}],"version-history":[{"count":4,"href":"https:\/\/tonga-schools.eu\/sv\/wp-json\/wp\/v2\/pages\/6416\/revisions"}],"predecessor-version":[{"id":7301,"href":"https:\/\/tonga-schools.eu\/sv\/wp-json\/wp\/v2\/pages\/6416\/revisions\/7301"}],"wp:attachment":[{"href":"https:\/\/tonga-schools.eu\/sv\/wp-json\/wp\/v2\/media?parent=6416"}],"curies":[{"name":"wp","href":"https:\/\/api.w.org\/{rel}","templated":true}]}}