{"id":915,"date":"2023-11-23T03:16:59","date_gmt":"2023-11-23T02:16:59","guid":{"rendered":"https:\/\/tonga-schools.eu\/hemsida\/"},"modified":"2026-02-16T11:22:57","modified_gmt":"2026-02-16T10:22:57","slug":"hemsida","status":"publish","type":"page","link":"https:\/\/tonga-schools.eu\/sv\/","title":{"rendered":"Hemsida"},"content":{"rendered":"<p>[et_pb_section fb_built=&#8221;1&#8243; fullwidth=&#8221;on&#8221; _builder_version=&#8221;4.23.1&#8243; _module_preset=&#8221;default&#8221; background_color=&#8221;#f6f2ed&#8221; global_colors_info=&#8221;{}&#8221;][et_pb_fullwidth_header title=&#8221;V\u00e4lkommen till Tonga Schools&#8221; subhead=&#8221;Att \u00f6verbrygga kommunikationen mellan de flerspr\u00e5kiga familjerna och skolan&#8221; button_one_text=&#8221;Se projektet&#8221; button_one_url=&#8221;https:\/\/tonga-schools.eu\/sv\/vart-projekt\/&#8221; button_two_text=&#8221;N\u00e4tverket av Tonga-skolor&#8221; button_two_url=&#8221;\/sv\/#tonga-schools&#8221; header_image_url=&#8221;https:\/\/tonga-schools.eu\/wp-content\/uploads\/2023\/11\/tonga-schools-network.webp&#8221; module_id=&#8221;header-text&#8221; _builder_version=&#8221;4.27.4&#8243; _module_preset=&#8221;default&#8221; title_font=&#8221;Helvetica Neue Regular|700||on|||||&#8221; title_text_align=&#8221;left&#8221; title_font_size=&#8221;16px&#8221; content_font=&#8221;Helvetica Neue Regular||||||||&#8221; content_text_align=&#8221;left&#8221; content_text_color=&#8221;rgba(15,12,7,0.8)&#8221; subhead_font=&#8221;Helvetica Neue Regular|900|||||||&#8221; subhead_text_align=&#8221;left&#8221; subhead_text_color=&#8221;#0f0c07&#8243; subhead_font_size=&#8221;40px&#8221; subhead_line_height=&#8221;1.1em&#8221; background_color=&#8221;#f6f2ed&#8221; custom_button_one=&#8221;on&#8221; button_one_text_size=&#8221;18px&#8221; button_one_text_color=&#8221;#FFFFFF&#8221; button_one_bg_color=&#8221;#8d1a28&#8243; button_one_border_width=&#8221;1px&#8221; button_one_border_color=&#8221;#8d1a28&#8243; button_one_border_radius=&#8221;5px&#8221; button_one_font=&#8221;Helvetica Neue Regular|500|||||||&#8221; button_one_icon=&#8221;&#x35;||divi||400&#8243; button_one_icon_color=&#8221;#d44d46&#8243; button_one_custom_margin=&#8221;30px||||false|false&#8221; button_one_custom_padding=&#8221;16px|32px|16px|32px|true|true&#8221; custom_button_two=&#8221;on&#8221; button_two_text_size=&#8221;18px&#8221; button_two_text_color=&#8221;#FFFFFF&#8221; button_two_bg_color=&#8221;#285299&#8243; button_two_border_width=&#8221;1px&#8221; button_two_border_color=&#8221;#285299&#8243; button_two_border_radius=&#8221;5px&#8221; button_two_font=&#8221;Helvetica Neue Regular|500|||||||&#8221; button_two_icon=&#8221;&#x35;||divi||400&#8243; button_two_icon_color=&#8221;#4746d4&#8243; button_two_custom_padding=&#8221;16px|32px|16px|32px|true|true&#8221; custom_css_title=&#8221;padding-bottom: 20px;&#8221; custom_css_subtitle=&#8221;padding-bottom: 30px;&#8221; global_colors_info=&#8221;{}&#8221; button_one_text_color__hover_enabled=&#8221;on|hover&#8221; button_one_text_color__hover=&#8221;#8d1a28&#8243; button_one_bg_color__hover_enabled=&#8221;on|hover&#8221; button_one_bg_color__hover=&#8221;#FFFFFF&#8221; button_one_bg_enable_color__hover=&#8221;on&#8221; button_two_text_color__hover_enabled=&#8221;on|hover&#8221; button_two_text_color__hover=&#8221;#285299&#8243; button_two_bg_color__hover_enabled=&#8221;on|hover&#8221; button_two_bg_color__hover=&#8221;#FFFFFF&#8221; button_two_bg_enable_color__hover=&#8221;on&#8221;]<\/p>\n<p>K\u00e4rnan i detta Erasmus+ projekt \u00e4r str\u00e4van att sammanf\u00f6ra flerspr\u00e5kiga familjer med skolor. V\u00e5rt m\u00e5l \u00e4r att utveckla resurser som kan f\u00f6rb\u00e4ttra denna kommunikation och skapa ett n\u00e4tverk av Tonga Skola.<\/p>\n<p>[\/et_pb_fullwidth_header][\/et_pb_section][et_pb_section fb_built=&#8221;1&#8243; _builder_version=&#8221;4.27.4&#8243; _module_preset=&#8221;default&#8221; min_height=&#8221;494px&#8221; custom_margin=&#8221;||-97px|||&#8221; custom_padding=&#8221;1px|||||&#8221; locked=&#8221;off&#8221; global_colors_info=&#8221;{}&#8221;][et_pb_row _builder_version=&#8221;4.27.4&#8243; _module_preset=&#8221;default&#8221; global_colors_info=&#8221;{}&#8221;][et_pb_column type=&#8221;4_4&#8243; _builder_version=&#8221;4.27.4&#8243; _module_preset=&#8221;default&#8221; global_colors_info=&#8221;{}&#8221;][et_pb_text _builder_version=&#8221;4.27.4&#8243; _module_preset=&#8221;default&#8221; header_text_color=&#8221;#285299&#8243; global_colors_info=&#8221;{}&#8221;]<\/p>\n<h1 style=\"text-align: center;\"><strong>V\u00e5r 3-pelars filosofi:<\/strong><\/h1>\n<p>[\/et_pb_text][\/et_pb_column][\/et_pb_row][et_pb_row column_structure=&#8221;1_3,1_3,1_3&#8243; _builder_version=&#8221;4.27.4&#8243; _module_preset=&#8221;default&#8221; global_colors_info=&#8221;{}&#8221;][et_pb_column type=&#8221;1_3&#8243; _builder_version=&#8221;4.27.4&#8243; _module_preset=&#8221;default&#8221; global_colors_info=&#8221;{}&#8221;][et_pb_image src=&#8221;https:\/\/tonga-schools.eu\/wp-content\/uploads\/2025\/05\/2.png&#8221; title_text=&#8221;Tonga&#8221; _builder_version=&#8221;4.27.4&#8243; _module_preset=&#8221;default&#8221; global_colors_info=&#8221;{}&#8221;][\/et_pb_image][et_pb_text _builder_version=&#8221;4.27.4&#8243; _module_preset=&#8221;default&#8221; header_text_color=&#8221;#285299&#8243; global_colors_info=&#8221;{}&#8221;]<\/p>\n<h1 data-start=\"57\" data-end=\"118\" style=\"text-align: center;\"><strong data-start=\"57\" data-end=\"118\">\u00d6ppna sig f\u00f6r spr\u00e5k<\/strong><\/h1>\n<h4 data-start=\"57\" data-end=\"118\" style=\"text-align: center;\"><strong data-start=\"57\" data-end=\"118\">Barnets v\u00e4lbefinnande i f\u00f6rsta hand<\/strong><\/h4>\n<p data-start=\"120\" data-end=\"186\" class=\"\" style=\"text-align: center;\">V\u00e4lkomna varje spr\u00e5k, varje kultur, f\u00f6r en blomstrande utbildning.<\/p>\n<p>[\/et_pb_text][\/et_pb_column][et_pb_column type=&#8221;1_3&#8243; _builder_version=&#8221;4.27.4&#8243; _module_preset=&#8221;default&#8221; global_colors_info=&#8221;{}&#8221;][et_pb_image src=&#8221;https:\/\/tonga-schools.eu\/wp-content\/uploads\/2025\/05\/3.png&#8221; title_text=&#8221;Tonga&#8221; _builder_version=&#8221;4.27.4&#8243; _module_preset=&#8221;default&#8221; global_colors_info=&#8221;{}&#8221;][\/et_pb_image][et_pb_text _builder_version=&#8221;4.27.4&#8243; _module_preset=&#8221;default&#8221; header_text_color=&#8221;#285299&#8243; global_colors_info=&#8221;{}&#8221;]<\/p>\n<h1 data-start=\"193\" data-end=\"254\" style=\"text-align: center;\"><strong data-start=\"193\" data-end=\"254\">Ett flerspr\u00e5kigt samh\u00e4lle<br data-start=\"220\" data-end=\"223\" \/><\/strong><\/h1>\n<h4 data-start=\"193\" data-end=\"254\" style=\"text-align: center;\"><strong data-start=\"193\" data-end=\"254\">\u00d6ppna och inkluderande skolor<\/strong><\/h4>\n<p data-start=\"256\" data-end=\"333\" class=\"\" style=\"text-align: center;\">Utbilda, st\u00f6dja och ge verktyg f\u00f6r att v\u00e4lkomna flerspr\u00e5kiga migrantfamiljer.<\/p>\n<p>[\/et_pb_text][\/et_pb_column][et_pb_column type=&#8221;1_3&#8243; _builder_version=&#8221;4.27.4&#8243; _module_preset=&#8221;default&#8221; global_colors_info=&#8221;{}&#8221;][et_pb_image src=&#8221;https:\/\/tonga-schools.eu\/wp-content\/uploads\/2025\/05\/4.png&#8221; title_text=&#8221;Tonga&#8221; _builder_version=&#8221;4.27.4&#8243; _module_preset=&#8221;default&#8221; global_colors_info=&#8221;{}&#8221;][\/et_pb_image][et_pb_text _builder_version=&#8221;4.27.4&#8243; _module_preset=&#8221;default&#8221; header_text_color=&#8221;#285299&#8243; global_colors_info=&#8221;{}&#8221;]<\/p>\n<h1 data-start=\"340\" data-end=\"381\" style=\"text-align: center;\"><strong data-start=\"340\" data-end=\"381\">Bygga framtiden<br data-start=\"357\" data-end=\"360\" \/><\/strong><\/h1>\n<h4 data-start=\"340\" data-end=\"381\" style=\"text-align: center;\"><strong data-start=\"340\" data-end=\"381\">Ett levande n\u00e4tverk<\/strong><\/h4>\n<p data-start=\"383\" data-end=\"449\" class=\"\" style=\"text-align: center;\">Skapa broar f\u00f6r b\u00e4ttre kommunikation mellan skolan och familjerna.<\/p>\n<p>[\/et_pb_text][\/et_pb_column][\/et_pb_row][et_pb_row _builder_version=&#8221;4.27.4&#8243; _module_preset=&#8221;default&#8221; global_colors_info=&#8221;{}&#8221;][et_pb_column type=&#8221;4_4&#8243; _builder_version=&#8221;4.27.4&#8243; _module_preset=&#8221;default&#8221; global_colors_info=&#8221;{}&#8221;][et_pb_divider _builder_version=&#8221;4.27.4&#8243; _module_preset=&#8221;default&#8221; global_colors_info=&#8221;{}&#8221;][\/et_pb_divider][\/et_pb_column][\/et_pb_row][et_pb_row column_structure=&#8221;1_2,1_2&#8243; _builder_version=&#8221;4.27.4&#8243; _module_preset=&#8221;default&#8221; global_colors_info=&#8221;{}&#8221;][et_pb_column type=&#8221;1_2&#8243; _builder_version=&#8221;4.27.4&#8243; _module_preset=&#8221;default&#8221; global_colors_info=&#8221;{}&#8221;][et_pb_image src=&#8221;https:\/\/tonga-schools.eu\/wp-content\/uploads\/2025\/04\/Class-Orientation-1.png&#8221; title_text=&#8221;Tonga&#8221; _builder_version=&#8221;4.27.4&#8243; _module_preset=&#8221;default&#8221; global_colors_info=&#8221;{}&#8221;][\/et_pb_image][\/et_pb_column][et_pb_column type=&#8221;1_2&#8243; _builder_version=&#8221;4.27.4&#8243; _module_preset=&#8221;default&#8221; global_colors_info=&#8221;{}&#8221;][et_pb_testimonial quote_icon_color=&#8221;#8d1a28&#8243; portrait_width=&#8221;93px&#8221; portrait_height=&#8221;77px&#8221; _builder_version=&#8221;4.27.4&#8243; _module_preset=&#8221;default&#8221; body_text_color=&#8221;#000000&#8243; border_radii_portrait=&#8221;off|100px|200px|200px|100px&#8221; global_colors_info=&#8221;{}&#8221;]<\/p>\n<h1><span style=\"color: #285299;\"><strong data-start=\"237\" data-end=\"252\">\u00abTonga Soa\u00bb<\/strong><\/span><\/h1>\n<h4>Det betyder \u201dV\u00e4lkommen\u201d p\u00e5 malagasy.<\/h4>\n<p>Det \u00e4r den andan som styr v\u00e5rt n\u00e4tverk av skolor i Tonga, som \u00e4r \u00f6ppna f\u00f6r familjernas spr\u00e5k och kulturer.<\/p>\n<p>[\/et_pb_testimonial][et_pb_text _builder_version=&#8221;4.27.4&#8243; _module_preset=&#8221;default&#8221; global_colors_info=&#8221;{}&#8221;]<\/p>\n<p data-start=\"59\" data-end=\"366\" class=\"\"><strong data-start=\"59\" data-end=\"88\">N\u00e4tverket av Tonga-skolor<\/strong> samlar skolor som engagerar sig f\u00f6r att st\u00e4rka banden mellan skolgemenskapen och flerspr\u00e5kiga migrantfamiljer.<br data-start=\"199\" data-end=\"202\" \/><strong>V\u00e5rt uppdrag:<\/strong> att ge b\u00e5de familjer och skolor verktyg f\u00f6r att b\u00e4ttre kommunicera, f\u00f6rst\u00e5 varandra och v\u00e4lkomna varandra, f\u00f6r varje barns v\u00e4lbefinnande och framg\u00e5ng.<\/p>\n<p>[\/et_pb_text][et_pb_button button_url=&#8221;https:\/\/tonga-schools.eu\/sv\/vart-projekt\/&#8221; button_text=&#8221;Uppt\u00e4ck projektet&#8221; button_alignment=&#8221;center&#8221; _builder_version=&#8221;4.27.4&#8243; _module_preset=&#8221;default&#8221; custom_button=&#8221;on&#8221; button_text_size=&#8221;18px&#8221; button_text_color=&#8221;#FFFFFF&#8221; button_bg_color=&#8221;#8d1a28&#8243; button_border_width=&#8221;1px&#8221; button_border_color=&#8221;#8d1a28&#8243; button_border_radius=&#8221;5px&#8221; button_font=&#8221;Helvetica Neue Regular|500|||||||&#8221; button_icon=&#8221;&#x35;||divi||400&#8243; button_icon_color=&#8221;#d44d46&#8243; background_layout=&#8221;dark&#8221; custom_padding=&#8221;16px|32px|16px|32px|true|true&#8221; global_colors_info=&#8221;{}&#8221; button_text_color__hover_enabled=&#8221;on|hover&#8221; button_text_color__hover=&#8221;#8d1a28&#8243; button_bg_color__hover_enabled=&#8221;on|hover&#8221; button_bg_color__hover=&#8221;#FFFFFF&#8221; button_bg_enable_color__hover=&#8221;on&#8221;][\/et_pb_button][\/et_pb_column][\/et_pb_row][\/et_pb_section][et_pb_section fb_built=&#8221;1&#8243; specialty=&#8221;on&#8221; _builder_version=&#8221;4.27.4&#8243; _module_preset=&#8221;default&#8221; background_color=&#8221;#f6f6f6&#8243; min_height=&#8221;971.3px&#8221; custom_margin=&#8221;67px|||||&#8221; locked=&#8221;off&#8221; global_colors_info=&#8221;{}&#8221;][et_pb_column type=&#8221;1_4&#8243; _builder_version=&#8221;4.16&#8243; custom_padding=&#8221;|||&#8221; global_colors_info=&#8221;{}&#8221; custom_padding__hover=&#8221;|||&#8221;][et_pb_text _builder_version=&#8221;4.27.4&#8243; _module_preset=&#8221;default&#8221; text_text_color=&#8221;#f6f6f6&#8243; header_text_color=&#8221;#f6f6f6&#8243; background_color=&#8221;#f6f6f6&#8243; global_colors_info=&#8221;{}&#8221;]<\/p>\n<p><span style=\"color: #f6f6f6;\">Your content goes here. Edit or remove this text inline or in the module Content settings. You can also style every aspect of this content in the module Design settings and even apply custom CSS to this text in the module Advanced settings.<\/span><\/p>\n<p>[\/et_pb_text][et_pb_image src=&#8221;https:\/\/tonga-schools.eu\/wp-content\/uploads\/2025\/04\/Teacher.png&#8221; _builder_version=&#8221;4.27.4&#8243; _module_preset=&#8221;default&#8221; global_colors_info=&#8221;{}&#8221;][\/et_pb_image][\/et_pb_column][et_pb_column type=&#8221;1_2&#8243; specialty_columns=&#8221;2&#8243; _builder_version=&#8221;4.16&#8243; custom_padding=&#8221;|||&#8221; global_colors_info=&#8221;{}&#8221; custom_padding__hover=&#8221;|||&#8221;][et_pb_row_inner _builder_version=&#8221;4.27.4&#8243; _module_preset=&#8221;default&#8221; global_colors_info=&#8221;{}&#8221;][et_pb_column_inner saved_specialty_column_type=&#8221;1_2&#8243; _builder_version=&#8221;4.27.4&#8243; _module_preset=&#8221;default&#8221; global_colors_info=&#8221;{}&#8221;][et_pb_text _builder_version=&#8221;4.27.4&#8243; _module_preset=&#8221;default&#8221; header_2_text_color=&#8221;#285299&#8243; global_colors_info=&#8221;{}&#8221;]<\/p>\n<h2 style=\"text-align: center;\"><strong data-start=\"45\" data-end=\"85\">V\u00e5ra verktyg f\u00f6r skolor och familjer<\/strong><\/h2>\n<p style=\"text-align: center;\"><br data-start=\"85\" data-end=\"88\" \/><strong>Vi bygger broar mellan skolor och flerspr\u00e5kiga familjer.<\/strong><br data-start=\"144\" data-end=\"147\" \/><strong>V\u00e5ra verktyg skapar inkluderande utrymmen d\u00e4r varje spr\u00e5k har sin pl<\/strong><\/p>\n<p>[\/et_pb_text][\/et_pb_column_inner][\/et_pb_row_inner][et_pb_row_inner column_structure=&#8221;1_2,1_2&#8243; _builder_version=&#8221;4.27.4&#8243; _module_preset=&#8221;default&#8221; global_colors_info=&#8221;{}&#8221;][et_pb_column_inner type=&#8221;1_2&#8243; saved_specialty_column_type=&#8221;1_2&#8243; _builder_version=&#8221;4.27.4&#8243; _module_preset=&#8221;default&#8221; global_colors_info=&#8221;{}&#8221;][et_pb_text _builder_version=&#8221;4.27.4&#8243; _module_preset=&#8221;default&#8221; global_colors_info=&#8221;{}&#8221;]<\/p>\n<p><strong data-start=\"45\" data-end=\"60\">F\u00f6r skolor:<\/strong><br data-start=\"60\" data-end=\"63\" \/>Utforska v\u00e5r arbetsram, verktygsl\u00e5da och e-l\u00e4rande: v\u00e5ra resurser f\u00f6r att b\u00e4ttre f\u00f6rst\u00e5 informell flerspr\u00e5kig utbildning och kommunicera med flerspr\u00e5kiga migrantfamiljer.<br data-start=\"233\" data-end=\"236\" \/>Uppt\u00e4ck videor som presenterar konkreta goda exempel.<br data-start=\"289\" data-end=\"292\" \/>Utforska ocks\u00e5 v\u00e5ra resurser f\u00f6r att \u00f6ppna er skola f\u00f6r barnens modersm\u00e5l och fr\u00e4mja deras v\u00e4lbefinnande och framg\u00e5ng.<\/p>\n<p>[\/et_pb_text][\/et_pb_column_inner][et_pb_column_inner type=&#8221;1_2&#8243; saved_specialty_column_type=&#8221;1_2&#8243; _builder_version=&#8221;4.27.4&#8243; _module_preset=&#8221;default&#8221; global_colors_info=&#8221;{}&#8221;][et_pb_text _builder_version=&#8221;4.27.4&#8243; _module_preset=&#8221;default&#8221; global_colors_info=&#8221;{}&#8221;]<\/p>\n<p><strong data-start=\"45\" data-end=\"62\">F\u00f6r familjer:<\/strong><br data-start=\"62\" data-end=\"65\" \/>Utforska v\u00e5rt reflektionsh\u00e4fte, <em data-start=\"97\" data-end=\"119\">Portr\u00e4tt av familjer<\/em>, och <em data-start=\"125\" data-end=\"141\">F\u00f6r\u00e4ldracaf\u00e9et<\/em>: v\u00e5ra resurser f\u00f6r att hj\u00e4lpa er att kommunicera b\u00e4ttre med skolan.<br data-start=\"209\" data-end=\"212\" \/>Uppt\u00e4ck hur ni kan starta ett F\u00f6r\u00e4ldracaf\u00e9, en m\u00f6tesplats d\u00e4r ni kan st\u00e4lla alla era fr\u00e5gor.<br data-start=\"304\" data-end=\"307\" \/>Uppt\u00e4ck ocks\u00e5 de portr\u00e4tt vi delar med er.<br data-start=\"349\" data-end=\"352\" \/>Gl\u00f6m inte att titta p\u00e5 v\u00e5ra videor.<\/p>\n<p>[\/et_pb_text][\/et_pb_column_inner][\/et_pb_row_inner][et_pb_row_inner column_structure=&#8221;1_2,1_2&#8243; _builder_version=&#8221;4.27.4&#8243; _module_preset=&#8221;default&#8221; global_colors_info=&#8221;{}&#8221;][et_pb_column_inner type=&#8221;1_2&#8243; saved_specialty_column_type=&#8221;1_2&#8243; _builder_version=&#8221;4.27.4&#8243; _module_preset=&#8221;default&#8221; global_colors_info=&#8221;{}&#8221;][et_pb_button button_url=&#8221;https:\/\/tonga-schools.eu\/sv\/for-skolor\/&#8221; button_text=&#8221;verktyg f\u00f6r skolor&#8221; button_alignment=&#8221;center&#8221; _builder_version=&#8221;4.27.4&#8243; _module_preset=&#8221;default&#8221; custom_button=&#8221;on&#8221; button_text_size=&#8221;18px&#8221; button_text_color=&#8221;#FFFFFF&#8221; button_bg_color=&#8221;#285299&#8243; button_border_width=&#8221;1px&#8221; button_border_color=&#8221;#285299&#8243; button_border_radius=&#8221;5px&#8221; button_font=&#8221;Helvetica Neue Regular|500|||||||&#8221; button_icon=&#8221;&#x35;||divi||400&#8243; button_icon_color=&#8221;#4746d4&#8243; background_layout=&#8221;dark&#8221; custom_padding=&#8221;16px|32px|16px|32px|true|true&#8221; global_colors_info=&#8221;{}&#8221; button_text_color__hover_enabled=&#8221;on|hover&#8221; button_text_color__hover=&#8221;#285299&#8243; button_bg_color__hover_enabled=&#8221;on|hover&#8221; button_bg_color__hover=&#8221;#FFFFFF&#8221; button_bg_enable_color__hover=&#8221;on&#8221;][\/et_pb_button][\/et_pb_column_inner][et_pb_column_inner type=&#8221;1_2&#8243; saved_specialty_column_type=&#8221;1_2&#8243; _builder_version=&#8221;4.27.4&#8243; _module_preset=&#8221;default&#8221; global_colors_info=&#8221;{}&#8221;][et_pb_button button_url=&#8221;https:\/\/tonga-schools.eu\/sv\/for-familjer\/&#8221; button_text=&#8221;verktyg f\u00f6r familjer&#8221; button_alignment=&#8221;center&#8221; _builder_version=&#8221;4.27.4&#8243; _module_preset=&#8221;default&#8221; custom_button=&#8221;on&#8221; button_text_size=&#8221;18px&#8221; button_text_color=&#8221;#FFFFFF&#8221; button_bg_color=&#8221;#8d1a28&#8243; button_border_width=&#8221;1px&#8221; button_border_color=&#8221;#8d1a28&#8243; button_border_radius=&#8221;5px&#8221; button_font=&#8221;Helvetica Neue Regular|500|||||||&#8221; button_icon=&#8221;&#x35;||divi||400&#8243; button_icon_color=&#8221;#d44d46&#8243; background_layout=&#8221;dark&#8221; custom_padding=&#8221;16px|32px|16px|32px|true|true&#8221; global_colors_info=&#8221;{}&#8221; button_text_color__hover_enabled=&#8221;on|hover&#8221; button_text_color__hover=&#8221;#8d1a28&#8243; button_bg_color__hover_enabled=&#8221;on|hover&#8221; button_bg_color__hover=&#8221;#FFFFFF&#8221; button_bg_enable_color__hover=&#8221;on&#8221;][\/et_pb_button][\/et_pb_column_inner][\/et_pb_row_inner][et_pb_row_inner _builder_version=&#8221;4.27.4&#8243; _module_preset=&#8221;default&#8221; global_colors_info=&#8221;{}&#8221;][et_pb_column_inner saved_specialty_column_type=&#8221;1_2&#8243; _builder_version=&#8221;4.27.4&#8243; _module_preset=&#8221;default&#8221; global_colors_info=&#8221;{}&#8221;][et_pb_text _builder_version=&#8221;4.27.4&#8243; _module_preset=&#8221;default&#8221; header_4_text_color=&#8221;#285299&#8243; global_colors_info=&#8221;{}&#8221;]<\/p>\n<h4 data-start=\"45\" data-end=\"104\" style=\"text-align: center;\"><strong>Tillsammans skapar vi en skolsamfund d\u00e4r varje r\u00f6st r\u00e4knas.<\/strong><\/h4>\n<p>[\/et_pb_text][\/et_pb_column_inner][\/et_pb_row_inner][\/et_pb_column][et_pb_column type=&#8221;1_4&#8243; _builder_version=&#8221;4.16&#8243; custom_padding=&#8221;|||&#8221; global_colors_info=&#8221;{}&#8221; custom_padding__hover=&#8221;|||&#8221;][et_pb_text _builder_version=&#8221;4.27.4&#8243; _module_preset=&#8221;default&#8221; text_text_color=&#8221;#f6f6f6&#8243; global_colors_info=&#8221;{}&#8221;]<\/p>\n<p><span style=\"color: #f6f6f6;\">Your content goes here. Edit or remove this text inline or in the module Content settings. You can also style every aspect of this content in the module Design settings and even apply custom CSS to this text in the module Advanced settings.<\/span><\/p>\n<p>[\/et_pb_text][et_pb_image src=&#8221;https:\/\/tonga-schools.eu\/wp-content\/uploads\/2025\/04\/Tonga-1.png&#8221; _builder_version=&#8221;4.27.4&#8243; _module_preset=&#8221;default&#8221; global_colors_info=&#8221;{}&#8221;][\/et_pb_image][\/et_pb_column][\/et_pb_section][et_pb_section fb_built=&#8221;1&#8243; admin_label=&#8221;Partners&#8221; _builder_version=&#8221;4.27.4&#8243; _module_preset=&#8221;default&#8221; background_color=&#8221;#f6f6f6&#8243; width=&#8221;80%&#8221; module_alignment=&#8221;center&#8221; custom_margin=&#8221;90px||90px||true|false&#8221; custom_padding=&#8221;0px||0px||true|false&#8221; border_radii=&#8221;on|10px|10px|10px|10px&#8221; box_shadow_style=&#8221;preset1&#8243; box_shadow_color=&#8221;rgba(15,12,7,0.16)&#8221; locked=&#8221;off&#8221; global_colors_info=&#8221;{}&#8221;][et_pb_row use_custom_gutter=&#8221;on&#8221; gutter_width=&#8221;2&#8243; _builder_version=&#8221;4.23.1&#8243; _module_preset=&#8221;default&#8221; custom_padding=&#8221;||0px||false|false&#8221; global_colors_info=&#8221;{}&#8221;][et_pb_column type=&#8221;4_4&#8243; _builder_version=&#8221;4.23.1&#8243; _module_preset=&#8221;default&#8221; global_colors_info=&#8221;{}&#8221;][et_pb_text _builder_version=&#8221;4.27.4&#8243; _module_preset=&#8221;default&#8221; text_font=&#8221;Helvetica Neue Regular||||||||&#8221; text_text_color=&#8221;rgba(15,12,7,0.8)&#8221; header_2_font=&#8221;Helvetica Neue Regular|800|||||||&#8221; header_2_text_align=&#8221;center&#8221; header_2_text_color=&#8221;#285299&#8243; header_2_font_size=&#8221;46px&#8221; header_2_line_height=&#8221;1.1em&#8221; text_orientation=&#8221;center&#8221; custom_margin=&#8221;||30px||false|false&#8221; global_colors_info=&#8221;{}&#8221;]<\/p>\n<h2>V\u00e5ra partners<\/h2>\n<p>M\u00f6t v\u00e5ra partners som spelar en avg\u00f6rande roll i v\u00e5r resa mot ett mer inkluderande utbildningslandskap.<\/p>\n<p>[\/et_pb_text][\/et_pb_column][\/et_pb_row][et_pb_row _builder_version=&#8221;4.27.4&#8243; _module_preset=&#8221;default&#8221; global_colors_info=&#8221;{}&#8221;][et_pb_column type=&#8221;4_4&#8243; _builder_version=&#8221;4.27.4&#8243; _module_preset=&#8221;default&#8221; global_colors_info=&#8221;{}&#8221;][et_pb_image src=&#8221;https:\/\/tonga-schools.eu\/wp-content\/uploads\/2025\/04\/WhatsApp-Image-2025-04-11-at-12.33.02-e1744367712379.jpeg&#8221; title_text=&#8221;Tonga&#8221; _builder_version=&#8221;4.27.4&#8243; _module_preset=&#8221;default&#8221; global_colors_info=&#8221;{}&#8221;][\/et_pb_image][\/et_pb_column][\/et_pb_row][\/et_pb_section]<\/p>\n","protected":false},"excerpt":{"rendered":"<p>K\u00e4rnan i detta Erasmus+ projekt \u00e4r str\u00e4van att sammanf\u00f6ra flerspr\u00e5kiga familjer med skolor. V\u00e5rt m\u00e5l \u00e4r att utveckla resurser som kan f\u00f6rb\u00e4ttra denna kommunikation och skapa ett n\u00e4tverk av Tonga Skola.V\u00e5r 3-pelars filosofi:\u00d6ppna sig f\u00f6r spr\u00e5k Barnets v\u00e4lbefinnande i f\u00f6rsta hand V\u00e4lkomna varje spr\u00e5k, varje kultur, f\u00f6r en blomstrande utbildning.Ett flerspr\u00e5kigt samh\u00e4lle \u00d6ppna och inkluderande [&hellip;]<\/p>\n","protected":false},"author":2,"featured_media":0,"parent":0,"menu_order":0,"comment_status":"closed","ping_status":"closed","template":"","meta":{"_et_pb_use_builder":"on","_et_pb_old_content":"","_et_gb_content_width":"","footnotes":""},"class_list":["post-915","page","type-page","status-publish","hentry"],"_links":{"self":[{"href":"https:\/\/tonga-schools.eu\/sv\/wp-json\/wp\/v2\/pages\/915","targetHints":{"allow":["GET"]}}],"collection":[{"href":"https:\/\/tonga-schools.eu\/sv\/wp-json\/wp\/v2\/pages"}],"about":[{"href":"https:\/\/tonga-schools.eu\/sv\/wp-json\/wp\/v2\/types\/page"}],"author":[{"embeddable":true,"href":"https:\/\/tonga-schools.eu\/sv\/wp-json\/wp\/v2\/users\/2"}],"replies":[{"embeddable":true,"href":"https:\/\/tonga-schools.eu\/sv\/wp-json\/wp\/v2\/comments?post=915"}],"version-history":[{"count":29,"href":"https:\/\/tonga-schools.eu\/sv\/wp-json\/wp\/v2\/pages\/915\/revisions"}],"predecessor-version":[{"id":8266,"href":"https:\/\/tonga-schools.eu\/sv\/wp-json\/wp\/v2\/pages\/915\/revisions\/8266"}],"wp:attachment":[{"href":"https:\/\/tonga-schools.eu\/sv\/wp-json\/wp\/v2\/media?parent=915"}],"curies":[{"name":"wp","href":"https:\/\/api.w.org\/{rel}","templated":true}]}}