{"id":951,"date":"2023-11-23T08:35:44","date_gmt":"2023-11-23T07:35:44","guid":{"rendered":"https:\/\/tonga-schools.eu\/vart-projekt\/"},"modified":"2025-04-28T10:08:35","modified_gmt":"2025-04-28T08:08:35","slug":"vart-projekt","status":"publish","type":"page","link":"https:\/\/tonga-schools.eu\/sv\/vart-projekt\/","title":{"rendered":"Projekt"},"content":{"rendered":"<p>[et_pb_section fb_built=&#8221;1&#8243; fullwidth=&#8221;on&#8221; _builder_version=&#8221;4.23.1&#8243; _module_preset=&#8221;default&#8221; background_color=&#8221;#f6f2ed&#8221; locked=&#8221;off&#8221; global_colors_info=&#8221;{}&#8221;][et_pb_fullwidth_header title=&#8221;Tonga Schools Project&#8221; subhead=&#8221;\u00d6versikt \u00f6ver v\u00e5rt Erasmus+ initiativ&#8221; header_image_url=&#8221;https:\/\/tonga-schools.eu\/wp-content\/uploads\/2025\/03\/5-2-e1743184958445.png&#8221; module_id=&#8221;header-text&#8221; _builder_version=&#8221;4.27.4&#8243; _module_preset=&#8221;default&#8221; title_font=&#8221;Helvetica Neue Regular|700||on|||||&#8221; title_text_align=&#8221;left&#8221; title_font_size=&#8221;16px&#8221; content_font=&#8221;Helvetica Neue Regular||||||||&#8221; content_text_align=&#8221;left&#8221; content_text_color=&#8221;rgba(15,12,7,0.8)&#8221; subhead_font=&#8221;Helvetica Neue Regular|900|||||||&#8221; subhead_text_align=&#8221;left&#8221; subhead_text_color=&#8221;#0f0c07&#8243; subhead_font_size=&#8221;40px&#8221; subhead_line_height=&#8221;1.1em&#8221; background_color=&#8221;#f6f2ed&#8221; custom_button_one=&#8221;on&#8221; button_one_text_size=&#8221;18px&#8221; button_one_text_color=&#8221;#FFFFFF&#8221; button_one_bg_color=&#8221;#d44d46&#8243; button_one_border_width=&#8221;1px&#8221; button_one_border_color=&#8221;#d44d46&#8243; button_one_border_radius=&#8221;5px&#8221; button_one_font=&#8221;Helvetica Neue Regular|500|||||||&#8221; button_one_icon=&#8221;&#x35;||divi||400&#8243; button_one_icon_color=&#8221;#d44d46&#8243; button_one_custom_margin=&#8221;30px||||false|false&#8221; button_one_custom_padding=&#8221;16px|32px|16px|32px|true|true&#8221; custom_button_two=&#8221;on&#8221; button_two_text_size=&#8221;18px&#8221; button_two_text_color=&#8221;#FFFFFF&#8221; button_two_bg_color=&#8221;#4746d4&#8243; button_two_border_width=&#8221;1px&#8221; button_two_border_color=&#8221;#4746d4&#8243; button_two_border_radius=&#8221;5px&#8221; button_two_font=&#8221;Helvetica Neue Regular|500|||||||&#8221; button_two_icon=&#8221;&#x35;||divi||400&#8243; button_two_icon_color=&#8221;#4746d4&#8243; button_two_custom_padding=&#8221;16px|32px|16px|32px|true|true&#8221; custom_css_title=&#8221;padding-bottom: 20px;&#8221; custom_css_subtitle=&#8221;padding-bottom: 30px;&#8221; border_radii_image=&#8221;on|5px|5px|5px|5px&#8221; global_colors_info=&#8221;{}&#8221; button_one_text_color__hover_enabled=&#8221;on|hover&#8221; button_one_text_color__hover=&#8221;#d44d46&#8243; button_one_bg_color__hover_enabled=&#8221;on|hover&#8221; button_one_bg_color__hover=&#8221;#FFFFFF&#8221; button_one_bg_enable_color__hover=&#8221;on&#8221; button_two_text_color__hover_enabled=&#8221;on|hover&#8221; button_two_text_color__hover=&#8221;#4746d4&#8243; button_two_bg_color__hover_enabled=&#8221;on|hover&#8221; button_two_bg_color__hover=&#8221;#FFFFFF&#8221; button_two_bg_enable_color__hover=&#8221;on&#8221;]<\/p>\n<p>Dyk ner i hj\u00e4rtat av v\u00e5rt Erasmus+-projekt vars huvudsyfte \u00e4r att f\u00f6rb\u00e4ttra kommunikationen mellan familjer med flera f\u00f6r\u00e4ldrar och skolor f\u00f6r att fr\u00e4mja barnens v\u00e4lbefinnande och framg\u00e5ng.<\/p>\n<p>[\/et_pb_fullwidth_header][\/et_pb_section][et_pb_section fb_built=&#8221;1&#8243; admin_label=&#8221;Why&#8221; _builder_version=&#8221;4.23.1&#8243; _module_preset=&#8221;default&#8221; background_color=&#8221;#fefefe&#8221; custom_css_main_element=&#8221;padding-top: 0px!important;||padding-bottom: 90px!important;&#8221; locked=&#8221;off&#8221; global_colors_info=&#8221;{}&#8221;][et_pb_row column_structure=&#8221;1_2,1_2&#8243; _builder_version=&#8221;4.27.4&#8243; _module_preset=&#8221;default&#8221; global_colors_info=&#8221;{}&#8221;][et_pb_column type=&#8221;1_2&#8243; _builder_version=&#8221;4.23.1&#8243; _module_preset=&#8221;default&#8221; global_colors_info=&#8221;{}&#8221;][et_pb_text _builder_version=&#8221;4.23.1&#8243; _module_preset=&#8221;default&#8221; text_font=&#8221;Helvetica Neue Regular||||||||&#8221; text_text_color=&#8221;rgba(15,12,7,0.8)&#8221; header_2_font=&#8221;Helvetica Neue Regular|800|||||||&#8221; header_2_text_align=&#8221;left&#8221; header_2_text_color=&#8221;#0f0c07&#8243; header_2_font_size=&#8221;46px&#8221; header_2_line_height=&#8221;1.1em&#8221; global_colors_info=&#8221;{}&#8221;]<\/p>\n<h2><span style=\"color: #285299;\">Varf\u00f6r ett Tonga Skola n\u00e4tverk?<\/span><\/h2>\n<p>[\/et_pb_text][et_pb_text _builder_version=&#8221;4.27.4&#8243; _module_preset=&#8221;default&#8221; global_colors_info=&#8221;{}&#8221;]<\/p>\n<h3><img loading=\"lazy\" decoding=\"async\" src=\"https:\/\/tonga-schools.eu\/wp-content\/uploads\/2025\/03\/wheel-green-292x300.png\" width=\"31\" height=\"32\" alt=\"\" class=\"wp-image-5430 alignnone size-medium\" \/> <span style=\"color: #bebe5e;\"><strong>M\u00e5l<\/strong><\/span><\/h3>\n<p>Att utveckla harmoniska relationer mellan skolor och flerspr\u00e5kiga familjer ligger i grunden av en framg\u00e5ngsrik utbildning f\u00f6r barn som v\u00e4xer upp med flera spr\u00e5k. Vi str\u00e4var efter att f\u00e5 skolor att vara medvetna om de m\u00e5ngfacetterade aspekterna av flerspr\u00e5kighet och att acceptera barnen som helheter. Vi har ocks\u00e5 som m\u00e5l att ge familjerna de r\u00e4tta verktygen f\u00f6r att kunna kommunicera med den lokala formella skolan, s\u00e5 att barnen inte l\u00e4ngre beh\u00f6ver vara &#8221;\u00f6vers\u00e4ttande akt\u00f6rer&#8221; mellan skolan och deras f\u00f6r\u00e4ldrar.<\/p>\n<p>[\/et_pb_text][et_pb_text _builder_version=&#8221;4.27.4&#8243; _module_preset=&#8221;default&#8221; header_3_text_color=&#8221;#8d1a28&#8243; global_colors_info=&#8221;{}&#8221;]<\/p>\n<h3><img loading=\"lazy\" decoding=\"async\" src=\"https:\/\/tonga-schools.eu\/wp-content\/uploads\/2025\/03\/wheel-red-300x300.png\" width=\"31\" height=\"31\" alt=\"\" class=\"wp-image-5418 alignnone size-medium\" srcset=\"https:\/\/tonga-schools.eu\/wp-content\/uploads\/2025\/03\/wheel-red-300x300.png 300w, https:\/\/tonga-schools.eu\/wp-content\/uploads\/2025\/03\/wheel-red-150x150.png 150w, https:\/\/tonga-schools.eu\/wp-content\/uploads\/2025\/03\/wheel-red-400x418.png 400w, https:\/\/tonga-schools.eu\/wp-content\/uploads\/2025\/03\/wheel-red-24x24.png 24w, https:\/\/tonga-schools.eu\/wp-content\/uploads\/2025\/03\/wheel-red-36x36.png 36w, https:\/\/tonga-schools.eu\/wp-content\/uploads\/2025\/03\/wheel-red-48x48.png 48w, https:\/\/tonga-schools.eu\/wp-content\/uploads\/2025\/03\/wheel-red.png 416w\" sizes=\"(max-width: 31px) 100vw, 31px\" \/> <strong>Genomf\u00f6rande<\/strong><\/h3>\n<p>Vi ska skapa en ram med verktyg f\u00f6r skolpersonal s\u00e5 att de f\u00e5r de r\u00e4tta verktygen att kommunicera med flerspr\u00e5kiga familjer. Denna ram kommer att kompletteras med en serie moduler f\u00f6r att l\u00e4ra sig mer om familjespr\u00e5kplanering och p\u00e5verkan av attityder gentemot spr\u00e5k. En annan aktivitet kommer att vara utvecklingen av en broschyr f\u00f6r de flerspr\u00e5kiga familjerna. Allt detta kommer att finnas p\u00e5 en plattform. Vi kommer ocks\u00e5 att starta ett n\u00e4tverk av Tonga skola och F\u00f6r\u00e4ldrakaf\u00e9er i skolor.<\/p>\n<p>[\/et_pb_text][et_pb_text _builder_version=&#8221;4.27.4&#8243; _module_preset=&#8221;default&#8221; global_colors_info=&#8221;{}&#8221;]<\/p>\n<h3><img loading=\"lazy\" decoding=\"async\" src=\"https:\/\/tonga-schools.eu\/wp-content\/uploads\/2025\/03\/wheel-black-300x300.png\" width=\"31\" height=\"31\" alt=\"\" class=\"wp-image-5424 alignnone size-medium\" \/> <strong>Resultat<\/strong><\/h3>\n<p>F\u00f6r att \u00f6ka medvetenheten om utvecklingen av familjers flerspr\u00e5kighet och f\u00f6r att \u00e4ndra skolpersonalens attityd gentemot hemmaspr\u00e5ken, vill vi f\u00f6rb\u00e4ttra kommunikation mellan flerspr\u00e5kiga familjer och skolor, f\u00f6r att fr\u00e4mja en b\u00e4ttre interaktion mellan flerspr\u00e5kiga familjer och skolor. Vi hoppas p\u00e5 att skapa ett n\u00e4tverk av skolor som anv\u00e4nder ramverket, d\u00e4r de kan ha en person i skolan som \u00e4r dedikerad att arbeta specifikt med att bygga broar till familjerna.<\/p>\n<p>[\/et_pb_text][\/et_pb_column][et_pb_column type=&#8221;1_2&#8243; _builder_version=&#8221;4.27.4&#8243; _module_preset=&#8221;default&#8221; global_colors_info=&#8221;{}&#8221;][et_pb_image src=&#8221;https:\/\/tonga-schools.eu\/wp-content\/uploads\/2025\/04\/Logo-all-languages-1.png&#8221; alt=&#8221;Tonga Schools Connecting Plurilingual Families&#8221; title_text=&#8221;Tonga&#8221; show_bottom_space=&#8221;off&#8221; _builder_version=&#8221;4.27.4&#8243; _module_preset=&#8221;default&#8221; background_color=&#8221;#FFFFFF&#8221; custom_margin=&#8221;30px||||false|false&#8221; custom_margin_tablet=&#8221;0px||||false|false&#8221; custom_margin_phone=&#8221;0px||||false|false&#8221; custom_margin_last_edited=&#8221;on|desktop&#8221; custom_padding=&#8221;30px||30px||true|false&#8221; custom_padding_tablet=&#8221;0px||0px||true|false&#8221; custom_padding_phone=&#8221;0px||0px||true|false&#8221; custom_padding_last_edited=&#8221;on|desktop&#8221; hover_enabled=&#8221;0&#8243; custom_css_main_element=&#8221;border-radius: 10px;&#8221; border_radii=&#8221;on|10px|10px|10px|10px&#8221; global_colors_info=&#8221;{}&#8221; sticky_enabled=&#8221;0&#8243;][\/et_pb_image][\/et_pb_column][\/et_pb_row][\/et_pb_section][et_pb_section fb_built=&#8221;1&#8243; admin_label=&#8221;Objectives&#8221; _builder_version=&#8221;4.23.1&#8243; _module_preset=&#8221;default&#8221; background_color=&#8221;#ffffff&#8221; min_height=&#8221;767.6px&#8221; locked=&#8221;off&#8221; global_colors_info=&#8221;{}&#8221;][et_pb_row column_structure=&#8221;1_2,1_2&#8243; _builder_version=&#8221;4.27.4&#8243; _module_preset=&#8221;default&#8221; global_colors_info=&#8221;{}&#8221;][et_pb_column type=&#8221;1_2&#8243; _builder_version=&#8221;4.27.4&#8243; _module_preset=&#8221;default&#8221; custom_padding=&#8221;10px|10px|10px|10px|false|false&#8221; border_width_all=&#8221;5px&#8221; border_color_all=&#8221;#bebe5e&#8221; border_style_all=&#8221;dashed&#8221; global_colors_info=&#8221;{}&#8221;][et_pb_text _builder_version=&#8221;4.27.4&#8243; _module_preset=&#8221;default&#8221; header_2_text_color=&#8221;#285299&#8243; header_4_text_color=&#8221;#285299&#8243; global_colors_info=&#8221;{}&#8221;]<\/p>\n<h4><strong>Projektm\u00e5l <\/strong><\/h4>\n<p>[\/et_pb_text][et_pb_text _builder_version=&#8221;4.27.4&#8243; _module_preset=&#8221;default&#8221; global_colors_info=&#8221;{}&#8221;]<\/p>\n<p>V\u00e5rt projekt \u00e4r att \u00f6verbrygga kommunikationsklyftan mellan flerspr\u00e5kiga familjer och skolor, f\u00f6r att s\u00e4kerst\u00e4lla att kommunikationsbarri\u00e4rerna tas bort och f\u00f6rst\u00e5elsen blomstrar. V\u00e5ra prim\u00e4ra m\u00e5l inkluderar att f\u00f6rb\u00e4ttra kulturell integration, st\u00f6dja utbildningsengagemang och fr\u00e4mja enhet mellan olika samh\u00e4llen.<\/p>\n<p>[\/et_pb_text][\/et_pb_column][et_pb_column type=&#8221;1_2&#8243; _builder_version=&#8221;4.27.4&#8243; _module_preset=&#8221;default&#8221; global_colors_info=&#8221;{}&#8221;][et_pb_image src=&#8221;https:\/\/tonga-schools.eu\/wp-content\/uploads\/2025\/03\/3-4.png&#8221; alt=&#8221;multinlingual-illustration&#8221; title_text=&#8221;3&#8243; _builder_version=&#8221;4.27.4&#8243; _module_preset=&#8221;default&#8221; global_colors_info=&#8221;{}&#8221;][\/et_pb_image][\/et_pb_column][\/et_pb_row][et_pb_row column_structure=&#8221;1_2,1_2&#8243; _builder_version=&#8221;4.27.4&#8243; _module_preset=&#8221;default&#8221; global_colors_info=&#8221;{}&#8221;][et_pb_column type=&#8221;1_2&#8243; _builder_version=&#8221;4.27.4&#8243; _module_preset=&#8221;default&#8221; global_colors_info=&#8221;{}&#8221;][et_pb_image src=&#8221;https:\/\/tonga-schools.eu\/wp-content\/uploads\/2025\/03\/2-3.png&#8221; title_text=&#8221;2&#8243; _builder_version=&#8221;4.27.4&#8243; _module_preset=&#8221;default&#8221; global_colors_info=&#8221;{}&#8221;][\/et_pb_image][\/et_pb_column][et_pb_column type=&#8221;1_2&#8243; _builder_version=&#8221;4.27.4&#8243; _module_preset=&#8221;default&#8221; custom_padding=&#8221;10px|10px|10px|10px|false|false&#8221; border_width_all=&#8221;5px&#8221; border_color_all=&#8221;#bebe5e&#8221; border_style_all=&#8221;dashed&#8221; global_colors_info=&#8221;{}&#8221;][et_pb_text _builder_version=&#8221;4.27.4&#8243; _module_preset=&#8221;default&#8221; header_4_text_color=&#8221;#285299&#8243; global_colors_info=&#8221;{}&#8221;]<\/p>\n<h4><strong>Omfattning och r\u00e4ckvidd<\/strong><\/h4>\n<p>[\/et_pb_text][et_pb_text _builder_version=&#8221;4.27.4&#8243; _module_preset=&#8221;default&#8221; global_colors_info=&#8221;{}&#8221;]<\/p>\n<p>V\u00e5rt Erasmus+-initiativ ut\u00f6kar sitt inflytande \u00f6ver gr\u00e4nserna och p\u00e5verkar inte bara lokala samh\u00e4llen utan n\u00e5r ut till internationella partners som delar v\u00e5r vision. Genom v\u00e5ra gemensamma anstr\u00e4ngningar str\u00e4var vi efter att skapa en ringeffekt av positiv f\u00f6r\u00e4ndring som \u00f6verskrider geografiska gr\u00e4nser.<\/p>\n<p>[\/et_pb_text][\/et_pb_column][\/et_pb_row][\/et_pb_section][et_pb_section fb_built=&#8221;1&#8243; _builder_version=&#8221;4.27.4&#8243; _module_preset=&#8221;default&#8221; background_color=&#8221;#fafafa&#8221; global_colors_info=&#8221;{}&#8221;][et_pb_row _builder_version=&#8221;4.27.4&#8243; _module_preset=&#8221;default&#8221; global_colors_info=&#8221;{}&#8221;][et_pb_column type=&#8221;4_4&#8243; _builder_version=&#8221;4.27.4&#8243; _module_preset=&#8221;default&#8221; global_colors_info=&#8221;{}&#8221;][et_pb_text _builder_version=&#8221;4.27.4&#8243; _module_preset=&#8221;default&#8221; header_2_text_color=&#8221;#285299&#8243; locked=&#8221;off&#8221; global_colors_info=&#8221;{}&#8221;]<\/p>\n<h2 style=\"text-align: center;\"><strong>Projektets tidtabell<\/strong><\/h2>\n<p>&nbsp;<\/p>\n<p>&nbsp;<\/p>\n<p>[\/et_pb_text][et_pb_text _builder_version=&#8221;4.27.4&#8243; _module_preset=&#8221;default&#8221; global_colors_info=&#8221;{}&#8221;]<\/p>\n<h5><strong>Uppt\u00e4ck v\u00e5r projektkalender &#8211; klicka till h\u00f6ger f\u00f6r att ta reda p\u00e5 mer<\/strong><\/h5>\n<p>&nbsp;<\/p>\n<p>[\/et_pb_text][et_pb_code _builder_version=&#8221;4.27.4&#8243; _module_preset=&#8221;default&#8221; global_colors_info=&#8221;{}&#8221;]<\/p>\n<div style=\"position: relative; width: 100%; height: 0; padding-top: 56.2500%;<!-- [et_pb_line_break_holder] --> padding-bottom: 0; box-shadow: 0 2px 8px 0 rgba(63,69,81,0.16); margin-top: 1.6em; margin-bottom: 0.9em; overflow: hidden;<!-- [et_pb_line_break_holder] --> border-radius: 8px; will-change: transform;&#8221;><!-- [et_pb_line_break_holder] -->  <iframe loading=\"lazy\" style=\"position: absolute; width: 100%; height: 100%; top: 0; left: 0; border: none; padding: 0;margin: 0;\"<!-- [et_pb_line_break_holder] -->    src=&#8221;https:\/\/www.canva.com\/design\/DAGjNueTams\/LioKVNunybEihwE2zJdtBg\/view?embed&#8221; allowfullscreen=&#8221;allowfullscreen&#8221; allow=&#8221;fullscreen&#8221;><!-- [et_pb_line_break_holder] -->  <\/iframe><!-- [et_pb_line_break_holder] --><\/div>\n<p><!-- [et_pb_line_break_holder] --><a href=\"https:\/\/www.canva.com\/design\/DAGjNueTams\/LioKVNunybEihwE2zJdtBg\/view?utm_content=DAGjNueTams&#038;utm_campaign=designshare&#038;utm_medium=embeds&#038;utm_source=link\" target=\"_blank\" rel=\"noopener\">[\/et_pb_code][\/et_pb_column][\/et_pb_row][\/et_pb_section]<\/p>\n","protected":false},"excerpt":{"rendered":"<p>Dyk ner i hj\u00e4rtat av v\u00e5rt Erasmus+-projekt vars huvudsyfte \u00e4r att f\u00f6rb\u00e4ttra kommunikationen mellan familjer med flera f\u00f6r\u00e4ldrar och skolor f\u00f6r att fr\u00e4mja barnens v\u00e4lbefinnande och framg\u00e5ng.Varf\u00f6r ett Tonga Skola n\u00e4tverk? M\u00e5l Att utveckla harmoniska relationer mellan skolor och flerspr\u00e5kiga familjer ligger i grunden av en framg\u00e5ngsrik utbildning f\u00f6r barn som v\u00e4xer upp med flera [&hellip;]<\/p>\n","protected":false},"author":2,"featured_media":0,"parent":0,"menu_order":2,"comment_status":"closed","ping_status":"closed","template":"","meta":{"_et_pb_use_builder":"on","_et_pb_old_content":"","_et_gb_content_width":"","footnotes":""},"class_list":["post-951","page","type-page","status-publish","hentry"],"_links":{"self":[{"href":"https:\/\/tonga-schools.eu\/sv\/wp-json\/wp\/v2\/pages\/951","targetHints":{"allow":["GET"]}}],"collection":[{"href":"https:\/\/tonga-schools.eu\/sv\/wp-json\/wp\/v2\/pages"}],"about":[{"href":"https:\/\/tonga-schools.eu\/sv\/wp-json\/wp\/v2\/types\/page"}],"author":[{"embeddable":true,"href":"https:\/\/tonga-schools.eu\/sv\/wp-json\/wp\/v2\/users\/2"}],"replies":[{"embeddable":true,"href":"https:\/\/tonga-schools.eu\/sv\/wp-json\/wp\/v2\/comments?post=951"}],"version-history":[{"count":12,"href":"https:\/\/tonga-schools.eu\/sv\/wp-json\/wp\/v2\/pages\/951\/revisions"}],"predecessor-version":[{"id":7903,"href":"https:\/\/tonga-schools.eu\/sv\/wp-json\/wp\/v2\/pages\/951\/revisions\/7903"}],"wp:attachment":[{"href":"https:\/\/tonga-schools.eu\/sv\/wp-json\/wp\/v2\/media?parent=951"}],"curies":[{"name":"wp","href":"https:\/\/api.w.org\/{rel}","templated":true}]}}