{"id":967,"date":"2023-11-23T09:52:12","date_gmt":"2023-11-23T08:52:12","guid":{"rendered":"https:\/\/tonga-schools.eu\/for-skolor\/"},"modified":"2025-04-12T08:28:08","modified_gmt":"2025-04-12T08:28:08","slug":"for-skolor","status":"publish","type":"page","link":"https:\/\/tonga-schools.eu\/sv\/for-skolor\/","title":{"rendered":"F\u00f6r skolor"},"content":{"rendered":"<p>[et_pb_section fb_built=&#8221;1&#8243; fullwidth=&#8221;on&#8221; _builder_version=&#8221;4.23.1&#8243; _module_preset=&#8221;default&#8221; background_color=&#8221;#f6f2ed&#8221; global_colors_info=&#8221;{}&#8221;][et_pb_fullwidth_header title=&#8221;Tonga Schools verktyg&#8221; subhead=&#8221;Utforska v\u00e5ra skolverktyg f\u00f6r b\u00e4ttre kommunikation och inkludering&#8221; header_image_url=&#8221;https:\/\/tonga-schools.eu\/wp-content\/uploads\/2023\/11\/tonga-schools-network.webp&#8221; module_id=&#8221;header-text&#8221; _builder_version=&#8221;4.27.4&#8243; _module_preset=&#8221;default&#8221; title_font=&#8221;Helvetica Neue Regular|700||on|||||&#8221; title_text_align=&#8221;left&#8221; title_font_size=&#8221;16px&#8221; content_font=&#8221;Helvetica Neue Regular||||||||&#8221; content_text_align=&#8221;left&#8221; content_text_color=&#8221;rgba(15,12,7,0.8)&#8221; subhead_font=&#8221;Helvetica Neue Regular|900|||||||&#8221; subhead_text_align=&#8221;left&#8221; subhead_text_color=&#8221;#0f0c07&#8243; subhead_font_size=&#8221;40px&#8221; subhead_line_height=&#8221;1.1em&#8221; background_color=&#8221;#f6f2ed&#8221; custom_button_one=&#8221;on&#8221; button_one_text_size=&#8221;18px&#8221; button_one_text_color=&#8221;#FFFFFF&#8221; button_one_bg_color=&#8221;#d44d46&#8243; button_one_border_width=&#8221;1px&#8221; button_one_border_color=&#8221;#d44d46&#8243; button_one_border_radius=&#8221;5px&#8221; button_one_font=&#8221;Helvetica Neue Regular|500|||||||&#8221; button_one_icon=&#8221;&#x35;||divi||400&#8243; button_one_icon_color=&#8221;#d44d46&#8243; button_one_custom_margin=&#8221;30px||||false|false&#8221; button_one_custom_padding=&#8221;16px|32px|16px|32px|true|true&#8221; custom_button_two=&#8221;on&#8221; button_two_text_size=&#8221;18px&#8221; button_two_text_color=&#8221;#FFFFFF&#8221; button_two_bg_color=&#8221;#4746d4&#8243; button_two_border_width=&#8221;1px&#8221; button_two_border_color=&#8221;#4746d4&#8243; button_two_border_radius=&#8221;5px&#8221; button_two_font=&#8221;Helvetica Neue Regular|500|||||||&#8221; button_two_icon=&#8221;&#x35;||divi||400&#8243; button_two_icon_color=&#8221;#4746d4&#8243; button_two_custom_padding=&#8221;16px|32px|16px|32px|true|true&#8221; custom_css_title=&#8221;padding-bottom: 20px;&#8221; custom_css_subtitle=&#8221;padding-bottom: 30px;&#8221; global_colors_info=&#8221;{}&#8221; button_one_text_color__hover_enabled=&#8221;on|hover&#8221; button_one_text_color__hover=&#8221;#d44d46&#8243; button_one_bg_color__hover_enabled=&#8221;on|hover&#8221; button_one_bg_color__hover=&#8221;#FFFFFF&#8221; button_one_bg_enable_color__hover=&#8221;on&#8221; button_two_text_color__hover_enabled=&#8221;on|hover&#8221; button_two_text_color__hover=&#8221;#4746d4&#8243; button_two_bg_color__hover_enabled=&#8221;on|hover&#8221; button_two_bg_color__hover=&#8221;#FFFFFF&#8221; button_two_bg_enable_color__hover=&#8221;on&#8221;]<\/p>\n<p>Dessa noggrant utformade verktyg ger skolor m\u00f6jlighet att effektivt f\u00e5 kontakt med familjer och fr\u00e4mjar en inkluderande och st\u00f6djande pedagogisk gemenskap.<\/p>\n<p>[\/et_pb_fullwidth_header][\/et_pb_section][et_pb_section fb_built=&#8221;1&#8243; specialty=&#8221;on&#8221; _builder_version=&#8221;4.27.4&#8243; _module_preset=&#8221;default&#8221; locked=&#8221;off&#8221; global_colors_info=&#8221;{}&#8221;][et_pb_column type=&#8221;1_2&#8243; _builder_version=&#8221;4.16&#8243; custom_padding=&#8221;|||&#8221; global_colors_info=&#8221;{}&#8221; custom_padding__hover=&#8221;|||&#8221;][et_pb_image src=&#8221;https:\/\/tonga-schools.eu\/wp-content\/uploads\/2025\/03\/Gray-and-Black-Modern-Handphone-Mockup-Instagram-Story-3.png&#8221; title_text=&#8221;Gray and Black Modern Handphone Mockup Instagram Story (3)&#8221; _builder_version=&#8221;4.27.4&#8243; _module_preset=&#8221;default&#8221; global_colors_info=&#8221;{}&#8221;][\/et_pb_image][\/et_pb_column][et_pb_column type=&#8221;1_2&#8243; specialty_columns=&#8221;2&#8243; _builder_version=&#8221;4.16&#8243; custom_padding=&#8221;|||&#8221; global_colors_info=&#8221;{}&#8221; custom_padding__hover=&#8221;|||&#8221;][et_pb_row_inner _builder_version=&#8221;4.27.4&#8243; _module_preset=&#8221;default&#8221; global_colors_info=&#8221;{}&#8221;][et_pb_column_inner saved_specialty_column_type=&#8221;1_2&#8243; _builder_version=&#8221;4.27.4&#8243; _module_preset=&#8221;default&#8221; global_colors_info=&#8221;{}&#8221;][et_pb_text _builder_version=&#8221;4.27.4&#8243; _module_preset=&#8221;default&#8221; header_2_text_color=&#8221;#285299&#8243; global_colors_info=&#8221;{}&#8221;]<\/p>\n<h2><strong>Ramverk<\/strong><\/h2>\n<p>[\/et_pb_text][et_pb_text _builder_version=&#8221;4.27.4&#8243; _module_preset=&#8221;default&#8221; text_font=&#8221;Helvetica Neue Regular||||||||&#8221; text_text_color=&#8221;rgba(15,12,7,0.8)&#8221; header_2_font=&#8221;Helvetica Neue Regular|800|||||||&#8221; header_2_text_align=&#8221;left&#8221; header_2_text_color=&#8221;#0f0c07&#8243; header_2_font_size=&#8221;46px&#8221; header_2_line_height=&#8221;1.1em&#8221; custom_margin=&#8221;||30px||false|false&#8221; global_colors_info=&#8221;{}&#8221;]<\/p>\n<p>Uppt\u00e4ck v\u00e5r nya ram och verktygssats, utformad f\u00f6r att effektivisera kommunikation och samarbete inom skolor och \u00f6ka ditt deltagande i Tonga Schools Network.<\/p>\n<p>[\/et_pb_text][et_pb_button button_url=&#8221;https:\/\/tonga-schools.eu\/sv\/cadre-de-travail\/&#8221; button_text=&#8221;Uppt\u00e4ck det&#8221; _builder_version=&#8221;4.27.4&#8243; _module_preset=&#8221;default&#8221; custom_button=&#8221;on&#8221; button_text_color=&#8221;#FFFFFF&#8221; button_bg_color=&#8221;#8d1a28&#8243; button_border_color=&#8221;#8d1a28&#8243; button_icon=&#8221;&#x35;||divi||400&#8243; button_icon_color=&#8221;#FFFFFF&#8221; custom_padding=&#8221;16px|32px|16px|32px|false|false&#8221; global_colors_info=&#8221;{}&#8221;][\/et_pb_button][\/et_pb_column_inner][\/et_pb_row_inner][\/et_pb_column][\/et_pb_section][et_pb_section fb_built=&#8221;1&#8243; admin_label=&#8221;Boite a outils&#8221; module_id=&#8221;boite-a-outils&#8221; _builder_version=&#8221;4.27.4&#8243; _module_preset=&#8221;default&#8221; background_color=&#8221;#f4f4f4&#8243; custom_padding=&#8221;60px||90px||false|false&#8221; locked=&#8221;off&#8221; global_colors_info=&#8221;{}&#8221;][et_pb_row column_structure=&#8221;1_3,2_3&#8243; _builder_version=&#8221;4.27.0&#8243; _module_preset=&#8221;default&#8221; min_height=&#8221;604.7px&#8221; global_colors_info=&#8221;{}&#8221;][et_pb_column type=&#8221;1_3&#8243; _builder_version=&#8221;4.27.0&#8243; _module_preset=&#8221;default&#8221; global_colors_info=&#8221;{}&#8221;][et_pb_image src=&#8221;https:\/\/tonga-schools.eu\/wp-content\/uploads\/2024\/12\/TOOLKIT-Presentation.webp&#8221; alt=&#8221;TOOLKIT- Presentation&#8221; title_text=&#8221;TOOLKIT- Presentation&#8221; show_bottom_space=&#8221;off&#8221; _builder_version=&#8221;4.27.4&#8243; _module_preset=&#8221;default&#8221; background_enable_color=&#8221;off&#8221; custom_margin_tablet=&#8221;0px||||false|false&#8221; custom_margin_phone=&#8221;0px||||false|false&#8221; custom_margin_last_edited=&#8221;off|desktop&#8221; custom_padding_tablet=&#8221;0px||0px||true|false&#8221; custom_padding_phone=&#8221;0px||0px||true|false&#8221; custom_padding_last_edited=&#8221;off|desktop&#8221; hover_enabled=&#8221;0&#8243; custom_css_main_element=&#8221;border-radius: 10px;&#8221; border_radii=&#8221;on|10px|10px|10px|10px&#8221; box_shadow_style=&#8221;preset2&#8243; box_shadow_color=&#8221;rgba(0,0,0,0.17)&#8221; global_colors_info=&#8221;{}&#8221; sticky_enabled=&#8221;0&#8243;][\/et_pb_image][\/et_pb_column][et_pb_column type=&#8221;2_3&#8243; _builder_version=&#8221;4.27.0&#8243; _module_preset=&#8221;default&#8221; custom_padding=&#8221;30px||||false|false&#8221; custom_padding_tablet=&#8221;0px||||false|false&#8221; custom_padding_phone=&#8221;0px||||false|false&#8221; custom_padding_last_edited=&#8221;on|desktop&#8221; global_colors_info=&#8221;{}&#8221;][et_pb_text _builder_version=&#8221;4.27.4&#8243; _module_preset=&#8221;default&#8221; text_font=&#8221;Helvetica Neue Regular||||||||&#8221; text_text_color=&#8221;rgba(15,12,7,0.8)&#8221; header_2_font=&#8221;Helvetica Neue Regular|800|||||||&#8221; header_2_text_align=&#8221;left&#8221; header_2_text_color=&#8221;#285299&#8243; header_2_font_size=&#8221;46px&#8221; header_2_line_height=&#8221;1.1em&#8221; global_colors_info=&#8221;{}&#8221;]<\/p>\n<h2><strong>V\u00e5r verktygssats<\/strong><\/h2>\n<p>Denna ram och verktygssats syftar till att ge dig praktiska id\u00e9er och r\u00e5d f\u00f6r att f\u00f6rb\u00e4ttra f\u00f6rh\u00e5llandena du har med f\u00f6r\u00e4ldrar till flerspr\u00e5kiga barn med migrationsbakgrund. \u00c4ven om mycket redan st\u00e5r till ditt f\u00f6rfogande, tycker vi att det \u00e4r viktigt att kunna hitta allt p\u00e5 ett st\u00e4lle och ha f\u00e4rdiga former och information som hj\u00e4lper dig i ditt dagliga arbete.<\/p>\n<p>Tonga School Network har utvecklats f\u00f6r att hj\u00e4lpa var och en av oss, ge st\u00f6d till varandra och f\u00f6r att visa familjer och v\u00e4rlden att din skola \u00e4r en del av ett n\u00e4tverk som underl\u00e4ttar kommunikationen med familjerna, v\u00e4lkomnar alla deras spr\u00e5k, f\u00f6r att hj\u00e4lpa och fr\u00e4mja barn s\u00e5 att de kan trivas i skolan.<\/p>\n<p>[\/et_pb_text][et_pb_button button_url=&#8221;https:\/\/tonga-schools.eu\/sv\/verktygslada\/&#8221; button_text=&#8221;Uppt\u00e4ck det&#8221; _builder_version=&#8221;4.27.4&#8243; _module_preset=&#8221;default&#8221; custom_button=&#8221;on&#8221; button_text_color=&#8221;#FFFFFF&#8221; button_bg_color=&#8221;#8d1a28&#8243; button_border_color=&#8221;#8d1a28&#8243; button_icon=&#8221;&#x35;||divi||400&#8243; button_icon_color=&#8221;#FFFFFF&#8221; custom_padding=&#8221;16px|32px|16px|32px|false|false&#8221; hover_enabled=&#8221;0&#8243; global_colors_info=&#8221;{}&#8221; sticky_enabled=&#8221;0&#8243;][\/et_pb_button][\/et_pb_column][\/et_pb_row][\/et_pb_section][et_pb_section fb_built=&#8221;1&#8243; specialty=&#8221;on&#8221; _builder_version=&#8221;4.27.4&#8243; _module_preset=&#8221;default&#8221; locked=&#8221;off&#8221; global_colors_info=&#8221;{}&#8221;][et_pb_column type=&#8221;1_2&#8243; specialty_columns=&#8221;2&#8243; _builder_version=&#8221;4.16&#8243; custom_padding=&#8221;|||&#8221; global_colors_info=&#8221;{}&#8221; custom_padding__hover=&#8221;|||&#8221;][et_pb_row_inner _builder_version=&#8221;4.27.4&#8243; _module_preset=&#8221;default&#8221; global_colors_info=&#8221;{}&#8221;][et_pb_column_inner saved_specialty_column_type=&#8221;1_2&#8243; _builder_version=&#8221;4.27.4&#8243; _module_preset=&#8221;default&#8221; global_colors_info=&#8221;{}&#8221;][et_pb_text _builder_version=&#8221;4.27.4&#8243; _module_preset=&#8221;default&#8221; header_2_text_color=&#8221;#285299&#8243; global_colors_info=&#8221;{}&#8221;]<\/p>\n<h2><strong>Gratis onlineutbildning f\u00f6r skolpersonal<\/strong><\/h2>\n<p>[\/et_pb_text][et_pb_text _builder_version=&#8221;4.27.4&#8243; _module_preset=&#8221;default&#8221; global_colors_info=&#8221;{}&#8221;]<\/p>\n<p>Vi erbjuder gratis onlineutbildning f\u00f6r skolpersonal, utformad f\u00f6r att f\u00f6rb\u00e4ttra f\u00e4rdigheter och st\u00f6dja effektiv anv\u00e4ndning av v\u00e5ra nya verktyg och resurser.<\/p>\n<p>F\u00f6r att registrera dig, g\u00e5 till Tonga ID-Connect och New User<\/p>\n<p>[\/et_pb_text][et_pb_button button_url=&#8221;https:\/\/tonga-schools.eu\/sv\/plateforme-dapprentissage\/&#8221; button_text=&#8221;Registrera dig &#8221; _builder_version=&#8221;4.27.4&#8243; _module_preset=&#8221;default&#8221; custom_button=&#8221;on&#8221; button_text_color=&#8221;#FFFFFF&#8221; button_bg_color=&#8221;#8d1a28&#8243; button_border_color=&#8221;#8d1a28&#8243; button_icon=&#8221;&#x35;||divi||400&#8243; button_icon_color=&#8221;#FFFFFF&#8221; custom_padding=&#8221;16px|32px|16px|32px|false|false&#8221; global_colors_info=&#8221;{}&#8221;][\/et_pb_button][\/et_pb_column_inner][\/et_pb_row_inner][\/et_pb_column][et_pb_column type=&#8221;1_2&#8243; _builder_version=&#8221;4.16&#8243; custom_padding=&#8221;|||&#8221; global_colors_info=&#8221;{}&#8221; custom_padding__hover=&#8221;|||&#8221;][et_pb_image src=&#8221;https:\/\/tonga-schools.eu\/wp-content\/uploads\/2025\/03\/Gray-and-Black-Modern-Handphone-Mockup-Instagram-Story-4.png&#8221; title_text=&#8221;Gray and Black Modern Handphone Mockup Instagram Story (4)&#8221; _builder_version=&#8221;4.27.4&#8243; _module_preset=&#8221;default&#8221; global_colors_info=&#8221;{}&#8221;][\/et_pb_image][\/et_pb_column][\/et_pb_section]<\/p>\n","protected":false},"excerpt":{"rendered":"<p>Dessa noggrant utformade verktyg ger skolor m\u00f6jlighet att effektivt f\u00e5 kontakt med familjer och fr\u00e4mjar en inkluderande och st\u00f6djande pedagogisk gemenskap.RamverkUppt\u00e4ck v\u00e5r nya ram och verktygssats, utformad f\u00f6r att effektivisera kommunikation och samarbete inom skolor och \u00f6ka ditt deltagande i Tonga Schools Network.V\u00e5r verktygssats Denna ram och verktygssats syftar till att ge dig praktiska id\u00e9er [&hellip;]<\/p>\n","protected":false},"author":2,"featured_media":0,"parent":0,"menu_order":4,"comment_status":"closed","ping_status":"closed","template":"","meta":{"_et_pb_use_builder":"on","_et_pb_old_content":"","_et_gb_content_width":"","footnotes":""},"class_list":["post-967","page","type-page","status-publish","hentry"],"_links":{"self":[{"href":"https:\/\/tonga-schools.eu\/sv\/wp-json\/wp\/v2\/pages\/967","targetHints":{"allow":["GET"]}}],"collection":[{"href":"https:\/\/tonga-schools.eu\/sv\/wp-json\/wp\/v2\/pages"}],"about":[{"href":"https:\/\/tonga-schools.eu\/sv\/wp-json\/wp\/v2\/types\/page"}],"author":[{"embeddable":true,"href":"https:\/\/tonga-schools.eu\/sv\/wp-json\/wp\/v2\/users\/2"}],"replies":[{"embeddable":true,"href":"https:\/\/tonga-schools.eu\/sv\/wp-json\/wp\/v2\/comments?post=967"}],"version-history":[{"count":18,"href":"https:\/\/tonga-schools.eu\/sv\/wp-json\/wp\/v2\/pages\/967\/revisions"}],"predecessor-version":[{"id":6925,"href":"https:\/\/tonga-schools.eu\/sv\/wp-json\/wp\/v2\/pages\/967\/revisions\/6925"}],"wp:attachment":[{"href":"https:\/\/tonga-schools.eu\/sv\/wp-json\/wp\/v2\/media?parent=967"}],"curies":[{"name":"wp","href":"https:\/\/api.w.org\/{rel}","templated":true}]}}